{"id":3163,"date":"2016-10-21T15:45:50","date_gmt":"2016-10-21T15:45:50","guid":{"rendered":"http:\/\/hotellaperla.net\/condizioni-generali\/"},"modified":"2024-09-12T16:00:02","modified_gmt":"2024-09-12T16:00:02","slug":"conditions-pension-plus","status":"publish","type":"page","link":"https:\/\/hotellaperla.net\/ru\/conditions-pension-plus\/","title":{"rendered":"Conditions Pension Plus"},"content":{"rendered":"<section class=\"l-section wpb_row height_medium\"><div class=\"l-section-h i-cf\"><div class=\"g-cols offset_small\"><div class=\" full-width\"><div class=\"wpb_text_column \"><div class=\"wpb_wrapper\">\n<h1 style=\"text-align: center; color: #e5c878;\">Conditions Pension Plus<\/h1>\n<\/div> <\/div> <\/div><\/div><\/div><\/section><section class=\"l-section wpb_row height_medium\"><div class=\"l-section-h i-cf\"><div class=\"g-cols offset_small\"><div class=\" full-width\"><div class=\"w-tabs layout_default accordion title_left icon_chevron iconpos_right \"><div class=\"w-tabs-list items_4\"><div class=\"w-tabs-list-h\"><div class=\"w-tabs-item active\"><a href=\"#1494249963344-7b6d85e3-f719\" class=\"w-tabs-item-h\"><span class=\"w-tabs-item-title\">WINTER:<\/span><\/a><\/div>\n<div class=\"w-tabs-item\"><a href=\"#1494249963418-5a9235e0-cb9e\" class=\"w-tabs-item-h\"><span class=\"w-tabs-item-title\">SUMMER<\/span><\/a><\/div>\n<div class=\"w-tabs-item\"><a href=\"#1494250116100-cf2f15d5-ee64\" class=\"w-tabs-item-h\"><span class=\"w-tabs-item-title\">GENERAL INFORMATION<\/span><\/a><\/div>\n<div class=\"w-tabs-item\"><a href=\"#1494250161688-e2574f82-cd4d\" class=\"w-tabs-item-h\"><span class=\"w-tabs-item-title\">RESERVATIONS:<\/span><\/a><\/div>\n<\/div><\/div><div class=\"w-tabs-sections\"><div class=\"w-tabs-sections-h\"><div class=\"w-tabs-section active\" id=\"1494249963344-7b6d85e3-f719\"><a href=\"#1494249963344-7b6d85e3-f719\" class=\"w-tabs-section-header\"><div class=\"w-tabs-section-header-h\"><h5 class=\"w-tabs-section-title\">WINTER:<\/h5><div class=\"w-tabs-section-control\"><\/div><\/div><\/a><div class=\"w-tabs-section-content\"><div class=\"w-tabs-section-content-h i-cf\"><div class=\"wpb_text_column \"><div class=\"wpb_wrapper\"><strong>includes:<\/strong><\/p>\n<ul>\n<li><strong>Welcome drink<\/strong>\u00a0served at the table the night of arrival.<\/li>\n<li>Delicious\u00a0<strong>buffet breakfast\u00a0<\/strong>with bread corner, fresh fruit, canned fruit, dried fruit and muesli, yogurt, jams, juices, cakes, pastries and cookies, brioche, eggs, cold cuts, served from 7.30 to 10.00. \u201cNight owls\u201d can enjoy a small breakfast at the bar until 12.00.<\/li>\n<li><strong>Rich afternoon buffet<\/strong>\u00a0with fresh desserts directly from our kitchen available to all the guests from 15.30 to 17.30.<\/li>\n<li><strong>Elegant 4-course dinner<\/strong>\u00a0with a choice of 4 menus including a &#8220;Light&#8221; option, cheese plate, varied buffet of salads and cooked vegetables, sauces and seasonings to taste. Special menu for guests allergic to gluten and intolerance sufferers; menu for children. Drinks not included<\/li>\n<li><strong>Weekly gourmet thematic evening<\/strong><\/li>\n<li><strong>Free access to the Wellness Centre<\/strong>\u00a0with large indoor pool, Turkish bath, numerous saunas and Jacuzzi, tropical showers and zone of relax. (Children aged under 14 years old are allowed to stay in the pool strictly until 17.30).<\/li>\n<li><strong>Sauna towel.<\/strong><\/li>\n<li><strong>Herbal Tea corner in the Wellness Centre<\/strong>.<\/li>\n<li><strong>Wellness slippers and bathrobes in the room<\/strong><\/li>\n<li>Free wi-fi<\/li>\n<li>Free garage<\/li>\n<li><strong>Christmas: Christmas Eve Dinner\u00a0<\/strong>on December 24<sup>th<\/sup>, <strong>included into the price<\/strong><\/li>\n<li><strong>New Year: New Year\u2019s Dinner on the 31<sup>st<\/sup> of December, not included into the price<\/strong><\/li>\n<\/ul>\n<p><strong>\u00a0<\/strong><\/div> <\/div> <\/div><\/div><\/div><div class=\"w-tabs-section\" id=\"1494249963418-5a9235e0-cb9e\"><a href=\"#1494249963418-5a9235e0-cb9e\" class=\"w-tabs-section-header\"><div class=\"w-tabs-section-header-h\"><h5 class=\"w-tabs-section-title\">SUMMER<\/h5><div class=\"w-tabs-section-control\"><\/div><\/div><\/a><div class=\"w-tabs-section-content\"><div class=\"w-tabs-section-content-h i-cf\"><div class=\"wpb_text_column \"><div class=\"wpb_wrapper\"><p>includes:<\/p>\n<ul>\n<li><strong>Welcome drink<\/strong> served at the table the night of arrival.<\/li>\n<li>Delicious <strong>breakfast buffet<\/strong> with bread corner, fresh fruit, canned fruit, dried fruit and muesli, yogurt, jams, juices, cakes, pastries and cookies, brioche, eggs, cold cuts, served from 7.30 to 10.00.<\/li>\n<\/ul>\n<p>\u201cNight owls\u201d can enjoy a small breakfast at the bar until 12.00.<\/p>\n<ul>\n<li><strong>Rich afternoon buffet<\/strong> with fresh desserts, directly from our kitchen, available to all guests from 16.00 to 18.00.<\/li>\n<\/ul>\n<ul>\n<li><strong>Elegant 4-course dinner<\/strong> with choice of 4 menu including a &#8220;Light&#8221; option, cheese plate, varied buffet of salads and cooked vegetables, sauces, seasonings to taste. Special menu for guests allergic to gluten and intolerance sufferers, menu for children. Drinks not included.<\/li>\n<\/ul>\n<ul>\n<li><strong>Weekly gourmet thematic evening<\/strong><\/li>\n<li><strong>Free access to the Wellness Centre<\/strong> with large indoor pool, Turkish bath, numerous saunas and Jacuzzi, tropical showers and zone of relax. (Children under 14 can access the pool, in the spa with stay up at 17 and 30)<\/li>\n<li><strong>Sauna towel.<\/strong><\/li>\n<\/ul>\n<p><strong>\u00a0<\/strong><\/p>\n<ul>\n<li><strong>Wellness slippers<\/strong> and bathrobe in the room<\/li>\n<\/ul>\n<ul>\n<li>Free garage.<\/li>\n<\/ul>\n<ul>\n<li>Free wi-fi.<\/li>\n<li><strong>Excursions<\/strong> with our guide (Monday, Tuesday and Thursday)<\/li>\n<\/ul>\n<ul>\n<li><strong>Panoramic terrace<\/strong> with loungers and parasols<\/li>\n<\/ul>\n<ul>\n<li><strong>Mountain bikes<\/strong> at your disposal, free of charge<\/li>\n<\/ul>\n<ul>\n<li>Accession to the <strong>Fassa Card<\/strong> and all the proposed initiatives and discounts for purchase of the Panorama Pass, pass on the free movement of lifts<\/li>\n<\/ul>\n<p><strong>VAL DI FASSA CARD: free activities and discounts:<\/strong><\/p>\n<ul>\n<li>Discounts on all the activities organized by Outdoor Center Val di Fassa;<\/li>\n<li>\u201cAndar per malghe\u201d &#8211; excursion to a stockyard with a guide and tasting of local products;<\/li>\n<li>Basic course of climbing with an alpine guide, children of 7 -14 years old free of charge;<\/li>\n<li>Discounts on entrance to sports and entertainment centers;<\/li>\n<li>Discounts on Panorama Pass for ski lifts and public transport in the valley;<\/li>\n<li>Bike-express: shuttle service of the Dolomites for carrying bycicles;<\/li>\n<li>Discount on entrance, guided excursions and educational activities of the <em>Museum Ladin de Fascia;<\/em><\/li>\n<li>Discount on entrance to adventure parks of the valley<\/li>\n<li>Discount on entrance to the Ice Stadium in Alba di Canazei;<\/li>\n<\/ul>\n<\/p><\/div> <\/div> <\/div><\/div><\/div><div class=\"w-tabs-section\" id=\"1494250116100-cf2f15d5-ee64\"><a href=\"#1494250116100-cf2f15d5-ee64\" class=\"w-tabs-section-header\"><div class=\"w-tabs-section-header-h\"><h5 class=\"w-tabs-section-title\">GENERAL INFORMATION<\/h5><div class=\"w-tabs-section-control\"><\/div><\/div><\/a><div class=\"w-tabs-section-content\"><div class=\"w-tabs-section-content-h i-cf\"><div class=\"wpb_text_column \"><div class=\"wpb_wrapper\">\n<ul>\n<li><strong>PRICE FOR BED AND BREAKFAST:\u00a0<\/strong>for bed and breakfast 18.00 euro will be deducted from the price indicated in the price list.<\/li>\n<li><strong>PRICE FOR FULL BOARD:<\/strong> only in summer, with supplement of 19,00 euro per person per day.<\/li>\n<li><strong>DOUBLE ROOM FOR SINGLE USE:\u00a0<\/strong>For the use of a double room for single use a 50% surcharge on the price listed applies.<\/li>\n<li><strong>DISCOUNTS:\u00a0<\/strong>10% of discount for the 3<sup>rd<\/sup> and the 4rth person in the room for all room categories.<\/li>\n<li><strong>CHILDREN IN ROOM WITH PARENTS:<br \/>\n<\/strong>Children under 2,99 year old, in a baby cot if required, with supplement of 30,00 euro per day;<br \/>\nchildren from 3 till 5 years old &#8211; 50% of discount<br \/>\nchildren from 6 till 12 years old &#8211; 30% discount<\/li>\n<\/ul>\n<p>The Hotel La Perla is not liable for damage caused to property and persons by animals housed, the entire responsibility lies with their owners .<\/p>\n<ul>\n<li><strong>Animals:\u00a0<\/strong>Dogs and small pets are accepted in Classic rooms only with supplement of 15,00 euro per day. Animals are not allowed in public areas.<\/li>\n<\/ul>\n<ul>\n<li><strong>CHECK-IN:\u00a0<\/strong>Rooms are available from 14.00 on the day of arrival.<br \/>\nIn case of arrival after 18.00, please inform the Reception.<\/li>\n<li><strong>EARLY CHECK-IN:\u00a0<\/strong>check-in before 14.00 upon availability, with supplement of 50,00 euro per room.<\/li>\n<li><strong>CHECK-OUT:\u00a0<\/strong>Rooms are available until 11.00 am on the day of departure.<\/li>\n<li><strong>LATE CHECK OUT:\u00a0<\/strong>on request and depending on availability it is possible to use the room after 11.00 am on the day of departure, with supplement of 50,00 euro per person. Access to the Wellness Centre and afternoon buffet are included. Dinner excluded.<\/li>\n<li><strong>PRE-TERM DEPARTURE:\u00a0<\/strong>In case of prescheduled departure or late arrival the total amount of stay will be charged.<\/li>\n<li><strong>ROOM SERVICE:\u00a0<\/strong>Breakfast, lunch and dinner can be served in the room with supplement of 5,00 euro per service.<\/li>\n<li><strong>INTERNET:\u00a0<\/strong>Wireless connection is available in the whole building, free of charge.<\/li>\n<\/ul>\n<\/div> <\/div> <\/div><\/div><\/div><div class=\"w-tabs-section\" id=\"1494250161688-e2574f82-cd4d\"><a href=\"#1494250161688-e2574f82-cd4d\" class=\"w-tabs-section-header\"><div class=\"w-tabs-section-header-h\"><h5 class=\"w-tabs-section-title\">RESERVATIONS:<\/h5><div class=\"w-tabs-section-control\"><\/div><\/div><\/a><div class=\"w-tabs-section-content\"><div class=\"w-tabs-section-content-h i-cf\"><div class=\"wpb_text_column \"><div class=\"wpb_wrapper\"><p>Hotel La Perla di Debertol Giorgio e c. Snc<br \/>\nStreda de Pareda, 22 38032 Canazei, TN<br \/>\nPhone +39 0462 602453<br \/>\nFax +39 0462 602501<br \/>\ne-mail: info@hotellaperla.net<br \/>\nwww.hotellaperla.net.<\/p>\n<p>Die Reservierung gilt als endg\u00fcltig, wenn innerhalb von 3 Tagen nach der schriftlichen Best\u00e4tigung der Reservierung 30% des Aufenthaltspreises als Anzahlung gutgeschrieben wurden. Bei einer Stornierung bis 30 Tage vor der Ankunft wird keine Strafe f\u00e4llig und die gesamte Anzahlung wird zur\u00fcckerstattet. Im Falle einer Stornierung ab dem 29. Tag bis zum 8. Tag der Ankunft, wenn die Versicherung \u201eGARANTIE F\u00dcR ANK\u00dcNDIGUNG\u201c angewendet wird, betragen die Kosten Euro 50,00 pro Person pro Woche, f\u00fcr Dus Zimmer Euro 100,00, ein Gutschein \u00fcber den vollen Betrag der Kaution wird ausgestellt (die Versicherung wird nicht zur\u00fcckgegeben), um innerhalb von 6 Monaten wiederverwendet werden; Wenn die Versicherung nicht angewendet wurde, wird der volle Betrag verloren. Bei einer Stornierung innerhalb von 7 Tagen vor der Ankunft verf\u00e4llt die Anzahlung in jedem Fall. Die Versicherung f\u00fcr Kinder bis zum Alter von 14 Jahren ist kostenlos.<\/p>\n<p><strong>BANCO POPOLARE SOCIETA&#8217; COOPERATIVA filiale di Canazei<\/strong><br \/>\n<strong>IBAN: IT 03 W 05034 34520 000000035044 SWIFT CODE BAPPIT21865<\/strong><\/p>\n<p><strong>CANCELLATION:\u00a0<\/strong>The deposit, required to secure confirmation of the reservation, is a guarantee of the reservation and cannot be refunded (civ.cod. art. 1385 and 1386).<br \/>\nIn case of <strong>cancellation 30 days<\/strong> before the date of arrival and earlier, there is no penalty and the deposit paid will be refunded.<\/p>\n<p>In case of cancellation less than <strong>29 days before the date of arrival<\/strong>, with \u201c<strong>guarantee of cancellation<\/strong>\u201d which <strong>costs 50,00 euro<\/strong> per person (free of charge for children under 14 years old), it is possible to use the deposit paid for the following booking within 6 months from the date of cancellation. If the \u201cguarantee of cancellation\u201d is not included into reservation, the deposit will not be refunded.<\/p><\/div> <\/div> <\/div><\/div><\/div><\/div><\/div><\/div><\/div><\/div><\/div><\/section>\n","protected":false},"excerpt":{"rendered":"Conditions Pension Plus WINTER: SUMMER GENERAL INFORMATION RESERVATIONS: WINTER:includes: Welcome...","protected":false},"author":1,"featured_media":0,"parent":0,"menu_order":0,"comment_status":"closed","ping_status":"closed","template":"","meta":{"footnotes":""},"yoast_head":"<!-- This site is optimized with the Yoast SEO plugin v15.3 - https:\/\/yoast.com\/wordpress\/plugins\/seo\/ -->\n<meta name=\"robots\" content=\"index, follow, max-snippet:-1, max-image-preview:large, max-video-preview:-1\" \/>\n<link rel=\"canonical\" href=\"https:\/\/hotellaperla.net\/ru\/conditions-pension-plus\/\" \/>\n<meta property=\"og:locale\" content=\"ru_RU\" \/>\n<meta property=\"og:type\" content=\"article\" \/>\n<meta property=\"og:title\" content=\"Conditions Pension Plus - Hotel la Perla Canazei\" \/>\n<meta property=\"og:url\" content=\"https:\/\/hotellaperla.net\/ru\/conditions-pension-plus\/\" \/>\n<meta property=\"og:site_name\" content=\"Hotel la Perla Canazei\" \/>\n<meta property=\"article:modified_time\" content=\"2024-09-12T16:00:02+00:00\" \/>\n<meta name=\"twitter:card\" content=\"summary\" \/>\n<meta name=\"twitter:label1\" content=\"\u041d\u0430\u043f\u0438\u0441\u0430\u043d\u043e \u0430\u0432\u0442\u043e\u0440\u043e\u043c\">\n\t<meta name=\"twitter:data1\" content=\"admin\">\n\t<meta name=\"twitter:label2\" content=\"\u041f\u0440\u0438\u043c\u0435\u0440\u043d\u043e\u0435 \u0432\u0440\u0435\u043c\u044f \u0434\u043b\u044f \u0447\u0442\u0435\u043d\u0438\u044f\">\n\t<meta name=\"twitter:data2\" content=\"5 \u043c\u0438\u043d\u0443\u0442\">\n<script type=\"application\/ld+json\" class=\"yoast-schema-graph\">{\"@context\":\"https:\/\/schema.org\",\"@graph\":[{\"@type\":\"WebSite\",\"@id\":\"https:\/\/hotellaperla.net\/it\/#website\",\"url\":\"https:\/\/hotellaperla.net\/it\/\",\"name\":\"Hotel la Perla Canazei\",\"description\":\"Hotel la Perla Canazei\",\"potentialAction\":[{\"@type\":\"SearchAction\",\"target\":\"https:\/\/hotellaperla.net\/it\/?s={search_term_string}\",\"query-input\":\"required name=search_term_string\"}],\"inLanguage\":\"ru-RU\"},{\"@type\":\"WebPage\",\"@id\":\"https:\/\/hotellaperla.net\/ru\/conditions-pension-plus\/#webpage\",\"url\":\"https:\/\/hotellaperla.net\/ru\/conditions-pension-plus\/\",\"name\":\"Conditions Pension Plus - Hotel la Perla Canazei\",\"isPartOf\":{\"@id\":\"https:\/\/hotellaperla.net\/it\/#website\"},\"datePublished\":\"2016-10-21T15:45:50+00:00\",\"dateModified\":\"2024-09-12T16:00:02+00:00\",\"inLanguage\":\"ru-RU\",\"potentialAction\":[{\"@type\":\"ReadAction\",\"target\":[\"https:\/\/hotellaperla.net\/ru\/conditions-pension-plus\/\"]}]}]}<\/script>\n<!-- \/ Yoast SEO plugin. -->","_links":{"self":[{"href":"https:\/\/hotellaperla.net\/ru\/wp-json\/wp\/v2\/pages\/3163"}],"collection":[{"href":"https:\/\/hotellaperla.net\/ru\/wp-json\/wp\/v2\/pages"}],"about":[{"href":"https:\/\/hotellaperla.net\/ru\/wp-json\/wp\/v2\/types\/page"}],"author":[{"embeddable":true,"href":"https:\/\/hotellaperla.net\/ru\/wp-json\/wp\/v2\/users\/1"}],"replies":[{"embeddable":true,"href":"https:\/\/hotellaperla.net\/ru\/wp-json\/wp\/v2\/comments?post=3163"}],"version-history":[{"count":7,"href":"https:\/\/hotellaperla.net\/ru\/wp-json\/wp\/v2\/pages\/3163\/revisions"}],"predecessor-version":[{"id":6987,"href":"https:\/\/hotellaperla.net\/ru\/wp-json\/wp\/v2\/pages\/3163\/revisions\/6987"}],"wp:attachment":[{"href":"https:\/\/hotellaperla.net\/ru\/wp-json\/wp\/v2\/media?parent=3163"}],"curies":[{"name":"wp","href":"https:\/\/api.w.org\/{rel}","templated":true}]}}