{"id":985,"date":"2017-03-09T13:34:35","date_gmt":"2017-03-09T13:34:35","guid":{"rendered":"http:\/\/hotellaperla.net\/?page_id=985"},"modified":"2018-01-24T11:06:24","modified_gmt":"2018-01-24T11:06:24","slug":"ristorante-val-di-fassa","status":"publish","type":"page","link":"https:\/\/hotellaperla.net\/it\/ristorante-val-di-fassa\/","title":{"rendered":"GOURMET"},"content":{"rendered":"<section class=\"l-section wpb_row height_medium\"><div class=\"l-section-h i-cf\"><div class=\"g-cols offset_small\"><div class=\" full-width\"><div class=\"w-image  align_center\"><img loading=\"lazy\" decoding=\"async\" width=\"66\" height=\"55\" src=\"https:\/\/hotellaperla.net\/wp-content\/uploads\/2016\/08\/p33.png\" class=\"attachment-full size-full\" alt=\"Hotel la Perla Canazei\" \/><\/div><div class=\"wpb_text_column \"><div class=\"wpb_wrapper\">\n<h1 style=\"text-align: center; color: #e5c878;\">Cucina tipica della Val di Fassa e non solo<\/h1>\n<\/div> <\/div> <\/div><\/div><\/div><\/section><section class=\"l-section wpb_row height_medium\"><div class=\"l-section-h i-cf\"><div class=\"g-cols offset_small\"><div class=\" two-thirds\">[vc_empty_space height=&#8221;62px&#8221;]<div class=\"wpb_text_column \"><div class=\"wpb_wrapper\">\n<p style=\"text-align: justify;\">La\u00a0<strong>famiglia Debertol<\/strong>\u00a0vanta una lunga\u00a0<strong>esperienza nella ristorazione<\/strong>, poich\u00e9 da anni cura personalmente la cucina del\u00a0<strong>Ristorante dell\u2019Hotel La Perla.<\/strong><\/p>\n<p style=\"text-align: justify;\">I piatti della\u00a0<strong>cucina tradizionale trentina<\/strong>\u00a0e della\u00a0<strong>Val di Fassa<\/strong>\u00a0sono eseguiti con la maestria di chi, nato e cresciuto in\u00a0<strong>Trentino<\/strong>, conosce molto bene gli ingredienti e le materie prime del nostro territorio.<\/p>\n<p style=\"text-align: justify;\">Lo <strong>Chef Mauro Debertol<\/strong> si \u00e8 formato e perfezionato nelle cucine pi\u00f9 rinomate del Trentino e dopo anni di esperienza fuori casa \u00e8 tornato ad occuparsi del <strong>ristorante di famiglia <\/strong>con tanto entusiasmo e passione. Passione che esprime in un\u2019attenta ricerca della qualit\u00e0 dei prodotti e nell\u2019esecuzione di piatti mai banali, coadiuvato da una valida brigata alla quale sa trasmettere i suoi valori e il suo stile.<\/p>\n<\/div> <\/div> <\/div><div class=\" one-third\"><div class=\"w-image \"><img loading=\"lazy\" decoding=\"async\" width=\"415\" height=\"450\" src=\"https:\/\/hotellaperla.net\/wp-content\/uploads\/2017\/03\/1369.jpg\" class=\"attachment-large size-large\" alt=\"ristorante val di fassa\" srcset=\"https:\/\/hotellaperla.net\/wp-content\/uploads\/2017\/03\/1369.jpg 415w, https:\/\/hotellaperla.net\/wp-content\/uploads\/2017\/03\/1369-277x300.jpg 277w\" sizes=\"(max-width: 415px) 100vw, 415px\" \/><\/div><\/div><\/div><\/div><\/section><section class=\"l-section wpb_row height_auto width_full\"><div class=\"l-section-h i-cf\"><div class=\"g-cols offset_small\"><div class=\" one-third\">[vc_empty_space height=&#8221;250px&#8221;]<div class=\"wpb_text_column  vc_custom_1495571566633\"><div class=\"wpb_wrapper\">\n<p style=\"text-align: justify;\">Accanto alle\u00a0<strong>specialit\u00e0 trentine<\/strong>\u00a0proponiamo sempre varianti di menu della\u00a0<strong>cucina mediterranea<\/strong>\u00a0e\u00a0<strong>internazionale<\/strong>\u00a0per soddisfare anche i palati di nostri ospiti stranieri.<\/p>\n<p style=\"text-align: justify;\">Curiamo particolarmente i <strong>menu<\/strong> per chi soffre di <strong>intolleranze alimentari<\/strong> come <strong>celiachia<\/strong>, allergie al <strong>lattosio<\/strong> e <strong>frutta<\/strong>, sar\u00e0 sufficiente comunicarlo al momento della prenotazione.<\/p>\n<\/div> <\/div> [vc_empty_space height=&#8221;7px&#8221;]<\/div><div class=\" two-thirds  vc_custom_1489068205971\">[vc_empty_space height=&#8221;496px&#8221;]<\/div><\/div><\/div><\/section><!-- Row Backgrounds --><div class=\"upb_color\" data-bg-override=\"0\" data-bg-color=\"#f7eddc\" data-fadeout=\"\" data-fadeout-percentage=\"30\" data-parallax-content=\"\" data-parallax-content-sense=\"30\" data-row-effect-mobile-disable=\"true\" data-img-parallax-mobile-disable=\"true\" data-rtl=\"false\"  data-custom-vc-row=\"\"  data-vc=\"4.11.2.1\"  data-is_old_vc=\"\"  data-theme-support=\"\"   data-overlay=\"false\" data-overlay-color=\"\" data-overlay-pattern=\"\" data-overlay-pattern-opacity=\"\" data-overlay-pattern-size=\"\"    ><\/div><section class=\"l-section wpb_row height_small width_full\"><div class=\"l-section-h i-cf\"><div class=\"g-cols offset_small\"><div class=\" two-thirds  vc_custom_1504077960173\">[vc_empty_space height=&#8221;496px&#8221;]<\/div><div class=\" one-third  vc_custom_1486647349525\">[vc_empty_space height=&#8221;230px&#8221;]<div class=\"wpb_text_column  vc_custom_1495571603201\"><div class=\"wpb_wrapper\">\n<p style=\"text-align: justify;\">\u00a0In pi\u00f9, gli amanti del\u00a0<strong>benessere<\/strong>\u00a0che desiderano perfezionare la loro forma, possono scegliere un\u00a0<strong>menu \u201cLight\u201d<\/strong>\u00a0proposto, in alternativa, fra i\u00a0<strong>4 menu serali, <\/strong>ugualmente gustoso e vario, che permette per\u00f2 di controllare le calorie e mantenere un sano regime alimentare anche in vacanza.<\/p>\n<p style=\"text-align: justify;\"><strong>\u00a0<\/strong><\/p>\n<\/div> <\/div> <\/div><\/div><\/div><\/section><!-- Row Backgrounds --><div class=\"upb_color\" data-bg-override=\"0\" data-bg-color=\"#f7eddc\" data-fadeout=\"\" data-fadeout-percentage=\"30\" data-parallax-content=\"\" data-parallax-content-sense=\"30\" data-row-effect-mobile-disable=\"true\" data-img-parallax-mobile-disable=\"true\" data-rtl=\"false\"  data-custom-vc-row=\"\"  data-vc=\"4.11.2.1\"  data-is_old_vc=\"\"  data-theme-support=\"\"   data-overlay=\"false\" data-overlay-color=\"\" data-overlay-pattern=\"\" data-overlay-pattern-opacity=\"\" data-overlay-pattern-size=\"\"    ><\/div><section class=\"l-section wpb_row height_auto width_full\"><div class=\"l-section-h i-cf\"><div class=\"g-cols offset_small\"><div class=\" one-third\">[vc_empty_space height=&#8221;230px&#8221;]<div class=\"wpb_text_column  vc_custom_1495571724463\"><div class=\"wpb_wrapper\">\n<p style=\"text-align: justify;\">Dalla fornitissima<strong>\u00a0Cantina<\/strong>\u00a0dell\u2019<strong>Hotel La Perla<\/strong> gli amanti del <strong>vino<\/strong> potranno attingere ad una lista contenente le pi\u00f9\u00a0<strong>rinomate etichette<\/strong>\u00a0di\u00a0<strong>vini trentini<\/strong>\u00a0e\u00a0<strong>altoatesini<\/strong>, ma anche internazionali, per creare gli abbinamenti migliori con i piatti scelti. \u00c8 possibile ordinare i vini anche al bicchiere, per poter gustare diverse soluzioni e accostamenti consultandovi con il nostro <strong>Sommelier<\/strong>.<\/p>\n<\/div> <\/div> [vc_empty_space height=&#8221;7px&#8221;]<\/div><div class=\" two-thirds  vc_custom_1516791984142\">[vc_empty_space height=&#8221;496px&#8221;]<\/div><\/div><\/div><\/section><!-- Row Backgrounds --><div class=\"upb_color\" data-bg-override=\"0\" data-bg-color=\"#f7eddc\" data-fadeout=\"\" data-fadeout-percentage=\"30\" data-parallax-content=\"\" data-parallax-content-sense=\"30\" data-row-effect-mobile-disable=\"true\" data-img-parallax-mobile-disable=\"true\" data-rtl=\"false\"  data-custom-vc-row=\"\"  data-vc=\"4.11.2.1\"  data-is_old_vc=\"\"  data-theme-support=\"\"   data-overlay=\"false\" data-overlay-color=\"\" data-overlay-pattern=\"\" data-overlay-pattern-opacity=\"\" data-overlay-pattern-size=\"\"    ><\/div><section class=\"l-section wpb_row height_medium\"><div class=\"l-section-h i-cf\"><div class=\"g-cols offset_small\"><div class=\" full-width\"><\/div><\/div><\/div><\/section>\n","protected":false},"excerpt":{"rendered":"Cucina tipica della Val di Fassa e non solo [vc_empty_space...","protected":false},"author":1,"featured_media":0,"parent":0,"menu_order":0,"comment_status":"closed","ping_status":"closed","template":"","meta":{"footnotes":""},"yoast_head":"<!-- This site is optimized with the Yoast SEO plugin v15.3 - https:\/\/yoast.com\/wordpress\/plugins\/seo\/ -->\n<meta name=\"description\" content=\"Ristorante con cucina tipica della Val di Fassa, curiamo particolarmente i men\u00f9 per chi soffre di intolleranze alimentari come celiachia, allergie ...\" \/>\n<meta name=\"robots\" content=\"index, follow, max-snippet:-1, max-image-preview:large, max-video-preview:-1\" \/>\n<link rel=\"canonical\" href=\"https:\/\/hotellaperla.net\/it\/ristorante-val-di-fassa\/\" \/>\n<meta property=\"og:locale\" content=\"it_IT\" \/>\n<meta property=\"og:type\" content=\"article\" \/>\n<meta property=\"og:title\" content=\"Ristorante Val di Fassa | Cucina tipica Trentina | Hotel la Perla | Canazei\" \/>\n<meta property=\"og:description\" content=\"Ristorante con cucina tipica della Val di Fassa, curiamo particolarmente i men\u00f9 per chi soffre di intolleranze alimentari come celiachia, allergie ...\" \/>\n<meta property=\"og:url\" content=\"https:\/\/hotellaperla.net\/it\/ristorante-val-di-fassa\/\" \/>\n<meta property=\"og:site_name\" content=\"Hotel la Perla Wellness &amp; Beauty | Canazei | Trentino | Dolomiti\" \/>\n<meta property=\"article:modified_time\" content=\"2018-01-24T11:06:24+00:00\" \/>\n<meta name=\"twitter:card\" content=\"summary\" \/>\n<meta name=\"twitter:label1\" content=\"Scritto da\">\n\t<meta name=\"twitter:data1\" content=\"admin\">\n\t<meta name=\"twitter:label2\" content=\"Tempo di lettura stimato\">\n\t<meta name=\"twitter:data2\" content=\"2 minuti\">\n<script type=\"application\/ld+json\" class=\"yoast-schema-graph\">{\"@context\":\"https:\/\/schema.org\",\"@graph\":[{\"@type\":\"WebSite\",\"@id\":\"https:\/\/hotellaperla.net\/it\/#website\",\"url\":\"https:\/\/hotellaperla.net\/it\/\",\"name\":\"Hotel la Perla Wellness &amp; Beauty | Canazei | Trentino | Dolomiti\",\"description\":\"La vacanza perfetta a Canazei\",\"potentialAction\":[{\"@type\":\"SearchAction\",\"target\":\"https:\/\/hotellaperla.net\/it\/?s={search_term_string}\",\"query-input\":\"required name=search_term_string\"}],\"inLanguage\":\"it-IT\"},{\"@type\":\"WebPage\",\"@id\":\"https:\/\/hotellaperla.net\/it\/ristorante-val-di-fassa\/#webpage\",\"url\":\"https:\/\/hotellaperla.net\/it\/ristorante-val-di-fassa\/\",\"name\":\"Ristorante Val di Fassa | Cucina tipica Trentina | Hotel la Perla | Canazei\",\"isPartOf\":{\"@id\":\"https:\/\/hotellaperla.net\/it\/#website\"},\"datePublished\":\"2017-03-09T13:34:35+00:00\",\"dateModified\":\"2018-01-24T11:06:24+00:00\",\"description\":\"Ristorante con cucina tipica della Val di Fassa, curiamo particolarmente i men\\u00f9 per chi soffre di intolleranze alimentari come celiachia, allergie ...\",\"inLanguage\":\"it-IT\",\"potentialAction\":[{\"@type\":\"ReadAction\",\"target\":[\"https:\/\/hotellaperla.net\/it\/ristorante-val-di-fassa\/\"]}]}]}<\/script>\n<!-- \/ Yoast SEO plugin. -->","_links":{"self":[{"href":"https:\/\/hotellaperla.net\/it\/wp-json\/wp\/v2\/pages\/985"}],"collection":[{"href":"https:\/\/hotellaperla.net\/it\/wp-json\/wp\/v2\/pages"}],"about":[{"href":"https:\/\/hotellaperla.net\/it\/wp-json\/wp\/v2\/types\/page"}],"author":[{"embeddable":true,"href":"https:\/\/hotellaperla.net\/it\/wp-json\/wp\/v2\/users\/1"}],"replies":[{"embeddable":true,"href":"https:\/\/hotellaperla.net\/it\/wp-json\/wp\/v2\/comments?post=985"}],"version-history":[{"count":25,"href":"https:\/\/hotellaperla.net\/it\/wp-json\/wp\/v2\/pages\/985\/revisions"}],"predecessor-version":[{"id":5109,"href":"https:\/\/hotellaperla.net\/it\/wp-json\/wp\/v2\/pages\/985\/revisions\/5109"}],"wp:attachment":[{"href":"https:\/\/hotellaperla.net\/it\/wp-json\/wp\/v2\/media?parent=985"}],"curies":[{"name":"wp","href":"https:\/\/api.w.org\/{rel}","templated":true}]}}