{"id":562,"date":"2016-10-21T15:11:23","date_gmt":"2016-10-21T15:11:23","guid":{"rendered":"http:\/\/hotellaperla.net\/?page_id=562"},"modified":"2021-10-26T08:14:02","modified_gmt":"2021-10-26T08:14:02","slug":"cliff","status":"publish","type":"page","link":"https:\/\/hotellaperla.net\/it\/cliff\/","title":{"rendered":"Cliff Apr\u00e9s Ski"},"content":{"rendered":"<section class=\"l-section wpb_row height_medium\"><div class=\"l-section-h i-cf\"><div class=\"g-cols offset_small\"><div class=\" full-width\"><div class=\"wpb_text_column \"><div class=\"wpb_wrapper\">\n<h1 style=\"text-align: center; color: #e5c878;\">Musica e divertimento al Cliff Apr\u00e9s Ski a Canazei<\/h1>\n<\/div> <\/div> <div class=\"w-video ratio_16x9\"><div class=\"w-video-h\"><iframe loading=\"lazy\" width=\"1500\" height=\"844\" src=\"https:\/\/www.youtube.com\/embed\/0eVv-y_wTK4?feature=oembed\" frameborder=\"0\" allowfullscreen><\/iframe><\/div><\/div><\/div><\/div><\/div><\/section><section class=\"l-section wpb_row height_medium\"><div class=\"l-section-h i-cf\"><div class=\"g-cols offset_small\"><div class=\" full-width\"><div class=\"wpb_text_column \"><div class=\"wpb_wrapper\">\n<p style=\"text-align: justify;\">Se siete a <strong>Canazei<\/strong> e provate a chiedere il nome del <strong>locale pi\u00f9 \u201ccool\u201d della Val di Fassa<\/strong>, vi indicheranno senza dubbio il <strong>Cliff<\/strong>.<\/p>\n<p style=\"text-align: justify;\">In valle, ritrovarsi al <strong>Cliff<\/strong>, \u00e8 diventato il \u201csacro rito\u201d del divertimento serale, l\u2019appuntamento <strong>Apr\u00e9s Ski<\/strong> assolutamente da non perdere, per una serata davvero emozionante e memorabile.<\/p>\n<p style=\"text-align: justify;\">La sua apertura ha dato una scossa alla movida fassana ed oggi \u00e8 frequentato da turisti, giovani del posto, maestri di sci e gruppi di ragazzi e ragazze che salgono fin qui solo per fare serata.<\/p>\n<p style=\"text-align: justify;\">Ideato e gestito dall\u2019ispirato titolare <strong>Filippo Debertol<\/strong>, <strong>The Cliff\u00a0 Apr\u00e9s Ski<\/strong> sorge a qualche metro di distanza <strong>dall\u2019Hotel La Perla, nel cuore di Canazei<\/strong> e a <strong>meno di cento metri dagli impianti di risalita<\/strong>.<\/p>\n<p style=\"text-align: justify;\">E\u2019 un locale che si distingue per il mix tra elementi rustici e variazioni di design pi\u00f9 ricercate, tradizione e modernit\u00e0, folklore tipico e <strong>free style<\/strong>, che accompagna le pi\u00f9 recenti tendenze sulle piste.<\/p>\n<p style=\"text-align: justify;\">Il variare del colore delle luci lo rende un luogo <strong>camaleontico<\/strong>, in perenne mutazione, crea un gioco di riflessi, che trasmette visivamente, le emozioni delle <strong>canzoni proposte dal deejay.<\/strong><\/p>\n<p style=\"text-align: justify;\">Nell\u2019ambiente, gli <strong>schermi proiettano evoluzioni<\/strong> sulla tavola da <strong>snowboard<\/strong> mentre si possono gustane drink con in nomi delle mosse del free stile ed \u00a0assaggiare i <strong>taglieri con le specialit\u00e0<\/strong> della zona, o tranci di <strong>pizze<\/strong> fumanti proposte dal pizzaiolo, anche lui rigorosamente <strong>\u201cfree style\u201d.<\/strong><\/p>\n<p style=\"text-align: justify;\">L&#8217;entrata \u00e8 gratuita, \u00e8 aperto dalle 16 alle 23 tutti i giorni da dicembre ad aprile, il venerd\u00ec e il sabato si chiude alle 24.<\/p>\n<p style=\"text-align: justify;\">Un salto \u00e8 d\u2019obbligo!<\/p>\n<p style=\"text-align: justify;\"><a href=\"http:\/\/www.cliffcanazei.it\">http:\/\/www.cliffcanazei.it<\/a><\/p>\n<\/div> <\/div> <\/div><\/div><\/div><\/section>\n","protected":false},"excerpt":{"rendered":"Musica e divertimento al Cliff Apr\u00e9s Ski a Canazei Se...","protected":false},"author":1,"featured_media":0,"parent":0,"menu_order":0,"comment_status":"closed","ping_status":"closed","template":"","meta":{"footnotes":""},"yoast_head":"<!-- This site is optimized with the Yoast SEO plugin v15.3 - https:\/\/yoast.com\/wordpress\/plugins\/seo\/ -->\n<meta name=\"robots\" content=\"index, follow, max-snippet:-1, max-image-preview:large, max-video-preview:-1\" \/>\n<link rel=\"canonical\" href=\"https:\/\/hotellaperla.net\/it\/cliff\/\" \/>\n<meta property=\"og:locale\" content=\"it_IT\" \/>\n<meta property=\"og:type\" content=\"article\" \/>\n<meta property=\"og:title\" content=\"Cliff Apr\u00e9s Ski - Hotel la Perla Wellness &amp; Beauty | Canazei | Trentino | Dolomiti\" \/>\n<meta property=\"og:url\" content=\"https:\/\/hotellaperla.net\/it\/cliff\/\" \/>\n<meta property=\"og:site_name\" content=\"Hotel la Perla Wellness &amp; Beauty | Canazei | Trentino | Dolomiti\" \/>\n<meta property=\"article:modified_time\" content=\"2021-10-26T08:14:02+00:00\" \/>\n<meta name=\"twitter:card\" content=\"summary\" \/>\n<meta name=\"twitter:label1\" content=\"Scritto da\">\n\t<meta name=\"twitter:data1\" content=\"admin\">\n\t<meta name=\"twitter:label2\" content=\"Tempo di lettura stimato\">\n\t<meta name=\"twitter:data2\" content=\"1 minuto\">\n<script type=\"application\/ld+json\" class=\"yoast-schema-graph\">{\"@context\":\"https:\/\/schema.org\",\"@graph\":[{\"@type\":\"WebSite\",\"@id\":\"https:\/\/hotellaperla.net\/it\/#website\",\"url\":\"https:\/\/hotellaperla.net\/it\/\",\"name\":\"Hotel la Perla Wellness &amp; Beauty | Canazei | Trentino | Dolomiti\",\"description\":\"La vacanza perfetta a Canazei\",\"potentialAction\":[{\"@type\":\"SearchAction\",\"target\":\"https:\/\/hotellaperla.net\/it\/?s={search_term_string}\",\"query-input\":\"required name=search_term_string\"}],\"inLanguage\":\"it-IT\"},{\"@type\":\"WebPage\",\"@id\":\"https:\/\/hotellaperla.net\/it\/cliff\/#webpage\",\"url\":\"https:\/\/hotellaperla.net\/it\/cliff\/\",\"name\":\"Cliff Apr\\u00e9s Ski - Hotel la Perla Wellness &amp; Beauty | Canazei | Trentino | Dolomiti\",\"isPartOf\":{\"@id\":\"https:\/\/hotellaperla.net\/it\/#website\"},\"datePublished\":\"2016-10-21T15:11:23+00:00\",\"dateModified\":\"2021-10-26T08:14:02+00:00\",\"inLanguage\":\"it-IT\",\"potentialAction\":[{\"@type\":\"ReadAction\",\"target\":[\"https:\/\/hotellaperla.net\/it\/cliff\/\"]}]}]}<\/script>\n<!-- \/ Yoast SEO plugin. -->","_links":{"self":[{"href":"https:\/\/hotellaperla.net\/it\/wp-json\/wp\/v2\/pages\/562"}],"collection":[{"href":"https:\/\/hotellaperla.net\/it\/wp-json\/wp\/v2\/pages"}],"about":[{"href":"https:\/\/hotellaperla.net\/it\/wp-json\/wp\/v2\/types\/page"}],"author":[{"embeddable":true,"href":"https:\/\/hotellaperla.net\/it\/wp-json\/wp\/v2\/users\/1"}],"replies":[{"embeddable":true,"href":"https:\/\/hotellaperla.net\/it\/wp-json\/wp\/v2\/comments?post=562"}],"version-history":[{"count":6,"href":"https:\/\/hotellaperla.net\/it\/wp-json\/wp\/v2\/pages\/562\/revisions"}],"predecessor-version":[{"id":6181,"href":"https:\/\/hotellaperla.net\/it\/wp-json\/wp\/v2\/pages\/562\/revisions\/6181"}],"wp:attachment":[{"href":"https:\/\/hotellaperla.net\/it\/wp-json\/wp\/v2\/media?parent=562"}],"curies":[{"name":"wp","href":"https:\/\/api.w.org\/{rel}","templated":true}]}}