{"id":525,"date":"2016-10-21T14:16:51","date_gmt":"2016-10-21T14:16:51","guid":{"rendered":"http:\/\/hotellaperla.net\/?page_id=525"},"modified":"2017-05-24T17:36:50","modified_gmt":"2017-05-24T17:36:50","slug":"skiarea","status":"publish","type":"page","link":"https:\/\/hotellaperla.net\/it\/skiarea\/","title":{"rendered":"Skiarea"},"content":{"rendered":"<section class=\"l-section wpb_row height_medium\"><div class=\"l-section-h i-cf\"><div class=\"g-cols offset_small\"><div class=\" one-half\"><div class=\"wpb_text_column \"><div class=\"wpb_wrapper\">\n<h1 style=\"text-align: center; color: #e5c878;\">Canazei \u00e8 nel cuore del paradiso bianco del Dolomiti Superski<\/h1>\n<p style=\"text-align: justify;\">\u00a0\u00a0 La <strong>Val di Fassa<\/strong> \u00e8 una destinazione turistica <strong>nel Trentino Alto Adige<\/strong> che, in inverno, diventa un paradiso per <strong>sciatori<\/strong> e <strong>snowboarder<\/strong>. E\u2019 conosciuta a livello internazionale ed \u00e8 patria di numerosi grandi atleti: <strong>Christian Zorzi, Christian Deville, Stefano Gross<\/strong> e altri ancora, frequentatori dei pi\u00f9 alti podi nelle classifiche mondiali di sci<\/p>\n<p style=\"text-align: justify;\">\u00a0\u00a0\u00a0 La <strong>Skiarea<\/strong> <strong>della Val di Fassa<\/strong> propone ben <strong>220 km e 115 piste suddivise in 9 diverse ski aree<\/strong><strong>: <\/strong><strong>Belvedere-Pordoi, Ciampac, Fedaia-Marmolada, Col Rodella-Passo Sella, Buffaure, Catinaccio-Ciampedie e Passo Costalunga <\/strong><strong>Carezza<\/strong><strong> e Alpe di Lusia-San Pellegrino-Falcade<\/strong>, tutte collegate fra di loro, sci a piedi o tramite comodi <a href=\"http:\/\/www.fassa.com\/it\/Servizio-skibus\/\">servizi skibus<\/a>.<\/p>\n<p style=\"text-align: justify;\"><strong>\u00a0\u00a0\u00a0 All\u2019offerta si aggiungono<\/strong><strong> 3 skitour<\/strong> e <strong>\u00a04 snowparks<\/strong>, con inoltre, la possibilit\u00e0 di spingersi oltre i confini della<strong> Val di Fassa<\/strong>, grazie ai collegamenti con la <strong>Sellaronda<\/strong> (Giro dei quattro passi)e con <strong>Dolomiti Superski<\/strong>.<\/p>\n<p style=\"text-align: justify;\">\u00a0\u00a0\u00a0 La stagione dello sci si protrae da dicembre ad aprile grazie al <strong>perfetto innevamento <\/strong>garantito<strong> dall\u2019avanzato sistema di innevamento programmato<\/strong>. La variet\u00e0 non manca: ci sono tracciati facili e assolati, punti di riferimento per principianti e famiglie, o pendenze pi\u00f9 tecniche con linee veloci particolarmente ricercate dai veterani dello <a href=\"http:\/\/www.fassa.com\/it\/Aree-sciistiche\/\"><strong>sci<\/strong><\/a><strong>.<\/strong><\/p>\n<p style=\"text-align: justify;\">\u00a0\u00a0\u00a0 I <strong>collegamenti<\/strong> di ultima generazione sono costituiti da <strong>86 moderni impianti di risalita<\/strong> che garantiscono un trasporto in quota veloce ed efficiente.<\/p>\n<\/div> <\/div> <\/div><div class=\" one-half\"><div class=\"w-gallery layout_masonry cols_1 link_media\"><div class=\"w-gallery-list\"><a class=\"w-gallery-item order_1\" href=\"https:\/\/hotellaperla.net\/wp-content\/uploads\/2016\/10\/062.jpg\" title=\"062\"><img loading=\"lazy\" decoding=\"async\" width=\"600\" height=\"400\" src=\"https:\/\/hotellaperla.net\/wp-content\/uploads\/2016\/10\/062-600x400.jpg\" class=\"w-gallery-item-img\" alt=\"\" srcset=\"https:\/\/hotellaperla.net\/wp-content\/uploads\/2016\/10\/062-600x400.jpg 600w, https:\/\/hotellaperla.net\/wp-content\/uploads\/2016\/10\/062-300x200.jpg 300w, https:\/\/hotellaperla.net\/wp-content\/uploads\/2016\/10\/062-768x512.jpg 768w, https:\/\/hotellaperla.net\/wp-content\/uploads\/2016\/10\/062-1024x683.jpg 1024w\" sizes=\"(max-width: 600px) 100vw, 600px\" \/><span class=\"w-gallery-item-hover\"><\/span><span class=\"w-gallery-item-title\">062<\/span><\/a><a class=\"w-gallery-item order_2\" href=\"https:\/\/hotellaperla.net\/wp-content\/uploads\/2016\/10\/063.jpg\" title=\"063\"><img loading=\"lazy\" decoding=\"async\" width=\"600\" height=\"400\" src=\"https:\/\/hotellaperla.net\/wp-content\/uploads\/2016\/10\/063-600x400.jpg\" class=\"w-gallery-item-img\" alt=\"\" srcset=\"https:\/\/hotellaperla.net\/wp-content\/uploads\/2016\/10\/063-600x400.jpg 600w, https:\/\/hotellaperla.net\/wp-content\/uploads\/2016\/10\/063-300x200.jpg 300w, https:\/\/hotellaperla.net\/wp-content\/uploads\/2016\/10\/063-768x512.jpg 768w, https:\/\/hotellaperla.net\/wp-content\/uploads\/2016\/10\/063-1024x683.jpg 1024w\" sizes=\"(max-width: 600px) 100vw, 600px\" \/><span class=\"w-gallery-item-hover\"><\/span><span class=\"w-gallery-item-title\">063<\/span><\/a><\/div><\/div>\n<\/div><\/div><\/div><\/section><section class=\"l-section wpb_row height_medium\"><div class=\"l-section-h i-cf\"><div class=\"g-cols offset_small\"><div class=\" one-half\"><div class=\"w-gallery layout_masonry cols_1 link_media\"><div class=\"w-gallery-list\"><a class=\"w-gallery-item order_1\" href=\"https:\/\/hotellaperla.net\/wp-content\/uploads\/2016\/10\/064.jpg\" title=\"064\"><img loading=\"lazy\" decoding=\"async\" width=\"600\" height=\"400\" src=\"https:\/\/hotellaperla.net\/wp-content\/uploads\/2016\/10\/064-600x400.jpg\" class=\"w-gallery-item-img\" alt=\"\" srcset=\"https:\/\/hotellaperla.net\/wp-content\/uploads\/2016\/10\/064-600x400.jpg 600w, https:\/\/hotellaperla.net\/wp-content\/uploads\/2016\/10\/064-300x200.jpg 300w, https:\/\/hotellaperla.net\/wp-content\/uploads\/2016\/10\/064-768x512.jpg 768w, https:\/\/hotellaperla.net\/wp-content\/uploads\/2016\/10\/064-1024x683.jpg 1024w\" sizes=\"(max-width: 600px) 100vw, 600px\" \/><span class=\"w-gallery-item-hover\"><\/span><span class=\"w-gallery-item-title\">064<\/span><\/a><a class=\"w-gallery-item order_2\" href=\"https:\/\/hotellaperla.net\/wp-content\/uploads\/2016\/10\/065.jpg\" title=\"065\"><img loading=\"lazy\" decoding=\"async\" width=\"600\" height=\"400\" src=\"https:\/\/hotellaperla.net\/wp-content\/uploads\/2016\/10\/065-600x400.jpg\" class=\"w-gallery-item-img\" alt=\"\" srcset=\"https:\/\/hotellaperla.net\/wp-content\/uploads\/2016\/10\/065-600x400.jpg 600w, https:\/\/hotellaperla.net\/wp-content\/uploads\/2016\/10\/065-300x200.jpg 300w, https:\/\/hotellaperla.net\/wp-content\/uploads\/2016\/10\/065-768x512.jpg 768w, https:\/\/hotellaperla.net\/wp-content\/uploads\/2016\/10\/065-1024x683.jpg 1024w\" sizes=\"(max-width: 600px) 100vw, 600px\" \/><span class=\"w-gallery-item-hover\"><\/span><span class=\"w-gallery-item-title\">065<\/span><\/a><\/div><\/div>\n<\/div><div class=\" one-half\"><div class=\"wpb_text_column \"><div class=\"wpb_wrapper\">\n<h2 style=\"text-align: center; color: #e5c878;\">Ski area Canazei- Belvedere<\/h2>\n<p style=\"text-align: justify;\"><strong>\u00a0\u00a0\u00a0\u00a0 L\u2019Hotel La Perla si trova in una posizione invidiabile a pochi passi dagli impianti sciistici di Canazei, cittadina che, per la sua posizione strategica \u00e8 la destinazione sciistica pi\u00f9 rinomata della Val di Fassa e quella su cui gravitano la maggior parte delle attivit\u00e0.<\/strong><\/p>\n<p style=\"text-align: justify;\">\u00a0\u00a0\u00a0\u00a0 La ski area che contraddistingue <strong>Canazei<\/strong>\u00a0 \u00e8 il <strong>Belvedere,<\/strong> denominata cos\u00ec per il fantastico colpo d\u2019occhio sulle <strong>Dolomiti &#8211; Gruppo del Sassolungo, Sella, Sass Pordoi, Tofane, Marmolada e Catinaccio-Rosengarten<\/strong>.<\/p>\n<p style=\"text-align: justify;\">\u00a0\u00a0\u00a0\u00a0 Si raggiunge in pochi minuti da <strong>Canazei<\/strong> con la <strong>moderna telecabina ad agganciamento automatico Canazei\/Pecol,<\/strong> oppure in macchina percorrendo alcuni chilometri lungo la Strada Statale 48 delle Dolomiti.<\/p>\n<p style=\"text-align: justify;\">\u00a0\u00a0\u00a0\u00a0 Questa zona sciistica si contraddistingue per:<\/p>\n<ul>\n<li style=\"text-align: justify;\"><strong>17 km di piste <\/strong>per ogni livello di difficolt\u00e0 (prevalentemente rosse)<\/li>\n<li style=\"text-align: justify;\">il <strong>Dolomiti Snowpark <\/strong>riservato ai freestyler<\/li>\n<li style=\"text-align: justify;\"><strong>Baby Park <\/strong>(Funpark Enrosadira)<\/li>\n<li style=\"text-align: justify;\"><strong>Collegamenti:<\/strong><strong>ski area del Col Rodella<\/strong>, attraverso la pista che scende verso <strong>Pian de Frataces-Lupo Bianco<\/strong>, rientrando a Canazei lungo il tracciato del bosco, oppure \u00e8 possibile ra<strong>ggiungere <\/strong><strong>Arabba <\/strong>o la vicina<strong> Val Gardena<\/strong>.<\/li>\n<li style=\"text-align: justify;\">punto di partenza per il mitico <strong>Giro dei Quattro Passi<\/strong> (<a href=\"http:\/\/www.fassa.com\/IT\/Sella-Ronda\/\">Sellaronda<\/a>), lo skitour di circa 40 km considerato fra i pi\u00f9 belli e spettacolari al mondo.<\/li>\n<li style=\"text-align: justify;\">La <strong>Scuola di sci Canazei\/Marmolada<\/strong>, la pi\u00f9 vecchia d\u2019Italia con oltre 100 maestri.<\/li>\n<\/ul>\n<\/div> <\/div> <\/div><\/div><\/div><\/section>\n","protected":false},"excerpt":{"rendered":"Canazei \u00e8 nel cuore del paradiso bianco del Dolomiti Superski...","protected":false},"author":1,"featured_media":0,"parent":0,"menu_order":0,"comment_status":"closed","ping_status":"closed","template":"","meta":{"footnotes":""},"yoast_head":"<!-- This site is optimized with the Yoast SEO plugin v15.3 - https:\/\/yoast.com\/wordpress\/plugins\/seo\/ -->\n<meta name=\"robots\" content=\"index, follow, max-snippet:-1, max-image-preview:large, max-video-preview:-1\" \/>\n<link rel=\"canonical\" href=\"https:\/\/hotellaperla.net\/it\/skiarea\/\" \/>\n<meta property=\"og:locale\" content=\"it_IT\" \/>\n<meta property=\"og:type\" content=\"article\" \/>\n<meta property=\"og:title\" content=\"Skiarea - Hotel la Perla Wellness &amp; Beauty | Canazei | Trentino | Dolomiti\" \/>\n<meta property=\"og:url\" content=\"https:\/\/hotellaperla.net\/it\/skiarea\/\" \/>\n<meta property=\"og:site_name\" content=\"Hotel la Perla Wellness &amp; Beauty | Canazei | Trentino | Dolomiti\" \/>\n<meta property=\"article:modified_time\" content=\"2017-05-24T17:36:50+00:00\" \/>\n<meta name=\"twitter:card\" content=\"summary\" \/>\n<meta name=\"twitter:label1\" content=\"Scritto da\">\n\t<meta name=\"twitter:data1\" content=\"admin\">\n\t<meta name=\"twitter:label2\" content=\"Tempo di lettura stimato\">\n\t<meta name=\"twitter:data2\" content=\"2 minuti\">\n<script type=\"application\/ld+json\" class=\"yoast-schema-graph\">{\"@context\":\"https:\/\/schema.org\",\"@graph\":[{\"@type\":\"WebSite\",\"@id\":\"https:\/\/hotellaperla.net\/it\/#website\",\"url\":\"https:\/\/hotellaperla.net\/it\/\",\"name\":\"Hotel la Perla Wellness &amp; Beauty | Canazei | Trentino | Dolomiti\",\"description\":\"La vacanza perfetta a Canazei\",\"potentialAction\":[{\"@type\":\"SearchAction\",\"target\":\"https:\/\/hotellaperla.net\/it\/?s={search_term_string}\",\"query-input\":\"required name=search_term_string\"}],\"inLanguage\":\"it-IT\"},{\"@type\":\"WebPage\",\"@id\":\"https:\/\/hotellaperla.net\/it\/skiarea\/#webpage\",\"url\":\"https:\/\/hotellaperla.net\/it\/skiarea\/\",\"name\":\"Skiarea - Hotel la Perla Wellness &amp; Beauty | Canazei | Trentino | Dolomiti\",\"isPartOf\":{\"@id\":\"https:\/\/hotellaperla.net\/it\/#website\"},\"datePublished\":\"2016-10-21T14:16:51+00:00\",\"dateModified\":\"2017-05-24T17:36:50+00:00\",\"inLanguage\":\"it-IT\",\"potentialAction\":[{\"@type\":\"ReadAction\",\"target\":[\"https:\/\/hotellaperla.net\/it\/skiarea\/\"]}]}]}<\/script>\n<!-- \/ Yoast SEO plugin. -->","_links":{"self":[{"href":"https:\/\/hotellaperla.net\/it\/wp-json\/wp\/v2\/pages\/525"}],"collection":[{"href":"https:\/\/hotellaperla.net\/it\/wp-json\/wp\/v2\/pages"}],"about":[{"href":"https:\/\/hotellaperla.net\/it\/wp-json\/wp\/v2\/types\/page"}],"author":[{"embeddable":true,"href":"https:\/\/hotellaperla.net\/it\/wp-json\/wp\/v2\/users\/1"}],"replies":[{"embeddable":true,"href":"https:\/\/hotellaperla.net\/it\/wp-json\/wp\/v2\/comments?post=525"}],"version-history":[{"count":7,"href":"https:\/\/hotellaperla.net\/it\/wp-json\/wp\/v2\/pages\/525\/revisions"}],"predecessor-version":[{"id":528,"href":"https:\/\/hotellaperla.net\/it\/wp-json\/wp\/v2\/pages\/525\/revisions\/528"}],"wp:attachment":[{"href":"https:\/\/hotellaperla.net\/it\/wp-json\/wp\/v2\/media?parent=525"}],"curies":[{"name":"wp","href":"https:\/\/api.w.org\/{rel}","templated":true}]}}