{"id":520,"date":"2016-10-21T14:05:40","date_gmt":"2016-10-21T14:05:40","guid":{"rendered":"http:\/\/hotellaperla.net\/?page_id=520"},"modified":"2017-05-05T18:50:19","modified_gmt":"2017-05-05T18:50:19","slug":"inverno","status":"publish","type":"page","link":"https:\/\/hotellaperla.net\/it\/inverno\/","title":{"rendered":"Inverno"},"content":{"rendered":"<section class=\"l-section wpb_row height_medium\"><div class=\"l-section-h i-cf\"><div class=\"g-cols offset_small\"><div class=\" full-width\"><div class=\"w-image  align_center\"><img loading=\"lazy\" decoding=\"async\" width=\"66\" height=\"55\" src=\"https:\/\/hotellaperla.net\/wp-content\/uploads\/2016\/08\/p33.png\" class=\"attachment-full size-full\" alt=\"Hotel la Perla Canazei\" \/><\/div><div class=\"wpb_text_column \"><div class=\"wpb_wrapper\">\n<h1 style=\"text-align: center; color: #e5c878;\">Per le vacanze sulla neve Canazei \u00e8 una garanzia<\/h1>\n<\/div> <\/div> <\/div><\/div><\/div><\/section><section class=\"l-section wpb_row height_medium\"><div class=\"l-section-h i-cf\"><div class=\"g-cols offset_small\"><div class=\" full-width\"><div class=\"wpb_text_column \"><div class=\"wpb_wrapper\">\n<p style=\"text-align: justify;\"><strong>\u00a0\u00a0\u00a0 Canazei<\/strong> \u00e8 la capitale degli sport invernali, una meta imperdibile per tutti gli <strong>amanti dello sci e degli sport sulla neve.<\/strong><\/p>\n<p style=\"text-align: justify;\">\u00a0\u00a0\u00a0 Il caorosello sciistico del <strong>Dolomiti Superski<\/strong> regala <strong>220 km di piste<\/strong> da sci tutte da provare, servite da <strong>innevazione garantita e i pi\u00f9 moderni impianti di risalita. <\/strong>Il tutto a due passi <strong>dall\u2019Hotel La Perla.<\/strong><\/p>\n<p style=\"text-align: justify;\">\u00a0\u00a0\u00a0 Ma <strong>sport in inverno<\/strong> non \u00e8 solo sci alpino ma anche molto altro: <strong>la Val di Fassa<\/strong> \u00e8 conosciuta in tutto il mondo per la <strong>Marcialonga<\/strong> una gara regina dello <strong>sci da fondo<\/strong>, e poi non trascuriamo <strong>l\u2019Hockey<\/strong>, lo <strong>sci alpinismo<\/strong>, il <strong>telemark<\/strong>, lo <strong>slittino<\/strong>, lo <strong>snowboard<\/strong> e lo <strong>Snow Tubing <\/strong>: la discesa sui gommoni. Mai provata? E\u2019 l\u2019ora di farlo!<\/p>\n<p style=\"text-align: justify;\">\u00a0\u00a0\u00a0 I piccoli ospiti troveranno in ogni ski area di valle <strong>piste baby, pendii adatti all\u2019apprendimento dello sci, campi scuola <\/strong>dotati di nastri trasporta bambini, <strong>pupazzi giganti e attrezzature utili<\/strong> per fare dello sci un fantastico ed emozionante nuovo gioco. <strong>Maestri specializzati e animatori <\/strong>si occupano dei \u00a0pi\u00f9 piccoli, lasciando ai genitori la possibilit\u00e0 di godersi una giornata intera &#8220;di libert\u00e0&#8221;.\u00a0 Inoltre <strong>Dolomiti Superski<\/strong>, da met\u00e0 marzo alla fine della stagione invernale, riserva una sorpresa alle famiglie: con <strong>&#8220;DolomitiSuperKids&#8221;<\/strong>, i bambini sciano gratis<\/p>\n<p style=\"text-align: justify;\">\u00a0\u00a0\u00a0 Ma anche per chi non ama lo sci, la montagna d\u2019inverno diventa un accattivante meta per le vacanze, grazie alla nuova tendenza delle <strong>ciaspole<\/strong>, che permettono di fare fantastiche escursioni in compagnia degli esperti, passeggiando tranquillamente con un\u2019apposita attrezzatura, sui <strong>percorsi innevati tra i boschi delle Dolomiti<\/strong> o raggiungendo baite e rifugi sulle <strong>slitte trainate dai cavalli<\/strong>.<\/p>\n<p style=\"text-align: justify;\">\u00a0\u00a0\u00a0 Dopo una giornata di attivit\u00e0 all\u2019aria aperta la sera \u00e8 bello concedersi un po\u2019 di svago nei locali, nei <strong>pub<\/strong> o nei <strong>disco bar <\/strong>come il<strong> Cliff, gestito <\/strong>dalla famiglia <strong>Debertol, a pochi passi dall\u2019Hotel La Perla<\/strong>, oppure regalarsi un\u2019 allegra <strong>cena in baita con la suggestiva discesa notturna in slitta.<\/strong><\/p>\n<p style=\"text-align: justify;\">Il coronamento di una <strong>settimana bianca<\/strong> veramente da ricordare!<\/p>\n<\/div> <\/div> <div class=\"w-gallery layout_masonry cols_2 link_media\"><div class=\"w-gallery-list\"><a class=\"w-gallery-item order_1\" href=\"https:\/\/hotellaperla.net\/wp-content\/uploads\/2016\/10\/043.jpg\" title=\"043\"><img loading=\"lazy\" decoding=\"async\" width=\"600\" height=\"400\" src=\"https:\/\/hotellaperla.net\/wp-content\/uploads\/2016\/10\/043-600x400.jpg\" class=\"w-gallery-item-img\" alt=\"\" srcset=\"https:\/\/hotellaperla.net\/wp-content\/uploads\/2016\/10\/043-600x400.jpg 600w, https:\/\/hotellaperla.net\/wp-content\/uploads\/2016\/10\/043-300x200.jpg 300w, https:\/\/hotellaperla.net\/wp-content\/uploads\/2016\/10\/043-768x512.jpg 768w, https:\/\/hotellaperla.net\/wp-content\/uploads\/2016\/10\/043-1024x683.jpg 1024w\" sizes=\"(max-width: 600px) 100vw, 600px\" \/><span class=\"w-gallery-item-hover\"><\/span><span class=\"w-gallery-item-title\">043<\/span><\/a><a class=\"w-gallery-item order_2\" href=\"https:\/\/hotellaperla.net\/wp-content\/uploads\/2016\/10\/001-3.jpg\" title=\"001-3\"><img loading=\"lazy\" decoding=\"async\" width=\"600\" height=\"798\" src=\"https:\/\/hotellaperla.net\/wp-content\/uploads\/2016\/10\/001-3-600x798.jpg\" class=\"w-gallery-item-img\" alt=\"\" srcset=\"https:\/\/hotellaperla.net\/wp-content\/uploads\/2016\/10\/001-3-600x798.jpg 600w, https:\/\/hotellaperla.net\/wp-content\/uploads\/2016\/10\/001-3-225x300.jpg 225w, https:\/\/hotellaperla.net\/wp-content\/uploads\/2016\/10\/001-3-768x1022.jpg 768w, https:\/\/hotellaperla.net\/wp-content\/uploads\/2016\/10\/001-3-769x1024.jpg 769w, https:\/\/hotellaperla.net\/wp-content\/uploads\/2016\/10\/001-3.jpg 928w\" sizes=\"(max-width: 600px) 100vw, 600px\" \/><span class=\"w-gallery-item-hover\"><\/span><span class=\"w-gallery-item-title\">001-3<\/span><\/a><a class=\"w-gallery-item order_3\" href=\"https:\/\/hotellaperla.net\/wp-content\/uploads\/2016\/09\/007.jpg\" title=\"007\"><img loading=\"lazy\" decoding=\"async\" width=\"600\" height=\"338\" src=\"https:\/\/hotellaperla.net\/wp-content\/uploads\/2016\/09\/007-600x338.jpg\" class=\"w-gallery-item-img\" alt=\"\" srcset=\"https:\/\/hotellaperla.net\/wp-content\/uploads\/2016\/09\/007-600x338.jpg 600w, https:\/\/hotellaperla.net\/wp-content\/uploads\/2016\/09\/007-300x169.jpg 300w, https:\/\/hotellaperla.net\/wp-content\/uploads\/2016\/09\/007-768x432.jpg 768w, https:\/\/hotellaperla.net\/wp-content\/uploads\/2016\/09\/007-1024x576.jpg 1024w, https:\/\/hotellaperla.net\/wp-content\/uploads\/2016\/09\/007.jpg 1920w\" sizes=\"(max-width: 600px) 100vw, 600px\" \/><span class=\"w-gallery-item-hover\"><\/span><span class=\"w-gallery-item-title\">007<\/span><\/a><\/div><\/div>\n<\/div><\/div><\/div><\/section>\n","protected":false},"excerpt":{"rendered":"Per le vacanze sulla neve Canazei \u00e8 una garanzia \u00a0\u00a0\u00a0...","protected":false},"author":1,"featured_media":0,"parent":0,"menu_order":0,"comment_status":"closed","ping_status":"closed","template":"","meta":{"footnotes":""},"yoast_head":"<!-- This site is optimized with the Yoast SEO plugin v15.3 - https:\/\/yoast.com\/wordpress\/plugins\/seo\/ -->\n<meta name=\"robots\" content=\"index, follow, max-snippet:-1, max-image-preview:large, max-video-preview:-1\" \/>\n<link rel=\"canonical\" href=\"https:\/\/hotellaperla.net\/it\/inverno\/\" \/>\n<meta property=\"og:locale\" content=\"it_IT\" \/>\n<meta property=\"og:type\" content=\"article\" \/>\n<meta property=\"og:title\" content=\"Inverno - Hotel la Perla Wellness &amp; Beauty | Canazei | Trentino | Dolomiti\" \/>\n<meta property=\"og:url\" content=\"https:\/\/hotellaperla.net\/it\/inverno\/\" \/>\n<meta property=\"og:site_name\" content=\"Hotel la Perla Wellness &amp; Beauty | Canazei | Trentino | Dolomiti\" \/>\n<meta property=\"article:modified_time\" content=\"2017-05-05T18:50:19+00:00\" \/>\n<meta name=\"twitter:card\" content=\"summary\" \/>\n<meta name=\"twitter:label1\" content=\"Scritto da\">\n\t<meta name=\"twitter:data1\" content=\"admin\">\n\t<meta name=\"twitter:label2\" content=\"Tempo di lettura stimato\">\n\t<meta name=\"twitter:data2\" content=\"1 minuto\">\n<script type=\"application\/ld+json\" class=\"yoast-schema-graph\">{\"@context\":\"https:\/\/schema.org\",\"@graph\":[{\"@type\":\"WebSite\",\"@id\":\"https:\/\/hotellaperla.net\/it\/#website\",\"url\":\"https:\/\/hotellaperla.net\/it\/\",\"name\":\"Hotel la Perla Wellness &amp; Beauty | Canazei | Trentino | Dolomiti\",\"description\":\"La vacanza perfetta a Canazei\",\"potentialAction\":[{\"@type\":\"SearchAction\",\"target\":\"https:\/\/hotellaperla.net\/it\/?s={search_term_string}\",\"query-input\":\"required name=search_term_string\"}],\"inLanguage\":\"it-IT\"},{\"@type\":\"WebPage\",\"@id\":\"https:\/\/hotellaperla.net\/it\/inverno\/#webpage\",\"url\":\"https:\/\/hotellaperla.net\/it\/inverno\/\",\"name\":\"Inverno - Hotel la Perla Wellness &amp; Beauty | Canazei | Trentino | Dolomiti\",\"isPartOf\":{\"@id\":\"https:\/\/hotellaperla.net\/it\/#website\"},\"datePublished\":\"2016-10-21T14:05:40+00:00\",\"dateModified\":\"2017-05-05T18:50:19+00:00\",\"inLanguage\":\"it-IT\",\"potentialAction\":[{\"@type\":\"ReadAction\",\"target\":[\"https:\/\/hotellaperla.net\/it\/inverno\/\"]}]}]}<\/script>\n<!-- \/ Yoast SEO plugin. -->","_links":{"self":[{"href":"https:\/\/hotellaperla.net\/it\/wp-json\/wp\/v2\/pages\/520"}],"collection":[{"href":"https:\/\/hotellaperla.net\/it\/wp-json\/wp\/v2\/pages"}],"about":[{"href":"https:\/\/hotellaperla.net\/it\/wp-json\/wp\/v2\/types\/page"}],"author":[{"embeddable":true,"href":"https:\/\/hotellaperla.net\/it\/wp-json\/wp\/v2\/users\/1"}],"replies":[{"embeddable":true,"href":"https:\/\/hotellaperla.net\/it\/wp-json\/wp\/v2\/comments?post=520"}],"version-history":[{"count":6,"href":"https:\/\/hotellaperla.net\/it\/wp-json\/wp\/v2\/pages\/520\/revisions"}],"predecessor-version":[{"id":1487,"href":"https:\/\/hotellaperla.net\/it\/wp-json\/wp\/v2\/pages\/520\/revisions\/1487"}],"wp:attachment":[{"href":"https:\/\/hotellaperla.net\/it\/wp-json\/wp\/v2\/media?parent=520"}],"curies":[{"name":"wp","href":"https:\/\/api.w.org\/{rel}","templated":true}]}}