{"id":507,"date":"2016-10-21T13:55:34","date_gmt":"2016-10-21T13:55:34","guid":{"rendered":"http:\/\/hotellaperla.net\/?page_id=507"},"modified":"2017-04-12T16:14:45","modified_gmt":"2017-04-12T16:14:45","slug":"escursioni","status":"publish","type":"page","link":"https:\/\/hotellaperla.net\/it\/escursioni\/","title":{"rendered":"Escursioni"},"content":{"rendered":"<section class=\"l-section wpb_row height_medium\"><div class=\"l-section-h i-cf\"><div class=\"g-cols offset_small\"><div class=\" one-half\"><div class=\"wpb_text_column \"><div class=\"wpb_wrapper\">\n<h1 style=\"text-align: center; color: #e5c878;\">Suggestive escursioni nei paesaggi incantati delle Dolomiti, a due passi dall\u2019Hotel La Perla<\/h1>\n<p style=\"text-align: justify;\">\u00a0\u00a0\u00a0 Le opportunit\u00e0 per spettacolari <strong>passeggiate ed escursioni in Val di Fassa<\/strong> sono innumerevoli e sono adatte a qualsiasi livello di difficolt\u00e0: dalle <strong>passeggiate di fondovalle<\/strong> a quelle di alta quota, dalle <strong>vie ferrate e arrampicate, alle traversate sui ghiacciai.<\/strong><\/p>\n<p style=\"text-align: justify;\">\u00a0\u00a0\u00a0 Chi non ha dimestichezza con la montagna e vuole avvicinarsi in tutta sicurezza a gradi di difficolt\u00e0 pi\u00f9 elevati, pu\u00f2 affidarsi all\u2019esperienza <strong>delle Guide Alpine <\/strong>e degli <strong>Accompagnatori di territorio<\/strong>, usufruendo di un ampio e dettagliato <strong>programma di escursioni<\/strong> <strong>guidate su sentieri e vie attrezzate,<\/strong> introduzione all\u2019alpinismo, <strong>corsi di roccia, perfezionamento, arrampicata e nordic walking .<\/strong><\/p>\n<p style=\"text-align: justify;\">\u00a0\u00a0\u00a0 Le vostre escursioni vi porteranno a raggiungere <strong>suggestive baite, bellissime malghe e rifugi attrezzati<\/strong>, come il <strong>Rifugio Contrin<\/strong> molto accoglienti con servizio di ristoro e pernottamento in confortevoli camere da letto.<\/p>\n<p style=\"text-align: justify;\">\u00a0\u00a0\u00a0\u00a0 Un\u2019esperienza straordinaria che suggeriamo \u00e8 il <strong>Trekking delle leggende<\/strong>, <strong>anello escursionistico<\/strong> <strong>di 200 km<\/strong> da percorrere in 20 tappe, che collega la Val di Fassa con la Val di Fiemme e Primiero.<\/p>\n<p style=\"text-align: justify;\">\u00a0\u00a0\u00a0 Si tratta di un <strong>itinerario unico al mondo <\/strong>in alta quota tra le rocce del <strong>Catinaccio e la Marmolada<\/strong>, dove gli appassionati di <strong>trekking<\/strong> potranno vivere l\u2019esperienza di un lungo abbraccio naturalistico con le Dolomiti, ricco di emozioni; non ultima <strong>l\u2019Enrosadira<\/strong>, il fenomeno che ammanta di una veste rosata al tramonto le pareti rocciose delle <strong>Dolomiti<\/strong>.<\/p>\n<\/div> <\/div> <\/div><div class=\" one-half\"><div class=\"w-slider\"><div class=\"royalSlider rsDefault\"><a class=\"rsImg\" data-rsw=\"2480\" data-rsh=\"1654\" href=\"https:\/\/hotellaperla.net\/wp-content\/uploads\/2016\/10\/060.jpg\"><\/a><a class=\"rsImg\" data-rsw=\"2480\" data-rsh=\"1653\" href=\"https:\/\/hotellaperla.net\/wp-content\/uploads\/2016\/10\/028-1.jpg\"><\/a><a class=\"rsImg\" data-rsw=\"1920\" data-rsh=\"1080\" href=\"https:\/\/hotellaperla.net\/wp-content\/uploads\/2016\/09\/009.jpg\"><\/a><a class=\"rsImg\" data-rsw=\"2480\" data-rsh=\"1654\" href=\"https:\/\/hotellaperla.net\/wp-content\/uploads\/2016\/08\/005-2.jpg\"><\/a><a class=\"rsImg\" data-rsw=\"2480\" data-rsh=\"1654\" href=\"https:\/\/hotellaperla.net\/wp-content\/uploads\/2016\/08\/024_ROBERT_BERNARD_0308.jpg\"><\/a><a class=\"rsImg\" data-rsw=\"1000\" data-rsh=\"665\" href=\"https:\/\/hotellaperla.net\/wp-content\/uploads\/2016\/10\/057-1.jpg\"><\/a><a class=\"rsImg\" data-rsw=\"2480\" data-rsh=\"1654\" href=\"https:\/\/hotellaperla.net\/wp-content\/uploads\/2016\/10\/058-1.jpg\"><\/a><a class=\"rsImg\" data-rsw=\"2894\" data-rsh=\"1929\" href=\"https:\/\/hotellaperla.net\/wp-content\/uploads\/2016\/10\/059.jpg\"><\/a><\/div><div class=\"w-slider-json\" onclick='return {&quot;transitionSpeed&quot;:300,&quot;loopRewind&quot;:true,&quot;slidesSpacing&quot;:0,&quot;imageScalePadding&quot;:0,&quot;numImagesToPreload&quot;:2,&quot;arrowsNav&quot;:true,&quot;arrowsNavAutoHide&quot;:false,&quot;transitionType&quot;:&quot;move&quot;,&quot;controlNavigation&quot;:&quot;none&quot;,&quot;imageScaleMode&quot;:&quot;fit-if-smaller&quot;,&quot;autoScaleSlider&quot;:true,&quot;autoScaleSliderWidth&quot;:2480,&quot;autoScaleSliderHeight&quot;:1654,&quot;fitInViewport&quot;:false}'><\/div><\/div><\/div><\/div><\/div><\/section>\n","protected":false},"excerpt":{"rendered":"Suggestive escursioni nei paesaggi incantati delle Dolomiti, a due passi...","protected":false},"author":1,"featured_media":0,"parent":0,"menu_order":0,"comment_status":"closed","ping_status":"closed","template":"","meta":{"footnotes":""},"yoast_head":"<!-- This site is optimized with the Yoast SEO plugin v15.3 - https:\/\/yoast.com\/wordpress\/plugins\/seo\/ -->\n<meta name=\"robots\" content=\"index, follow, max-snippet:-1, max-image-preview:large, max-video-preview:-1\" \/>\n<link rel=\"canonical\" href=\"https:\/\/hotellaperla.net\/it\/escursioni\/\" \/>\n<meta property=\"og:locale\" content=\"it_IT\" \/>\n<meta property=\"og:type\" content=\"article\" \/>\n<meta property=\"og:title\" content=\"Escursioni - Hotel la Perla Wellness &amp; Beauty | Canazei | Trentino | Dolomiti\" \/>\n<meta property=\"og:url\" content=\"https:\/\/hotellaperla.net\/it\/escursioni\/\" \/>\n<meta property=\"og:site_name\" content=\"Hotel la Perla Wellness &amp; Beauty | Canazei | Trentino | Dolomiti\" \/>\n<meta property=\"article:modified_time\" content=\"2017-04-12T16:14:45+00:00\" \/>\n<meta name=\"twitter:card\" content=\"summary\" \/>\n<meta name=\"twitter:label1\" content=\"Scritto da\">\n\t<meta name=\"twitter:data1\" content=\"admin\">\n\t<meta name=\"twitter:label2\" content=\"Tempo di lettura stimato\">\n\t<meta name=\"twitter:data2\" content=\"1 minuto\">\n<script type=\"application\/ld+json\" class=\"yoast-schema-graph\">{\"@context\":\"https:\/\/schema.org\",\"@graph\":[{\"@type\":\"WebSite\",\"@id\":\"https:\/\/hotellaperla.net\/it\/#website\",\"url\":\"https:\/\/hotellaperla.net\/it\/\",\"name\":\"Hotel la Perla Wellness &amp; Beauty | Canazei | Trentino | Dolomiti\",\"description\":\"La vacanza perfetta a Canazei\",\"potentialAction\":[{\"@type\":\"SearchAction\",\"target\":\"https:\/\/hotellaperla.net\/it\/?s={search_term_string}\",\"query-input\":\"required name=search_term_string\"}],\"inLanguage\":\"it-IT\"},{\"@type\":\"WebPage\",\"@id\":\"https:\/\/hotellaperla.net\/it\/escursioni\/#webpage\",\"url\":\"https:\/\/hotellaperla.net\/it\/escursioni\/\",\"name\":\"Escursioni - Hotel la Perla Wellness &amp; Beauty | Canazei | Trentino | Dolomiti\",\"isPartOf\":{\"@id\":\"https:\/\/hotellaperla.net\/it\/#website\"},\"datePublished\":\"2016-10-21T13:55:34+00:00\",\"dateModified\":\"2017-04-12T16:14:45+00:00\",\"inLanguage\":\"it-IT\",\"potentialAction\":[{\"@type\":\"ReadAction\",\"target\":[\"https:\/\/hotellaperla.net\/it\/escursioni\/\"]}]}]}<\/script>\n<!-- \/ Yoast SEO plugin. -->","_links":{"self":[{"href":"https:\/\/hotellaperla.net\/it\/wp-json\/wp\/v2\/pages\/507"}],"collection":[{"href":"https:\/\/hotellaperla.net\/it\/wp-json\/wp\/v2\/pages"}],"about":[{"href":"https:\/\/hotellaperla.net\/it\/wp-json\/wp\/v2\/types\/page"}],"author":[{"embeddable":true,"href":"https:\/\/hotellaperla.net\/it\/wp-json\/wp\/v2\/users\/1"}],"replies":[{"embeddable":true,"href":"https:\/\/hotellaperla.net\/it\/wp-json\/wp\/v2\/comments?post=507"}],"version-history":[{"count":4,"href":"https:\/\/hotellaperla.net\/it\/wp-json\/wp\/v2\/pages\/507\/revisions"}],"predecessor-version":[{"id":1759,"href":"https:\/\/hotellaperla.net\/it\/wp-json\/wp\/v2\/pages\/507\/revisions\/1759"}],"wp:attachment":[{"href":"https:\/\/hotellaperla.net\/it\/wp-json\/wp\/v2\/media?parent=507"}],"curies":[{"name":"wp","href":"https:\/\/api.w.org\/{rel}","templated":true}]}}