{"id":410,"date":"2016-10-20T15:51:39","date_gmt":"2016-10-20T15:51:39","guid":{"rendered":"http:\/\/hotellaperla.net\/?page_id=410"},"modified":"2017-04-12T14:37:56","modified_gmt":"2017-04-12T14:37:56","slug":"canazei","status":"publish","type":"page","link":"https:\/\/hotellaperla.net\/it\/canazei\/","title":{"rendered":"Canazei"},"content":{"rendered":"<section class=\"l-section wpb_row height_medium\"><div class=\"l-section-h i-cf\"><div class=\"g-cols offset_small\"><div class=\" full-width\"><div class=\"w-image  align_center\"><img loading=\"lazy\" decoding=\"async\" width=\"66\" height=\"55\" src=\"https:\/\/hotellaperla.net\/wp-content\/uploads\/2016\/08\/p33.png\" class=\"attachment-full size-full\" alt=\"Hotel la Perla Canazei\" \/><\/div><div class=\"wpb_text_column \"><div class=\"wpb_wrapper\">\n<h1 style=\"text-align: center; color: #e5c878;\">Canazei perla delle Dolomiti<\/h1>\n<h2 style=\"text-align: center;\"><em>\u00a0<\/em><\/h2>\n<\/div> <\/div> <\/div><\/div><\/div><\/section><section class=\"l-section wpb_row height_medium\"><div class=\"l-section-h i-cf\"><div class=\"g-cols offset_small\"><div class=\" one-half\"><div class=\"wpb_text_column \"><div class=\"wpb_wrapper\">\n<p style=\"text-align: justify;\"><strong>Canazei<\/strong>, dove si trova <strong>l\u2019Hotel La Perla<\/strong>, \u00e8 una delle localit\u00e0 turistiche pi\u00f9 note dell\u2019arco alpino, motore del turismo dell\u2019 <strong>Alta Val di Fassa in Trentino Alto Adige.<\/strong><\/p>\n<p style=\"text-align: justify;\">La sua \u00e8 una posizione invidiabile, adagiata in una splendida conca a 1.460 metri s.l.m., incastonata fra le <strong>cime dolomitiche<\/strong> pi\u00f9 famose al mondo: la <strong>Roda di Vael, il Catinaccio, il Sassolungo, il gruppo del Sella, il Pordoi, i Monzoni, <\/strong>sulle quali svetta incontrastata la <strong>Marmolada<\/strong>.<\/p>\n<p style=\"text-align: justify;\">Ci\u00f2 proietta <strong>Canazei<\/strong> nel pi\u00f9 grande e spettacolare <strong>carosello sciistico<\/strong>, il <strong>Dolomiti Superski<\/strong>, con <strong>4 comprensori<\/strong> comodamente raggiungibili dal paese, elevando questo delizioso <strong>borgo alpino<\/strong> a capitale degli sport della neve.<\/p>\n<\/div> <\/div> <\/div><div class=\" one-half\"><div class=\"w-slider\"><div class=\"royalSlider rsDefault\"><a class=\"rsImg\" data-rsw=\"867\" data-rsh=\"554\" href=\"https:\/\/hotellaperla.net\/wp-content\/uploads\/2016\/10\/canazei_perla_delle_dolomiti.jpg\"><\/a><a class=\"rsImg\" data-rsw=\"1024\" data-rsh=\"683\" href=\"https:\/\/hotellaperla.net\/wp-content\/uploads\/2016\/10\/canazei_gruppo_pordoi-1024x683.jpg\"><\/a><a class=\"rsImg\" data-rsw=\"1024\" data-rsh=\"683\" href=\"https:\/\/hotellaperla.net\/wp-content\/uploads\/2016\/10\/canazei_marmolada_lago_fedaia-1024x683.jpg\"><\/a><a class=\"rsImg\" data-rsw=\"1024\" data-rsh=\"683\" href=\"https:\/\/hotellaperla.net\/wp-content\/uploads\/2016\/10\/canazei_val_di_fassa-1024x683.jpg\"><\/a><a class=\"rsImg\" data-rsw=\"1024\" data-rsh=\"683\" href=\"https:\/\/hotellaperla.net\/wp-content\/uploads\/2016\/10\/canazei_canazei_canazei-1024x683.jpg\"><\/a><a class=\"rsImg\" data-rsw=\"1024\" data-rsh=\"683\" href=\"https:\/\/hotellaperla.net\/wp-content\/uploads\/2016\/10\/canazei_marmolada-1024x683.jpg\"><\/a><a class=\"rsImg\" data-rsw=\"1024\" data-rsh=\"682\" href=\"https:\/\/hotellaperla.net\/wp-content\/uploads\/2016\/10\/canazei_sassolungo-1024x682.jpg\"><\/a><\/div><div class=\"w-slider-json\" onclick='return {&quot;transitionSpeed&quot;:300,&quot;loopRewind&quot;:true,&quot;slidesSpacing&quot;:0,&quot;imageScalePadding&quot;:0,&quot;numImagesToPreload&quot;:2,&quot;arrowsNav&quot;:true,&quot;arrowsNavAutoHide&quot;:false,&quot;transitionType&quot;:&quot;move&quot;,&quot;controlNavigation&quot;:&quot;none&quot;,&quot;imageScaleMode&quot;:&quot;fit-if-smaller&quot;,&quot;autoScaleSlider&quot;:true,&quot;autoScaleSliderWidth&quot;:867,&quot;autoScaleSliderHeight&quot;:554,&quot;fitInViewport&quot;:false}'><\/div><\/div><\/div><\/div><\/div><\/section><section class=\"l-section wpb_row height_medium\"><div class=\"l-section-h i-cf\"><div class=\"g-cols offset_small\"><div class=\" one-half\"><div class=\"w-gallery layout_default cols_1 link_media\"><div class=\"w-gallery-list\"><a class=\"w-gallery-item order_1\" href=\"https:\/\/hotellaperla.net\/wp-content\/uploads\/2016\/10\/canazei_festa_estate.jpg\" title=\"canazei_festa_estate\"><img loading=\"lazy\" decoding=\"async\" width=\"600\" height=\"600\" src=\"https:\/\/hotellaperla.net\/wp-content\/uploads\/2016\/10\/canazei_festa_estate-600x600.jpg\" class=\"w-gallery-item-img\" alt=\"\" srcset=\"https:\/\/hotellaperla.net\/wp-content\/uploads\/2016\/10\/canazei_festa_estate-600x600.jpg 600w, https:\/\/hotellaperla.net\/wp-content\/uploads\/2016\/10\/canazei_festa_estate-150x150.jpg 150w, https:\/\/hotellaperla.net\/wp-content\/uploads\/2016\/10\/canazei_festa_estate-350x350.jpg 350w\" sizes=\"(max-width: 600px) 100vw, 600px\" \/><span class=\"w-gallery-item-hover\"><\/span><span class=\"w-gallery-item-title\">canazei_festa_estate<\/span><\/a><\/div><\/div>\n<\/div><div class=\" one-half\">[vc_custom_heading text=&#8221;La lingua Ladina&#8221; font_container=&#8221;tag:h2|text_align:center|color:%23e5c878&#8243; use_theme_fonts=&#8221;yes&#8221;]<div class=\"wpb_text_column \"><div class=\"wpb_wrapper\">\n<p style=\"text-align: justify;\">La popolazione di <strong>Canazei in Val di Fassa<\/strong> fa parte del gruppo linguistico <strong>Ladino<\/strong>. Testimonianze delle origini e tradizioni ladine sono ancora visibili nell\u2019architettura e nelle usanze popolari, nonch\u00e9 nella <strong>lingua ladina<\/strong> parlata comunemente, materia di studio nella scuola primaria e secondaria, lingua ufficiale\u00a0 certificata da uno specifico patentino linguistico.<\/p>\n<p style=\"text-align: justify;\">Le origini ladine di <strong>Canazei<\/strong> si riscontrano anche in numerose manifestazioni: come quella che si tiene in luglio: &#8220;<strong>Te anter i tobi\u00e8<\/strong>&#8221; durate la quale i caratteristici fienili vengono aperti al pubblico per riscoprire i mestieri di un tempo, oppure in agosto la \u201c<strong>Gran Festa da d\u2019Ist\u00e0<\/strong>&#8220;, festivit\u00e0 davvero entusiasmante alla quale tutta la popolazione partecipa indossando i costumi locali.<\/p>\n<p style=\"text-align: justify;\">Una montagna di <strong>leggende<\/strong> ambientate tra le <strong>cime delle Dolomiti<\/strong>, regno del leggendario <strong>Re Laurino<\/strong>, rendono ancora pi\u00f9 affascinante una vacanza a <strong>Canazei<\/strong>. Queste vette incantate vi stregheranno definitivamente incendiandosi al tramonto, dando origine all\u2019indimenticabile fenomeno luminoso denominato <strong>Enrosadira<\/strong>.<\/p>\n<p style=\"text-align: justify;\"><strong>Canazei<\/strong> e le sue <strong>Dolomiti<\/strong>: una <strong>vacanza da fiaba<\/strong> che non finisce mai\u2026<\/p>\n<\/div> <\/div> <\/div><\/div><\/div><\/section>\n","protected":false},"excerpt":{"rendered":"Canazei perla delle Dolomiti \u00a0 Canazei, dove si trova l\u2019Hotel...","protected":false},"author":1,"featured_media":0,"parent":0,"menu_order":0,"comment_status":"closed","ping_status":"closed","template":"","meta":{"footnotes":""},"yoast_head":"<!-- This site is optimized with the Yoast SEO plugin v15.3 - https:\/\/yoast.com\/wordpress\/plugins\/seo\/ -->\n<meta name=\"robots\" content=\"index, follow, max-snippet:-1, max-image-preview:large, max-video-preview:-1\" \/>\n<link rel=\"canonical\" href=\"https:\/\/hotellaperla.net\/it\/canazei\/\" \/>\n<meta property=\"og:locale\" content=\"it_IT\" \/>\n<meta property=\"og:type\" content=\"article\" \/>\n<meta property=\"og:title\" content=\"Canazei - Hotel la Perla Wellness &amp; Beauty | Canazei | Trentino | Dolomiti\" \/>\n<meta property=\"og:url\" content=\"https:\/\/hotellaperla.net\/it\/canazei\/\" \/>\n<meta property=\"og:site_name\" content=\"Hotel la Perla Wellness &amp; Beauty | Canazei | Trentino | Dolomiti\" \/>\n<meta property=\"article:modified_time\" content=\"2017-04-12T14:37:56+00:00\" \/>\n<meta name=\"twitter:card\" content=\"summary\" \/>\n<meta name=\"twitter:label1\" content=\"Scritto da\">\n\t<meta name=\"twitter:data1\" content=\"admin\">\n\t<meta name=\"twitter:label2\" content=\"Tempo di lettura stimato\">\n\t<meta name=\"twitter:data2\" content=\"1 minuto\">\n<script type=\"application\/ld+json\" class=\"yoast-schema-graph\">{\"@context\":\"https:\/\/schema.org\",\"@graph\":[{\"@type\":\"WebSite\",\"@id\":\"https:\/\/hotellaperla.net\/it\/#website\",\"url\":\"https:\/\/hotellaperla.net\/it\/\",\"name\":\"Hotel la Perla Wellness &amp; Beauty | Canazei | Trentino | Dolomiti\",\"description\":\"La vacanza perfetta a Canazei\",\"potentialAction\":[{\"@type\":\"SearchAction\",\"target\":\"https:\/\/hotellaperla.net\/it\/?s={search_term_string}\",\"query-input\":\"required name=search_term_string\"}],\"inLanguage\":\"it-IT\"},{\"@type\":\"WebPage\",\"@id\":\"https:\/\/hotellaperla.net\/it\/canazei\/#webpage\",\"url\":\"https:\/\/hotellaperla.net\/it\/canazei\/\",\"name\":\"Canazei - Hotel la Perla Wellness &amp; Beauty | Canazei | Trentino | Dolomiti\",\"isPartOf\":{\"@id\":\"https:\/\/hotellaperla.net\/it\/#website\"},\"datePublished\":\"2016-10-20T15:51:39+00:00\",\"dateModified\":\"2017-04-12T14:37:56+00:00\",\"inLanguage\":\"it-IT\",\"potentialAction\":[{\"@type\":\"ReadAction\",\"target\":[\"https:\/\/hotellaperla.net\/it\/canazei\/\"]}]}]}<\/script>\n<!-- \/ Yoast SEO plugin. -->","_links":{"self":[{"href":"https:\/\/hotellaperla.net\/it\/wp-json\/wp\/v2\/pages\/410"}],"collection":[{"href":"https:\/\/hotellaperla.net\/it\/wp-json\/wp\/v2\/pages"}],"about":[{"href":"https:\/\/hotellaperla.net\/it\/wp-json\/wp\/v2\/types\/page"}],"author":[{"embeddable":true,"href":"https:\/\/hotellaperla.net\/it\/wp-json\/wp\/v2\/users\/1"}],"replies":[{"embeddable":true,"href":"https:\/\/hotellaperla.net\/it\/wp-json\/wp\/v2\/comments?post=410"}],"version-history":[{"count":15,"href":"https:\/\/hotellaperla.net\/it\/wp-json\/wp\/v2\/pages\/410\/revisions"}],"predecessor-version":[{"id":1754,"href":"https:\/\/hotellaperla.net\/it\/wp-json\/wp\/v2\/pages\/410\/revisions\/1754"}],"wp:attachment":[{"href":"https:\/\/hotellaperla.net\/it\/wp-json\/wp\/v2\/media?parent=410"}],"curies":[{"name":"wp","href":"https:\/\/api.w.org\/{rel}","templated":true}]}}