{"id":317,"date":"2016-10-19T13:08:09","date_gmt":"2016-10-19T13:08:09","guid":{"rendered":"http:\/\/hotellaperla.net\/?page_id=317"},"modified":"2024-09-12T15:26:35","modified_gmt":"2024-09-12T15:26:35","slug":"i-servizi","status":"publish","type":"page","link":"https:\/\/hotellaperla.net\/it\/i-servizi\/","title":{"rendered":"I servizi"},"content":{"rendered":"<section class=\"l-section wpb_row height_medium\"><div class=\"l-section-h i-cf\"><div class=\"g-cols offset_small\"><div class=\" full-width\"><div class=\"wpb_text_column \"><div class=\"wpb_wrapper\">\n<h1 style=\"text-align: center; color: #e5c878;\">Hotel La Perla, servizi a 4 stelle tra le Dolomiti<\/h1>\n<\/div> <\/div> <\/div><\/div><\/div><\/section><!-- Row Backgrounds --><div class=\"upb_color\" data-bg-override=\"0\" data-bg-color=\"#f7f3ea\" data-fadeout=\"\" data-fadeout-percentage=\"30\" data-parallax-content=\"\" data-parallax-content-sense=\"30\" data-row-effect-mobile-disable=\"true\" data-img-parallax-mobile-disable=\"true\" data-rtl=\"false\"  data-custom-vc-row=\"\"  data-vc=\"4.11.2.1\"  data-is_old_vc=\"\"  data-theme-support=\"\"   data-overlay=\"false\" data-overlay-color=\"\" data-overlay-pattern=\"\" data-overlay-pattern-opacity=\"\" data-overlay-pattern-size=\"\"    ><\/div><section class=\"l-section wpb_row height_medium\"><div class=\"l-section-h i-cf\"><div class=\"g-cols offset_small\"><div class=\" one-quarter\"><div class=\"w-image \"><img loading=\"lazy\" decoding=\"async\" width=\"250\" height=\"378\" src=\"https:\/\/hotellaperla.net\/wp-content\/uploads\/2016\/10\/hotel-la-perla-canazei-dettaglio.jpg\" class=\"attachment-large size-large\" alt=\"hotel canazei\" srcset=\"https:\/\/hotellaperla.net\/wp-content\/uploads\/2016\/10\/hotel-la-perla-canazei-dettaglio.jpg 250w, https:\/\/hotellaperla.net\/wp-content\/uploads\/2016\/10\/hotel-la-perla-canazei-dettaglio-198x300.jpg 198w\" sizes=\"(max-width: 250px) 100vw, 250px\" \/><\/div><\/div><div class=\" three-quarters\"><div class=\"wpb_text_column \"><div class=\"wpb_wrapper\">\n<p style=\"text-align: justify;\">\u00a0\u00a0\u00a0\u00a0 Da una vacanza memorabile ci si aspetta un servizio impeccabile che deve rispondere alle esigenze di tutti gli ospiti, a volte con esigenze molto diverse. Ecco perch\u00e9 abbiamo creato la formula <strong>\u201cPensione Plus\u201d <\/strong>che garantisce agli ospiti dell\u2019<strong>Hotel La Perla<\/strong> tanti <strong>servizi inclusi nel prezzo del soggiorno<\/strong>, da poter usufruire liberamente quando lo desiderino, senza alcun sovrapprezzo.<\/p>\n<p style=\"text-align: justify;\">\u00a0\u00a0\u00a0\u00a0\u00a0 In pi\u00f9 in albergo, troverete numerosi spazi per le vostre attivit\u00e0, pensati e gestiti in virt\u00f9 delle singole necessit\u00e0:<br \/>\nl\u2019accogliente <strong>reception<\/strong>, il bar con i salottini e la <strong>terrazza solarium<\/strong>, le sale del <strong>Ristorante <\/strong>e le \u201c<strong>stube<\/strong>\u201d cos\u00ec intime nel loro caratteristico stile alpino, e poi le <strong>stanze<\/strong>, tutte nuove ed eleganti, il <strong>garage privato<\/strong> per le vostre auto e le <strong>mountain bike<\/strong>\u2026 c\u2019\u00e8 solo l\u2019imbarazzo della scelta.<\/p>\n<p style=\"text-align: justify;\">\u00a0\u00a0\u00a0\u00a0 Se poi parliamo di <strong>Wellness<\/strong> non c\u2019\u00e8 storia: il <strong>Centro Benessere dell\u2019Hotel La Perla<\/strong> \u00e8 il pi\u00f9 rinomato di <strong>Canazei<\/strong> proprio per le sue dimensioni e i suoi servizi estetici. Senza contare le sale per i divertimenti: la sala giochi, il miniclub e il <strong>Cliff<\/strong>, il <strong>locale per il divertimento<\/strong> serale.<\/p>\n<p style=\"text-align: justify;\"><strong>\u00a0\u00a0\u00a0 Terrazzo panoramico<\/strong>, <strong>terrazza<\/strong> <strong>solarium<\/strong>, <strong>parcheggio<\/strong> <strong>privato<\/strong> e <strong>giardino<\/strong>, completano la cornice dei <strong>servizi a 4 stelle<\/strong> dell\u2019<strong>Hotel La Perla<\/strong>.<\/p>\n<\/div> <\/div> <\/div><\/div><\/div><\/section><!-- Row Backgrounds --><div class=\"upb_color\" data-bg-override=\"0\" data-bg-color=\"#f7f3ea\" data-fadeout=\"\" data-fadeout-percentage=\"30\" data-parallax-content=\"\" data-parallax-content-sense=\"30\" data-row-effect-mobile-disable=\"true\" data-img-parallax-mobile-disable=\"true\" data-rtl=\"false\"  data-custom-vc-row=\"\"  data-vc=\"4.11.2.1\"  data-is_old_vc=\"\"  data-theme-support=\"\"   data-overlay=\"false\" data-overlay-color=\"\" data-overlay-pattern=\"\" data-overlay-pattern-opacity=\"\" data-overlay-pattern-size=\"\"    ><\/div><section class=\"l-section wpb_row height_medium\"><div class=\"l-section-h i-cf\"><div class=\"g-cols offset_small\"><div class=\" full-width\"><div class=\"wpb_text_column \"><div class=\"wpb_wrapper\">\n<h2 style=\"text-align: center; color: #e5c878;\">LA PENSIONE PLUS IN ESTATE<\/h2>\n<\/div> <\/div> <\/div><\/div><\/div><\/section><!-- Row Backgrounds --><div class=\"upb_color\" data-bg-override=\"0\" data-bg-color=\"#f7f3ea\" data-fadeout=\"\" data-fadeout-percentage=\"30\" data-parallax-content=\"\" data-parallax-content-sense=\"30\" data-row-effect-mobile-disable=\"true\" data-img-parallax-mobile-disable=\"true\" data-rtl=\"false\"  data-custom-vc-row=\"\"  data-vc=\"4.11.2.1\"  data-is_old_vc=\"\"  data-theme-support=\"\"   data-overlay=\"false\" data-overlay-color=\"\" data-overlay-pattern=\"\" data-overlay-pattern-opacity=\"\" data-overlay-pattern-size=\"\"    ><\/div><section class=\"l-section wpb_row height_medium\"><div class=\"l-section-h i-cf\"><div class=\"g-cols offset_small\"><div class=\" two-thirds\"><div class=\"wpb_text_column \"><div class=\"wpb_wrapper\"><p>include:<\/p>\n<ul>\n<li><strong>Aperitivo di benvenuto<\/strong><\/li>\n<li>Deliziosa<strong> colazione a buffet<\/strong> comprendente l&#8217;angolo del pane, della frutta fresca, frutta sciroppata, frutta secca e muesli, yogurt, marmellate, succhi, dolci, brioche e biscotti, aperta dalle ore 7,30 alle 10.00. Chi si alza piu&#8217; tardi puo&#8217; usufruire di una piccola colazione al bar fino alle ore 12.00.<\/li>\n<li><strong>Ricca merenda pomeridiana<\/strong> con spuntini freschi direttamente dalla nostra cucina \u00a0a disposizione di tutti gli ospiti dalle ore 15.30 alle ore 17.30.<\/li>\n<li><strong>Elegante cena a 4 portate<\/strong>, con scelta di 4 menu di cui uno &#8220;Light&#8221;.<\/li>\n<li><strong>Accesso gratuito al Centro Wellness<\/strong> con grande piscina coperta, numerose saune e palestra attrezzata. Consegna del telo sauna. (Ai bambini di eta&#8217; inferiore ai 14 anni e&#8217; consentita la permanenza in piscina tassativamente fino alle ore 17.30).<\/li>\n<li><strong>Angolo delle tisane nel Centro Wellness.<\/strong><\/li>\n<li><strong>Sdraio e lettini per prendere il sole<\/strong> nell&#8217;ampio giardino panoramico con vista sulle Dolomiti.<\/li>\n<li><strong><b>Escursioni<\/b><\/strong>\u00a0tramite\u00a0<strong><u><b><a href=\"https:\/\/www.fassasport.com\/estate\/\" data-saferedirecturl=\"https:\/\/www.google.com\/url?q=https:\/\/www.fassasport.com\/estate\/&amp;source=gmail&amp;ust=1582288484161000&amp;usg=AFQjCNGNIJOySeXKPBODS-qlEYSj-9ywYw\">Sport Check Point<\/a><\/b><\/u><\/strong>, con<strong><b>\u00a0<\/b><\/strong>gli<strong><b>\u00a0<\/b><\/strong>accompagnatori di territorio, di 1\/2 giornata o giornata intera (gratis o a prezzo agevolato,<em><i>\u00a0consegna del codice sconto alla conferma della prenotazione<\/i><\/em>) che vi accompagnano personalmente alla scoperta dei panorami piu\u2019 belli delle Dolomiti. Potrete trovare le attivit\u00e0 giornaliere e settimanali direttamente alla nostra reception o sul loro sito.<\/li>\n<li><strong><u><b>Bike Hotel<\/b><\/u><\/strong><strong><b>\u00a0,\u00a0<\/b><\/strong>servizio di noleggio a prezzo agevolato di<strong><b>\u00a0<\/b><\/strong>mountain bike e e-bike, e attivit\u00e0 organizzate a vostra disposizione con Sport Check Point.<\/li>\n<li>Adesione alla\u00a0<strong>Fassa Card<\/strong>\u00a0e a tutte le iniziative proposte e\u00a0sconti per acquisto del Panorama Pass, tessera di libera circolazione sugli impianti di risalita.<\/li>\n<li><strong>Parcheggio esterno o garage coperto a pagamento (euro 10,00 al giorno a macchina)<\/strong><\/li>\n<li><strong>Wi-fi gratuito<\/strong><\/li>\n<\/ul>\n<\/p><\/div> <\/div> <\/div><div class=\" one-third\"><div class=\"w-gallery layout_masonry cols_1 link_media\"><div class=\"w-gallery-list\"><a class=\"w-gallery-item order_1\" href=\"https:\/\/hotellaperla.net\/wp-content\/uploads\/2016\/10\/DSC0011.jpg\" title=\"_dsc0011\"><img loading=\"lazy\" decoding=\"async\" width=\"600\" height=\"903\" src=\"https:\/\/hotellaperla.net\/wp-content\/uploads\/2016\/10\/DSC0011-600x903.jpg\" class=\"w-gallery-item-img\" alt=\"\" srcset=\"https:\/\/hotellaperla.net\/wp-content\/uploads\/2016\/10\/DSC0011-600x903.jpg 600w, https:\/\/hotellaperla.net\/wp-content\/uploads\/2016\/10\/DSC0011-199x300.jpg 199w, https:\/\/hotellaperla.net\/wp-content\/uploads\/2016\/10\/DSC0011-768x1156.jpg 768w, https:\/\/hotellaperla.net\/wp-content\/uploads\/2016\/10\/DSC0011-680x1024.jpg 680w\" sizes=\"(max-width: 600px) 100vw, 600px\" \/><span class=\"w-gallery-item-hover\"><\/span><span class=\"w-gallery-item-title\">_dsc0011<\/span><\/a><\/div><\/div>\n<\/div><\/div><\/div><\/section><!-- Row Backgrounds --><div class=\"upb_color\" data-bg-override=\"0\" data-bg-color=\"#f7f3ea\" data-fadeout=\"\" data-fadeout-percentage=\"30\" data-parallax-content=\"\" data-parallax-content-sense=\"30\" data-row-effect-mobile-disable=\"true\" data-img-parallax-mobile-disable=\"true\" data-rtl=\"false\"  data-custom-vc-row=\"\"  data-vc=\"4.11.2.1\"  data-is_old_vc=\"\"  data-theme-support=\"\"   data-overlay=\"false\" data-overlay-color=\"\" data-overlay-pattern=\"\" data-overlay-pattern-opacity=\"\" data-overlay-pattern-size=\"\"    ><\/div><section class=\"l-section wpb_row height_medium\"><div class=\"l-section-h i-cf\"><div class=\"g-cols offset_small\"><div class=\" full-width\"><div class=\"wpb_text_column \"><div class=\"wpb_wrapper\">\n<h2 style=\"text-align: center; color: #e5c878;\">LA PENSIONE PLUS IN INVERNO<\/h2>\n<\/div> <\/div> <\/div><\/div><\/div><\/section><!-- Row Backgrounds --><div class=\"upb_color\" data-bg-override=\"0\" data-bg-color=\"#f7f3ea\" data-fadeout=\"\" data-fadeout-percentage=\"30\" data-parallax-content=\"\" data-parallax-content-sense=\"30\" data-row-effect-mobile-disable=\"true\" data-img-parallax-mobile-disable=\"true\" data-rtl=\"false\"  data-custom-vc-row=\"\"  data-vc=\"4.11.2.1\"  data-is_old_vc=\"\"  data-theme-support=\"\"   data-overlay=\"false\" data-overlay-color=\"\" data-overlay-pattern=\"\" data-overlay-pattern-opacity=\"\" data-overlay-pattern-size=\"\"    ><\/div><section class=\"l-section wpb_row height_medium\"><div class=\"l-section-h i-cf\"><div class=\"g-cols offset_small\"><div class=\" one-quarter\"><div class=\"w-gallery layout_masonry cols_1 link_media\"><div class=\"w-gallery-list\"><a class=\"w-gallery-item order_1\" href=\"https:\/\/hotellaperla.net\/wp-content\/uploads\/2016\/10\/366666666.jpg\" title=\"366666666\"><img loading=\"lazy\" decoding=\"async\" width=\"600\" height=\"972\" src=\"https:\/\/hotellaperla.net\/wp-content\/uploads\/2016\/10\/366666666-600x972.jpg\" class=\"w-gallery-item-img\" alt=\"\" srcset=\"https:\/\/hotellaperla.net\/wp-content\/uploads\/2016\/10\/366666666-600x972.jpg 600w, https:\/\/hotellaperla.net\/wp-content\/uploads\/2016\/10\/366666666-185x300.jpg 185w, https:\/\/hotellaperla.net\/wp-content\/uploads\/2016\/10\/366666666-632x1024.jpg 632w, https:\/\/hotellaperla.net\/wp-content\/uploads\/2016\/10\/366666666.jpg 726w\" sizes=\"(max-width: 600px) 100vw, 600px\" \/><span class=\"w-gallery-item-hover\"><\/span><span class=\"w-gallery-item-title\">366666666<\/span><\/a><\/div><\/div>\n<\/div><div class=\" three-quarters\"><div class=\"wpb_text_column \"><div class=\"wpb_wrapper\"><p>include:<\/p>\n<ul>\n<li><strong>Aperitivo di benvenuto.<\/strong><\/li>\n<li>Deliziosa<strong>\u00a0colazione a buffet<\/strong>\u00a0comprendente l&#8217;angolo del pane, della frutta fresca, frutta sciroppata, frutta secca e muesli, yogurt, marmellate, succhi, dolci, brioche e biscotti, aperta dalle ore 7,30 alle 10.00. Chi si alza piu&#8217; tardi puo&#8217; usufruire di una piccola colazione al bar fino alle ore 12.00.<\/li>\n<li><strong>Ricca merenda pomeridiana<\/strong> con spuntini freschi direttamente dalla nostra cucina a disposizione di tutti gli ospiti dalle ore 15.30 alle ore 17.30.<\/li>\n<li><strong>Elegante cena a 4 portate<\/strong>, con scelta di 4 menu di cui uno &#8220;Light&#8221;, gran buffet di insalate e verdure cotte, salse condimenti a piacere.<\/li>\n<li><strong>Accesso gratuito al Centro Wellness<\/strong>\u00a0con grande piscina coperta, numerose saune e palestra attrezzata. Consegna del telo sauna. (Ai bambini di eta&#8217; inferiore ai 14 anni e&#8217; consentita la permanenza in piscina tassativamente fino alle ore 17.30).<\/li>\n<li><strong>Angolo delle tisane nel Centro Wellness.<\/strong><\/li>\n<li><strong>Parcheggio esterno o garage coperto a pagamento (euro 10,00 al giorno a macchina)<\/strong><\/li>\n<li><strong>Natale: Cenone<\/strong>\u00a0del 24 Dicembre, Vigilia di Natale<strong>, incluso nel prezzo<\/strong><\/li>\n<li><strong>Wi-fi gratuito<\/strong><\/li>\n<\/ul>\n<\/p><\/div> <\/div> <\/div><\/div><\/div><\/section><!-- Row Backgrounds --><div class=\"upb_color\" data-bg-override=\"0\" data-bg-color=\"#f7f3ea\" data-fadeout=\"\" data-fadeout-percentage=\"30\" data-parallax-content=\"\" data-parallax-content-sense=\"30\" data-row-effect-mobile-disable=\"true\" data-img-parallax-mobile-disable=\"true\" data-rtl=\"false\"  data-custom-vc-row=\"\"  data-vc=\"4.11.2.1\"  data-is_old_vc=\"\"  data-theme-support=\"\"   data-overlay=\"false\" data-overlay-color=\"\" data-overlay-pattern=\"\" data-overlay-pattern-opacity=\"\" data-overlay-pattern-size=\"\"    ><\/div>\n","protected":false},"excerpt":{"rendered":"Hotel La Perla, servizi a 4 stelle tra le Dolomiti...","protected":false},"author":1,"featured_media":0,"parent":0,"menu_order":0,"comment_status":"closed","ping_status":"closed","template":"","meta":{"footnotes":""},"yoast_head":"<!-- This site is optimized with the Yoast SEO plugin v15.3 - https:\/\/yoast.com\/wordpress\/plugins\/seo\/ -->\n<meta name=\"robots\" content=\"index, follow, max-snippet:-1, max-image-preview:large, max-video-preview:-1\" \/>\n<link rel=\"canonical\" href=\"https:\/\/hotellaperla.net\/it\/i-servizi\/\" \/>\n<meta property=\"og:locale\" content=\"it_IT\" \/>\n<meta property=\"og:type\" content=\"article\" \/>\n<meta property=\"og:title\" content=\"I servizi - Hotel la Perla Wellness &amp; Beauty | Canazei | Trentino | Dolomiti\" \/>\n<meta property=\"og:url\" content=\"https:\/\/hotellaperla.net\/it\/i-servizi\/\" \/>\n<meta property=\"og:site_name\" content=\"Hotel la Perla Wellness &amp; Beauty | Canazei | Trentino | Dolomiti\" \/>\n<meta property=\"article:modified_time\" content=\"2024-09-12T15:26:35+00:00\" \/>\n<meta name=\"twitter:card\" content=\"summary\" \/>\n<meta name=\"twitter:label1\" content=\"Scritto da\">\n\t<meta name=\"twitter:data1\" content=\"admin\">\n\t<meta name=\"twitter:label2\" content=\"Tempo di lettura stimato\">\n\t<meta name=\"twitter:data2\" content=\"3 minuti\">\n<script type=\"application\/ld+json\" class=\"yoast-schema-graph\">{\"@context\":\"https:\/\/schema.org\",\"@graph\":[{\"@type\":\"WebSite\",\"@id\":\"https:\/\/hotellaperla.net\/it\/#website\",\"url\":\"https:\/\/hotellaperla.net\/it\/\",\"name\":\"Hotel la Perla Wellness &amp; Beauty | Canazei | Trentino | Dolomiti\",\"description\":\"La vacanza perfetta a Canazei\",\"potentialAction\":[{\"@type\":\"SearchAction\",\"target\":\"https:\/\/hotellaperla.net\/it\/?s={search_term_string}\",\"query-input\":\"required name=search_term_string\"}],\"inLanguage\":\"it-IT\"},{\"@type\":\"WebPage\",\"@id\":\"https:\/\/hotellaperla.net\/it\/i-servizi\/#webpage\",\"url\":\"https:\/\/hotellaperla.net\/it\/i-servizi\/\",\"name\":\"I servizi - Hotel la Perla Wellness &amp; Beauty | Canazei | Trentino | Dolomiti\",\"isPartOf\":{\"@id\":\"https:\/\/hotellaperla.net\/it\/#website\"},\"datePublished\":\"2016-10-19T13:08:09+00:00\",\"dateModified\":\"2024-09-12T15:26:35+00:00\",\"inLanguage\":\"it-IT\",\"potentialAction\":[{\"@type\":\"ReadAction\",\"target\":[\"https:\/\/hotellaperla.net\/it\/i-servizi\/\"]}]}]}<\/script>\n<!-- \/ Yoast SEO plugin. -->","_links":{"self":[{"href":"https:\/\/hotellaperla.net\/it\/wp-json\/wp\/v2\/pages\/317"}],"collection":[{"href":"https:\/\/hotellaperla.net\/it\/wp-json\/wp\/v2\/pages"}],"about":[{"href":"https:\/\/hotellaperla.net\/it\/wp-json\/wp\/v2\/types\/page"}],"author":[{"embeddable":true,"href":"https:\/\/hotellaperla.net\/it\/wp-json\/wp\/v2\/users\/1"}],"replies":[{"embeddable":true,"href":"https:\/\/hotellaperla.net\/it\/wp-json\/wp\/v2\/comments?post=317"}],"version-history":[{"count":15,"href":"https:\/\/hotellaperla.net\/it\/wp-json\/wp\/v2\/pages\/317\/revisions"}],"predecessor-version":[{"id":6980,"href":"https:\/\/hotellaperla.net\/it\/wp-json\/wp\/v2\/pages\/317\/revisions\/6980"}],"wp:attachment":[{"href":"https:\/\/hotellaperla.net\/it\/wp-json\/wp\/v2\/media?parent=317"}],"curies":[{"name":"wp","href":"https:\/\/api.w.org\/{rel}","templated":true}]}}