{"id":310,"date":"2016-10-18T20:16:34","date_gmt":"2016-10-18T20:16:34","guid":{"rendered":"http:\/\/hotellaperla.net\/?page_id=310"},"modified":"2018-08-23T13:35:47","modified_gmt":"2018-08-23T13:35:47","slug":"hotel-canazei-centro","status":"publish","type":"page","link":"https:\/\/hotellaperla.net\/it\/hotel-canazei-centro\/","title":{"rendered":"La Casa"},"content":{"rendered":"<section class=\"l-section wpb_row height_medium\"><div class=\"l-section-h i-cf\"><div class=\"g-cols offset_small\"><div class=\" full-width\"><div class=\"wpb_text_column \"><div class=\"wpb_wrapper\">\n<h1 style=\"text-align: center; color: #e5c878;\">Hotel la Perla al centro di Canazei<br \/>\nil grande Albergo dal sapore di casa<\/h1>\n<\/div> <\/div> <\/div><\/div><\/div><\/section><!-- Row Backgrounds --><div class=\"upb_color\" data-bg-override=\"0\" data-bg-color=\"#f7f3ea\" data-fadeout=\"\" data-fadeout-percentage=\"30\" data-parallax-content=\"\" data-parallax-content-sense=\"30\" data-row-effect-mobile-disable=\"true\" data-img-parallax-mobile-disable=\"true\" data-rtl=\"false\"  data-custom-vc-row=\"\"  data-vc=\"4.11.2.1\"  data-is_old_vc=\"\"  data-theme-support=\"\"   data-overlay=\"false\" data-overlay-color=\"\" data-overlay-pattern=\"\" data-overlay-pattern-opacity=\"\" data-overlay-pattern-size=\"\"    ><\/div><section class=\"l-section wpb_row height_medium\"><div class=\"l-section-h i-cf\"><div class=\"g-cols offset_small\"><div class=\" one-quarter\"><div class=\"w-image \"><img loading=\"lazy\" decoding=\"async\" width=\"680\" height=\"1024\" src=\"https:\/\/hotellaperla.net\/wp-content\/uploads\/2016\/10\/DSC0009-2-680x1024.jpg\" class=\"attachment-large size-large\" alt=\"\" srcset=\"https:\/\/hotellaperla.net\/wp-content\/uploads\/2016\/10\/DSC0009-2-680x1024.jpg 680w, https:\/\/hotellaperla.net\/wp-content\/uploads\/2016\/10\/DSC0009-2-199x300.jpg 199w, https:\/\/hotellaperla.net\/wp-content\/uploads\/2016\/10\/DSC0009-2-768x1156.jpg 768w, https:\/\/hotellaperla.net\/wp-content\/uploads\/2016\/10\/DSC0009-2-600x903.jpg 600w\" sizes=\"(max-width: 680px) 100vw, 680px\" \/><\/div><\/div><div class=\" three-quarters\"><div class=\"wpb_text_column \"><div class=\"wpb_wrapper\">\n<p style=\"text-align: justify;\">\u00a0\u00a0\u00a0 Sapevate che anche in un grande <strong>albergo a 4 stelle<\/strong> nelle <strong>Dolomiti del Trentino<\/strong> \u00a0si pu\u00f2 trovare un angolo per s\u00e9, dove sentirsi come a casa propria, con tutte le comodit\u00e0 possibili e forse qualcosa di pi\u00f9?<\/p>\n<p style=\"text-align: justify;\">\u00a0\u00a0\u00a0 Al\u00a0<strong>La Perla Hotel Canazei centro<\/strong>\u00a0\u00e8 proprio cos\u00ec. Gli ampi spazi, luminosi, confortevoli ed eleganti regalano atmosfere adatte alle esigenze di tutti: angoli per il relax e la lettura, come i salottini nella zona bar; zone conviviali per la famiglia, la terrazza e le \u201cstube\u201d; \u00a0luoghi dedicati al divertimento in compagnia, la sala giochi e il piano bar; aree riservate alla bellezza e alla <strong>\u201cremise en forme\u201d, <\/strong>\u00a0il <strong>Centro Benessere e la SPA <\/strong>dell\u2019<strong>Hotel La Perla.<\/strong><\/p>\n<p style=\"text-align: justify;\">Non mancano nemmeno gli spazi outdoor: nel <strong>giardino panoramico con vista sulle Dolomiti, orientato a sud-est<\/strong> di fronte all\u2019albergo, gli ospiti amanti della \u201ctintarella\u201d in montagna si possono concedere intere giornate di sole sulle sdraio. Sorseggiando una bibita, i genitori osservano i loro bimbi giocare indisturbati sul prato, avvolti dal caldo e limpido sole dolomitico, ammirando in prima fila lo spettacolo dei monti <strong>Vernel, Sella e Pordoi<\/strong>.<\/p>\n<p style=\"text-align: justify;\">\u00a0\u00a0\u00a0 L<strong>\u2019Hotel La Perla<\/strong> \u00e8 proprio il posto giusto a <strong>Canazei<\/strong>, dove trovare sempre uno spazio tutto per voi e sentirvi comodamente \u201ca casa\u201d.<\/p>\n<\/div> <\/div> <\/div><\/div><\/div><\/section><!-- Row Backgrounds --><div class=\"upb_color\" data-bg-override=\"0\" data-bg-color=\"#f7f3ea\" data-fadeout=\"\" data-fadeout-percentage=\"30\" data-parallax-content=\"\" data-parallax-content-sense=\"30\" data-row-effect-mobile-disable=\"true\" data-img-parallax-mobile-disable=\"true\" data-rtl=\"false\"  data-custom-vc-row=\"\"  data-vc=\"4.11.2.1\"  data-is_old_vc=\"\"  data-theme-support=\"\"   data-overlay=\"false\" data-overlay-color=\"\" data-overlay-pattern=\"\" data-overlay-pattern-opacity=\"\" data-overlay-pattern-size=\"\"    ><\/div>\n","protected":false},"excerpt":{"rendered":"Hotel la Perla al centro di Canazei il grande Albergo...","protected":false},"author":1,"featured_media":0,"parent":0,"menu_order":0,"comment_status":"closed","ping_status":"closed","template":"","meta":{"footnotes":""},"yoast_head":"<!-- This site is optimized with the Yoast SEO plugin v15.3 - https:\/\/yoast.com\/wordpress\/plugins\/seo\/ -->\n<meta name=\"description\" content=\"La Perla Hotel Canazei Centro, il grande albergo 4 stelle dal sapore di casa con tutte le comodit\u00e0 possibili e forse qualcosa di pi\u00f9\" \/>\n<meta name=\"robots\" content=\"index, follow, max-snippet:-1, max-image-preview:large, max-video-preview:-1\" \/>\n<link rel=\"canonical\" href=\"https:\/\/hotellaperla.net\/it\/hotel-canazei-centro\/\" \/>\n<meta property=\"og:locale\" content=\"it_IT\" \/>\n<meta property=\"og:type\" content=\"article\" \/>\n<meta property=\"og:title\" content=\"La casa | Hotel Canazei Centro | La Perla Wellness &amp; Beauty | Dolomiti\" \/>\n<meta property=\"og:description\" content=\"La Perla Hotel Canazei Centro, il grande albergo 4 stelle dal sapore di casa con tutte le comodit\u00e0 possibili e forse qualcosa di pi\u00f9\" \/>\n<meta property=\"og:url\" content=\"https:\/\/hotellaperla.net\/it\/hotel-canazei-centro\/\" \/>\n<meta property=\"og:site_name\" content=\"Hotel la Perla Wellness &amp; Beauty | Canazei | Trentino | Dolomiti\" \/>\n<meta property=\"article:modified_time\" content=\"2018-08-23T13:35:47+00:00\" \/>\n<meta name=\"twitter:card\" content=\"summary\" \/>\n<meta name=\"twitter:label1\" content=\"Scritto da\">\n\t<meta name=\"twitter:data1\" content=\"admin\">\n\t<meta name=\"twitter:label2\" content=\"Tempo di lettura stimato\">\n\t<meta name=\"twitter:data2\" content=\"1 minuto\">\n<script type=\"application\/ld+json\" class=\"yoast-schema-graph\">{\"@context\":\"https:\/\/schema.org\",\"@graph\":[{\"@type\":\"WebSite\",\"@id\":\"https:\/\/hotellaperla.net\/it\/#website\",\"url\":\"https:\/\/hotellaperla.net\/it\/\",\"name\":\"Hotel la Perla Wellness &amp; Beauty | Canazei | Trentino | Dolomiti\",\"description\":\"La vacanza perfetta a Canazei\",\"potentialAction\":[{\"@type\":\"SearchAction\",\"target\":\"https:\/\/hotellaperla.net\/it\/?s={search_term_string}\",\"query-input\":\"required name=search_term_string\"}],\"inLanguage\":\"it-IT\"},{\"@type\":\"WebPage\",\"@id\":\"https:\/\/hotellaperla.net\/it\/hotel-canazei-centro\/#webpage\",\"url\":\"https:\/\/hotellaperla.net\/it\/hotel-canazei-centro\/\",\"name\":\"La casa | Hotel Canazei Centro | La Perla Wellness & Beauty | Dolomiti\",\"isPartOf\":{\"@id\":\"https:\/\/hotellaperla.net\/it\/#website\"},\"datePublished\":\"2016-10-18T20:16:34+00:00\",\"dateModified\":\"2018-08-23T13:35:47+00:00\",\"description\":\"La Perla Hotel Canazei Centro, il grande albergo 4 stelle dal sapore di casa con tutte le comodit\\u00e0 possibili e forse qualcosa di pi\\u00f9\",\"inLanguage\":\"it-IT\",\"potentialAction\":[{\"@type\":\"ReadAction\",\"target\":[\"https:\/\/hotellaperla.net\/it\/hotel-canazei-centro\/\"]}]}]}<\/script>\n<!-- \/ Yoast SEO plugin. -->","_links":{"self":[{"href":"https:\/\/hotellaperla.net\/it\/wp-json\/wp\/v2\/pages\/310"}],"collection":[{"href":"https:\/\/hotellaperla.net\/it\/wp-json\/wp\/v2\/pages"}],"about":[{"href":"https:\/\/hotellaperla.net\/it\/wp-json\/wp\/v2\/types\/page"}],"author":[{"embeddable":true,"href":"https:\/\/hotellaperla.net\/it\/wp-json\/wp\/v2\/users\/1"}],"replies":[{"embeddable":true,"href":"https:\/\/hotellaperla.net\/it\/wp-json\/wp\/v2\/comments?post=310"}],"version-history":[{"count":9,"href":"https:\/\/hotellaperla.net\/it\/wp-json\/wp\/v2\/pages\/310\/revisions"}],"predecessor-version":[{"id":5388,"href":"https:\/\/hotellaperla.net\/it\/wp-json\/wp\/v2\/pages\/310\/revisions\/5388"}],"wp:attachment":[{"href":"https:\/\/hotellaperla.net\/it\/wp-json\/wp\/v2\/media?parent=310"}],"curies":[{"name":"wp","href":"https:\/\/api.w.org\/{rel}","templated":true}]}}