{"id":4082,"date":"2017-06-13T13:36:58","date_gmt":"2017-06-13T13:36:58","guid":{"rendered":"http:\/\/hotellaperla.net\/trattamenti\/"},"modified":"2023-07-14T15:44:51","modified_gmt":"2023-07-14T15:44:51","slug":"trattamenti","status":"publish","type":"page","link":"https:\/\/hotellaperla.net\/de\/trattamenti\/","title":{"rendered":"Behandlungen"},"content":{"rendered":"<p>W\u00e4hlen Sie die gew\u00fcnschte Behandlung unter den unz\u00e4hligen <strong>Gesichts- und K\u00f6rperbehandlungen<\/strong> in <strong>vasca nuvola (Wolkenwanne)<\/strong>, <strong>kaiserliche B\u00e4der<\/strong>, <strong>Schokolanden \u2013 und Honigmassagen<\/strong>, <strong>lomi-lomi<\/strong> , <strong>candle-massage<\/strong>, <strong>Sch\u00f6nheitsprogramme und -Pakete<\/strong> oder lassen Sie sich von unseren <strong>Sch\u00f6nheitsexpertinnen f\u00fcr <\/strong>Ihr individuelles Programm beraten.<\/p>\n<p><iframe loading=\"lazy\" style=\"border: 0;\" src=\"https:\/\/hotellaperla.net\/pdf\/treatment-list.html\" width=\"100%\" height=\"500\" frameborder=\"0\" scrolling=\"no\"><\/iframe><\/p>\n","protected":false},"excerpt":{"rendered":"<p>W\u00e4hlen Sie die gew\u00fcnschte Behandlung unter den unz\u00e4hligen Gesichts- und&#8230;<\/p>\n","protected":false},"author":1,"featured_media":0,"parent":0,"menu_order":0,"comment_status":"closed","ping_status":"closed","template":"","meta":{"footnotes":""},"yoast_head":"<!-- This site is optimized with the Yoast SEO plugin v15.3 - https:\/\/yoast.com\/wordpress\/plugins\/seo\/ -->\n<meta name=\"robots\" content=\"index, follow, max-snippet:-1, max-image-preview:large, max-video-preview:-1\" \/>\n<link rel=\"canonical\" href=\"https:\/\/hotellaperla.net\/de\/trattamenti\/\" \/>\n<meta property=\"og:locale\" content=\"de_DE\" \/>\n<meta property=\"og:type\" content=\"article\" \/>\n<meta property=\"og:title\" content=\"Behandlungen - Hotel la Perla Canazei\" \/>\n<meta property=\"og:description\" content=\"W\u00e4hlen Sie die gew\u00fcnschte Behandlung unter den unz\u00e4hligen Gesichts- und...\" \/>\n<meta property=\"og:url\" content=\"https:\/\/hotellaperla.net\/de\/trattamenti\/\" \/>\n<meta property=\"og:site_name\" content=\"Hotel la Perla Canazei\" \/>\n<meta property=\"article:modified_time\" content=\"2023-07-14T15:44:51+00:00\" \/>\n<meta name=\"twitter:card\" content=\"summary\" \/>\n<meta name=\"twitter:label1\" content=\"Verfasst von\">\n\t<meta name=\"twitter:data1\" content=\"admin\">\n\t<meta name=\"twitter:label2\" content=\"Gesch\u00e4tzte Lesezeit\">\n\t<meta name=\"twitter:data2\" content=\"0 Minuten\">\n<script type=\"application\/ld+json\" class=\"yoast-schema-graph\">{\"@context\":\"https:\/\/schema.org\",\"@graph\":[{\"@type\":\"WebSite\",\"@id\":\"https:\/\/hotellaperla.net\/it\/#website\",\"url\":\"https:\/\/hotellaperla.net\/it\/\",\"name\":\"Hotel la Perla Canazei\",\"description\":\"Hotel la Perla Canazei\",\"potentialAction\":[{\"@type\":\"SearchAction\",\"target\":\"https:\/\/hotellaperla.net\/it\/?s={search_term_string}\",\"query-input\":\"required name=search_term_string\"}],\"inLanguage\":\"de-DE\"},{\"@type\":\"WebPage\",\"@id\":\"https:\/\/hotellaperla.net\/de\/trattamenti\/#webpage\",\"url\":\"https:\/\/hotellaperla.net\/de\/trattamenti\/\",\"name\":\"Behandlungen - Hotel la Perla Canazei\",\"isPartOf\":{\"@id\":\"https:\/\/hotellaperla.net\/it\/#website\"},\"datePublished\":\"2017-06-13T13:36:58+00:00\",\"dateModified\":\"2023-07-14T15:44:51+00:00\",\"inLanguage\":\"de-DE\",\"potentialAction\":[{\"@type\":\"ReadAction\",\"target\":[\"https:\/\/hotellaperla.net\/de\/trattamenti\/\"]}]}]}<\/script>\n<!-- \/ Yoast SEO plugin. -->","_links":{"self":[{"href":"https:\/\/hotellaperla.net\/de\/wp-json\/wp\/v2\/pages\/4082"}],"collection":[{"href":"https:\/\/hotellaperla.net\/de\/wp-json\/wp\/v2\/pages"}],"about":[{"href":"https:\/\/hotellaperla.net\/de\/wp-json\/wp\/v2\/types\/page"}],"author":[{"embeddable":true,"href":"https:\/\/hotellaperla.net\/de\/wp-json\/wp\/v2\/users\/1"}],"replies":[{"embeddable":true,"href":"https:\/\/hotellaperla.net\/de\/wp-json\/wp\/v2\/comments?post=4082"}],"version-history":[{"count":6,"href":"https:\/\/hotellaperla.net\/de\/wp-json\/wp\/v2\/pages\/4082\/revisions"}],"predecessor-version":[{"id":6783,"href":"https:\/\/hotellaperla.net\/de\/wp-json\/wp\/v2\/pages\/4082\/revisions\/6783"}],"wp:attachment":[{"href":"https:\/\/hotellaperla.net\/de\/wp-json\/wp\/v2\/media?parent=4082"}],"curies":[{"name":"wp","href":"https:\/\/api.w.org\/{rel}","templated":true}]}}