{"id":3868,"date":"2017-03-09T13:34:35","date_gmt":"2017-03-09T13:34:35","guid":{"rendered":"http:\/\/hotellaperla.net\/gourmet2\/"},"modified":"2018-09-04T15:52:58","modified_gmt":"2018-09-04T15:52:58","slug":"gourmet2","status":"publish","type":"page","link":"https:\/\/hotellaperla.net\/de\/gourmet2\/","title":{"rendered":"GOURMET"},"content":{"rendered":"<section class=\"l-section wpb_row height_medium\"><div class=\"l-section-h i-cf\"><div class=\"g-cols offset_small\"><div class=\" full-width\"><div class=\"w-image  align_center\"><img loading=\"lazy\" decoding=\"async\" width=\"66\" height=\"55\" src=\"https:\/\/hotellaperla.net\/wp-content\/uploads\/2016\/08\/p33.png\" class=\"attachment-full size-full\" alt=\"Hotel la Perla Canazei\" \/><\/div><div class=\"wpb_text_column \"><div class=\"wpb_wrapper\">\n<h1 style=\"text-align: center; color: #e5c878;\">Cucina Tipica Della Val di Fassa e Non Solo<\/h1>\n<\/div> <\/div> <\/div><\/div><\/div><\/section><section class=\"l-section wpb_row height_medium\"><div class=\"l-section-h i-cf\"><div class=\"g-cols offset_small\"><div class=\" two-thirds\">[vc_empty_space height=&#8221;62px&#8221;]<div class=\"wpb_text_column \"><div class=\"wpb_wrapper\">\n<p style=\"text-align: justify;\">Die <strong>Familie Debertol<\/strong> hat eine lange <strong>Erfahrung in der Gastronomie<\/strong>, denn sie k\u00fcmmert sich pers\u00f6nlich seit Jahren um die K\u00fcche des <strong>Restaurants des Hotels La Perla<\/strong>.<\/p>\n<p style=\"text-align: justify;\">\u00a0\u00a0\u00a0\u00a0\u00a0 Die traditionelle Gerichte von Trentino und Fassatal werden pers\u00f6nlich f\u00fcr Sie vom Chef zubereitet, der in <strong>Trentino<\/strong> geboren und aufgewachsen ist und mit den Zutaten und Rohstoffen unseres Gebiets vertraut ist.<\/p>\n<p style=\"text-align: justify;\">Der <strong>Chefkoch Mauro Debertol<\/strong> hat jahrelang in verschiedenen Restaurants von Trentino gearbeitet aber jetzt k\u00fcmmert er sich um <strong>das eigene Restaurant<\/strong> mit gro\u00dfer Begeisterung und Leidenschaft. Seine Leidenschaft zeigt er in einer sorgf\u00e4ltigen Recherche von Produktqualit\u00e4t und in der Zubereitung der zahlreichen Gerichten. Er \u00fcbertr\u00e4gt t\u00e4glich das seinem wertvollen Team, das die Werte und Stil des Chefkochs teilt.<\/p>\n<\/div> <\/div> <\/div><div class=\" one-third\"><div class=\"w-image \"><img loading=\"lazy\" decoding=\"async\" width=\"415\" height=\"450\" src=\"https:\/\/hotellaperla.net\/wp-content\/uploads\/2017\/03\/1369.jpg\" class=\"attachment-large size-large\" alt=\"ristorante val di fassa\" srcset=\"https:\/\/hotellaperla.net\/wp-content\/uploads\/2017\/03\/1369.jpg 415w, https:\/\/hotellaperla.net\/wp-content\/uploads\/2017\/03\/1369-277x300.jpg 277w\" sizes=\"(max-width: 415px) 100vw, 415px\" \/><\/div><\/div><\/div><\/div><\/section><section class=\"l-section wpb_row height_auto width_full\"><div class=\"l-section-h i-cf\"><div class=\"g-cols offset_small\"><div class=\" one-third\">[vc_empty_space height=&#8221;250px&#8221;]<div class=\"wpb_text_column  vc_custom_1495572971374\"><div class=\"wpb_wrapper\"><p>Neben den <strong>Spezialit\u00e4ten von Trentino<\/strong> bieten wir Men\u00fc Variationen der <strong>mediterranen und internationalen K\u00fcche<\/strong>, um die Geschmacke unserer ausl\u00e4ndischen G\u00e4ste zu befriedigen.<\/p>\n<p>Wir k\u00fcmmern uns besonders um das Men\u00fc f\u00fcr diejenigen, die unter <strong>Nahrungsmittelallergien<\/strong> leiden, wie <strong>Z\u00f6liakie<\/strong>, Allergien gegen <strong>Laktose<\/strong> und <strong>Obst:<\/strong> Kommunizieren Sie und Ihre Intoleranz beim Bestellen.<\/p><\/div> <\/div> [vc_empty_space height=&#8221;7px&#8221;]<\/div><div class=\" two-thirds  vc_custom_1489068205971\">[vc_empty_space height=&#8221;496px&#8221;]<\/div><\/div><\/div><\/section><!-- Row Backgrounds --><div class=\"upb_color\" data-bg-override=\"0\" data-bg-color=\"#f7eddc\" data-fadeout=\"\" data-fadeout-percentage=\"30\" data-parallax-content=\"\" data-parallax-content-sense=\"30\" data-row-effect-mobile-disable=\"true\" data-img-parallax-mobile-disable=\"true\" data-rtl=\"false\"  data-custom-vc-row=\"\"  data-vc=\"4.11.2.1\"  data-is_old_vc=\"\"  data-theme-support=\"\"   data-overlay=\"false\" data-overlay-color=\"\" data-overlay-pattern=\"\" data-overlay-pattern-opacity=\"\" data-overlay-pattern-size=\"\"    ><\/div><section class=\"l-section wpb_row height_small width_full\"><div class=\"l-section-h i-cf\"><div class=\"g-cols offset_small\"><div class=\" two-thirds  vc_custom_1489068360737\">[vc_empty_space height=&#8221;496px&#8221;]<\/div><div class=\" one-third  vc_custom_1486647349525\">[vc_empty_space height=&#8221;230px&#8221;]<div class=\"wpb_text_column  vc_custom_1495572995083\"><div class=\"wpb_wrapper\">\n<p style=\"text-align: justify;\">Dar\u00fcber hinaus \u00a0k\u00f6nnen <strong>Wellness-Liebhaber<\/strong>, die ihre Form perfektionieren m\u00f6chten, ein unter den <strong>4 verf\u00fcgbaren <\/strong>\u201e<strong>Leichtes Men\u00fc\u201c<\/strong> <strong>Abendmen\u00fcs<\/strong> w\u00e4hlen, das ebenso schmackhaft und reichhaltig ist aber erm\u00f6glicht Ihnen, die Kalorien zu kontrollieren und eine gesunde Ern\u00e4hrung auch im Urlaub zu halten.<\/p>\n<p style=\"text-align: justify;\"><strong>\u00a0<\/strong><\/p>\n<\/div> <\/div> <\/div><\/div><\/div><\/section><!-- Row Backgrounds --><div class=\"upb_color\" data-bg-override=\"0\" data-bg-color=\"#f7eddc\" data-fadeout=\"\" data-fadeout-percentage=\"30\" data-parallax-content=\"\" data-parallax-content-sense=\"30\" data-row-effect-mobile-disable=\"true\" data-img-parallax-mobile-disable=\"true\" data-rtl=\"false\"  data-custom-vc-row=\"\"  data-vc=\"4.11.2.1\"  data-is_old_vc=\"\"  data-theme-support=\"\"   data-overlay=\"false\" data-overlay-color=\"\" data-overlay-pattern=\"\" data-overlay-pattern-opacity=\"\" data-overlay-pattern-size=\"\"    ><\/div><section class=\"l-section wpb_row height_auto width_full\"><div class=\"l-section-h i-cf\"><div class=\"g-cols offset_small\"><div class=\" one-third\">[vc_empty_space height=&#8221;230px&#8221;]<div class=\"wpb_text_column  vc_custom_1495573016046\"><div class=\"wpb_wrapper\">\n<p style=\"text-align: justify;\">\u00a0\u00a0\u00a0\u00a0Aus dem gut sortierten <strong>Weinkeller<\/strong> <strong>des Hotels La Perla<\/strong> k\u00f6nnen Weinliebhaber den perfekten <strong>Wein<\/strong> ausw\u00e4hlen, der am besten mit den gew\u00fcnschten Gerichten passt. Wir bewahren in unserem Keller nicht nur die bekanntesten Weine aus Trentino-S\u00fcdtirol sondern auch aus dem Ausland. Sie k\u00f6nnen auch den Wein im Glas bestellen, um verschiedene L\u00f6sungen nach der Beratung <strong>unseres Sommeliers<\/strong> zu verkosten.<\/p>\n<\/div> <\/div> [vc_empty_space height=&#8221;7px&#8221;]<\/div><div class=\" two-thirds  vc_custom_1536076370850\">[vc_empty_space height=&#8221;496px&#8221;]<\/div><\/div><\/div><\/section><!-- Row Backgrounds --><div class=\"upb_color\" data-bg-override=\"0\" data-bg-color=\"#f7eddc\" data-fadeout=\"\" data-fadeout-percentage=\"30\" data-parallax-content=\"\" data-parallax-content-sense=\"30\" data-row-effect-mobile-disable=\"true\" data-img-parallax-mobile-disable=\"true\" data-rtl=\"false\"  data-custom-vc-row=\"\"  data-vc=\"4.11.2.1\"  data-is_old_vc=\"\"  data-theme-support=\"\"   data-overlay=\"false\" data-overlay-color=\"\" data-overlay-pattern=\"\" data-overlay-pattern-opacity=\"\" data-overlay-pattern-size=\"\"    ><\/div><section class=\"l-section wpb_row height_medium\"><div class=\"l-section-h i-cf\"><div class=\"g-cols offset_small\"><div class=\" full-width\">[vc_empty_space]<\/div><\/div><\/div><\/section>\n","protected":false},"excerpt":{"rendered":"Cucina Tipica Della Val di Fassa e Non Solo [vc_empty_space...","protected":false},"author":1,"featured_media":0,"parent":0,"menu_order":0,"comment_status":"closed","ping_status":"closed","template":"","meta":{"footnotes":""},"yoast_head":"<!-- This site is optimized with the Yoast SEO plugin v15.3 - https:\/\/yoast.com\/wordpress\/plugins\/seo\/ -->\n<meta name=\"robots\" content=\"index, follow, max-snippet:-1, max-image-preview:large, max-video-preview:-1\" \/>\n<link rel=\"canonical\" href=\"https:\/\/hotellaperla.net\/it\/ristorante-val-di-fassa\/\" \/>\n<meta property=\"og:locale\" content=\"de_DE\" \/>\n<meta property=\"og:type\" content=\"article\" \/>\n<meta property=\"og:title\" content=\"GOURMET - Hotel la Perla Canazei\" \/>\n<meta property=\"og:url\" content=\"https:\/\/hotellaperla.net\/it\/ristorante-val-di-fassa\/\" \/>\n<meta property=\"og:site_name\" content=\"Hotel la Perla Canazei\" \/>\n<meta property=\"article:modified_time\" content=\"2018-09-04T15:52:58+00:00\" \/>\n<meta name=\"twitter:card\" content=\"summary\" \/>\n<meta name=\"twitter:label1\" content=\"Verfasst von\">\n\t<meta name=\"twitter:data1\" content=\"admin\">\n\t<meta name=\"twitter:label2\" content=\"Gesch\u00e4tzte Lesezeit\">\n\t<meta name=\"twitter:data2\" content=\"2 Minuten\">\n<script type=\"application\/ld+json\" class=\"yoast-schema-graph\">{\"@context\":\"https:\/\/schema.org\",\"@graph\":[{\"@type\":\"WebSite\",\"@id\":\"https:\/\/hotellaperla.net\/it\/#website\",\"url\":\"https:\/\/hotellaperla.net\/it\/\",\"name\":\"Hotel la Perla Canazei\",\"description\":\"Hotel la Perla Canazei\",\"potentialAction\":[{\"@type\":\"SearchAction\",\"target\":\"https:\/\/hotellaperla.net\/it\/?s={search_term_string}\",\"query-input\":\"required name=search_term_string\"}],\"inLanguage\":\"de-DE\"},{\"@type\":\"WebPage\",\"@id\":\"https:\/\/hotellaperla.net\/it\/ristorante-val-di-fassa\/#webpage\",\"url\":\"https:\/\/hotellaperla.net\/it\/ristorante-val-di-fassa\/\",\"name\":\"GOURMET - Hotel la Perla Canazei\",\"isPartOf\":{\"@id\":\"https:\/\/hotellaperla.net\/it\/#website\"},\"datePublished\":\"2017-03-09T13:34:35+00:00\",\"dateModified\":\"2018-09-04T15:52:58+00:00\",\"inLanguage\":\"de-DE\",\"potentialAction\":[{\"@type\":\"ReadAction\",\"target\":[\"https:\/\/hotellaperla.net\/it\/ristorante-val-di-fassa\/\"]}]}]}<\/script>\n<!-- \/ Yoast SEO plugin. -->","_links":{"self":[{"href":"https:\/\/hotellaperla.net\/de\/wp-json\/wp\/v2\/pages\/3868"}],"collection":[{"href":"https:\/\/hotellaperla.net\/de\/wp-json\/wp\/v2\/pages"}],"about":[{"href":"https:\/\/hotellaperla.net\/de\/wp-json\/wp\/v2\/types\/page"}],"author":[{"embeddable":true,"href":"https:\/\/hotellaperla.net\/de\/wp-json\/wp\/v2\/users\/1"}],"replies":[{"embeddable":true,"href":"https:\/\/hotellaperla.net\/de\/wp-json\/wp\/v2\/comments?post=3868"}],"version-history":[{"count":3,"href":"https:\/\/hotellaperla.net\/de\/wp-json\/wp\/v2\/pages\/3868\/revisions"}],"predecessor-version":[{"id":5515,"href":"https:\/\/hotellaperla.net\/de\/wp-json\/wp\/v2\/pages\/3868\/revisions\/5515"}],"wp:attachment":[{"href":"https:\/\/hotellaperla.net\/de\/wp-json\/wp\/v2\/media?parent=3868"}],"curies":[{"name":"wp","href":"https:\/\/api.w.org\/{rel}","templated":true}]}}