{"id":3856,"date":"2017-04-06T19:47:52","date_gmt":"2017-04-06T19:47:52","guid":{"rendered":"http:\/\/hotellaperla.net\/ristorante\/"},"modified":"2017-05-23T20:21:22","modified_gmt":"2017-05-23T20:21:22","slug":"ristorante","status":"publish","type":"page","link":"https:\/\/hotellaperla.net\/de\/ristorante\/","title":{"rendered":"RISTORANTE"},"content":{"rendered":"<section class=\"l-section wpb_row height_medium\"><div class=\"l-section-h i-cf\"><div class=\"g-cols offset_small\"><div class=\" full-width\"><div class=\"w-image  align_center\"><img loading=\"lazy\" decoding=\"async\" width=\"66\" height=\"55\" src=\"https:\/\/hotellaperla.net\/wp-content\/uploads\/2016\/08\/p33.png\" class=\"attachment-full size-full\" alt=\"Hotel la Perla Canazei\" \/><\/div><div class=\"wpb_text_column \"><div class=\"wpb_wrapper\">\n<h1 style=\"text-align: center; color: #e5c878;\"><strong>Das Restaurant des Hotels La Perla: <\/strong><\/h1>\n<h3 style=\"text-align: center; color: #e5c878;\"><strong>eine Garantie f\u00fcr diejenigen, die Canazei besichtigen!<\/strong><\/h3>\n<\/div> <\/div> <div class=\"wpb_text_column \"><div class=\"wpb_wrapper\"><p><\/p><\/div> <\/div> <\/div><\/div><\/div><\/section><section class=\"l-section wpb_row height_auto width_full\"><div class=\"l-section-h i-cf\"><div class=\"g-cols offset_small\"><div class=\" one-half\">[vc_empty_space height=&#8221;15px&#8221;]<div class=\"wpb_text_column  vc_custom_1495570824657\"><div class=\"wpb_wrapper\"><p>Wenn Sie sich in <strong>Canazei<\/strong> oder im <strong>Fassatal<\/strong> im Urlaub, auf der Durchfahrt oder zum Arbeiten befinden, probieren Sie das <strong>Restaurant des Hotels La Perla<\/strong>, sowohl f\u00fcr die Mittagspause als auch f\u00fcr das Abendessen. Die reichhaltige und k\u00f6stliche K\u00fcche sieht immer ein Tagesmen\u00fc, typische Gerichte der Region Trentino-S\u00fcdtirol und aus dem ganzen Italien auch f\u00fcr <strong>Vegetarier<\/strong> und <strong>Veganer <\/strong>vor. Au\u00dferdem bieten wir Produkte f\u00fcr <strong>Z\u00f6liakie<\/strong>-Patienten.<\/p>\n<p><strong>Es ist auf der Hauptstra\u00dfe leicht zug\u00e4nglich und ist jeden Tag auch zu Mittag offen!<\/strong><\/p>\n<p><strong>\u00d6ffnungszeiten<\/strong>: von 12 bis 13 Uhr und von 19 bis 21 Uhr.<\/p><\/div> <\/div> <\/div><div class=\" one-half\"><div class=\"w-image  align_center\"><img loading=\"lazy\" decoding=\"async\" width=\"928\" height=\"618\" src=\"https:\/\/hotellaperla.net\/wp-content\/uploads\/2016\/10\/017.jpg\" class=\"attachment-large size-large\" alt=\"ristorante canazei\" srcset=\"https:\/\/hotellaperla.net\/wp-content\/uploads\/2016\/10\/017.jpg 928w, https:\/\/hotellaperla.net\/wp-content\/uploads\/2016\/10\/017-300x200.jpg 300w, https:\/\/hotellaperla.net\/wp-content\/uploads\/2016\/10\/017-768x511.jpg 768w, https:\/\/hotellaperla.net\/wp-content\/uploads\/2016\/10\/017-600x400.jpg 600w\" sizes=\"(max-width: 928px) 100vw, 928px\" \/><\/div><\/div><\/div><\/div><\/section><!-- Row Backgrounds --><div class=\"upb_color\" data-bg-override=\"0\" data-bg-color=\"#f7eddc\" data-fadeout=\"\" data-fadeout-percentage=\"30\" data-parallax-content=\"\" data-parallax-content-sense=\"30\" data-row-effect-mobile-disable=\"true\" data-img-parallax-mobile-disable=\"true\" data-rtl=\"false\"  data-custom-vc-row=\"\"  data-vc=\"4.11.2.1\"  data-is_old_vc=\"\"  data-theme-support=\"\"   data-overlay=\"false\" data-overlay-color=\"\" data-overlay-pattern=\"\" data-overlay-pattern-opacity=\"\" data-overlay-pattern-size=\"\"    ><\/div>\n","protected":false},"excerpt":{"rendered":"Das Restaurant des Hotels La Perla: eine Garantie f\u00fcr diejenigen,...","protected":false},"author":1,"featured_media":0,"parent":0,"menu_order":0,"comment_status":"closed","ping_status":"closed","template":"","meta":{"footnotes":""},"yoast_head":"<!-- This site is optimized with the Yoast SEO plugin v15.3 - https:\/\/yoast.com\/wordpress\/plugins\/seo\/ -->\n<meta name=\"robots\" content=\"index, follow, max-snippet:-1, max-image-preview:large, max-video-preview:-1\" \/>\n<link rel=\"canonical\" href=\"https:\/\/hotellaperla.net\/it\/ristorante-canazei\/\" \/>\n<meta property=\"og:locale\" content=\"de_DE\" \/>\n<meta property=\"og:type\" content=\"article\" \/>\n<meta property=\"og:title\" content=\"RISTORANTE - Hotel la Perla Canazei\" \/>\n<meta property=\"og:url\" content=\"https:\/\/hotellaperla.net\/it\/ristorante-canazei\/\" \/>\n<meta property=\"og:site_name\" content=\"Hotel la Perla Canazei\" \/>\n<meta property=\"article:modified_time\" content=\"2017-05-23T20:21:22+00:00\" \/>\n<meta name=\"twitter:card\" content=\"summary\" \/>\n<meta name=\"twitter:label1\" content=\"Verfasst von\">\n\t<meta name=\"twitter:data1\" content=\"admin\">\n\t<meta name=\"twitter:label2\" content=\"Gesch\u00e4tzte Lesezeit\">\n\t<meta name=\"twitter:data2\" content=\"1 Minute\">\n<script type=\"application\/ld+json\" class=\"yoast-schema-graph\">{\"@context\":\"https:\/\/schema.org\",\"@graph\":[{\"@type\":\"WebSite\",\"@id\":\"https:\/\/hotellaperla.net\/it\/#website\",\"url\":\"https:\/\/hotellaperla.net\/it\/\",\"name\":\"Hotel la Perla Canazei\",\"description\":\"Hotel la Perla Canazei\",\"potentialAction\":[{\"@type\":\"SearchAction\",\"target\":\"https:\/\/hotellaperla.net\/it\/?s={search_term_string}\",\"query-input\":\"required name=search_term_string\"}],\"inLanguage\":\"de-DE\"},{\"@type\":\"WebPage\",\"@id\":\"https:\/\/hotellaperla.net\/it\/ristorante-canazei\/#webpage\",\"url\":\"https:\/\/hotellaperla.net\/it\/ristorante-canazei\/\",\"name\":\"RISTORANTE - Hotel la Perla Canazei\",\"isPartOf\":{\"@id\":\"https:\/\/hotellaperla.net\/it\/#website\"},\"datePublished\":\"2017-04-06T19:47:52+00:00\",\"dateModified\":\"2017-05-23T20:21:22+00:00\",\"inLanguage\":\"de-DE\",\"potentialAction\":[{\"@type\":\"ReadAction\",\"target\":[\"https:\/\/hotellaperla.net\/it\/ristorante-canazei\/\"]}]}]}<\/script>\n<!-- \/ Yoast SEO plugin. -->","_links":{"self":[{"href":"https:\/\/hotellaperla.net\/de\/wp-json\/wp\/v2\/pages\/3856"}],"collection":[{"href":"https:\/\/hotellaperla.net\/de\/wp-json\/wp\/v2\/pages"}],"about":[{"href":"https:\/\/hotellaperla.net\/de\/wp-json\/wp\/v2\/types\/page"}],"author":[{"embeddable":true,"href":"https:\/\/hotellaperla.net\/de\/wp-json\/wp\/v2\/users\/1"}],"replies":[{"embeddable":true,"href":"https:\/\/hotellaperla.net\/de\/wp-json\/wp\/v2\/comments?post=3856"}],"version-history":[{"count":2,"href":"https:\/\/hotellaperla.net\/de\/wp-json\/wp\/v2\/pages\/3856\/revisions"}],"predecessor-version":[{"id":3858,"href":"https:\/\/hotellaperla.net\/de\/wp-json\/wp\/v2\/pages\/3856\/revisions\/3858"}],"wp:attachment":[{"href":"https:\/\/hotellaperla.net\/de\/wp-json\/wp\/v2\/media?parent=3856"}],"curies":[{"name":"wp","href":"https:\/\/api.w.org\/{rel}","templated":true}]}}