{"id":3374,"date":"2017-05-05T14:32:51","date_gmt":"2017-05-05T14:32:51","guid":{"rendered":"http:\/\/hotellaperla.net\/impressum\/"},"modified":"2017-05-05T14:57:55","modified_gmt":"2017-05-05T14:57:55","slug":"impressum","status":"publish","type":"page","link":"https:\/\/hotellaperla.net\/de\/impressum\/","title":{"rendered":"Impressum"},"content":{"rendered":"<section class=\"l-section wpb_row height_medium\"><div class=\"l-section-h i-cf\"><div class=\"g-cols offset_small\"><div class=\" full-width\"><div class=\"wpb_text_column \"><div class=\"wpb_wrapper\">\n<h2>\u00a9 Copyright<\/h2>\n<h3>Hotel La Perla<\/h3>\n<p><strong>DEBERTOL GIORGIO &amp; C. S.N.C.<\/strong><\/p>\n<p>Via Pareda, 26 &#8211; 38032 Canazei (TN)<br \/>\nTrentino &#8211; Dolomiti<br \/>\nTel: 0039-0462-602453<br \/>\nFax: 0039-0462-602453<br \/>\n<a href=\"mailto:info@hotelaperla.net\">info@hotellaperla.net<\/a><br \/>\nP.IVA 01030930224<br \/>\nIscritto alla Camera di Commercio di Trento<br \/>\nnumero di iscrizione:\u00a001030930224<br \/>\nNumero REA: TN &#8211; 110597<\/p>\n<p>Pec: \u00a0<a href=\"mailto:HOTELLAPERLACANAZEI@PEC.IT\">HOTELLAPERLACANAZEI@PEC.IT<\/a><\/p>\n<h2>\u00a9 Design, Realizzazione e hosting<\/h2>\n<p><strong>BIZETA WEB sas<\/strong><br \/>\nPiazza Fiera 1<br \/>\n39100 Bolzano<br \/>\nAlto Adige &#8211; Italia<\/p>\n<p>Tel. 0471 059070<br \/>\nFax 0471 069547<\/p>\n<p><a title=\"Bizeta Web Studio Grafico Bolzano\" href=\"mailto:info@bizetaweb.it\" target=\"_blank\">info@bizetaweb.it<\/a><br \/>\n<a title=\"Bizeta Web Studio Grafico Bolzano\" href=\"http:\/\/www.bizetaweb.it\" target=\"_blank\">www.bizetaweb.it<\/a><\/p>\n<p>Part. IVA 02446750214<\/p>\n<h2>\u00a9 Copyright Materiale fotografico<\/h2>\n<p>Fotografie panoramiche fornite dall&#8217;Ufficio turistico della Val di Fassa<\/p>\n<h2 dir=\"ltr\">Privacy Policy<\/h2>\n<p dir=\"ltr\">Im Sinne des Gesetzvertretenden Dekrets Nr. 196\/2003 nimmt der User zur Kenntnis, dass seine Daten bei seiner Anfrage und\/oder Buchung f\u00fcr die Bearbeitung sowie f\u00fcr Werbung und\/oder andere Informationen \u00fcber unsere Aktivit\u00e4ten oder unserer Partner im Tourismus und Hotelbereich verwendet werden k\u00f6nnen.<\/p>\n<p dir=\"ltr\">Die Daten werden in schriftlicher Form und\/oder mit magnetischer\/elektronischer Hilfe und unter Einhaltung aller Sicherheitsma\u00dfnahmen, die deren Sicherheit und Geheimhaltung gew\u00e4hrleisten, behandelt.<\/p>\n<p dir=\"ltr\">Inhaber der Datenverarbeitung ist: Debertol Giorgio<\/p>\n<p dir=\"ltr\">Der Betroffene kann seine Daten jederzeit kontrollieren, berichtigen, erg\u00e4nzen oder l\u00f6schen, indem er an:<\/p>\n<p dir=\"ltr\"><strong>Hotel La Perla<\/strong> &#8211; Via Pareda, 26 &#8211; 38032 Canazei (TN)<br class=\"kix-line-break\" \/>Tel: 0039-0462-602453 &#8211; Fax: 0039-0462-602453 &#8211; <a href=\"mailto:info@hotellaperla.net\" target=\"_blank\">info@hotellaperla.net<\/a><br \/>\nP.IVA 01030930224<\/p>\n<h2 dir=\"ltr\">Cookie Policy<\/h2>\n<p dir=\"ltr\">Wir verwenden sowohl eigene als auch Drittanbieter-Cookies, um unsere Dienstleistungen zu verbessern. Wenn Sie die Navigation fortsetzen, setzen wir voraus, dass Sie ihrer Verwendung zustimmen.<\/p>\n<p dir=\"ltr\">Die vorliegende Cookie-Policy \u00a0hat den spezifischen Zweck, die verschiedenen Arten und Verwendungsm\u00f6glichkeiten zu erl\u00e4utern, sowie Angaben dar\u00fcber zu machen, wie die Cookies der Webseite abgelehnt bzw. gel\u00f6scht werden k\u00f6nnen, wenn Sie dies w\u00fcnschen.<\/p>\n<p dir=\"ltr\"><strong>a. Was sind Cookies und wie werden sie verwendet<\/strong><\/p>\n<p dir=\"ltr\">Cookies sind Textdateien, die zur automatischen Authentifizierung, Navigationsspuren-Suche, sowie zur Speicherung von spezifischen Informationen \u00fcber die Nutzer dienen, die auf den Server zugreifen, wie zum Beispiel ihre bevorzugten Webseiten, oder bei Eink\u00e4ufen \u00fcber das Internet, der Inhalt ihrer \u201eWarenk\u00f6rbe\u201c.<\/p>\n<p dir=\"ltr\">Im Detail handelt es sich um kleine Textzeichenfolgen, \u00a0die von einem Server an einen Web-Client (in der Regel ein Browser) geschickt werden und dann (unver\u00e4ndert) vom Client an den Server zur\u00fcckgesendet werden, und zwar jedes Mal, wenn der Client \u00a0den gleichen Abschnitt der gleichen Web-Domain aufruft. Der Begriff \u00a0\u201eCookie&#8221; &#8211; w\u00f6rtlich &#8220;Keks&#8221; &#8211; stammt von dem Begriff \u201eMagic Cookie\u201c (Zauber-Keks), ein im UNIX-Umfeld bekannter Begriff, der sowohl das Konzept als auch den Namen der HTTP-Cookies inspiriert hat.<\/p>\n<p dir=\"ltr\">Jede Dom\u00e4ne \u00a0oder Teil einer Seite, die mit dem Browser besucht wird, kann Cookies einstellen. Da eine typische Internet-Seite, zum Beispiel, eine Online-Zeitung, Zeichen enth\u00e4lt, die aus vielen verschiedenen Bereichen stammen und jeder von ihnen Cookies verwenden kann, ist es normal, dass Ihr Browser viele Hundert Cookies speichert.<\/p>\n<p dir=\"ltr\">Standardm\u00e4\u00dfig sind fast alle Web-Browser so eingestellt, dass sie automatisch Cookies akzeptieren.<\/p>\n<p dir=\"ltr\">Die Webseiten von hotellaperla.net verwenden oder k\u00f6nnen auch in Kombination miteinander, nachfolgende Cookie-Kategorien verwenden; diese sind gem\u00e4\u00df der in der Stellungnahme 04\/2012, die Befreiung von der Einwilligung in die Verwendung von Cookies betreffend, unterteilt, \u00a0die von der Arbeitsgruppe ex art. 29 \u00a0innerhalb der EU (<a href=\"http:\/\/ec.europa.eu\/justice\/data-protection\/article-29\/documentation\/opinion-recommendation\/files\/2012\/wp194_it.pdf#h2-8\">erh\u00e4ltlich unter diesem Link<\/a>) erteilt wurde:<\/p>\n<ul>\n<li dir=\"ltr\">\n<p dir=\"ltr\">\u201eSessions-Cookies\u201c, die aus rein technischen und funktionalen Anforderungen auf dem Computer des Nutzers \u00a0gespeichert werden, zum Zweck der \u00dcbertragung von Sessions-Identifikatoren, die erforderlich sind, um eine sichere und effiziente Navigation der Webseite \u00a0zu erm\u00f6glichen; sie werden am Ende der \u201eSession\u201c (daher der Name) mit dem Schlie\u00dfen des Browsers gel\u00f6scht. Durch diese Art Cookie wird \u00a0die Verwendung von anderen Computertechniken, die die Privatsph\u00e4re der Nutzer potenziell beeintr\u00e4chtigen k\u00f6nnen, vermieden.<\/p>\n<\/li>\n<li dir=\"ltr\">\n<p dir=\"ltr\">\u201epermanente Cookies\u201c, die auf der Computer-Festplatte gespeichert bleiben, bis sie verfallen oder \u00a0vom Nutzer\/Besucher gel\u00f6scht werden. Durch permanente Cookies werden Besucher einer Webseite (oder andere Nutzer, die denselben Computer verwenden), automatisch bei jedem Besuch wieder erkannt. Permanente Cookies erf\u00fcllen viele Funktionen im Interesse der Surfer (wie zum Beispiel der Gebrauch der Navigations-Sprache oder die Registrierung des Einkaufswagens bei Online-Shopping. Allerdings k\u00f6nnen permanente Cookies f\u00fcr Werbezwecke verwendet werden oder sogar f\u00fcr Zwecke zweifelhafter Rechtm\u00e4\u00dfigkeit. Die Besucher k\u00f6nnen den Browser ihres Computers so einstellen, dass er alle Cookies annehmen\/ablehnen kann oder dass jedes Mal eine Warnanzeige zu sehen ist, wenn ein Cookie angeboten wird, um entscheiden zu k\u00f6nnen, ob er es annehmen oder ablehnen m\u00f6chte. \u00a0Der Benutzer kann auf jeden Fall die Standardkonfiguration (Default) \u00e4ndern und die Cookies deaktivieren (d.h. definitiv blockieren), indem er die h\u00f6chste Sicherheitsstufe einstellt.<\/p>\n<\/li>\n<\/ul>\n<p dir=\"ltr\">Diese beiden Arten von Cookies (Sessions-Cookies und permanente Cookies) k\u00f6nnen wiederum sein:<\/p>\n<ul>\n<li dir=\"ltr\">\n<p dir=\"ltr\">aus erster Hand\u201c, wenn sie direkt vom Eigent\u00fcmer und\/oder Verwalter der Webseite verwaltet werden<\/p>\n<\/li>\n<li dir=\"ltr\">\n<p dir=\"ltr\">von Drittanbietern\u201c, wenn die Cookies von Verantwortlichen eingestellt und<\/p>\n<\/li>\n<li dir=\"ltr\">\n<p dir=\"ltr\">verwaltet werden, die auf die vom Nutzer besuchte Webseite fremd zugreifen.<\/p>\n<\/li>\n<\/ul>\n<p dir=\"ltr\"><strong>b. Wie Cookies funktionieren und wie man sie l\u00f6scht<\/strong><\/p>\n<p dir=\"ltr\">Die Funktionsweisen sowie die M\u00f6glichkeiten Cookies einzuschr\u00e4nken oder zu blockieren, k\u00f6nnen durch die Einstellungen des Internet-Browsers bestimmt werden.<\/p>\n<p dir=\"ltr\">Dar\u00fcber hinausgehend kann man die Webseite in englischer Sprache:<a href=\"http:\/\/www.aboutcookies.org\/\">www.aboutcookies.org<\/a> \u00a0besuchen und hier Informationen bekommen, wie Cookies je nach Browsertyp verwaltet\/gel\u00f6scht werden k\u00f6nnen.<\/p>\n<p dir=\"ltr\">Um die Cookies aus dem Internet-Browser eines Smartphones\/Tablets zu l\u00f6schen, muss die Bedienungsanleitung des Ger\u00e4tes beachtet werden.<\/p>\n<p dir=\"ltr\">c. Liste der auf den Webseiten von hotellaperla.net vorhandenen Cookies:<\/p>\n<p dir=\"ltr\">In der folgenden Tabelle sind die Webseiten aufgelistet, die den Cookies entsprechen. Die Cookies k\u00f6nnen Sessions-Cookies oder permanente Cookies sein und auch Drittanbietern \u00a0geh\u00f6ren. Letztere fallen unter die direkte und ausschlie\u00dfliche Verantwortung des Betreibers und sind in folgende Makro-Kategorien unterteilt:<\/p>\n<ul>\n<li dir=\"ltr\">\n<p dir=\"ltr\">Analitycs. Das sind die zur Sammlung oder zur statistischen Analyse verwendeten Cookies, um Informationen \u00fcber den Zugang\/ die Besuche einer Webseite zu erhalten. In einigen F\u00e4llen dienen sie dazu, das Benutzerprofil zu bestimmen wie z.B. bei Anmeldeinformationen f\u00fcr den \u201eZugang zu eingeschr\u00e4nkten Bereichen (E-Mail-Adresse und Passwort),(pers\u00f6nliche Gewohnheiten, besuchte Seiten, heruntergeladene Inhalte, benutzte Kommunikationstypologien usw.<\/p>\n<\/li>\n<li dir=\"ltr\">\n<p dir=\"ltr\">Widgets. In diese Kategorie fallen alle \u00a0grafischen Elemente einer Benutzerschnittstelle eines Programms, das den Zweck hat, dem Benutzer die Interaktion mit dem Programm zu erleichtern. Zum Beispiel die Cookies \u00a0von Facebook-, Google +, Twitter- sind Widgets Zus\u00e4tzliche Informationen \u00fcber deren Verwendung und die Privacy erhalten Sie direkt auf den Internetseiten der jeweiligen Betreiber.<\/p>\n<\/li>\n<li dir=\"ltr\">\n<p dir=\"ltr\">Advertising. In diese Kategorie von Cookies fallen jene, die zu Werbezwecken auf einer Webseite verwendet werden. Google und Tradedoubler geh\u00f6ren zu dieser Kategorie. Zus\u00e4tzliche \u00a0Informationen \u00fcber deren Verwendung und die Privacy erhalten Sie direkt auf den Internetseiten der jeweiligen Betreiber.<\/p>\n<\/li>\n<\/ul>\n<p dir=\"ltr\">Web-Beacons. Zu dieser Kategorie geh\u00f6ren Code-Schnipsel, die es einer Webseite erm\u00f6glichen, Informationen mittels \u00a0Anforderung einer grafischen Darstellung zu sammeln und zu \u00fcbertragen. Webseiten k\u00f6nnen sie f\u00fcr verschiedene Zwecke benutzen, wie zum Beispiel f\u00fcr die Analyse der Benutzung der Webseiten, die Kontrolle und Berichterstattung \u00fcber Werbung und Personalisierung von Werbung und Inhalten.<\/p>\n<p dir=\"ltr\"><strong>Informationen \u00fcber die Cookies von Drittanbietern<\/strong><\/p>\n<div dir=\"ltr\">\n<table>\n<colgroup>\n<col width=\"280\" \/>\n<col width=\"220\" \/><\/colgroup>\n<tbody>\n<tr>\n<td>\n<p dir=\"ltr\"><strong>Gesellschaft<\/strong><\/p>\n<\/td>\n<td class=\"\">\n<p dir=\"ltr\"><strong>Link zu den Informationen<\/strong><\/p>\n<\/td>\n<\/tr>\n<tr>\n<td>\n<p dir=\"ltr\">Google (maps)<\/p>\n<\/td>\n<td class=\"\">\n<p dir=\"ltr\"><a href=\"http:\/\/www.google.com\/policies\/privacy\/\">Informativa di Google<\/a><\/p>\n<\/td>\n<\/tr>\n<tr>\n<td>\n<p dir=\"ltr\">Google (Analytics)<\/p>\n<\/td>\n<td class=\"\">\n<p dir=\"ltr\"><a href=\"http:\/\/www.google.com\/policies\/privacy\/\">Informativa di Google<\/a><\/p>\n<\/td>\n<\/tr>\n<tr>\n<td>\n<p dir=\"ltr\">Twitter<\/p>\n<\/td>\n<td class=\"\">\n<p dir=\"ltr\"><a href=\"https:\/\/twitter.com\/privacy\">Informativa di Twitter<\/a><\/p>\n<\/td>\n<\/tr>\n<tr>\n<td>\n<p dir=\"ltr\">Google (Youtube)<\/p>\n<\/td>\n<td class=\"\">\n<p dir=\"ltr\"><a href=\"http:\/\/www.google.com\/policies\/privacy\/\">Informativa di Google<\/a><\/p>\n<\/td>\n<\/tr>\n<tr>\n<td>\n<p dir=\"ltr\">Facebook<\/p>\n<\/td>\n<td class=\"\">\n<p dir=\"ltr\"><a href=\"https:\/\/www.facebook.com\/about\/privacy\">Informativa di Facebook<\/a><\/p>\n<\/td>\n<\/tr>\n<tr>\n<td>\n<p dir=\"ltr\">AddThis (condivisione con pi\u00f9 piattaforme social)<\/p>\n<\/td>\n<td class=\"\">\n<p dir=\"ltr\"><a href=\"http:\/\/www.addthis.com\/privacy\/opt-out\">Informativa di Addthis<\/a> (solo in inglese)<\/p>\n<\/td>\n<\/tr>\n<tr>\n<td>\n<p dir=\"ltr\">Tripadvisor<\/p>\n<\/td>\n<td class=\"\">\n<p dir=\"ltr\"><a href=\"http:\/\/www.tripadvisor.co.uk\/CookiePolicy\">Informativa tripadvisor<\/a><\/p>\n<\/td>\n<\/tr>\n<tr>\n<td><\/td>\n<td class=\"\"><\/td>\n<\/tr>\n<\/tbody>\n<\/table>\n<\/div>\n<p dir=\"ltr\"><strong>d. Verwendung von Flash-Cookies<\/strong><\/p>\n<p dir=\"ltr\">Die Webseite kann Adobe Flash Player verwenden, um multimediale Inhalte anzubieten. Auf den meisten Computern ist das Programm per \u201eDefault\u201c-installiert.<\/p>\n<p dir=\"ltr\">Falls man diese Inhalte benutzt, speichert Google Analytics \u00a0zus\u00e4tzliche Daten auf dem Computer, die auch als Flash-Cookies \u00a0(oder Local Share Object) bekannt sind und durch die der Besitzer imstande ist zu erfahren, wie viele Male ein bestimmtes Audio\/Video-File ge\u00f6ffnet wurde, wie viele Personen es bis zu Ende benutzt \u00a0und auch wie viele Personen es vor Beendigung geschlossen haben.<\/p>\n<p dir=\"ltr\">Die Webseite von Adobe liefert Informationen dar\u00fcber, wie die Flash-Cookies gel\u00f6scht oder deaktiviert werden k\u00f6nnen: <a href=\"http:\/\/www.adobe.com\/products\/flashplayer\/security\">http:\/\/www.adobe.com\/products\/flashplayer\/security<\/a>).<\/p>\n<p>Man beachte, dass die Einschr\u00e4nkung und\/oder L\u00f6schung dieser Flash-Cookies die Funktionen von Applikationen, die sich der Flash-Technologie bedienen, beeintr\u00e4chtigen<\/div> <\/div> <\/div><\/div><\/div><\/section><section class=\"l-section wpb_row height_medium\"><div class=\"l-section-h i-cf\"><div class=\"g-cols offset_small\"><div class=\" full-width\"><\/div><\/div><\/div><\/section>\n","protected":false},"excerpt":{"rendered":"\u00a9 Copyright Hotel La Perla DEBERTOL GIORGIO &amp; C. S.N.C....","protected":false},"author":1,"featured_media":0,"parent":0,"menu_order":0,"comment_status":"closed","ping_status":"closed","template":"","meta":{"footnotes":""},"yoast_head":"<!-- This site is optimized with the Yoast SEO plugin v15.3 - https:\/\/yoast.com\/wordpress\/plugins\/seo\/ -->\n<meta name=\"robots\" content=\"index, follow, max-snippet:-1, max-image-preview:large, max-video-preview:-1\" \/>\n<link rel=\"canonical\" href=\"https:\/\/hotellaperla.net\/it\/impressum\/\" \/>\n<meta property=\"og:locale\" content=\"de_DE\" \/>\n<meta property=\"og:type\" content=\"article\" \/>\n<meta property=\"og:title\" content=\"Impressum - Hotel la Perla Canazei\" \/>\n<meta property=\"og:url\" content=\"https:\/\/hotellaperla.net\/it\/impressum\/\" \/>\n<meta property=\"og:site_name\" content=\"Hotel la Perla Canazei\" \/>\n<meta property=\"article:modified_time\" content=\"2017-05-05T14:57:55+00:00\" \/>\n<meta name=\"twitter:card\" content=\"summary\" \/>\n<meta name=\"twitter:label1\" content=\"Verfasst von\">\n\t<meta name=\"twitter:data1\" content=\"admin\">\n\t<meta name=\"twitter:label2\" content=\"Gesch\u00e4tzte Lesezeit\">\n\t<meta name=\"twitter:data2\" content=\"5 Minuten\">\n<script type=\"application\/ld+json\" class=\"yoast-schema-graph\">{\"@context\":\"https:\/\/schema.org\",\"@graph\":[{\"@type\":\"WebSite\",\"@id\":\"https:\/\/hotellaperla.net\/it\/#website\",\"url\":\"https:\/\/hotellaperla.net\/it\/\",\"name\":\"Hotel la Perla Canazei\",\"description\":\"Hotel la Perla Canazei\",\"potentialAction\":[{\"@type\":\"SearchAction\",\"target\":\"https:\/\/hotellaperla.net\/it\/?s={search_term_string}\",\"query-input\":\"required name=search_term_string\"}],\"inLanguage\":\"de-DE\"},{\"@type\":\"WebPage\",\"@id\":\"https:\/\/hotellaperla.net\/it\/impressum\/#webpage\",\"url\":\"https:\/\/hotellaperla.net\/it\/impressum\/\",\"name\":\"Impressum - Hotel la Perla Canazei\",\"isPartOf\":{\"@id\":\"https:\/\/hotellaperla.net\/it\/#website\"},\"datePublished\":\"2017-05-05T14:32:51+00:00\",\"dateModified\":\"2017-05-05T14:57:55+00:00\",\"inLanguage\":\"de-DE\",\"potentialAction\":[{\"@type\":\"ReadAction\",\"target\":[\"https:\/\/hotellaperla.net\/it\/impressum\/\"]}]}]}<\/script>\n<!-- \/ Yoast SEO plugin. -->","_links":{"self":[{"href":"https:\/\/hotellaperla.net\/de\/wp-json\/wp\/v2\/pages\/3374"}],"collection":[{"href":"https:\/\/hotellaperla.net\/de\/wp-json\/wp\/v2\/pages"}],"about":[{"href":"https:\/\/hotellaperla.net\/de\/wp-json\/wp\/v2\/types\/page"}],"author":[{"embeddable":true,"href":"https:\/\/hotellaperla.net\/de\/wp-json\/wp\/v2\/users\/1"}],"replies":[{"embeddable":true,"href":"https:\/\/hotellaperla.net\/de\/wp-json\/wp\/v2\/comments?post=3374"}],"version-history":[{"count":1,"href":"https:\/\/hotellaperla.net\/de\/wp-json\/wp\/v2\/pages\/3374\/revisions"}],"predecessor-version":[{"id":3377,"href":"https:\/\/hotellaperla.net\/de\/wp-json\/wp\/v2\/pages\/3374\/revisions\/3377"}],"wp:attachment":[{"href":"https:\/\/hotellaperla.net\/de\/wp-json\/wp\/v2\/media?parent=3374"}],"curies":[{"name":"wp","href":"https:\/\/api.w.org\/{rel}","templated":true}]}}