{"id":3336,"date":"2016-10-21T15:11:23","date_gmt":"2016-10-21T15:11:23","guid":{"rendered":"http:\/\/hotellaperla.net\/cliff\/"},"modified":"2017-05-23T09:19:07","modified_gmt":"2017-05-23T09:19:07","slug":"cliff","status":"publish","type":"page","link":"https:\/\/hotellaperla.net\/de\/cliff\/","title":{"rendered":"Cliff Apr\u00e9s Ski"},"content":{"rendered":"<section class=\"l-section wpb_row height_medium\"><div class=\"l-section-h i-cf\"><div class=\"g-cols offset_small\"><div class=\" full-width\"><div class=\"wpb_text_column \"><div class=\"wpb_wrapper\">\n<h1 style=\"text-align: center;\">Musik und Spa\u00df \u201cfees stile\u201d bei Cliff Apr\u00e9s Ski in Canazei<\/h1>\n<\/div> <\/div> <div class=\"w-video ratio_16x9\"><div class=\"w-video-h\"><iframe loading=\"lazy\" width=\"1500\" height=\"844\" src=\"https:\/\/www.youtube.com\/embed\/0eVv-y_wTK4?feature=oembed\" frameborder=\"0\" allowfullscreen><\/iframe><\/div><\/div><\/div><\/div><\/div><\/section><section class=\"l-section wpb_row height_medium\"><div class=\"l-section-h i-cf\"><div class=\"g-cols offset_small\"><div class=\" full-width\"><div class=\"wpb_text_column \"><div class=\"wpb_wrapper\"><p>Sind Sie in <strong>Canazei<\/strong> und suchen nach dem <strong>trendy Lokal des<\/strong> <strong>Fassatals<\/strong>? <strong>Cliff <\/strong>ist die einzige Antwort!<\/p>\n<p>Im Tal ist das Treffen im <strong>Cliff<\/strong> ein Muss der Abendunterhaltung, der unerl\u00e4ssliche Termin <strong>Apr\u00e9s Ski<\/strong> f\u00fcr einen spritzigen und aufragenden Abend geworden.<\/p>\n<p>Seine \u00d6ffnung hat das Nachtleben des Fassatals gesch\u00fcttelt und ist heute von Touristen, einheimischen Jungen, Skilehrern und Gruppen von M\u00e4dchen und Jungen, die eigens bis Canazei kommen, um einen lustigen Abend zu verbringen, besucht.<\/p>\n<p>Gedacht und geleitet vom einfallreichen Besitzer <strong>Filippo Debertol<\/strong>, liegt <strong>The Cliff Apr\u00e9s Ski<\/strong> ein paar Meter vom <strong>Hotel La Perla <\/strong>entfernt<strong>, im Herzen von Canazei<\/strong> und weniger als<strong> einhundert Meter von Aufstiegsanlagen <\/strong>entfernt.<\/p>\n<p>Kennzeichnendes Merkmal des Lokals ist die Mischung zwischen l\u00e4ndlichen Einrichtungsst\u00fccken und feinen Designelementen, Tradition und Moderne, typische Folklore und <strong>free style<\/strong>, die Hand in Hand mit den neuen Tendenzen auf den Pisten geht.<\/p>\n<p>Dank der Farbver\u00e4nderung der Lichter f\u00fchlt man sich in einer <strong>cham\u00e4leonartigen<\/strong> Welt, die im st\u00e4ndigen Wandel ist und die Lichtspiele \u00fcbertragen visuell die Gef\u00fchle der <strong>vom <a href=\"http:\/\/dict.leo.org\/itde?lp=itde&amp;lang=it&amp;searchLoc=0&amp;searchLocRelinked=1&amp;search=Diskjockey&amp;trestr=0x8001\">Diskjockey<\/a> gew\u00e4hlten Schlager<\/strong>.<\/p>\n<p>Im Lokal genie\u00dfen Sie Drinks mit den Namen der Freestyle-Figuren und verkosten eine hei\u00dfe Pizza oder <strong>einheimische Delikatessen, <\/strong>\u00a0die vom unseren <strong>\u201cfree style\u201d <\/strong>Pizzab\u00e4cker vorbereitet werden. Inzwischen bewundern Sie <strong>Snowboardkunstst\u00fccke<\/strong> an den Bildschirmen.<\/p>\n<p>Freier Eintritt, von 16 bis 23 Uhr jeden Tag von Dezember bis April ge\u00f6ffnet. Am Freitag und Samstag wird um 24 Uhr geschlossen.<\/p>\n<p>Ein Sprung ist ein Muss!<\/p>\n<p><a href=\"http:\/\/cliffcanazei.it\">http:\/\/cliffcanazei.it<\/a><\/p><\/div> <\/div> <\/div><\/div><\/div><\/section>\n","protected":false},"excerpt":{"rendered":"Musik und Spa\u00df \u201cfees stile\u201d bei Cliff Apr\u00e9s Ski in...","protected":false},"author":1,"featured_media":0,"parent":0,"menu_order":0,"comment_status":"closed","ping_status":"closed","template":"","meta":{"footnotes":""},"yoast_head":"<!-- This site is optimized with the Yoast SEO plugin v15.3 - https:\/\/yoast.com\/wordpress\/plugins\/seo\/ -->\n<meta name=\"robots\" content=\"index, follow, max-snippet:-1, max-image-preview:large, max-video-preview:-1\" \/>\n<link rel=\"canonical\" href=\"https:\/\/hotellaperla.net\/it\/cliff\/\" \/>\n<meta property=\"og:locale\" content=\"de_DE\" \/>\n<meta property=\"og:type\" content=\"article\" \/>\n<meta property=\"og:title\" content=\"Cliff Apr\u00e9s Ski - Hotel la Perla Canazei\" \/>\n<meta property=\"og:url\" content=\"https:\/\/hotellaperla.net\/it\/cliff\/\" \/>\n<meta property=\"og:site_name\" content=\"Hotel la Perla Canazei\" \/>\n<meta property=\"article:modified_time\" content=\"2017-05-23T09:19:07+00:00\" \/>\n<meta name=\"twitter:card\" content=\"summary\" \/>\n<meta name=\"twitter:label1\" content=\"Verfasst von\">\n\t<meta name=\"twitter:data1\" content=\"admin\">\n\t<meta name=\"twitter:label2\" content=\"Gesch\u00e4tzte Lesezeit\">\n\t<meta name=\"twitter:data2\" content=\"1 Minute\">\n<script type=\"application\/ld+json\" class=\"yoast-schema-graph\">{\"@context\":\"https:\/\/schema.org\",\"@graph\":[{\"@type\":\"WebSite\",\"@id\":\"https:\/\/hotellaperla.net\/it\/#website\",\"url\":\"https:\/\/hotellaperla.net\/it\/\",\"name\":\"Hotel la Perla Canazei\",\"description\":\"Hotel la Perla Canazei\",\"potentialAction\":[{\"@type\":\"SearchAction\",\"target\":\"https:\/\/hotellaperla.net\/it\/?s={search_term_string}\",\"query-input\":\"required name=search_term_string\"}],\"inLanguage\":\"de-DE\"},{\"@type\":\"WebPage\",\"@id\":\"https:\/\/hotellaperla.net\/it\/cliff\/#webpage\",\"url\":\"https:\/\/hotellaperla.net\/it\/cliff\/\",\"name\":\"Cliff Apr\\u00e9s Ski - Hotel la Perla Canazei\",\"isPartOf\":{\"@id\":\"https:\/\/hotellaperla.net\/it\/#website\"},\"datePublished\":\"2016-10-21T15:11:23+00:00\",\"dateModified\":\"2017-05-23T09:19:07+00:00\",\"inLanguage\":\"de-DE\",\"potentialAction\":[{\"@type\":\"ReadAction\",\"target\":[\"https:\/\/hotellaperla.net\/it\/cliff\/\"]}]}]}<\/script>\n<!-- \/ Yoast SEO plugin. -->","_links":{"self":[{"href":"https:\/\/hotellaperla.net\/de\/wp-json\/wp\/v2\/pages\/3336"}],"collection":[{"href":"https:\/\/hotellaperla.net\/de\/wp-json\/wp\/v2\/pages"}],"about":[{"href":"https:\/\/hotellaperla.net\/de\/wp-json\/wp\/v2\/types\/page"}],"author":[{"embeddable":true,"href":"https:\/\/hotellaperla.net\/de\/wp-json\/wp\/v2\/users\/1"}],"replies":[{"embeddable":true,"href":"https:\/\/hotellaperla.net\/de\/wp-json\/wp\/v2\/comments?post=3336"}],"version-history":[{"count":4,"href":"https:\/\/hotellaperla.net\/de\/wp-json\/wp\/v2\/pages\/3336\/revisions"}],"predecessor-version":[{"id":3841,"href":"https:\/\/hotellaperla.net\/de\/wp-json\/wp\/v2\/pages\/3336\/revisions\/3841"}],"wp:attachment":[{"href":"https:\/\/hotellaperla.net\/de\/wp-json\/wp\/v2\/media?parent=3336"}],"curies":[{"name":"wp","href":"https:\/\/api.w.org\/{rel}","templated":true}]}}