{"id":3330,"date":"2016-10-21T13:55:34","date_gmt":"2016-10-21T13:55:34","guid":{"rendered":"http:\/\/hotellaperla.net\/escursioni\/"},"modified":"2017-05-05T12:58:56","modified_gmt":"2017-05-05T12:58:56","slug":"wanderungen","status":"publish","type":"page","link":"https:\/\/hotellaperla.net\/de\/wanderungen\/","title":{"rendered":"Wanderungen"},"content":{"rendered":"<section class=\"l-section wpb_row height_medium\"><div class=\"l-section-h i-cf\"><div class=\"g-cols offset_small\"><div class=\" one-half\"><div class=\"wpb_text_column \"><div class=\"wpb_wrapper\">\n<h1 style=\"text-align: center; color: #e5c878;\">Eine eindrucksvolle Wanderung in die verzauberten Dolomitenlandschaften, wenige Schritte vom Hotel La Perla entfernten<\/h1>\n<p>Unzahlreich sind die m\u00f6glichen einzigartigen <strong>Spazierg\u00e4nge und Wanderungen im Fassatal<\/strong>, die unterschiedliche Schwierigkeitsgrade haben: von <strong>Spazierg\u00e4ngen in den Talboden<\/strong> bis zu Wanderungen auf die Berggipfel, <strong>Klettersteigen und Kletterei und Durchquerungen der<\/strong> <strong>Gletscher<\/strong><strong>.<\/strong><\/p>\n<p>Wer keine Vertrautheit mit dem Gebirge hat und die h\u00f6chsten Schwierigkeitsgrade in Sicherheit ann\u00e4hern will, vertraut sich den erfahrenen <strong>Bergf\u00fchrern <\/strong>und <strong>den einheimischen Reiseleitern <\/strong>an, und genie\u00dft das vielf\u00e4ltige und detaillierte <strong>Programm von gef\u00fchrten Wanderungen auf Pfaden und ausgestatteten Wegen,<\/strong> die Einf\u00fchrung ins Bergsteigen, <strong>Kletterkurse, Fortbildung , Kletterei und Nordic Walking .<\/strong><\/p>\n<p>Dank\u00a0 Ihrer Wanderungen k\u00f6nnen Sie die <strong>wundersch\u00f6nen Bergh\u00fctten, die faszinierenden Sennh\u00fctten und die ausgestatteten Schutzh\u00fctten<\/strong>, wie den gem\u00fctliche <strong>Rifugio Contrin<\/strong> mit den Restaurants und den behaglichen Schlafzimmern entdecken.<\/p>\n<p>Eine au\u00dferordentliche Erfahrung, die wir stark raten, ist <strong>Trekking delle leggende (Trekking der Legenden)<\/strong>, eine <strong>200 km lange<\/strong> <strong>Ringtour<\/strong> mit 20 Zwischenstationen, die das Fassatal mit dem Fiemmetal und mit Primiero verbindet.<\/p>\n<p>Es handelt sich um eine <strong>weltweit einzigartige Strecke<\/strong> in der H\u00f6he unter den Spitzen der <strong>Rosengarten und der Marmolada<\/strong>, die Trekkingliebhaber das Herz h\u00f6her schlagen l\u00e4sst; nicht zuletzt <strong>Enrosadira<\/strong>, das Ph\u00e4nomen, das am Sonnenuntergang die <strong>Dolomitenberge<\/strong> in einen rosafarbigen Mantel h\u00fcllt<\/div> <\/div> <\/div><div class=\" one-half\"><div class=\"w-slider\"><div class=\"royalSlider rsDefault\"><a class=\"rsImg\" data-rsw=\"2480\" data-rsh=\"1654\" href=\"https:\/\/hotellaperla.net\/wp-content\/uploads\/2016\/10\/060.jpg\"><\/a><a class=\"rsImg\" data-rsw=\"2480\" data-rsh=\"1653\" href=\"https:\/\/hotellaperla.net\/wp-content\/uploads\/2016\/10\/028-1.jpg\"><\/a><a class=\"rsImg\" data-rsw=\"1920\" data-rsh=\"1080\" href=\"https:\/\/hotellaperla.net\/wp-content\/uploads\/2016\/09\/009.jpg\"><\/a><a class=\"rsImg\" data-rsw=\"2480\" data-rsh=\"1654\" href=\"https:\/\/hotellaperla.net\/wp-content\/uploads\/2016\/08\/005-2.jpg\"><\/a><a class=\"rsImg\" data-rsw=\"2480\" data-rsh=\"1654\" href=\"https:\/\/hotellaperla.net\/wp-content\/uploads\/2016\/08\/024_ROBERT_BERNARD_0308.jpg\"><\/a><a class=\"rsImg\" data-rsw=\"1000\" data-rsh=\"665\" href=\"https:\/\/hotellaperla.net\/wp-content\/uploads\/2016\/10\/057-1.jpg\"><\/a><a class=\"rsImg\" data-rsw=\"2480\" data-rsh=\"1654\" href=\"https:\/\/hotellaperla.net\/wp-content\/uploads\/2016\/10\/058-1.jpg\"><\/a><a class=\"rsImg\" data-rsw=\"2894\" data-rsh=\"1929\" href=\"https:\/\/hotellaperla.net\/wp-content\/uploads\/2016\/10\/059.jpg\"><\/a><\/div><div class=\"w-slider-json\" onclick='return {&quot;transitionSpeed&quot;:300,&quot;loopRewind&quot;:true,&quot;slidesSpacing&quot;:0,&quot;imageScalePadding&quot;:0,&quot;numImagesToPreload&quot;:2,&quot;arrowsNav&quot;:true,&quot;arrowsNavAutoHide&quot;:false,&quot;transitionType&quot;:&quot;move&quot;,&quot;controlNavigation&quot;:&quot;none&quot;,&quot;imageScaleMode&quot;:&quot;fit-if-smaller&quot;,&quot;autoScaleSlider&quot;:true,&quot;autoScaleSliderWidth&quot;:2480,&quot;autoScaleSliderHeight&quot;:1654,&quot;fitInViewport&quot;:false}'><\/div><\/div><\/div><\/div><\/div><\/section>\n","protected":false},"excerpt":{"rendered":"Eine eindrucksvolle Wanderung in die verzauberten Dolomitenlandschaften, wenige Schritte vom...","protected":false},"author":1,"featured_media":0,"parent":0,"menu_order":0,"comment_status":"closed","ping_status":"closed","template":"","meta":{"footnotes":""},"yoast_head":"<!-- This site is optimized with the Yoast SEO plugin v15.3 - https:\/\/yoast.com\/wordpress\/plugins\/seo\/ -->\n<meta name=\"robots\" content=\"index, follow, max-snippet:-1, max-image-preview:large, max-video-preview:-1\" \/>\n<link rel=\"canonical\" href=\"https:\/\/hotellaperla.net\/it\/escursioni\/\" \/>\n<meta property=\"og:locale\" content=\"de_DE\" \/>\n<meta property=\"og:type\" content=\"article\" \/>\n<meta property=\"og:title\" content=\"Wanderungen - Hotel la Perla Canazei\" \/>\n<meta property=\"og:url\" content=\"https:\/\/hotellaperla.net\/it\/escursioni\/\" \/>\n<meta property=\"og:site_name\" content=\"Hotel la Perla Canazei\" \/>\n<meta property=\"article:modified_time\" content=\"2017-05-05T12:58:56+00:00\" \/>\n<meta name=\"twitter:card\" content=\"summary\" \/>\n<meta name=\"twitter:label1\" content=\"Verfasst von\">\n\t<meta name=\"twitter:data1\" content=\"admin\">\n\t<meta name=\"twitter:label2\" content=\"Gesch\u00e4tzte Lesezeit\">\n\t<meta name=\"twitter:data2\" content=\"1 Minute\">\n<script type=\"application\/ld+json\" class=\"yoast-schema-graph\">{\"@context\":\"https:\/\/schema.org\",\"@graph\":[{\"@type\":\"WebSite\",\"@id\":\"https:\/\/hotellaperla.net\/it\/#website\",\"url\":\"https:\/\/hotellaperla.net\/it\/\",\"name\":\"Hotel la Perla Canazei\",\"description\":\"Hotel la Perla Canazei\",\"potentialAction\":[{\"@type\":\"SearchAction\",\"target\":\"https:\/\/hotellaperla.net\/it\/?s={search_term_string}\",\"query-input\":\"required name=search_term_string\"}],\"inLanguage\":\"de-DE\"},{\"@type\":\"WebPage\",\"@id\":\"https:\/\/hotellaperla.net\/it\/escursioni\/#webpage\",\"url\":\"https:\/\/hotellaperla.net\/it\/escursioni\/\",\"name\":\"Wanderungen - Hotel la Perla Canazei\",\"isPartOf\":{\"@id\":\"https:\/\/hotellaperla.net\/it\/#website\"},\"datePublished\":\"2016-10-21T13:55:34+00:00\",\"dateModified\":\"2017-05-05T12:58:56+00:00\",\"inLanguage\":\"de-DE\",\"potentialAction\":[{\"@type\":\"ReadAction\",\"target\":[\"https:\/\/hotellaperla.net\/it\/escursioni\/\"]}]}]}<\/script>\n<!-- \/ Yoast SEO plugin. -->","_links":{"self":[{"href":"https:\/\/hotellaperla.net\/de\/wp-json\/wp\/v2\/pages\/3330"}],"collection":[{"href":"https:\/\/hotellaperla.net\/de\/wp-json\/wp\/v2\/pages"}],"about":[{"href":"https:\/\/hotellaperla.net\/de\/wp-json\/wp\/v2\/types\/page"}],"author":[{"embeddable":true,"href":"https:\/\/hotellaperla.net\/de\/wp-json\/wp\/v2\/users\/1"}],"replies":[{"embeddable":true,"href":"https:\/\/hotellaperla.net\/de\/wp-json\/wp\/v2\/comments?post=3330"}],"version-history":[{"count":2,"href":"https:\/\/hotellaperla.net\/de\/wp-json\/wp\/v2\/pages\/3330\/revisions"}],"predecessor-version":[{"id":3340,"href":"https:\/\/hotellaperla.net\/de\/wp-json\/wp\/v2\/pages\/3330\/revisions\/3340"}],"wp:attachment":[{"href":"https:\/\/hotellaperla.net\/de\/wp-json\/wp\/v2\/media?parent=3330"}],"curies":[{"name":"wp","href":"https:\/\/api.w.org\/{rel}","templated":true}]}}