{"id":3306,"date":"2016-10-21T13:26:35","date_gmt":"2016-10-21T13:26:35","guid":{"rendered":"http:\/\/hotellaperla.net\/biking\/"},"modified":"2017-05-05T12:42:02","modified_gmt":"2017-05-05T12:42:02","slug":"radfahren","status":"publish","type":"page","link":"https:\/\/hotellaperla.net\/de\/radfahren\/","title":{"rendered":"Radfahren"},"content":{"rendered":"<section class=\"l-section wpb_row height_medium\"><div class=\"l-section-h i-cf\"><div class=\"g-cols offset_small\"><div class=\" one-half\"><div class=\"wpb_text_column \"><div class=\"wpb_wrapper\">\n<h1 style=\"text-align: center; color: #e5c878;\">Radbegeisterung macht Furore in den Dolomiten<\/h1>\n<p>Auf der Suche nach der Wiederentdeckung des Wohlbefindens und dem echten umweltfreundlichen Kontakt mit der Natur, n\u00e4hern immer mehr Leute jeden Alters und Herkunft an die Welt des <strong>Radfahrens<\/strong> und <strong>Fahrradtourismus<\/strong> an.<\/p>\n<p>Die einzigartigen Panoramen des <strong>Fassatals<\/strong>, die versteckten Paradiese im Wald, die T\u00f6ne der B\u00e4che, der k\u00fchle Schatten der L\u00e4rchen- und Tannenw\u00e4lder, die atemberaubende H\u00f6he der Sennh\u00fctten und die Stille, die nur vom Vogelgesang unterbrochen wird: diese Zutaten tragen nicht nur zu einem <strong>Radurlaub im Fassatal<\/strong>, sondern auch zu einem echten <strong>Entspannungsurlaub ohne Stress <\/strong>bei.<\/p>\n<p>Das ganze Gebiet ist reich an zug\u00e4nglichen <strong>Pfaden und Strecken, <\/strong>die f\u00fcr die unterschiedlichsten Sportsaktivit\u00e4ten und f\u00fcr alle W\u00fcnsche geeignet sind.<\/div> <\/div> <\/div><div class=\" one-half\"><div class=\"w-gallery layout_default cols_1 link_media\"><div class=\"w-gallery-list\"><a class=\"w-gallery-item order_1\" href=\"https:\/\/hotellaperla.net\/wp-content\/uploads\/2016\/08\/016_RALF_BRUNEL_767.jpg\" title=\"016_RALF_BRUNEL_767\"><img loading=\"lazy\" decoding=\"async\" width=\"600\" height=\"600\" src=\"https:\/\/hotellaperla.net\/wp-content\/uploads\/2016\/08\/016_RALF_BRUNEL_767-600x600.jpg\" class=\"w-gallery-item-img\" alt=\"\" srcset=\"https:\/\/hotellaperla.net\/wp-content\/uploads\/2016\/08\/016_RALF_BRUNEL_767-600x600.jpg 600w, https:\/\/hotellaperla.net\/wp-content\/uploads\/2016\/08\/016_RALF_BRUNEL_767-150x150.jpg 150w, https:\/\/hotellaperla.net\/wp-content\/uploads\/2016\/08\/016_RALF_BRUNEL_767-350x350.jpg 350w\" sizes=\"(max-width: 600px) 100vw, 600px\" \/><span class=\"w-gallery-item-hover\"><\/span><span class=\"w-gallery-item-title\">016_RALF_BRUNEL_767<\/span><\/a><\/div><\/div>\n<\/div><\/div><\/div><\/section><section class=\"l-section wpb_row height_medium\"><div class=\"l-section-h i-cf\"><div class=\"g-cols offset_small\"><div class=\" one-half\"><div class=\"w-gallery layout_default cols_1 link_media\"><div class=\"w-gallery-list\"><a class=\"w-gallery-item order_1\" href=\"https:\/\/hotellaperla.net\/wp-content\/uploads\/2016\/10\/027.jpg\" title=\"027\"><img loading=\"lazy\" decoding=\"async\" width=\"600\" height=\"600\" src=\"https:\/\/hotellaperla.net\/wp-content\/uploads\/2016\/10\/027-600x600.jpg\" class=\"w-gallery-item-img\" alt=\"\" srcset=\"https:\/\/hotellaperla.net\/wp-content\/uploads\/2016\/10\/027-600x600.jpg 600w, https:\/\/hotellaperla.net\/wp-content\/uploads\/2016\/10\/027-150x150.jpg 150w, https:\/\/hotellaperla.net\/wp-content\/uploads\/2016\/10\/027-350x350.jpg 350w\" sizes=\"(max-width: 600px) 100vw, 600px\" \/><span class=\"w-gallery-item-hover\"><\/span><span class=\"w-gallery-item-title\">027<\/span><\/a><\/div><\/div>\n<\/div><div class=\" one-half\"><div class=\"wpb_text_column \"><div class=\"wpb_wrapper\">\n<h2 style=\"text-align: center; color: #e5c878;\">Radwege der Dolomiten von Fiemme- und Fassat\u00e4lern<\/h2>\n<p>Wer sich f\u00fcr eine leichte Ann\u00e4hrung an das Rad entscheidet und ruhig die Landschaft der <strong>Fiemme- und Fassat\u00e4ler<\/strong> genie\u00dfen will, die bekanntesten und beliebsten Route ist sicherlich der <strong>Radweg der Dolomiten,<\/strong> die am <strong>Hotel La Perla in Canazei<\/strong> vorbeif\u00fchrt.<\/p>\n<p>Die Route beginnt in <strong>Alba di Canazei<\/strong> und erreicht <strong>Molina di Fiemme<\/strong>, durch das ganze <strong>Fiemme- und Fassatal<\/strong>.\u00a0 Die Strecke schl\u00e4ngelt sich von Nord bis S\u00fcd f\u00fcr ungef\u00e4hr <strong>48 km <\/strong>(gesch\u00e4tzte Fahrzeit ist <strong>3-4 Stunden<\/strong>) und mit einem <strong>H\u00f6henunterschied von 650 Meter,<\/strong> der von<strong> einer scheinbaren Ebene, einem Abstieg und einem k\u00fcrzen Anstieg<\/strong> gekennzeichnet ist<strong>. Auch f\u00fcr Familien <\/strong>und Leuten au\u00dfer \u00dcbung geeignet.<\/p>\n<p>Die R\u00fcckkehr wird von <strong>Bike Express Fassa-Fiemme<\/strong> angeboten, B\u00fc\u00dfe die \u00a0mit Anh\u00e4ngern ausger\u00fcstet sind.<\/div> <\/div> <\/div><\/div><\/div><\/section><section class=\"l-section wpb_row height_medium\"><div class=\"l-section-h i-cf\"><div class=\"g-cols offset_small\"><div class=\" one-half\"><div class=\"wpb_text_column \"><div class=\"wpb_wrapper\">\n<h2 style=\"text-align: center;\"><\/h2>\n<h2 style=\"text-align: center;\"><\/h2>\n<h2 style=\"text-align: center;\"><\/h2>\n<h2 style=\"text-align: center; color: #e5c878;\">Mit dem Rad ins Gebirgen<\/h2>\n<p style=\"text-align: justify;\">\u00a0 \u00a0 Auf einigen <strong>Aufstiegsanlagen<\/strong> wie z. B auf der <strong>Gondelbahn von Belvedere in Canazei<\/strong>, wenige Schritte entfernt vom <strong>Hotel La Perla,<\/strong> ist die <strong>Radbef\u00f6rderung<\/strong> m\u00f6glich: das erlaubt, in die H\u00f6he aufzusteigen und von dort eine au\u00dferordentlich berauschende Aussicht auf die wunderbaren D\u00f6rfer und Berge des <strong>Fassatals<\/strong> zu haben.<\/p>\n<\/div> <\/div> <\/div><div class=\" one-half\"><div class=\"w-gallery layout_default cols_1 link_media\"><div class=\"w-gallery-list\"><a class=\"w-gallery-item order_1\" href=\"https:\/\/hotellaperla.net\/wp-content\/uploads\/2016\/10\/06_canazei_hotel_la_perla.jpg\" title=\"mountain bike\"><img loading=\"lazy\" decoding=\"async\" width=\"600\" height=\"600\" src=\"https:\/\/hotellaperla.net\/wp-content\/uploads\/2016\/10\/06_canazei_hotel_la_perla-600x600.jpg\" class=\"w-gallery-item-img\" alt=\"\" srcset=\"https:\/\/hotellaperla.net\/wp-content\/uploads\/2016\/10\/06_canazei_hotel_la_perla-600x600.jpg 600w, https:\/\/hotellaperla.net\/wp-content\/uploads\/2016\/10\/06_canazei_hotel_la_perla-150x150.jpg 150w, https:\/\/hotellaperla.net\/wp-content\/uploads\/2016\/10\/06_canazei_hotel_la_perla-350x350.jpg 350w\" sizes=\"(max-width: 600px) 100vw, 600px\" \/><span class=\"w-gallery-item-hover\"><\/span><span class=\"w-gallery-item-title\">mountain bike<\/span><\/a><\/div><\/div>\n<\/div><\/div><\/div><\/section><section class=\"l-section wpb_row height_medium\"><div class=\"l-section-h i-cf\"><div class=\"g-cols offset_small\"><div class=\" one-half\"><div class=\"w-gallery layout_default cols_1 link_media\"><div class=\"w-gallery-list\"><a class=\"w-gallery-item order_1\" href=\"https:\/\/hotellaperla.net\/wp-content\/uploads\/2016\/10\/mtb_sellaronda_canazei.jpg\" title=\"mtb_sellaronda_canazei\"><img loading=\"lazy\" decoding=\"async\" width=\"600\" height=\"600\" src=\"https:\/\/hotellaperla.net\/wp-content\/uploads\/2016\/10\/mtb_sellaronda_canazei-600x600.jpg\" class=\"w-gallery-item-img\" alt=\"\" srcset=\"https:\/\/hotellaperla.net\/wp-content\/uploads\/2016\/10\/mtb_sellaronda_canazei-600x600.jpg 600w, https:\/\/hotellaperla.net\/wp-content\/uploads\/2016\/10\/mtb_sellaronda_canazei-150x150.jpg 150w, https:\/\/hotellaperla.net\/wp-content\/uploads\/2016\/10\/mtb_sellaronda_canazei-350x350.jpg 350w\" sizes=\"(max-width: 600px) 100vw, 600px\" \/><span class=\"w-gallery-item-hover\"><\/span><span class=\"w-gallery-item-title\">mtb_sellaronda_canazei<\/span><\/a><\/div><\/div>\n<\/div><div class=\" one-half\"><div class=\"wpb_text_column \"><div class=\"wpb_wrapper\">\n<h2 style=\"text-align: center; color: #e5c878;\">Mountain Bike und Sellarunde<\/h2>\n<p class=\"NormalWeb\">Die Begeisterten des <strong>Mountainbike<\/strong> finden hier Ihr \u201cEldorado\u201d: <strong>mehr als 1.000 Km von aufregenden Routen<\/strong>, die sie <strong>h\u00f6her als 2000 Meter <\/strong>bringen und vom GPS-Navigatorger\u00e4t erhoben werden, winden sich durch die <strong>Lagorai-Kette<\/strong> und die <strong>Dolomitengipfel vom Latemar, Rosengarten und Sellamassiv<\/strong> und ber\u00fchren die <strong>Naturparks von Paneveggio <\/strong>und<strong> von Truden &#8211; Monte Corno.<\/strong> Dank der zahlreichen Wegweiser ist die Route ausgezeichnet signalisiert.<\/p>\n<p class=\"NormalWeb\">In <strong>Canazei<\/strong> und im ganzen <strong>Fassatal<\/strong> k\u00f6nnen <strong>Mountainbiker <\/strong>\u00fcber vielf\u00e4ltige<strong> Dienstleistungen <\/strong>verf\u00fcgen: <strong>Fachgesch\u00e4fte<\/strong>, <strong>Ausr\u00fcstungsverleihe f\u00fcr Mountainbiker<\/strong>, <strong>Radbef\u00f6rderungen, Mountainbikeschulen mit Lehrern, F\u00fchrungen und Bikeparks.<\/strong><\/p>\n<p>Viele wesentliche <strong>Ereignisse<\/strong> ziehen <strong>Mountainbikeprofis<\/strong> auf die <strong>Sellarunde<\/strong>, darunter:<\/p>\n<ul>\n<li>Der <strong>Marathonlauf der Dolomiten,<\/strong> ein der bekanntesten <strong>Granfondo<\/strong> <strong>Radrennen, <\/strong>das am ersten Sonntag vom Juli stattfinden<\/li>\n<\/ul>\n<ul>\n<li><strong>SellaRunde Bike Day<\/strong> ein Amateurradrennen, das als die beste <strong>Tour im Gel\u00e4nde der Dolomiten <\/strong>bezeichnet wird. Dank ihrer 55 Km L\u00e4nge und die Sch\u00f6nheit der Landschaft ist es von Radfahrern besonders geliebt.\u00a0 Dar\u00fcber hinaus wurden diese Aufstiege von mythischen Meistern wie <strong>Fausto<\/strong> <strong>Coppi oder Gino Bartali <\/strong>w\u00e4hrend des <strong>Giro d&#8217;Italia <\/strong>befahren<strong>.<\/strong> Auf dem<strong> Pordoijoch<\/strong> befindet sich au\u00dferdem ein <strong>Denkmal an Fausto Coppi<\/strong>.<\/li>\n<\/ul>\n<p><strong>Das Hotel La Perla a Canazei<\/strong> bietet allen G\u00e4sten <strong>freien Mountainbikeverleih<\/strong>.<\/div> <\/div> <\/div><\/div><\/div><\/section><section class=\"l-section wpb_row height_medium\"><div class=\"l-section-h i-cf\"><div class=\"g-cols offset_small\"><div class=\" one-half\"><div class=\"wpb_text_column \"><div class=\"wpb_wrapper\">\n<h2 style=\"text-align: center;\"><\/h2>\n<h2 style=\"text-align: center;\"><\/h2>\n<h2 style=\"text-align: center; color: #e5c878;\">Downhill in Canaze<\/h2>\n<p style=\"text-align: justify;\">\u00a0\u00a0\u00a0\u00a0 SWollen Sie Ihr Gleichgewicht und Ihre Selbstbeherrschung auf die technische Probe stellen? \u00dcberwinden Sie die <strong>Gef\u00e4ll- oder die Querfeldeinstrecke <\/strong>des &#8220;Fassa Bike Resort&#8221;auf dem Belvedere von Canazei<strong>, der Park, <\/strong>der Radfahrer mit Vorliebe f\u00fcr <strong>Northshorestrecke<\/strong> begeistert.<\/p>\n<\/div> <\/div> <\/div><div class=\" one-half\"><div class=\"w-gallery layout_default cols_1 link_media\"><div class=\"w-gallery-list\"><a class=\"w-gallery-item order_1\" href=\"https:\/\/hotellaperla.net\/wp-content\/uploads\/2016\/10\/Downhill-Belvedere-Fassa.jpg\" title=\"Downhill-Belvedere-Fassa\"><img loading=\"lazy\" decoding=\"async\" width=\"600\" height=\"600\" src=\"https:\/\/hotellaperla.net\/wp-content\/uploads\/2016\/10\/Downhill-Belvedere-Fassa-600x600.jpg\" class=\"w-gallery-item-img\" alt=\"\" srcset=\"https:\/\/hotellaperla.net\/wp-content\/uploads\/2016\/10\/Downhill-Belvedere-Fassa-600x600.jpg 600w, https:\/\/hotellaperla.net\/wp-content\/uploads\/2016\/10\/Downhill-Belvedere-Fassa-150x150.jpg 150w, https:\/\/hotellaperla.net\/wp-content\/uploads\/2016\/10\/Downhill-Belvedere-Fassa-350x350.jpg 350w\" sizes=\"(max-width: 600px) 100vw, 600px\" \/><span class=\"w-gallery-item-hover\"><\/span><span class=\"w-gallery-item-title\">Downhill-Belvedere-Fassa<\/span><\/a><\/div><\/div>\n<\/div><\/div><\/div><\/section>\n","protected":false},"excerpt":{"rendered":"Radbegeisterung macht Furore in den Dolomiten Auf der Suche nach...","protected":false},"author":1,"featured_media":0,"parent":0,"menu_order":0,"comment_status":"closed","ping_status":"closed","template":"","meta":{"footnotes":""},"yoast_head":"<!-- This site is optimized with the Yoast SEO plugin v15.3 - https:\/\/yoast.com\/wordpress\/plugins\/seo\/ -->\n<meta name=\"robots\" content=\"index, follow, max-snippet:-1, max-image-preview:large, max-video-preview:-1\" \/>\n<link rel=\"canonical\" href=\"https:\/\/hotellaperla.net\/it\/biking\/\" \/>\n<meta property=\"og:locale\" content=\"de_DE\" \/>\n<meta property=\"og:type\" content=\"article\" \/>\n<meta property=\"og:title\" content=\"Radfahren - Hotel la Perla Canazei\" \/>\n<meta property=\"og:url\" content=\"https:\/\/hotellaperla.net\/it\/biking\/\" \/>\n<meta property=\"og:site_name\" content=\"Hotel la Perla Canazei\" \/>\n<meta property=\"article:modified_time\" content=\"2017-05-05T12:42:02+00:00\" \/>\n<meta name=\"twitter:card\" content=\"summary\" \/>\n<meta name=\"twitter:label1\" content=\"Verfasst von\">\n\t<meta name=\"twitter:data1\" content=\"admin\">\n\t<meta name=\"twitter:label2\" content=\"Gesch\u00e4tzte Lesezeit\">\n\t<meta name=\"twitter:data2\" content=\"3 Minuten\">\n<script type=\"application\/ld+json\" class=\"yoast-schema-graph\">{\"@context\":\"https:\/\/schema.org\",\"@graph\":[{\"@type\":\"WebSite\",\"@id\":\"https:\/\/hotellaperla.net\/it\/#website\",\"url\":\"https:\/\/hotellaperla.net\/it\/\",\"name\":\"Hotel la Perla Canazei\",\"description\":\"Hotel la Perla Canazei\",\"potentialAction\":[{\"@type\":\"SearchAction\",\"target\":\"https:\/\/hotellaperla.net\/it\/?s={search_term_string}\",\"query-input\":\"required name=search_term_string\"}],\"inLanguage\":\"de-DE\"},{\"@type\":\"WebPage\",\"@id\":\"https:\/\/hotellaperla.net\/it\/biking\/#webpage\",\"url\":\"https:\/\/hotellaperla.net\/it\/biking\/\",\"name\":\"Radfahren - Hotel la Perla Canazei\",\"isPartOf\":{\"@id\":\"https:\/\/hotellaperla.net\/it\/#website\"},\"datePublished\":\"2016-10-21T13:26:35+00:00\",\"dateModified\":\"2017-05-05T12:42:02+00:00\",\"inLanguage\":\"de-DE\",\"potentialAction\":[{\"@type\":\"ReadAction\",\"target\":[\"https:\/\/hotellaperla.net\/it\/biking\/\"]}]}]}<\/script>\n<!-- \/ Yoast SEO plugin. -->","_links":{"self":[{"href":"https:\/\/hotellaperla.net\/de\/wp-json\/wp\/v2\/pages\/3306"}],"collection":[{"href":"https:\/\/hotellaperla.net\/de\/wp-json\/wp\/v2\/pages"}],"about":[{"href":"https:\/\/hotellaperla.net\/de\/wp-json\/wp\/v2\/types\/page"}],"author":[{"embeddable":true,"href":"https:\/\/hotellaperla.net\/de\/wp-json\/wp\/v2\/users\/1"}],"replies":[{"embeddable":true,"href":"https:\/\/hotellaperla.net\/de\/wp-json\/wp\/v2\/comments?post=3306"}],"version-history":[{"count":2,"href":"https:\/\/hotellaperla.net\/de\/wp-json\/wp\/v2\/pages\/3306\/revisions"}],"predecessor-version":[{"id":3316,"href":"https:\/\/hotellaperla.net\/de\/wp-json\/wp\/v2\/pages\/3306\/revisions\/3316"}],"wp:attachment":[{"href":"https:\/\/hotellaperla.net\/de\/wp-json\/wp\/v2\/media?parent=3306"}],"curies":[{"name":"wp","href":"https:\/\/api.w.org\/{rel}","templated":true}]}}