{"id":3300,"date":"2016-10-21T15:07:51","date_gmt":"2016-10-21T15:07:51","guid":{"rendered":"http:\/\/hotellaperla.net\/slittino-e-bob\/"},"modified":"2018-09-04T17:11:02","modified_gmt":"2018-09-04T17:11:02","slug":"slittino-e-bob","status":"publish","type":"page","link":"https:\/\/hotellaperla.net\/de\/slittino-e-bob\/","title":{"rendered":"Rodeln und Bob"},"content":{"rendered":"<section class=\"l-section wpb_row height_medium\"><div class=\"l-section-h i-cf\"><div class=\"g-cols offset_small\"><div class=\" one-half\"><div class=\"wpb_text_column \"><div class=\"wpb_wrapper\">\n<h1 style=\"text-align: center; color: #e5c878;\">Rodelh\u00e4nge und Bobs in Canazei<\/h1>\n<p>Eine sch\u00f6ne Abfahrt in Schlitten oder Bob ist eine gute Alternative zum Skifahren, um Spa\u00df mit Freunden zu haben und ein kleines Kind zur\u00fcck zu bringen.<\/p>\n<h2 style=\"text-align: center; color: #e5c878;\">Rodelh\u00e4nge und Bobs im Val di Fassa:<\/h2>\n<ul>\n<li>CANAZEI, am Avisio Skilift, auf Reservierung auch abends ge\u00f6ffnet. Zur Information Zelle +39 333 5919197<\/li>\n<li>VIGO DI FASSA, Ciampedie in der N\u00e4he des Kinferparks, Rodeln und Bobs, eingez\u00e4unten Bereich, freier Zugang.<\/li>\n<li>SORAGA, Kirchenbereich, Kinderbereich, Schlitten, Paletten und Bobs, frei zug\u00e4nglich.<\/li>\n<li>MOENA, Fiabilandia Park, Bobs und Fl\u00f6\u00dfe, eingez\u00e4unten Bereich, Laufbandlift, Vermietung und Erfrischung.<\/li>\n<\/ul>\n<\/div> <\/div> <\/div><div class=\" one-half\"><div class=\"w-slider\"><div class=\"royalSlider rsDefault\"><a class=\"rsImg\" data-rsw=\"1024\" data-rsh=\"683\" href=\"https:\/\/hotellaperla.net\/wp-content\/uploads\/2016\/10\/069-1-1024x683.jpg\"><\/a><\/div><div class=\"w-slider-json\" onclick='return {&quot;transitionSpeed&quot;:300,&quot;loopRewind&quot;:true,&quot;slidesSpacing&quot;:0,&quot;imageScalePadding&quot;:0,&quot;numImagesToPreload&quot;:2,&quot;arrowsNav&quot;:true,&quot;arrowsNavAutoHide&quot;:false,&quot;transitionType&quot;:&quot;move&quot;,&quot;controlNavigation&quot;:&quot;none&quot;,&quot;imageScaleMode&quot;:&quot;fit-if-smaller&quot;,&quot;autoScaleSlider&quot;:true,&quot;autoScaleSliderWidth&quot;:1024,&quot;autoScaleSliderHeight&quot;:683,&quot;fitInViewport&quot;:false}'><\/div><\/div><\/div><\/div><\/div><\/section>\n","protected":false},"excerpt":{"rendered":"Rodelh\u00e4nge und Bobs in Canazei Eine sch\u00f6ne Abfahrt in Schlitten...","protected":false},"author":1,"featured_media":0,"parent":0,"menu_order":0,"comment_status":"closed","ping_status":"closed","template":"","meta":{"footnotes":""},"yoast_head":"<!-- This site is optimized with the Yoast SEO plugin v15.3 - https:\/\/yoast.com\/wordpress\/plugins\/seo\/ -->\n<meta name=\"robots\" content=\"index, follow, max-snippet:-1, max-image-preview:large, max-video-preview:-1\" \/>\n<link rel=\"canonical\" href=\"https:\/\/hotellaperla.net\/it\/slittino-e-bob\/\" \/>\n<meta property=\"og:locale\" content=\"de_DE\" \/>\n<meta property=\"og:type\" content=\"article\" \/>\n<meta property=\"og:title\" content=\"Rodeln und Bob - Hotel la Perla Canazei\" \/>\n<meta property=\"og:url\" content=\"https:\/\/hotellaperla.net\/it\/slittino-e-bob\/\" \/>\n<meta property=\"og:site_name\" content=\"Hotel la Perla Canazei\" \/>\n<meta property=\"article:modified_time\" content=\"2018-09-04T17:11:02+00:00\" \/>\n<meta name=\"twitter:card\" content=\"summary\" \/>\n<meta name=\"twitter:label1\" content=\"Verfasst von\">\n\t<meta name=\"twitter:data1\" content=\"admin\">\n\t<meta name=\"twitter:label2\" content=\"Gesch\u00e4tzte Lesezeit\">\n\t<meta name=\"twitter:data2\" content=\"0 Minuten\">\n<script type=\"application\/ld+json\" class=\"yoast-schema-graph\">{\"@context\":\"https:\/\/schema.org\",\"@graph\":[{\"@type\":\"WebSite\",\"@id\":\"https:\/\/hotellaperla.net\/it\/#website\",\"url\":\"https:\/\/hotellaperla.net\/it\/\",\"name\":\"Hotel la Perla Canazei\",\"description\":\"Hotel la Perla Canazei\",\"potentialAction\":[{\"@type\":\"SearchAction\",\"target\":\"https:\/\/hotellaperla.net\/it\/?s={search_term_string}\",\"query-input\":\"required name=search_term_string\"}],\"inLanguage\":\"de-DE\"},{\"@type\":\"WebPage\",\"@id\":\"https:\/\/hotellaperla.net\/it\/slittino-e-bob\/#webpage\",\"url\":\"https:\/\/hotellaperla.net\/it\/slittino-e-bob\/\",\"name\":\"Rodeln und Bob - Hotel la Perla Canazei\",\"isPartOf\":{\"@id\":\"https:\/\/hotellaperla.net\/it\/#website\"},\"datePublished\":\"2016-10-21T15:07:51+00:00\",\"dateModified\":\"2018-09-04T17:11:02+00:00\",\"inLanguage\":\"de-DE\",\"potentialAction\":[{\"@type\":\"ReadAction\",\"target\":[\"https:\/\/hotellaperla.net\/it\/slittino-e-bob\/\"]}]}]}<\/script>\n<!-- \/ Yoast SEO plugin. -->","_links":{"self":[{"href":"https:\/\/hotellaperla.net\/de\/wp-json\/wp\/v2\/pages\/3300"}],"collection":[{"href":"https:\/\/hotellaperla.net\/de\/wp-json\/wp\/v2\/pages"}],"about":[{"href":"https:\/\/hotellaperla.net\/de\/wp-json\/wp\/v2\/types\/page"}],"author":[{"embeddable":true,"href":"https:\/\/hotellaperla.net\/de\/wp-json\/wp\/v2\/users\/1"}],"replies":[{"embeddable":true,"href":"https:\/\/hotellaperla.net\/de\/wp-json\/wp\/v2\/comments?post=3300"}],"version-history":[{"count":6,"href":"https:\/\/hotellaperla.net\/de\/wp-json\/wp\/v2\/pages\/3300\/revisions"}],"predecessor-version":[{"id":5553,"href":"https:\/\/hotellaperla.net\/de\/wp-json\/wp\/v2\/pages\/3300\/revisions\/5553"}],"wp:attachment":[{"href":"https:\/\/hotellaperla.net\/de\/wp-json\/wp\/v2\/media?parent=3300"}],"curies":[{"name":"wp","href":"https:\/\/api.w.org\/{rel}","templated":true}]}}