{"id":3287,"date":"2016-10-21T14:40:30","date_gmt":"2016-10-21T14:40:30","guid":{"rendered":"http:\/\/hotellaperla.net\/snowpark\/"},"modified":"2017-05-04T20:56:45","modified_gmt":"2017-05-04T20:56:45","slug":"snowpark","status":"publish","type":"page","link":"https:\/\/hotellaperla.net\/de\/snowpark\/","title":{"rendered":"Snowpark"},"content":{"rendered":"<section class=\"l-section wpb_row height_medium\"><div class=\"l-section-h i-cf\"><div class=\"g-cols offset_small\"><div class=\" full-width\"><div class=\"w-image  align_center\"><img loading=\"lazy\" decoding=\"async\" width=\"66\" height=\"55\" src=\"https:\/\/hotellaperla.net\/wp-content\/uploads\/2016\/08\/p33.png\" class=\"attachment-full size-full\" alt=\"Hotel la Perla Canazei\" \/><\/div><div class=\"wpb_text_column \"><div class=\"wpb_wrapper\">\n<h1 style=\"text-align: center;\">Skispr\u00fcngen, Kunstst\u00fccke und \u201cCliff\u201d f\u00fcr die Snowboardliebhaber in Canazei<\/h1>\n<\/div> <\/div> <\/div><\/div><\/div><\/section><section class=\"l-section wpb_row height_medium\"><div class=\"l-section-h i-cf\"><div class=\"g-cols offset_small\"><div class=\" one-half\"><div class=\"wpb_text_column \"><div class=\"wpb_wrapper\"><p>Seit langem ist das <strong>Fassatal<\/strong> ein Planziel f\u00fcr die Riders. Im Tal gibt es 5 gewidmete Gebiete f\u00fcr Snowboardliebhaber und Freestyler, die mit <strong>Jump, Rail, Boarder und Kicker<\/strong> ausgestattet sind und in denen sie sich bei Spr\u00fcngen und Kunstst\u00fccken in v\u00f6lliger Freiheit und in Sicherheit austoben k\u00f6nnen:<\/p>\n<ul>\n<li><a href=\"http:\/\/www.fassa.com\/IT\/DolomitiSnowpark\/\">Dolomiti Park &#8211; Canazei Belvedere<\/a><\/li>\n<li><a href=\"http:\/\/www.fassa.com\/IT\/Ston8Snowpark\/\">Ston8 Snowpark &#8211; Alba di Canazei Ciampac<\/a><\/li>\n<li><a href=\"http:\/\/www.fassa.com\/IT\/EasySnowpark\/\">Easy Snowpark &#8211; San Pellegrino<\/a> Joch<\/li>\n<li><a href=\"http:\/\/www.fassa.com\/IT\/ColRodellaSnowpark\/\">Col Rodella Snowpark &#8211;\u00a0Campitello di Fassa Col Rodella<\/a><\/li>\n<li><a href=\"http:\/\/www.fassa.com\/IT\/LusiaBoardercross\/\">Lusia Boardercross &#8211;\u00a0Moena Alpe di Lusia<\/a><\/li>\n<\/ul>\n<p>Auch f\u00fcr <a href=\"http:\/\/www.fassa.com\/IT\/Attivita-e-sport-in-Val-di-Fassa--Sci-alpinismo-e-fuori-pista\/\">Freeriders<\/a><strong>, <\/strong>ist<strong> Fassatal <\/strong>eine Fundgrube von schneebedeckten Strecken, weit entfernt von den traditionellen Skipisten. Unter den ber\u00fchmtesten Strecken, die unbedingt zum Versuchen sind, sind<strong> Val Mezd\u00ec und Val Lasties.<\/strong><\/p><\/div> <\/div> <\/div><div class=\" one-half\"><div class=\"w-gallery layout_masonry cols_2 link_media\"><div class=\"w-gallery-list\"><a class=\"w-gallery-item order_1\" href=\"https:\/\/hotellaperla.net\/wp-content\/uploads\/2016\/10\/066.jpg\" title=\"066\"><img loading=\"lazy\" decoding=\"async\" width=\"600\" height=\"400\" src=\"https:\/\/hotellaperla.net\/wp-content\/uploads\/2016\/10\/066-600x400.jpg\" class=\"w-gallery-item-img\" alt=\"\" srcset=\"https:\/\/hotellaperla.net\/wp-content\/uploads\/2016\/10\/066-600x400.jpg 600w, https:\/\/hotellaperla.net\/wp-content\/uploads\/2016\/10\/066-300x200.jpg 300w, https:\/\/hotellaperla.net\/wp-content\/uploads\/2016\/10\/066-768x512.jpg 768w, https:\/\/hotellaperla.net\/wp-content\/uploads\/2016\/10\/066-1024x683.jpg 1024w\" sizes=\"(max-width: 600px) 100vw, 600px\" \/><span class=\"w-gallery-item-hover\"><\/span><span class=\"w-gallery-item-title\">066<\/span><\/a><a class=\"w-gallery-item order_2\" href=\"https:\/\/hotellaperla.net\/wp-content\/uploads\/2016\/10\/067.jpg\" title=\"067\"><img loading=\"lazy\" decoding=\"async\" width=\"600\" height=\"400\" src=\"https:\/\/hotellaperla.net\/wp-content\/uploads\/2016\/10\/067-600x400.jpg\" class=\"w-gallery-item-img\" alt=\"\" srcset=\"https:\/\/hotellaperla.net\/wp-content\/uploads\/2016\/10\/067-600x400.jpg 600w, https:\/\/hotellaperla.net\/wp-content\/uploads\/2016\/10\/067-300x200.jpg 300w, https:\/\/hotellaperla.net\/wp-content\/uploads\/2016\/10\/067-768x512.jpg 768w, https:\/\/hotellaperla.net\/wp-content\/uploads\/2016\/10\/067-1024x683.jpg 1024w\" sizes=\"(max-width: 600px) 100vw, 600px\" \/><span class=\"w-gallery-item-hover\"><\/span><span class=\"w-gallery-item-title\">067<\/span><\/a><a class=\"w-gallery-item order_3\" href=\"https:\/\/hotellaperla.net\/wp-content\/uploads\/2016\/10\/065.jpg\" title=\"065\"><img loading=\"lazy\" decoding=\"async\" width=\"600\" height=\"400\" src=\"https:\/\/hotellaperla.net\/wp-content\/uploads\/2016\/10\/065-600x400.jpg\" class=\"w-gallery-item-img\" alt=\"\" srcset=\"https:\/\/hotellaperla.net\/wp-content\/uploads\/2016\/10\/065-600x400.jpg 600w, https:\/\/hotellaperla.net\/wp-content\/uploads\/2016\/10\/065-300x200.jpg 300w, https:\/\/hotellaperla.net\/wp-content\/uploads\/2016\/10\/065-768x512.jpg 768w, https:\/\/hotellaperla.net\/wp-content\/uploads\/2016\/10\/065-1024x683.jpg 1024w\" sizes=\"(max-width: 600px) 100vw, 600px\" \/><span class=\"w-gallery-item-hover\"><\/span><span class=\"w-gallery-item-title\">065<\/span><\/a><\/div><\/div>\n<\/div><\/div><\/div><\/section><section class=\"l-section wpb_row height_medium\"><div class=\"l-section-h i-cf\"><div class=\"g-cols offset_small\"><div class=\" one-half\"><div class=\"w-gallery layout_default cols_2 link_media\"><div class=\"w-gallery-list\"><a class=\"w-gallery-item order_1\" href=\"https:\/\/hotellaperla.net\/wp-content\/uploads\/2016\/10\/069.jpg\" title=\"hotel canazei dolomites\"><img loading=\"lazy\" decoding=\"async\" width=\"600\" height=\"600\" src=\"https:\/\/hotellaperla.net\/wp-content\/uploads\/2016\/10\/069-600x600.jpg\" class=\"w-gallery-item-img\" alt=\"hotel canazei dolomites\" srcset=\"https:\/\/hotellaperla.net\/wp-content\/uploads\/2016\/10\/069-600x600.jpg 600w, https:\/\/hotellaperla.net\/wp-content\/uploads\/2016\/10\/069-150x150.jpg 150w, https:\/\/hotellaperla.net\/wp-content\/uploads\/2016\/10\/069-350x350.jpg 350w\" sizes=\"(max-width: 600px) 100vw, 600px\" \/><span class=\"w-gallery-item-hover\"><\/span><span class=\"w-gallery-item-title\">hotel canazei dolomites<\/span><\/a><a class=\"w-gallery-item order_2\" href=\"https:\/\/hotellaperla.net\/wp-content\/uploads\/2016\/10\/070.jpg\" title=\"070\"><img loading=\"lazy\" decoding=\"async\" width=\"600\" height=\"600\" src=\"https:\/\/hotellaperla.net\/wp-content\/uploads\/2016\/10\/070-600x600.jpg\" class=\"w-gallery-item-img\" alt=\"\" srcset=\"https:\/\/hotellaperla.net\/wp-content\/uploads\/2016\/10\/070-600x600.jpg 600w, https:\/\/hotellaperla.net\/wp-content\/uploads\/2016\/10\/070-150x150.jpg 150w, https:\/\/hotellaperla.net\/wp-content\/uploads\/2016\/10\/070-350x350.jpg 350w\" sizes=\"(max-width: 600px) 100vw, 600px\" \/><span class=\"w-gallery-item-hover\"><\/span><span class=\"w-gallery-item-title\">070<\/span><\/a><a class=\"w-gallery-item order_3\" href=\"https:\/\/hotellaperla.net\/wp-content\/uploads\/2016\/10\/071.jpg\" title=\"panorama-inverno-canazei\"><img loading=\"lazy\" decoding=\"async\" width=\"600\" height=\"600\" src=\"https:\/\/hotellaperla.net\/wp-content\/uploads\/2016\/10\/071-600x600.jpg\" class=\"w-gallery-item-img\" alt=\"\" srcset=\"https:\/\/hotellaperla.net\/wp-content\/uploads\/2016\/10\/071-600x600.jpg 600w, https:\/\/hotellaperla.net\/wp-content\/uploads\/2016\/10\/071-150x150.jpg 150w, https:\/\/hotellaperla.net\/wp-content\/uploads\/2016\/10\/071-350x350.jpg 350w\" sizes=\"(max-width: 600px) 100vw, 600px\" \/><span class=\"w-gallery-item-hover\"><\/span><span class=\"w-gallery-item-title\">panorama-inverno-canazei<\/span><\/a><a class=\"w-gallery-item order_4\" href=\"https:\/\/hotellaperla.net\/wp-content\/uploads\/2016\/10\/062.jpg\" title=\"062\"><img loading=\"lazy\" decoding=\"async\" width=\"600\" height=\"600\" src=\"https:\/\/hotellaperla.net\/wp-content\/uploads\/2016\/10\/062-600x600.jpg\" class=\"w-gallery-item-img\" alt=\"\" srcset=\"https:\/\/hotellaperla.net\/wp-content\/uploads\/2016\/10\/062-600x600.jpg 600w, https:\/\/hotellaperla.net\/wp-content\/uploads\/2016\/10\/062-150x150.jpg 150w, https:\/\/hotellaperla.net\/wp-content\/uploads\/2016\/10\/062-350x350.jpg 350w\" sizes=\"(max-width: 600px) 100vw, 600px\" \/><span class=\"w-gallery-item-hover\"><\/span><span class=\"w-gallery-item-title\">062<\/span><\/a><\/div><\/div>\n<\/div><div class=\" one-half\"><div class=\"wpb_text_column \"><div class=\"wpb_wrapper\">\n<h1 style=\"text-align: center;\">Dolomiti Park &#8211; Canazei Belvedere<\/h1>\n<p>Der <strong>modernste und modische<\/strong> <strong>Snowpark <\/strong>befindet sich im Skigebiet <strong>Belvedere in Canazei<\/strong> und ist einfach vom <strong>Hotel La Perla <\/strong>durch die Luftseilbahn, die neben dem Hotel abf\u00e4hrt, erreichbar.<\/p>\n<p>Der <strong>Snowpark,<\/strong> der in Zusammenarbeit mit dem amerikanischen Unternehmen <strong>Burtom<\/strong> entwickelt wurde, ist f\u00fcr <strong>alle Niveaus <\/strong>geeignet<strong>. Boarder cross, Box, Rail <\/strong>und der neue BigAirBag, eine riesige Luftmatratze (17&#215;11 Meter), die den Sprung abschw\u00e4cht, ziehen die wildesten <strong>Riders<\/strong> an, die sich mit halsbrecherischen Kunstst\u00fccken und Spr\u00fcngen in Einklang mit den <strong>Dolomitengeist<\/strong> bringen.<\/p>\n<p>Am Sonnenuntergang treffen sich alle im <strong>Cliff<\/strong> wieder, um die letzte Energie beim Klang der Musik auszulassen und mit Freunden die Erinnerungen und die Gef\u00fchle eines unvergesslichen Tages zu erz\u00e4hlen.<\/div> <\/div> <\/div><\/div><\/div><\/section>\n","protected":false},"excerpt":{"rendered":"Skispr\u00fcngen, Kunstst\u00fccke und \u201cCliff\u201d f\u00fcr die Snowboardliebhaber in Canazei Seit...","protected":false},"author":1,"featured_media":0,"parent":0,"menu_order":0,"comment_status":"closed","ping_status":"closed","template":"","meta":{"footnotes":""},"yoast_head":"<!-- This site is optimized with the Yoast SEO plugin v15.3 - https:\/\/yoast.com\/wordpress\/plugins\/seo\/ -->\n<meta name=\"robots\" content=\"index, follow, max-snippet:-1, max-image-preview:large, max-video-preview:-1\" \/>\n<link rel=\"canonical\" href=\"https:\/\/hotellaperla.net\/it\/snowpark-val-di-fassa\/\" \/>\n<meta property=\"og:locale\" content=\"de_DE\" \/>\n<meta property=\"og:type\" content=\"article\" \/>\n<meta property=\"og:title\" content=\"Snowpark - Hotel la Perla Canazei\" \/>\n<meta property=\"og:url\" content=\"https:\/\/hotellaperla.net\/it\/snowpark-val-di-fassa\/\" \/>\n<meta property=\"og:site_name\" content=\"Hotel la Perla Canazei\" \/>\n<meta property=\"article:modified_time\" content=\"2017-05-04T20:56:45+00:00\" \/>\n<meta name=\"twitter:card\" content=\"summary\" \/>\n<meta name=\"twitter:label1\" content=\"Verfasst von\">\n\t<meta name=\"twitter:data1\" content=\"admin\">\n\t<meta name=\"twitter:label2\" content=\"Gesch\u00e4tzte Lesezeit\">\n\t<meta name=\"twitter:data2\" content=\"1 Minute\">\n<script type=\"application\/ld+json\" class=\"yoast-schema-graph\">{\"@context\":\"https:\/\/schema.org\",\"@graph\":[{\"@type\":\"WebSite\",\"@id\":\"https:\/\/hotellaperla.net\/it\/#website\",\"url\":\"https:\/\/hotellaperla.net\/it\/\",\"name\":\"Hotel la Perla Canazei\",\"description\":\"Hotel la Perla Canazei\",\"potentialAction\":[{\"@type\":\"SearchAction\",\"target\":\"https:\/\/hotellaperla.net\/it\/?s={search_term_string}\",\"query-input\":\"required name=search_term_string\"}],\"inLanguage\":\"de-DE\"},{\"@type\":\"WebPage\",\"@id\":\"https:\/\/hotellaperla.net\/it\/snowpark-val-di-fassa\/#webpage\",\"url\":\"https:\/\/hotellaperla.net\/it\/snowpark-val-di-fassa\/\",\"name\":\"Snowpark - Hotel la Perla Canazei\",\"isPartOf\":{\"@id\":\"https:\/\/hotellaperla.net\/it\/#website\"},\"datePublished\":\"2016-10-21T14:40:30+00:00\",\"dateModified\":\"2017-05-04T20:56:45+00:00\",\"inLanguage\":\"de-DE\",\"potentialAction\":[{\"@type\":\"ReadAction\",\"target\":[\"https:\/\/hotellaperla.net\/it\/snowpark-val-di-fassa\/\"]}]}]}<\/script>\n<!-- \/ Yoast SEO plugin. -->","_links":{"self":[{"href":"https:\/\/hotellaperla.net\/de\/wp-json\/wp\/v2\/pages\/3287"}],"collection":[{"href":"https:\/\/hotellaperla.net\/de\/wp-json\/wp\/v2\/pages"}],"about":[{"href":"https:\/\/hotellaperla.net\/de\/wp-json\/wp\/v2\/types\/page"}],"author":[{"embeddable":true,"href":"https:\/\/hotellaperla.net\/de\/wp-json\/wp\/v2\/users\/1"}],"replies":[{"embeddable":true,"href":"https:\/\/hotellaperla.net\/de\/wp-json\/wp\/v2\/comments?post=3287"}],"version-history":[{"count":2,"href":"https:\/\/hotellaperla.net\/de\/wp-json\/wp\/v2\/pages\/3287\/revisions"}],"predecessor-version":[{"id":3292,"href":"https:\/\/hotellaperla.net\/de\/wp-json\/wp\/v2\/pages\/3287\/revisions\/3292"}],"wp:attachment":[{"href":"https:\/\/hotellaperla.net\/de\/wp-json\/wp\/v2\/media?parent=3287"}],"curies":[{"name":"wp","href":"https:\/\/api.w.org\/{rel}","templated":true}]}}