{"id":3276,"date":"2016-10-21T13:17:13","date_gmt":"2016-10-21T13:17:13","guid":{"rendered":"http:\/\/hotellaperla.net\/dolomitisellaronda\/"},"modified":"2017-05-04T20:47:48","modified_gmt":"2017-05-04T20:47:48","slug":"dolomitensellarunde","status":"publish","type":"page","link":"https:\/\/hotellaperla.net\/de\/dolomitensellarunde\/","title":{"rendered":"Dolomiten\/Sellarunde"},"content":{"rendered":"<section class=\"l-section wpb_row height_medium\"><div class=\"l-section-h i-cf\"><div class=\"g-cols offset_small\"><div class=\" full-width\"><div class=\"w-image  align_right\"><img loading=\"lazy\" decoding=\"async\" width=\"66\" height=\"55\" src=\"https:\/\/hotellaperla.net\/wp-content\/uploads\/2016\/08\/p33.png\" class=\"attachment-full size-full\" alt=\"Hotel la Perla Canazei\" \/><\/div><div class=\"wpb_text_column \"><div class=\"wpb_wrapper\">\n<h1 style=\"text-align: center; color: #e5c878;\">Dolomiten und SellaRunde (die Vierp\u00e4sseumrundung): wertvolles Juwel der Menschheit<\/h1>\n<\/div> <\/div> <\/div><\/div><\/div><\/section><section class=\"l-section wpb_row height_medium\"><div class=\"l-section-h i-cf\"><div class=\"g-cols offset_small\"><div class=\" one-half\"><div class=\"wpb_text_column \"><div class=\"wpb_wrapper\">\n<p style=\"text-align: justify;\">\n<p>Die <strong>Dolomiten<\/strong> wurden von dem <strong>UNESCO <\/strong>als<strong> Weltkulturgut<\/strong> anerkannt; das bedeutet, dass ihre Sch\u00f6nheit und Einzigartigkeit f\u00fcr die zuk\u00fcnftigen Generationen zu sch\u00fctzen und aufzubewahren sind.<\/p>\n<p>Solche Anerkennung ist eine gro\u00dfe Ehre, aber auch eine gro\u00dfe Auslage f\u00fcr die einheimische Bev\u00f6lkerung und f\u00fcr die Verwaltungen der Gemeinden und der Regionen, auf die die <strong>Dolomiten<\/strong> sich imposant erstrecken.<\/p>\n<p>Auch wir Besitzer des <strong>Hotel La Perla<\/strong>, da wir in <strong>Canazei <\/strong>im Herzen der <strong>Dolomiten <\/strong>wohnen, versuchen unsere Aufgabe zu erf\u00fcllen und verpflichten uns, Touristen und Reisenden die Liebe, die Pflege und den Respekt dieser majest\u00e4tischen Berge zu \u00fcbertragen.<\/div> <\/div> <\/div><div class=\" one-half\"><div class=\"w-gallery layout_masonry cols_1 link_media\"><div class=\"w-gallery-list\"><a class=\"w-gallery-item order_1\" href=\"https:\/\/hotellaperla.net\/wp-content\/uploads\/2016\/10\/sellaronda_dolomiti_canazei.jpg\" title=\"sellaronda_dolomiti_canazei\"><img loading=\"lazy\" decoding=\"async\" width=\"600\" height=\"396\" src=\"https:\/\/hotellaperla.net\/wp-content\/uploads\/2016\/10\/sellaronda_dolomiti_canazei-600x396.jpg\" class=\"w-gallery-item-img\" alt=\"\" srcset=\"https:\/\/hotellaperla.net\/wp-content\/uploads\/2016\/10\/sellaronda_dolomiti_canazei-600x396.jpg 600w, https:\/\/hotellaperla.net\/wp-content\/uploads\/2016\/10\/sellaronda_dolomiti_canazei-300x198.jpg 300w, https:\/\/hotellaperla.net\/wp-content\/uploads\/2016\/10\/sellaronda_dolomiti_canazei-768x507.jpg 768w, https:\/\/hotellaperla.net\/wp-content\/uploads\/2016\/10\/sellaronda_dolomiti_canazei-1024x676.jpg 1024w, https:\/\/hotellaperla.net\/wp-content\/uploads\/2016\/10\/sellaronda_dolomiti_canazei.jpg 1600w\" sizes=\"(max-width: 600px) 100vw, 600px\" \/><span class=\"w-gallery-item-hover\"><\/span><span class=\"w-gallery-item-title\">sellaronda_dolomiti_canazei<\/span><\/a><\/div><\/div>\n<\/div><\/div><\/div><\/section><section class=\"l-section wpb_row height_medium\"><div class=\"l-section-h i-cf\"><div class=\"g-cols offset_small\"><div class=\" one-half\"><div class=\"w-gallery layout_default cols_1 link_media\"><div class=\"w-gallery-list\"><a class=\"w-gallery-item order_1\" href=\"https:\/\/hotellaperla.net\/wp-content\/uploads\/2016\/10\/sellaronda_giro_4_passi.jpg\" title=\"sellaronda_giro_4_passi\"><img loading=\"lazy\" decoding=\"async\" width=\"600\" height=\"600\" src=\"https:\/\/hotellaperla.net\/wp-content\/uploads\/2016\/10\/sellaronda_giro_4_passi-600x600.jpg\" class=\"w-gallery-item-img\" alt=\"\" srcset=\"https:\/\/hotellaperla.net\/wp-content\/uploads\/2016\/10\/sellaronda_giro_4_passi-600x600.jpg 600w, https:\/\/hotellaperla.net\/wp-content\/uploads\/2016\/10\/sellaronda_giro_4_passi-150x150.jpg 150w, https:\/\/hotellaperla.net\/wp-content\/uploads\/2016\/10\/sellaronda_giro_4_passi-350x350.jpg 350w\" sizes=\"(max-width: 600px) 100vw, 600px\" \/><span class=\"w-gallery-item-hover\"><\/span><span class=\"w-gallery-item-title\">sellaronda_giro_4_passi<\/span><\/a><\/div><\/div>\n<\/div><div class=\" one-half\"><div class=\"wpb_text_column \"><div class=\"wpb_wrapper\">\n<h2 style=\"text-align: center; color: #e5c878;\">SellaRunde oder \u201cVierp\u00e4sseumrundung\u201d<\/h2>\n<p>Die <strong>Dolomiten<\/strong>, auch <strong>\u201c I Monti Pallidi\u201d<\/strong> (Bleiche Berge) genannt, erstrecken sich in den italienischen <strong>Ostalpen<\/strong> vom <strong>Pustertal bis zum Cadore<\/strong> und beherbergen die<strong> Sellarunde, <\/strong>auch als \u201c<strong>Vierp\u00e4sseumrundung<\/strong>\u201c bekannt: <strong>Sellajoch<\/strong>, <strong>Pordoijoch<\/strong>, <strong>Campolongo-Joch<\/strong>, <strong>Gr\u00f6dnerjoch<\/strong>, eine Tour an der <strong>Sellagruppe<\/strong><strong>.<\/strong><\/p>\n<p>Die Tour verbindet <strong>Fassatal,<\/strong> <strong>Arabba Livinnalongo<\/strong>, <strong>Abteital\/Oberabteital<\/strong> und <strong>Gr\u00f6dnertal<\/strong> und schenkt beraubende Panoramen: <strong>Sellamassiv<\/strong>, <strong>Langkofelgruppe<\/strong>, <strong>Schlernmassiv, Sassongher<\/strong>, <strong>Monte Pelmo, Monte Civetta<\/strong> und <strong>Marmolada <\/strong>bezaubern alle Wanderer, die mit dem Auto, zu Fu\u00df, mit dem Rad oder im Winter mit Skier oder Snowboards fahren.<\/p>\n<p>Verschieden sind die Sportereignisse, in denen die <strong>Dolomiten<\/strong> und die <strong>SellaRunde<\/strong> als Hauptfiguren hervorragen: an erster Stelle das Radrenner <strong>Giro d\u2019Italia<\/strong>, das f\u00fcr die legend\u00e4ren Taten der ber\u00fchmten internationalen Radfahrer erinnert wird.<\/p>\n<p><strong>Das Hotel La Perla<\/strong> ist die geeignete Ausgangsbasis f\u00fcr die <strong>Sellarunde<\/strong> von <strong>Canazei.<\/strong><\/div> <\/div> <\/div><\/div><\/div><\/section>\n","protected":false},"excerpt":{"rendered":"Dolomiten und SellaRunde (die Vierp\u00e4sseumrundung): wertvolles Juwel der Menschheit Die...","protected":false},"author":1,"featured_media":0,"parent":0,"menu_order":0,"comment_status":"closed","ping_status":"closed","template":"","meta":{"footnotes":""},"yoast_head":"<!-- This site is optimized with the Yoast SEO plugin v15.3 - https:\/\/yoast.com\/wordpress\/plugins\/seo\/ -->\n<meta name=\"robots\" content=\"index, follow, max-snippet:-1, max-image-preview:large, max-video-preview:-1\" \/>\n<link rel=\"canonical\" href=\"https:\/\/hotellaperla.net\/it\/dolomitisellaronda\/\" \/>\n<meta property=\"og:locale\" content=\"de_DE\" \/>\n<meta property=\"og:type\" content=\"article\" \/>\n<meta property=\"og:title\" content=\"Dolomiten\/Sellarunde - Hotel la Perla Canazei\" \/>\n<meta property=\"og:url\" content=\"https:\/\/hotellaperla.net\/it\/dolomitisellaronda\/\" \/>\n<meta property=\"og:site_name\" content=\"Hotel la Perla Canazei\" \/>\n<meta property=\"article:modified_time\" content=\"2017-05-04T20:47:48+00:00\" \/>\n<meta name=\"twitter:card\" content=\"summary\" \/>\n<meta name=\"twitter:label1\" content=\"Verfasst von\">\n\t<meta name=\"twitter:data1\" content=\"admin\">\n\t<meta name=\"twitter:label2\" content=\"Gesch\u00e4tzte Lesezeit\">\n\t<meta name=\"twitter:data2\" content=\"1 Minute\">\n<script type=\"application\/ld+json\" class=\"yoast-schema-graph\">{\"@context\":\"https:\/\/schema.org\",\"@graph\":[{\"@type\":\"WebSite\",\"@id\":\"https:\/\/hotellaperla.net\/it\/#website\",\"url\":\"https:\/\/hotellaperla.net\/it\/\",\"name\":\"Hotel la Perla Canazei\",\"description\":\"Hotel la Perla Canazei\",\"potentialAction\":[{\"@type\":\"SearchAction\",\"target\":\"https:\/\/hotellaperla.net\/it\/?s={search_term_string}\",\"query-input\":\"required name=search_term_string\"}],\"inLanguage\":\"de-DE\"},{\"@type\":\"WebPage\",\"@id\":\"https:\/\/hotellaperla.net\/it\/dolomitisellaronda\/#webpage\",\"url\":\"https:\/\/hotellaperla.net\/it\/dolomitisellaronda\/\",\"name\":\"Dolomiten\/Sellarunde - Hotel la Perla Canazei\",\"isPartOf\":{\"@id\":\"https:\/\/hotellaperla.net\/it\/#website\"},\"datePublished\":\"2016-10-21T13:17:13+00:00\",\"dateModified\":\"2017-05-04T20:47:48+00:00\",\"inLanguage\":\"de-DE\",\"potentialAction\":[{\"@type\":\"ReadAction\",\"target\":[\"https:\/\/hotellaperla.net\/it\/dolomitisellaronda\/\"]}]}]}<\/script>\n<!-- \/ Yoast SEO plugin. -->","_links":{"self":[{"href":"https:\/\/hotellaperla.net\/de\/wp-json\/wp\/v2\/pages\/3276"}],"collection":[{"href":"https:\/\/hotellaperla.net\/de\/wp-json\/wp\/v2\/pages"}],"about":[{"href":"https:\/\/hotellaperla.net\/de\/wp-json\/wp\/v2\/types\/page"}],"author":[{"embeddable":true,"href":"https:\/\/hotellaperla.net\/de\/wp-json\/wp\/v2\/users\/1"}],"replies":[{"embeddable":true,"href":"https:\/\/hotellaperla.net\/de\/wp-json\/wp\/v2\/comments?post=3276"}],"version-history":[{"count":2,"href":"https:\/\/hotellaperla.net\/de\/wp-json\/wp\/v2\/pages\/3276\/revisions"}],"predecessor-version":[{"id":3284,"href":"https:\/\/hotellaperla.net\/de\/wp-json\/wp\/v2\/pages\/3276\/revisions\/3284"}],"wp:attachment":[{"href":"https:\/\/hotellaperla.net\/de\/wp-json\/wp\/v2\/media?parent=3276"}],"curies":[{"name":"wp","href":"https:\/\/api.w.org\/{rel}","templated":true}]}}