{"id":3269,"date":"2016-10-21T14:31:30","date_gmt":"2016-10-21T14:31:30","guid":{"rendered":"http:\/\/hotellaperla.net\/skipass-service\/"},"modified":"2018-09-04T17:02:29","modified_gmt":"2018-09-04T17:02:29","slug":"skipass-service","status":"publish","type":"page","link":"https:\/\/hotellaperla.net\/de\/skipass-service\/","title":{"rendered":"Skipass Service"},"content":{"rendered":"<section class=\"l-section wpb_row height_medium\"><div class=\"l-section-h i-cf\"><div class=\"g-cols offset_small\"><div class=\" full-width\"><div class=\"wpb_text_column \"><div class=\"wpb_wrapper\">\n<h1 style=\"text-align: center; color: #e5c878;\">Skipass einfach im Hotel La Perla abholen<\/h1>\n<p class=\"NormalWeb\">Um den Einkauf des <strong>Skipasses direkt im Hotel<\/strong> zu erleichtern, steht unsere neue Dienstleistung &#8220;Hotel Skipass Service&#8221; zur Verf\u00fcgung, der nur f\u00fcr Skipass f\u00fcr Erwachsenen <strong>Dolomiti Superski<\/strong> und f\u00fcr den Skipass Val di Fassa\/Carezza (ausgeschlossen sind der erm\u00e4\u00dfigte Skipass f\u00fcr Juniores und Seniores, der freie Kinderskipass, der Saisonpass und der Pass f\u00fcr 12 Tage in der Saison) gilt.<\/p>\n<p class=\"NormalWeb\">Sie k\u00f6nnen den Pass innerhalb von 48 Stunden vor Ankunft im Hotel, <strong>ohne zus\u00e4tzliche Kosten<\/strong> kaufen und mit Kreditkarte in der Webseite <a href=\"http:\/\/www.dolomitisuperski.com\/\">www.dolomitisuperski.com<\/a> bezahlen. Sie bekommen einen Kode, der dem gebuchten Hotel geschickt wird, das Ihnen den Pass bei Ihrer Ankunft aush\u00e4ndigt.<\/p>\n<\/div> <\/div> <\/div><\/div><\/div><\/section><section class=\"l-section wpb_row height_medium\" style=\"padding-left: 30% !important;\"><div class=\"l-section-h i-cf\"><div class=\"g-cols offset_small\"><div class=\" full-width\"><div class=\"w-image \"><a href=\"https:\/\/hotellaperla.net\/wp-content\/uploads\/2016\/10\/HSS-2014.jpg\" ref=\"magnificPopup\"><img loading=\"lazy\" decoding=\"async\" width=\"600\" height=\"222\" src=\"https:\/\/hotellaperla.net\/wp-content\/uploads\/2016\/10\/HSS-2014-600x222.jpg\" class=\"attachment-tnail-masonry size-tnail-masonry\" alt=\"\" srcset=\"https:\/\/hotellaperla.net\/wp-content\/uploads\/2016\/10\/HSS-2014-600x222.jpg 600w, https:\/\/hotellaperla.net\/wp-content\/uploads\/2016\/10\/HSS-2014-300x111.jpg 300w, https:\/\/hotellaperla.net\/wp-content\/uploads\/2016\/10\/HSS-2014.jpg 649w\" sizes=\"(max-width: 600px) 100vw, 600px\" \/><\/a><\/div><\/div><\/div><\/div><\/section>\n","protected":false},"excerpt":{"rendered":"Skipass einfach im Hotel La Perla abholen Um den Einkauf...","protected":false},"author":1,"featured_media":0,"parent":0,"menu_order":0,"comment_status":"closed","ping_status":"closed","template":"","meta":{"footnotes":""},"yoast_head":"<!-- This site is optimized with the Yoast SEO plugin v15.3 - https:\/\/yoast.com\/wordpress\/plugins\/seo\/ -->\n<meta name=\"robots\" content=\"index, follow, max-snippet:-1, max-image-preview:large, max-video-preview:-1\" \/>\n<link rel=\"canonical\" href=\"https:\/\/hotellaperla.net\/it\/skipass-service\/\" \/>\n<meta property=\"og:locale\" content=\"de_DE\" \/>\n<meta property=\"og:type\" content=\"article\" \/>\n<meta property=\"og:title\" content=\"Skipass Service - Hotel la Perla Canazei\" \/>\n<meta property=\"og:url\" content=\"https:\/\/hotellaperla.net\/it\/skipass-service\/\" \/>\n<meta property=\"og:site_name\" content=\"Hotel la Perla Canazei\" \/>\n<meta property=\"article:modified_time\" content=\"2018-09-04T17:02:29+00:00\" \/>\n<meta name=\"twitter:card\" content=\"summary\" \/>\n<meta name=\"twitter:label1\" content=\"Verfasst von\">\n\t<meta name=\"twitter:data1\" content=\"admin\">\n\t<meta name=\"twitter:label2\" content=\"Gesch\u00e4tzte Lesezeit\">\n\t<meta name=\"twitter:data2\" content=\"1 Minute\">\n<script type=\"application\/ld+json\" class=\"yoast-schema-graph\">{\"@context\":\"https:\/\/schema.org\",\"@graph\":[{\"@type\":\"WebSite\",\"@id\":\"https:\/\/hotellaperla.net\/it\/#website\",\"url\":\"https:\/\/hotellaperla.net\/it\/\",\"name\":\"Hotel la Perla Canazei\",\"description\":\"Hotel la Perla Canazei\",\"potentialAction\":[{\"@type\":\"SearchAction\",\"target\":\"https:\/\/hotellaperla.net\/it\/?s={search_term_string}\",\"query-input\":\"required name=search_term_string\"}],\"inLanguage\":\"de-DE\"},{\"@type\":\"WebPage\",\"@id\":\"https:\/\/hotellaperla.net\/it\/skipass-service\/#webpage\",\"url\":\"https:\/\/hotellaperla.net\/it\/skipass-service\/\",\"name\":\"Skipass Service - Hotel la Perla Canazei\",\"isPartOf\":{\"@id\":\"https:\/\/hotellaperla.net\/it\/#website\"},\"datePublished\":\"2016-10-21T14:31:30+00:00\",\"dateModified\":\"2018-09-04T17:02:29+00:00\",\"inLanguage\":\"de-DE\",\"potentialAction\":[{\"@type\":\"ReadAction\",\"target\":[\"https:\/\/hotellaperla.net\/it\/skipass-service\/\"]}]}]}<\/script>\n<!-- \/ Yoast SEO plugin. -->","_links":{"self":[{"href":"https:\/\/hotellaperla.net\/de\/wp-json\/wp\/v2\/pages\/3269"}],"collection":[{"href":"https:\/\/hotellaperla.net\/de\/wp-json\/wp\/v2\/pages"}],"about":[{"href":"https:\/\/hotellaperla.net\/de\/wp-json\/wp\/v2\/types\/page"}],"author":[{"embeddable":true,"href":"https:\/\/hotellaperla.net\/de\/wp-json\/wp\/v2\/users\/1"}],"replies":[{"embeddable":true,"href":"https:\/\/hotellaperla.net\/de\/wp-json\/wp\/v2\/comments?post=3269"}],"version-history":[{"count":3,"href":"https:\/\/hotellaperla.net\/de\/wp-json\/wp\/v2\/pages\/3269\/revisions"}],"predecessor-version":[{"id":5546,"href":"https:\/\/hotellaperla.net\/de\/wp-json\/wp\/v2\/pages\/3269\/revisions\/5546"}],"wp:attachment":[{"href":"https:\/\/hotellaperla.net\/de\/wp-json\/wp\/v2\/media?parent=3269"}],"curies":[{"name":"wp","href":"https:\/\/api.w.org\/{rel}","templated":true}]}}