{"id":3255,"date":"2016-10-21T12:24:58","date_gmt":"2016-10-21T12:24:58","guid":{"rendered":"http:\/\/hotellaperla.net\/rifugio-contrin\/"},"modified":"2018-09-04T16:11:28","modified_gmt":"2018-09-04T16:11:28","slug":"die-berghuette-contrin","status":"publish","type":"page","link":"https:\/\/hotellaperla.net\/de\/die-berghuette-contrin\/","title":{"rendered":"Die Bergh\u00fctte Contrin"},"content":{"rendered":"<section class=\"l-section wpb_row height_medium\"><div class=\"l-section-h i-cf\"><div class=\"g-cols offset_small\"><div class=\" full-width\"><div class=\"w-image  align_center\"><img loading=\"lazy\" decoding=\"async\" width=\"66\" height=\"55\" src=\"https:\/\/hotellaperla.net\/wp-content\/uploads\/2016\/08\/p33.png\" class=\"attachment-full size-full\" alt=\"Hotel la Perla Canazei\" \/><\/div><div class=\"wpb_text_column \"><div class=\"wpb_wrapper\">\n<h1 style=\"text-align: center; color: #e5c878;\">Der Reiz der Bergh\u00fctte Rifugio Contrin am Fu\u00df der Marmolada<\/h1>\n<\/div> <\/div> <\/div><\/div><\/div><\/section><section class=\"l-section wpb_row height_medium\"><div class=\"l-section-h i-cf\"><div class=\"g-cols offset_small\"><div class=\" full-width\"><div class=\"wpb_text_column \"><div class=\"wpb_wrapper\"><p>Die Leidenschaft f\u00fcr das Gebirge, das einfache Leben und die <strong>unber\u00fchrte Natur<\/strong> hat die <strong>Familie Debertol<\/strong>, Besitzer des <strong>Hotel La Perla in Canazei<\/strong>, \u00fcberzeugt, seit 1974 die Leitung der bekannten von ANA besessener Bergh\u00fctte <strong>Rifugio Contrin<\/strong> am Fu\u00df der s\u00fcdlichen Wand von <strong>Marmolada<\/strong> zu \u00fcbernehmen.<\/p>\n<p>&nbsp;<\/p>\n<p>Die <strong>Bergh\u00fctte<\/strong> wurde im weiten 1897 von der DOAV Sektion N\u00fcrnberg gebaut und w\u00e4hrend des ersten Weltkrieges von den Gebirgsj\u00e4gern zerst\u00f6rt, neu aufgebaut und 1923 erweitert.<\/p>\n<p>Die Lage ist einzigartig: die Bergh\u00fctte ist in einer Ebene im gleichnamigen Tal eingebettet und liegt vor der \u00fcberh\u00e4ngenden n\u00f6rdlichen Wand von <strong>Cima Ombretta<\/strong>, vor den W\u00e4nden von <strong>Vernel <\/strong>und <a href=\"http:\/\/www.veramontagna.it\/Media\/Images\/import\/Gruppo-Sella-e-Marmolada\">Marmolada<\/a> .<\/p>\n<p>Sie ist in 2 Stunden vom Parkplatz der <strong>Seilbahn<\/strong> <strong>Ciampac<\/strong> in Penia di <a href=\"http:\/\/www.veramontagna.it\/Trentino\/Val-di-Fassa\/Canazei\">Canazei<\/a> erreichbar.<\/p>\n<p><strong>Rifugio Contrin<\/strong> ist eine ausgezeichnete Ausgangsbasis f\u00fcr <strong>Kletterer<\/strong>, die von den 700 Meter langen \u00fcberh\u00e4ngenden W\u00e4nden mit den wundersch\u00f6nen und schwierigen\u00a0 <strong>Klettersteigen <\/strong>des Alpengebietes begeistert werden.<\/p>\n<p>Die Umgebung ist ein <strong>richtiges Paradies f\u00fcr Wanderer<\/strong>, die von <strong>Rifugio Contrin <\/strong>aus, das <strong>Gebirgsmassiv Ombretta Sasso Vernale<\/strong>\u00a0 erreichen k\u00f6nnen oder f\u00fcr faszinierende Durchquerungen des <strong>Gletschers<\/strong> <strong>Marmolada<\/strong> von der gleichnamigen <strong>Scharte<\/strong> bis <strong>Pian dei Fiacconi<\/strong> oder den anspruchsvollen <strong>Klettersteig von Cresta West<\/strong> entlang bis zum Gipfel abgehen. Nach West ist der Pass <strong>Passo delle Cirelle<\/strong> erreichbar und dann kann man bis zum <strong>San Pellegrino<\/strong> <strong>Pass <\/strong>herunterklettern oder auf <strong>Col Ombert<\/strong> und dem untenstehenden <strong>San Nicol\u00f2 Pass <\/strong>zusteuern.<\/p>\n<p>Die Bergh\u00fctte <strong>Rifugio Contrin<\/strong> ist im Sommer vom 20. Juni bis 20. September offen.<\/p>\n<p style=\"text-align: justify;\"><a href=\"http:\/\/www.rifugiocontrin.it\/\"><strong>www.rifugiocontrin.it<\/strong><\/a><\/p>\n<p><iframe loading=\"lazy\" src=\"https:\/\/www.youtube.com\/embed\/HiPnP270qSk?rel=0&amp;controls=0&amp;showinfo=0\" width=\"100%\" height=\"450\" frameborder=\"0\" allowfullscreen=\"allowfullscreen\"><\/iframe><\/p><\/div> <\/div> <\/div><\/div><\/div><\/section><section class=\"l-section wpb_row height_medium\"><div class=\"l-section-h i-cf\"><div class=\"g-cols offset_small\"><div class=\" full-width\"><div class=\"w-gallery layout_default cols_6 link_media\"><div class=\"w-gallery-list\"><a class=\"w-gallery-item order_1\" href=\"https:\/\/hotellaperla.net\/wp-content\/uploads\/2016\/10\/050.jpg\" title=\"050\"><img loading=\"lazy\" decoding=\"async\" width=\"350\" height=\"350\" src=\"https:\/\/hotellaperla.net\/wp-content\/uploads\/2016\/10\/050-350x350.jpg\" class=\"w-gallery-item-img\" alt=\"\" srcset=\"https:\/\/hotellaperla.net\/wp-content\/uploads\/2016\/10\/050-350x350.jpg 350w, https:\/\/hotellaperla.net\/wp-content\/uploads\/2016\/10\/050-150x150.jpg 150w, https:\/\/hotellaperla.net\/wp-content\/uploads\/2016\/10\/050-600x600.jpg 600w\" sizes=\"(max-width: 350px) 100vw, 350px\" \/><span class=\"w-gallery-item-hover\"><\/span><span class=\"w-gallery-item-title\">050<\/span><\/a><a class=\"w-gallery-item order_2\" href=\"https:\/\/hotellaperla.net\/wp-content\/uploads\/2016\/10\/048.jpg\" title=\"048\"><img loading=\"lazy\" decoding=\"async\" width=\"350\" height=\"350\" src=\"https:\/\/hotellaperla.net\/wp-content\/uploads\/2016\/10\/048-350x350.jpg\" class=\"w-gallery-item-img\" alt=\"\" srcset=\"https:\/\/hotellaperla.net\/wp-content\/uploads\/2016\/10\/048-350x350.jpg 350w, https:\/\/hotellaperla.net\/wp-content\/uploads\/2016\/10\/048-150x150.jpg 150w, https:\/\/hotellaperla.net\/wp-content\/uploads\/2016\/10\/048-600x600.jpg 600w\" sizes=\"(max-width: 350px) 100vw, 350px\" \/><span class=\"w-gallery-item-hover\"><\/span><span class=\"w-gallery-item-title\">048<\/span><\/a><a class=\"w-gallery-item order_3\" href=\"https:\/\/hotellaperla.net\/wp-content\/uploads\/2016\/10\/047.jpg\" title=\"047\"><img loading=\"lazy\" decoding=\"async\" width=\"350\" height=\"350\" src=\"https:\/\/hotellaperla.net\/wp-content\/uploads\/2016\/10\/047-350x350.jpg\" class=\"w-gallery-item-img\" alt=\"\" srcset=\"https:\/\/hotellaperla.net\/wp-content\/uploads\/2016\/10\/047-350x350.jpg 350w, https:\/\/hotellaperla.net\/wp-content\/uploads\/2016\/10\/047-150x150.jpg 150w, https:\/\/hotellaperla.net\/wp-content\/uploads\/2016\/10\/047-600x600.jpg 600w\" sizes=\"(max-width: 350px) 100vw, 350px\" \/><span class=\"w-gallery-item-hover\"><\/span><span class=\"w-gallery-item-title\">047<\/span><\/a><a class=\"w-gallery-item order_4\" href=\"https:\/\/hotellaperla.net\/wp-content\/uploads\/2016\/10\/049.jpg\" title=\"049\"><img loading=\"lazy\" decoding=\"async\" width=\"350\" height=\"350\" src=\"https:\/\/hotellaperla.net\/wp-content\/uploads\/2016\/10\/049-350x350.jpg\" class=\"w-gallery-item-img\" alt=\"\" srcset=\"https:\/\/hotellaperla.net\/wp-content\/uploads\/2016\/10\/049-350x350.jpg 350w, https:\/\/hotellaperla.net\/wp-content\/uploads\/2016\/10\/049-150x150.jpg 150w, https:\/\/hotellaperla.net\/wp-content\/uploads\/2016\/10\/049-600x600.jpg 600w\" sizes=\"(max-width: 350px) 100vw, 350px\" \/><span class=\"w-gallery-item-hover\"><\/span><span class=\"w-gallery-item-title\">049<\/span><\/a><a class=\"w-gallery-item order_5\" href=\"https:\/\/hotellaperla.net\/wp-content\/uploads\/2016\/10\/051.jpg\" title=\"051\"><img loading=\"lazy\" decoding=\"async\" width=\"350\" height=\"350\" src=\"https:\/\/hotellaperla.net\/wp-content\/uploads\/2016\/10\/051-350x350.jpg\" class=\"w-gallery-item-img\" alt=\"\" srcset=\"https:\/\/hotellaperla.net\/wp-content\/uploads\/2016\/10\/051-350x350.jpg 350w, https:\/\/hotellaperla.net\/wp-content\/uploads\/2016\/10\/051-150x150.jpg 150w, https:\/\/hotellaperla.net\/wp-content\/uploads\/2016\/10\/051-600x600.jpg 600w\" sizes=\"(max-width: 350px) 100vw, 350px\" \/><span class=\"w-gallery-item-hover\"><\/span><span class=\"w-gallery-item-title\">051<\/span><\/a><a class=\"w-gallery-item order_6\" href=\"https:\/\/hotellaperla.net\/wp-content\/uploads\/2016\/10\/053.jpg\" title=\"053\"><img loading=\"lazy\" decoding=\"async\" width=\"350\" height=\"350\" src=\"https:\/\/hotellaperla.net\/wp-content\/uploads\/2016\/10\/053-350x350.jpg\" class=\"w-gallery-item-img\" alt=\"\" srcset=\"https:\/\/hotellaperla.net\/wp-content\/uploads\/2016\/10\/053-350x350.jpg 350w, https:\/\/hotellaperla.net\/wp-content\/uploads\/2016\/10\/053-150x150.jpg 150w, https:\/\/hotellaperla.net\/wp-content\/uploads\/2016\/10\/053-600x600.jpg 600w\" sizes=\"(max-width: 350px) 100vw, 350px\" \/><span class=\"w-gallery-item-hover\"><\/span><span class=\"w-gallery-item-title\">053<\/span><\/a><a class=\"w-gallery-item order_7\" href=\"https:\/\/hotellaperla.net\/wp-content\/uploads\/2016\/10\/054.jpg\" title=\"054\"><img loading=\"lazy\" decoding=\"async\" width=\"350\" height=\"350\" src=\"https:\/\/hotellaperla.net\/wp-content\/uploads\/2016\/10\/054-350x350.jpg\" class=\"w-gallery-item-img\" alt=\"\" srcset=\"https:\/\/hotellaperla.net\/wp-content\/uploads\/2016\/10\/054-350x350.jpg 350w, https:\/\/hotellaperla.net\/wp-content\/uploads\/2016\/10\/054-150x150.jpg 150w, https:\/\/hotellaperla.net\/wp-content\/uploads\/2016\/10\/054-600x600.jpg 600w\" sizes=\"(max-width: 350px) 100vw, 350px\" \/><span class=\"w-gallery-item-hover\"><\/span><span class=\"w-gallery-item-title\">054<\/span><\/a><a class=\"w-gallery-item order_8\" href=\"https:\/\/hotellaperla.net\/wp-content\/uploads\/2016\/10\/055.jpg\" title=\"055\"><img loading=\"lazy\" decoding=\"async\" width=\"350\" height=\"350\" src=\"https:\/\/hotellaperla.net\/wp-content\/uploads\/2016\/10\/055-350x350.jpg\" class=\"w-gallery-item-img\" alt=\"\" srcset=\"https:\/\/hotellaperla.net\/wp-content\/uploads\/2016\/10\/055-350x350.jpg 350w, https:\/\/hotellaperla.net\/wp-content\/uploads\/2016\/10\/055-150x150.jpg 150w, https:\/\/hotellaperla.net\/wp-content\/uploads\/2016\/10\/055-600x600.jpg 600w\" sizes=\"(max-width: 350px) 100vw, 350px\" \/><span class=\"w-gallery-item-hover\"><\/span><span class=\"w-gallery-item-title\">055<\/span><\/a><a class=\"w-gallery-item order_9\" href=\"https:\/\/hotellaperla.net\/wp-content\/uploads\/2016\/10\/056.jpg\" title=\"056\"><img loading=\"lazy\" decoding=\"async\" width=\"350\" height=\"350\" src=\"https:\/\/hotellaperla.net\/wp-content\/uploads\/2016\/10\/056-350x350.jpg\" class=\"w-gallery-item-img\" alt=\"\" srcset=\"https:\/\/hotellaperla.net\/wp-content\/uploads\/2016\/10\/056-350x350.jpg 350w, https:\/\/hotellaperla.net\/wp-content\/uploads\/2016\/10\/056-150x150.jpg 150w, https:\/\/hotellaperla.net\/wp-content\/uploads\/2016\/10\/056-600x600.jpg 600w\" sizes=\"(max-width: 350px) 100vw, 350px\" \/><span class=\"w-gallery-item-hover\"><\/span><span class=\"w-gallery-item-title\">056<\/span><\/a><a class=\"w-gallery-item order_10\" href=\"https:\/\/hotellaperla.net\/wp-content\/uploads\/2016\/10\/057.jpg\" title=\"057\"><img loading=\"lazy\" decoding=\"async\" width=\"350\" height=\"350\" src=\"https:\/\/hotellaperla.net\/wp-content\/uploads\/2016\/10\/057-350x350.jpg\" class=\"w-gallery-item-img\" alt=\"\" srcset=\"https:\/\/hotellaperla.net\/wp-content\/uploads\/2016\/10\/057-350x350.jpg 350w, https:\/\/hotellaperla.net\/wp-content\/uploads\/2016\/10\/057-150x150.jpg 150w, https:\/\/hotellaperla.net\/wp-content\/uploads\/2016\/10\/057-600x600.jpg 600w\" sizes=\"(max-width: 350px) 100vw, 350px\" \/><span class=\"w-gallery-item-hover\"><\/span><span class=\"w-gallery-item-title\">057<\/span><\/a><a class=\"w-gallery-item order_11\" href=\"https:\/\/hotellaperla.net\/wp-content\/uploads\/2016\/10\/046.jpg\" title=\"046\"><img loading=\"lazy\" decoding=\"async\" width=\"350\" height=\"350\" src=\"https:\/\/hotellaperla.net\/wp-content\/uploads\/2016\/10\/046-350x350.jpg\" class=\"w-gallery-item-img\" alt=\"\" srcset=\"https:\/\/hotellaperla.net\/wp-content\/uploads\/2016\/10\/046-350x350.jpg 350w, https:\/\/hotellaperla.net\/wp-content\/uploads\/2016\/10\/046-150x150.jpg 150w, https:\/\/hotellaperla.net\/wp-content\/uploads\/2016\/10\/046-600x600.jpg 600w\" sizes=\"(max-width: 350px) 100vw, 350px\" \/><span class=\"w-gallery-item-hover\"><\/span><span class=\"w-gallery-item-title\">046<\/span><\/a><a class=\"w-gallery-item order_12\" href=\"https:\/\/hotellaperla.net\/wp-content\/uploads\/2016\/10\/052.jpg\" title=\"052\"><img loading=\"lazy\" decoding=\"async\" width=\"350\" height=\"350\" src=\"https:\/\/hotellaperla.net\/wp-content\/uploads\/2016\/10\/052-350x350.jpg\" class=\"w-gallery-item-img\" alt=\"\" srcset=\"https:\/\/hotellaperla.net\/wp-content\/uploads\/2016\/10\/052-350x350.jpg 350w, https:\/\/hotellaperla.net\/wp-content\/uploads\/2016\/10\/052-150x150.jpg 150w, https:\/\/hotellaperla.net\/wp-content\/uploads\/2016\/10\/052-600x600.jpg 600w\" sizes=\"(max-width: 350px) 100vw, 350px\" \/><span class=\"w-gallery-item-hover\"><\/span><span class=\"w-gallery-item-title\">052<\/span><\/a><\/div><\/div>\n<\/div><\/div><\/div><\/section>\n","protected":false},"excerpt":{"rendered":"Der Reiz der Bergh\u00fctte Rifugio Contrin am Fu\u00df der Marmolada...","protected":false},"author":1,"featured_media":0,"parent":0,"menu_order":0,"comment_status":"closed","ping_status":"closed","template":"","meta":{"footnotes":""},"yoast_head":"<!-- This site is optimized with the Yoast SEO plugin v15.3 - https:\/\/yoast.com\/wordpress\/plugins\/seo\/ -->\n<meta name=\"robots\" content=\"index, follow, max-snippet:-1, max-image-preview:large, max-video-preview:-1\" \/>\n<link rel=\"canonical\" href=\"https:\/\/hotellaperla.net\/it\/rifugio-contrin\/\" \/>\n<meta property=\"og:locale\" content=\"de_DE\" \/>\n<meta property=\"og:type\" content=\"article\" \/>\n<meta property=\"og:title\" content=\"Die Bergh\u00fctte Contrin - Hotel la Perla Canazei\" \/>\n<meta property=\"og:url\" content=\"https:\/\/hotellaperla.net\/it\/rifugio-contrin\/\" \/>\n<meta property=\"og:site_name\" content=\"Hotel la Perla Canazei\" \/>\n<meta property=\"article:modified_time\" content=\"2018-09-04T16:11:28+00:00\" \/>\n<meta name=\"twitter:card\" content=\"summary\" \/>\n<meta name=\"twitter:label1\" content=\"Verfasst von\">\n\t<meta name=\"twitter:data1\" content=\"admin\">\n\t<meta name=\"twitter:label2\" content=\"Gesch\u00e4tzte Lesezeit\">\n\t<meta name=\"twitter:data2\" content=\"1 Minute\">\n<script type=\"application\/ld+json\" class=\"yoast-schema-graph\">{\"@context\":\"https:\/\/schema.org\",\"@graph\":[{\"@type\":\"WebSite\",\"@id\":\"https:\/\/hotellaperla.net\/it\/#website\",\"url\":\"https:\/\/hotellaperla.net\/it\/\",\"name\":\"Hotel la Perla Canazei\",\"description\":\"Hotel la Perla Canazei\",\"potentialAction\":[{\"@type\":\"SearchAction\",\"target\":\"https:\/\/hotellaperla.net\/it\/?s={search_term_string}\",\"query-input\":\"required name=search_term_string\"}],\"inLanguage\":\"de-DE\"},{\"@type\":\"WebPage\",\"@id\":\"https:\/\/hotellaperla.net\/it\/rifugio-contrin\/#webpage\",\"url\":\"https:\/\/hotellaperla.net\/it\/rifugio-contrin\/\",\"name\":\"Die Bergh\\u00fctte Contrin - Hotel la Perla Canazei\",\"isPartOf\":{\"@id\":\"https:\/\/hotellaperla.net\/it\/#website\"},\"datePublished\":\"2016-10-21T12:24:58+00:00\",\"dateModified\":\"2018-09-04T16:11:28+00:00\",\"inLanguage\":\"de-DE\",\"potentialAction\":[{\"@type\":\"ReadAction\",\"target\":[\"https:\/\/hotellaperla.net\/it\/rifugio-contrin\/\"]}]}]}<\/script>\n<!-- \/ Yoast SEO plugin. -->","_links":{"self":[{"href":"https:\/\/hotellaperla.net\/de\/wp-json\/wp\/v2\/pages\/3255"}],"collection":[{"href":"https:\/\/hotellaperla.net\/de\/wp-json\/wp\/v2\/pages"}],"about":[{"href":"https:\/\/hotellaperla.net\/de\/wp-json\/wp\/v2\/types\/page"}],"author":[{"embeddable":true,"href":"https:\/\/hotellaperla.net\/de\/wp-json\/wp\/v2\/users\/1"}],"replies":[{"embeddable":true,"href":"https:\/\/hotellaperla.net\/de\/wp-json\/wp\/v2\/comments?post=3255"}],"version-history":[{"count":3,"href":"https:\/\/hotellaperla.net\/de\/wp-json\/wp\/v2\/pages\/3255\/revisions"}],"predecessor-version":[{"id":5522,"href":"https:\/\/hotellaperla.net\/de\/wp-json\/wp\/v2\/pages\/3255\/revisions\/5522"}],"wp:attachment":[{"href":"https:\/\/hotellaperla.net\/de\/wp-json\/wp\/v2\/media?parent=3255"}],"curies":[{"name":"wp","href":"https:\/\/api.w.org\/{rel}","templated":true}]}}