{"id":3244,"date":"2016-10-21T14:16:51","date_gmt":"2016-10-21T14:16:51","guid":{"rendered":"http:\/\/hotellaperla.net\/skiarea\/"},"modified":"2018-09-04T16:54:34","modified_gmt":"2018-09-04T16:54:34","slug":"skigebiet","status":"publish","type":"page","link":"https:\/\/hotellaperla.net\/de\/skigebiet\/","title":{"rendered":"Skigebiet"},"content":{"rendered":"<section class=\"l-section wpb_row height_medium\"><div class=\"l-section-h i-cf\"><div class=\"g-cols offset_small\"><div class=\" one-half\"><div class=\"wpb_text_column \"><div class=\"wpb_wrapper\">\n<p>&nbsp;<\/p>\n<h1 style=\"text-align: center; color: #e5c878;\">Das Hotel La Perla in Canazei liegt im Herzen eines wei\u00dfen Paradieses: des Dolomiti Superski<\/h1>\n<p>Das <strong>Fassatal<\/strong> ist ein touristisches Ziel von<strong> Trentino S\u00fcdtirol,<\/strong> das im Winter ein echtes Paradies f\u00fcr <strong>Skifahrer<\/strong> und <strong>Snowboarder<\/strong> ist. Es ist weltweit bekannt und im Tal wurden viele ber\u00fchmte Meistern wie <strong>Christian Zorzi, Christian Deville, Stefano Gross<\/strong> und viele andere geboren, die mehrmals auf die h\u00f6chsten Stufen des Podiums in den Weltskil\u00e4ufen hinaufstiegen.<\/p>\n<p>Das <strong>Skigebiet des Fassatals<\/strong> bietet <strong>220 km und 115 Skipisten <\/strong>an, die <strong>in 9 unterschiedlichen Skigebieten unterteilt<\/strong> sind: <strong>Belvedere-Pordoi, Ciampac, Fedaia-Marmolada, Col Rodella- Sellajoch, Buffaure, Rosengarten-Ciampedie, Kareerpass und Alpe di Lusia-San Pellegrino-Falcade<\/strong>. Alle sind untereinander mit Skiern, zu Fu\u00df oder mit behaglichen Skibussen verbunden.<\/p>\n<p>Im Angebot stehen auch 3 Skitouren und 4 Snowparks. Sollte das nicht ausreichend sein, dann haben Sie die M\u00f6glichkeit dank der Verbindungen mit Sellarunde (Vierp\u00e4sseumrundung) und mit Dolomiti Superski au\u00dfer den Grenzen des Fassatals zu fahren.<\/p>\n<p>Die Skisaison dehnt sich vom Dezember bis April dank der <strong>perfekten Beschneiung <\/strong>aus, die vom<strong> hochentwickelten programmierbaren Beschneiungssystem <\/strong>garantiert wird. Die Vielf\u00e4ltigkeit ist auch eine Sicherheit: Sie k\u00f6nnen unter einfachen sonnigen Pisten f\u00fcr Anf\u00e4nger und Familien oder anspruchsvolle technischen Abfahrten mit schnellen Strecken, die von Skiveteranen besonders beliebt sind, ausw\u00e4hlen<strong>.<\/strong><\/p>\n<p>Die modernen <strong>Verbindungen<\/strong> bestehen aus 86 neuen Aufstiegsanlagen, die zu einer schnellen und effizienten Bef\u00f6rderung beitragen.<\/div> <\/div> <\/div><div class=\" one-half\"><div class=\"w-gallery layout_masonry cols_1 link_media\"><div class=\"w-gallery-list\"><a class=\"w-gallery-item order_1\" href=\"https:\/\/hotellaperla.net\/wp-content\/uploads\/2016\/10\/062.jpg\" title=\"062\"><img loading=\"lazy\" decoding=\"async\" width=\"600\" height=\"400\" src=\"https:\/\/hotellaperla.net\/wp-content\/uploads\/2016\/10\/062-600x400.jpg\" class=\"w-gallery-item-img\" alt=\"\" srcset=\"https:\/\/hotellaperla.net\/wp-content\/uploads\/2016\/10\/062-600x400.jpg 600w, https:\/\/hotellaperla.net\/wp-content\/uploads\/2016\/10\/062-300x200.jpg 300w, https:\/\/hotellaperla.net\/wp-content\/uploads\/2016\/10\/062-768x512.jpg 768w, https:\/\/hotellaperla.net\/wp-content\/uploads\/2016\/10\/062-1024x683.jpg 1024w\" sizes=\"(max-width: 600px) 100vw, 600px\" \/><span class=\"w-gallery-item-hover\"><\/span><span class=\"w-gallery-item-title\">062<\/span><\/a><a class=\"w-gallery-item order_2\" href=\"https:\/\/hotellaperla.net\/wp-content\/uploads\/2016\/10\/063.jpg\" title=\"063\"><img loading=\"lazy\" decoding=\"async\" width=\"600\" height=\"400\" src=\"https:\/\/hotellaperla.net\/wp-content\/uploads\/2016\/10\/063-600x400.jpg\" class=\"w-gallery-item-img\" alt=\"\" srcset=\"https:\/\/hotellaperla.net\/wp-content\/uploads\/2016\/10\/063-600x400.jpg 600w, https:\/\/hotellaperla.net\/wp-content\/uploads\/2016\/10\/063-300x200.jpg 300w, https:\/\/hotellaperla.net\/wp-content\/uploads\/2016\/10\/063-768x512.jpg 768w, https:\/\/hotellaperla.net\/wp-content\/uploads\/2016\/10\/063-1024x683.jpg 1024w\" sizes=\"(max-width: 600px) 100vw, 600px\" \/><span class=\"w-gallery-item-hover\"><\/span><span class=\"w-gallery-item-title\">063<\/span><\/a><\/div><\/div>\n<\/div><\/div><\/div><\/section><section class=\"l-section wpb_row height_medium\"><div class=\"l-section-h i-cf\"><div class=\"g-cols offset_small\"><div class=\" one-half\"><div class=\"w-gallery layout_masonry cols_1 link_media\"><div class=\"w-gallery-list\"><a class=\"w-gallery-item order_1\" href=\"https:\/\/hotellaperla.net\/wp-content\/uploads\/2016\/10\/064.jpg\" title=\"064\"><img loading=\"lazy\" decoding=\"async\" width=\"600\" height=\"400\" src=\"https:\/\/hotellaperla.net\/wp-content\/uploads\/2016\/10\/064-600x400.jpg\" class=\"w-gallery-item-img\" alt=\"\" srcset=\"https:\/\/hotellaperla.net\/wp-content\/uploads\/2016\/10\/064-600x400.jpg 600w, https:\/\/hotellaperla.net\/wp-content\/uploads\/2016\/10\/064-300x200.jpg 300w, https:\/\/hotellaperla.net\/wp-content\/uploads\/2016\/10\/064-768x512.jpg 768w, https:\/\/hotellaperla.net\/wp-content\/uploads\/2016\/10\/064-1024x683.jpg 1024w\" sizes=\"(max-width: 600px) 100vw, 600px\" \/><span class=\"w-gallery-item-hover\"><\/span><span class=\"w-gallery-item-title\">064<\/span><\/a><a class=\"w-gallery-item order_2\" href=\"https:\/\/hotellaperla.net\/wp-content\/uploads\/2016\/10\/065.jpg\" title=\"065\"><img loading=\"lazy\" decoding=\"async\" width=\"600\" height=\"400\" src=\"https:\/\/hotellaperla.net\/wp-content\/uploads\/2016\/10\/065-600x400.jpg\" class=\"w-gallery-item-img\" alt=\"\" srcset=\"https:\/\/hotellaperla.net\/wp-content\/uploads\/2016\/10\/065-600x400.jpg 600w, https:\/\/hotellaperla.net\/wp-content\/uploads\/2016\/10\/065-300x200.jpg 300w, https:\/\/hotellaperla.net\/wp-content\/uploads\/2016\/10\/065-768x512.jpg 768w, https:\/\/hotellaperla.net\/wp-content\/uploads\/2016\/10\/065-1024x683.jpg 1024w\" sizes=\"(max-width: 600px) 100vw, 600px\" \/><span class=\"w-gallery-item-hover\"><\/span><span class=\"w-gallery-item-title\">065<\/span><\/a><\/div><\/div>\n<\/div><div class=\" one-half\"><div class=\"wpb_text_column \"><div class=\"wpb_wrapper\">\n<h2 style=\"text-align: center; color: #e5c878;\">Skigebiet Canazei- Belvedere<\/h2>\n<h2 style=\"text-align: center;\"><strong>on den Aufstiegsanlagen von Canazei, ein Dorf, das wegen seiner strategischen Lage ein beliebtes Skiziel des Fassatals ist und das die Mehrheit an Aktivit\u00e4ten anbietet.<\/strong><\/h2>\n<p>Das Skigebiet, das <strong>Canazei<\/strong> kennzeichnet, ist <strong>Belvedere,<\/strong> das wegen des verzaubernden Blicks auf die <strong>Dolomiten \u2013 Gruppe der Langkofle, der Sella, Sass Pordoi, Tofane, Marmolada und Rosengarten<\/strong> so genannt wird.<\/p>\n<p>Es ist in wenigen Minuten von <strong>Canazei<\/strong> mit der <strong>modernen Luftseilbahn Canazei\/Pecol<\/strong> oder mit dem Auto durch die Staatsstra\u00dfe 48 der Dolomiten erreichbar.<\/p>\n<p>Dies Skigebiet kennzeichnet sich f\u00fcr die folgenden Merkmale:<\/p>\n<ul>\n<li>17 km lange Pisten f\u00fcr jeden Schwierigkeitsgrad (vorwiegend rote Pisten)<\/li>\n<li>das f\u00fcr Freestyler reservierte Dolomiti Snowpark<\/li>\n<li>Baby Park (Funpark Enrosadira)<\/li>\n<li><strong>Verbindungen:<\/strong> Skigebiet von Col Rodella, durch die Piste die in Richtung <strong>Pian de Frataces-Lupo Bianco<\/strong> abf\u00e4hrt und dem Waldweg entlang nach Canazei zur\u00fcckkehrt, oder mit Arabba oder dem nahliegenden Gr\u00f6dnertal.<\/li>\n<li>Ausgangsbasis f\u00fcr die ber\u00fchmte Vierp\u00e4sseumrundung (<a href=\"http:\/\/www.fassa.com\/IT\/Sella-Ronda\/\">Sellarunde<\/a>), die 40 km lange Skitour, die als eine der bezauberndsten und faszinierendsten Strecken der Welt gilt.<\/li>\n<\/ul>\n<p>Die <strong>Skischule Canazei\/Marmolada<\/strong>, die \u00e4lteste Schule in Italien mit mehr als 100 Lehrern.<\/div> <\/div> <\/div><\/div><\/div><\/section>\n","protected":false},"excerpt":{"rendered":"&nbsp; Das Hotel La Perla in Canazei liegt im Herzen...","protected":false},"author":1,"featured_media":0,"parent":0,"menu_order":0,"comment_status":"closed","ping_status":"closed","template":"","meta":{"footnotes":""},"yoast_head":"<!-- This site is optimized with the Yoast SEO plugin v15.3 - https:\/\/yoast.com\/wordpress\/plugins\/seo\/ -->\n<meta name=\"robots\" content=\"index, follow, max-snippet:-1, max-image-preview:large, max-video-preview:-1\" \/>\n<link rel=\"canonical\" href=\"https:\/\/hotellaperla.net\/it\/skiarea\/\" \/>\n<meta property=\"og:locale\" content=\"de_DE\" \/>\n<meta property=\"og:type\" content=\"article\" \/>\n<meta property=\"og:title\" content=\"Skigebiet - Hotel la Perla Canazei\" \/>\n<meta property=\"og:url\" content=\"https:\/\/hotellaperla.net\/it\/skiarea\/\" \/>\n<meta property=\"og:site_name\" content=\"Hotel la Perla Canazei\" \/>\n<meta property=\"article:modified_time\" content=\"2018-09-04T16:54:34+00:00\" \/>\n<meta name=\"twitter:card\" content=\"summary\" \/>\n<meta name=\"twitter:label1\" content=\"Verfasst von\">\n\t<meta name=\"twitter:data1\" content=\"admin\">\n\t<meta name=\"twitter:label2\" content=\"Gesch\u00e4tzte Lesezeit\">\n\t<meta name=\"twitter:data2\" content=\"2 Minuten\">\n<script type=\"application\/ld+json\" class=\"yoast-schema-graph\">{\"@context\":\"https:\/\/schema.org\",\"@graph\":[{\"@type\":\"WebSite\",\"@id\":\"https:\/\/hotellaperla.net\/it\/#website\",\"url\":\"https:\/\/hotellaperla.net\/it\/\",\"name\":\"Hotel la Perla Canazei\",\"description\":\"Hotel la Perla Canazei\",\"potentialAction\":[{\"@type\":\"SearchAction\",\"target\":\"https:\/\/hotellaperla.net\/it\/?s={search_term_string}\",\"query-input\":\"required name=search_term_string\"}],\"inLanguage\":\"de-DE\"},{\"@type\":\"WebPage\",\"@id\":\"https:\/\/hotellaperla.net\/it\/skiarea\/#webpage\",\"url\":\"https:\/\/hotellaperla.net\/it\/skiarea\/\",\"name\":\"Skigebiet - Hotel la Perla Canazei\",\"isPartOf\":{\"@id\":\"https:\/\/hotellaperla.net\/it\/#website\"},\"datePublished\":\"2016-10-21T14:16:51+00:00\",\"dateModified\":\"2018-09-04T16:54:34+00:00\",\"inLanguage\":\"de-DE\",\"potentialAction\":[{\"@type\":\"ReadAction\",\"target\":[\"https:\/\/hotellaperla.net\/it\/skiarea\/\"]}]}]}<\/script>\n<!-- \/ Yoast SEO plugin. -->","_links":{"self":[{"href":"https:\/\/hotellaperla.net\/de\/wp-json\/wp\/v2\/pages\/3244"}],"collection":[{"href":"https:\/\/hotellaperla.net\/de\/wp-json\/wp\/v2\/pages"}],"about":[{"href":"https:\/\/hotellaperla.net\/de\/wp-json\/wp\/v2\/types\/page"}],"author":[{"embeddable":true,"href":"https:\/\/hotellaperla.net\/de\/wp-json\/wp\/v2\/users\/1"}],"replies":[{"embeddable":true,"href":"https:\/\/hotellaperla.net\/de\/wp-json\/wp\/v2\/comments?post=3244"}],"version-history":[{"count":4,"href":"https:\/\/hotellaperla.net\/de\/wp-json\/wp\/v2\/pages\/3244\/revisions"}],"predecessor-version":[{"id":5539,"href":"https:\/\/hotellaperla.net\/de\/wp-json\/wp\/v2\/pages\/3244\/revisions\/5539"}],"wp:attachment":[{"href":"https:\/\/hotellaperla.net\/de\/wp-json\/wp\/v2\/media?parent=3244"}],"curies":[{"name":"wp","href":"https:\/\/api.w.org\/{rel}","templated":true}]}}