{"id":3227,"date":"2016-10-21T14:05:40","date_gmt":"2016-10-21T14:05:40","guid":{"rendered":"http:\/\/hotellaperla.net\/inverno\/"},"modified":"2017-05-04T19:52:05","modified_gmt":"2017-05-04T19:52:05","slug":"winter","status":"publish","type":"page","link":"https:\/\/hotellaperla.net\/de\/winter\/","title":{"rendered":"Winter"},"content":{"rendered":"<section class=\"l-section wpb_row height_medium\"><div class=\"l-section-h i-cf\"><div class=\"g-cols offset_small\"><div class=\" full-width\"><div class=\"w-image  align_center\"><img loading=\"lazy\" decoding=\"async\" width=\"66\" height=\"55\" src=\"https:\/\/hotellaperla.net\/wp-content\/uploads\/2016\/08\/p33.png\" class=\"attachment-full size-full\" alt=\"Hotel la Perla Canazei\" \/><\/div><div class=\"wpb_text_column \"><div class=\"wpb_wrapper\">\n<h1 style=\"text-align: center;\">Canazei: eine Garantie f\u00fcr Schneeurlaube<\/h1>\n<\/div> <\/div> <\/div><\/div><\/div><\/section><section class=\"l-section wpb_row height_medium\"><div class=\"l-section-h i-cf\"><div class=\"g-cols offset_small\"><div class=\" full-width\"><div class=\"wpb_text_column \"><div class=\"wpb_wrapper\">\n<p style=\"text-align: justify;\"><strong>\u00a0\u00a0<\/strong><\/p>\n<p><strong>Canazei<\/strong> ist die Hauptstadt der Wintersportaktivit\u00e4ten, ein unverzichtbares Ziel f\u00fcr alle <strong>Ski- und Wintersportbegeisterten.<\/strong><\/p>\n<p>Das Skigebiet <strong>Dolomiti Superski<\/strong> bietet <strong>220 km Skipisten<\/strong>, die alle zu Probieren sind, sowie eine <strong>garantierte Bescheiungsanlage und die neusten Aufstiegsanlagen. <\/strong>Das ganze Angebot nur wenige Schritte vom <strong>Hotel La Perla <\/strong>entfernt<strong>.<\/strong><\/p>\n<p>Mit <strong>Wintersport<\/strong> bezeichnet man aber nicht nur Ski, sondern auch weitere aufregende Aktivit\u00e4ten: <strong>das Fassatal<\/strong> ist allerdings weltweit bekannt dank <strong>Marcialonga<\/strong>, die K\u00f6nigin des <strong>Langlaufs.<\/strong> Bemerkenswert sind auch <strong>Hockey<\/strong>, <strong>Skialpinismus<\/strong>, <strong>Telemark<\/strong>, <strong>Rennrodel<\/strong>, <strong>Snowboard<\/strong> und <strong>Snow Tubing:<\/strong> die Abfahrt auf Schlauchbooten. Nie versucht? Dann ist jetzt die Zeit gekommen!<\/p>\n<p>In jedem Skigebiet des Tals stehen den kleinsten G\u00e4sten <strong>Kinderpisten, f\u00fcr Skilernende geeignete H\u00e4nge, Skischulen mit kindgerechten Liftanlagen<\/strong>, <strong>riesige<\/strong> <strong>Puppen und alle n\u00fctzliche Ausr\u00fcstungen <\/strong>zur Verf\u00fcgung<strong>,<\/strong> um Ski\u00a0 in ein faszinierendes und aufregendes Spiel umzuwandeln. <strong>Ausgebildete Lehrer und Animateure <\/strong>k\u00fcmmern sich um Kinder, so dass Eltern sich mit einem freien Tag verw\u00f6hnen k\u00f6nnen.\u00a0 Dar\u00fcber hinaus, von Mitte M\u00e4rz bis zum Ende der Wintersaison \u00fcberrascht <strong>Dolomiti Superski<\/strong> die Familien: dank <strong>&#8220;DolomitiSuperKids&#8221;<\/strong> k\u00f6nnen Kinder frei skifahren<\/p>\n<p>Das Gebirge bietet aber auch aufregende Aktivit\u00e4ten f\u00fcr die G\u00e4ste, die Ski nicht lieben. Es wird auf jeden Fall ein attraktives Winterziel dank der <strong>Schneeschuhe<\/strong> zum Beispiel, die beraubende Wanderungen mit Bergf\u00fchrern oder einen ruhigen Spaziergang mit geeigneter Ausr\u00fcstung auf <strong>eingeschneiten Routen in den Dolomitenw\u00e4ldern<\/strong> erm\u00f6glichen, oder dank <strong>der Pferdeschlitten,<\/strong> mit denen Sie Bergh\u00fctten erreichen k\u00f6nnen.<\/p>\n<p>Nach einem Tag von <strong>Aktivit\u00e4ten in der freien Natur<\/strong>, ist es so sch\u00f6n, am Abend Spa\u00df in den verschiedenen Lokalen, <strong>Kneipe<\/strong> oder in den <strong>Diskopubs <\/strong>wie dem<strong> Cliff <\/strong>zu haben, der von der Familie <strong>Debertol geleitet <\/strong>wird und<strong> nur wenige Schritte vom Hotel La Perla entfernt <\/strong>ist, oder ein lustiges <strong>Abendessen in einer Bergh\u00fctte<\/strong> <strong>mit der darauf folgenden Nachtabfahrt mit Schlitten <\/strong>zu genie\u00dfen<strong>.<\/strong><\/p>\n<p>Die Kr\u00f6nung eines <strong>Winterurlaubs,<\/strong> der unvergesslich sein wird!<\/p>\n<p style=\"text-align: justify;\"><strong>\u00a0<\/strong><\/p>\n<\/div> <\/div> <div class=\"w-gallery layout_masonry cols_2 link_media\"><div class=\"w-gallery-list\"><a class=\"w-gallery-item order_1\" href=\"https:\/\/hotellaperla.net\/wp-content\/uploads\/2016\/10\/043.jpg\" title=\"043\"><img loading=\"lazy\" decoding=\"async\" width=\"600\" height=\"400\" src=\"https:\/\/hotellaperla.net\/wp-content\/uploads\/2016\/10\/043-600x400.jpg\" class=\"w-gallery-item-img\" alt=\"\" srcset=\"https:\/\/hotellaperla.net\/wp-content\/uploads\/2016\/10\/043-600x400.jpg 600w, https:\/\/hotellaperla.net\/wp-content\/uploads\/2016\/10\/043-300x200.jpg 300w, https:\/\/hotellaperla.net\/wp-content\/uploads\/2016\/10\/043-768x512.jpg 768w, https:\/\/hotellaperla.net\/wp-content\/uploads\/2016\/10\/043-1024x683.jpg 1024w\" sizes=\"(max-width: 600px) 100vw, 600px\" \/><span class=\"w-gallery-item-hover\"><\/span><span class=\"w-gallery-item-title\">043<\/span><\/a><a class=\"w-gallery-item order_2\" href=\"https:\/\/hotellaperla.net\/wp-content\/uploads\/2016\/10\/001-3.jpg\" title=\"001-3\"><img loading=\"lazy\" decoding=\"async\" width=\"600\" height=\"798\" src=\"https:\/\/hotellaperla.net\/wp-content\/uploads\/2016\/10\/001-3-600x798.jpg\" class=\"w-gallery-item-img\" alt=\"\" srcset=\"https:\/\/hotellaperla.net\/wp-content\/uploads\/2016\/10\/001-3-600x798.jpg 600w, https:\/\/hotellaperla.net\/wp-content\/uploads\/2016\/10\/001-3-225x300.jpg 225w, https:\/\/hotellaperla.net\/wp-content\/uploads\/2016\/10\/001-3-768x1022.jpg 768w, https:\/\/hotellaperla.net\/wp-content\/uploads\/2016\/10\/001-3-769x1024.jpg 769w, https:\/\/hotellaperla.net\/wp-content\/uploads\/2016\/10\/001-3.jpg 928w\" sizes=\"(max-width: 600px) 100vw, 600px\" \/><span class=\"w-gallery-item-hover\"><\/span><span class=\"w-gallery-item-title\">001-3<\/span><\/a><a class=\"w-gallery-item order_3\" href=\"https:\/\/hotellaperla.net\/wp-content\/uploads\/2016\/09\/007.jpg\" title=\"007\"><img loading=\"lazy\" decoding=\"async\" width=\"600\" height=\"338\" src=\"https:\/\/hotellaperla.net\/wp-content\/uploads\/2016\/09\/007-600x338.jpg\" class=\"w-gallery-item-img\" alt=\"\" srcset=\"https:\/\/hotellaperla.net\/wp-content\/uploads\/2016\/09\/007-600x338.jpg 600w, https:\/\/hotellaperla.net\/wp-content\/uploads\/2016\/09\/007-300x169.jpg 300w, https:\/\/hotellaperla.net\/wp-content\/uploads\/2016\/09\/007-768x432.jpg 768w, https:\/\/hotellaperla.net\/wp-content\/uploads\/2016\/09\/007-1024x576.jpg 1024w, https:\/\/hotellaperla.net\/wp-content\/uploads\/2016\/09\/007.jpg 1920w\" sizes=\"(max-width: 600px) 100vw, 600px\" \/><span class=\"w-gallery-item-hover\"><\/span><span class=\"w-gallery-item-title\">007<\/span><\/a><\/div><\/div>\n<\/div><\/div><\/div><\/section>\n","protected":false},"excerpt":{"rendered":"Canazei: eine Garantie f\u00fcr Schneeurlaube \u00a0\u00a0 Canazei ist die Hauptstadt...","protected":false},"author":1,"featured_media":0,"parent":0,"menu_order":0,"comment_status":"closed","ping_status":"closed","template":"","meta":{"footnotes":""},"yoast_head":"<!-- This site is optimized with the Yoast SEO plugin v15.3 - https:\/\/yoast.com\/wordpress\/plugins\/seo\/ -->\n<meta name=\"robots\" content=\"index, follow, max-snippet:-1, max-image-preview:large, max-video-preview:-1\" \/>\n<link rel=\"canonical\" href=\"https:\/\/hotellaperla.net\/it\/inverno\/\" \/>\n<meta property=\"og:locale\" content=\"de_DE\" \/>\n<meta property=\"og:type\" content=\"article\" \/>\n<meta property=\"og:title\" content=\"Winter - Hotel la Perla Canazei\" \/>\n<meta property=\"og:url\" content=\"https:\/\/hotellaperla.net\/it\/inverno\/\" \/>\n<meta property=\"og:site_name\" content=\"Hotel la Perla Canazei\" \/>\n<meta property=\"article:modified_time\" content=\"2017-05-04T19:52:05+00:00\" \/>\n<meta name=\"twitter:card\" content=\"summary\" \/>\n<meta name=\"twitter:label1\" content=\"Verfasst von\">\n\t<meta name=\"twitter:data1\" content=\"admin\">\n\t<meta name=\"twitter:label2\" content=\"Gesch\u00e4tzte Lesezeit\">\n\t<meta name=\"twitter:data2\" content=\"1 Minute\">\n<script type=\"application\/ld+json\" class=\"yoast-schema-graph\">{\"@context\":\"https:\/\/schema.org\",\"@graph\":[{\"@type\":\"WebSite\",\"@id\":\"https:\/\/hotellaperla.net\/it\/#website\",\"url\":\"https:\/\/hotellaperla.net\/it\/\",\"name\":\"Hotel la Perla Canazei\",\"description\":\"Hotel la Perla Canazei\",\"potentialAction\":[{\"@type\":\"SearchAction\",\"target\":\"https:\/\/hotellaperla.net\/it\/?s={search_term_string}\",\"query-input\":\"required name=search_term_string\"}],\"inLanguage\":\"de-DE\"},{\"@type\":\"WebPage\",\"@id\":\"https:\/\/hotellaperla.net\/it\/inverno\/#webpage\",\"url\":\"https:\/\/hotellaperla.net\/it\/inverno\/\",\"name\":\"Winter - Hotel la Perla Canazei\",\"isPartOf\":{\"@id\":\"https:\/\/hotellaperla.net\/it\/#website\"},\"datePublished\":\"2016-10-21T14:05:40+00:00\",\"dateModified\":\"2017-05-04T19:52:05+00:00\",\"inLanguage\":\"de-DE\",\"potentialAction\":[{\"@type\":\"ReadAction\",\"target\":[\"https:\/\/hotellaperla.net\/it\/inverno\/\"]}]}]}<\/script>\n<!-- \/ Yoast SEO plugin. -->","_links":{"self":[{"href":"https:\/\/hotellaperla.net\/de\/wp-json\/wp\/v2\/pages\/3227"}],"collection":[{"href":"https:\/\/hotellaperla.net\/de\/wp-json\/wp\/v2\/pages"}],"about":[{"href":"https:\/\/hotellaperla.net\/de\/wp-json\/wp\/v2\/types\/page"}],"author":[{"embeddable":true,"href":"https:\/\/hotellaperla.net\/de\/wp-json\/wp\/v2\/users\/1"}],"replies":[{"embeddable":true,"href":"https:\/\/hotellaperla.net\/de\/wp-json\/wp\/v2\/comments?post=3227"}],"version-history":[{"count":2,"href":"https:\/\/hotellaperla.net\/de\/wp-json\/wp\/v2\/pages\/3227\/revisions"}],"predecessor-version":[{"id":3232,"href":"https:\/\/hotellaperla.net\/de\/wp-json\/wp\/v2\/pages\/3227\/revisions\/3232"}],"wp:attachment":[{"href":"https:\/\/hotellaperla.net\/de\/wp-json\/wp\/v2\/media?parent=3227"}],"curies":[{"name":"wp","href":"https:\/\/api.w.org\/{rel}","templated":true}]}}