{"id":3224,"date":"2016-10-20T18:53:36","date_gmt":"2016-10-20T18:53:36","guid":{"rendered":"http:\/\/hotellaperla.net\/estate\/"},"modified":"2017-05-04T20:07:42","modified_gmt":"2017-05-04T20:07:42","slug":"sommer","status":"publish","type":"page","link":"https:\/\/hotellaperla.net\/de\/sommer\/","title":{"rendered":"Sommer"},"content":{"rendered":"<section class=\"l-section wpb_row height_medium\"><div class=\"l-section-h i-cf\"><div class=\"g-cols offset_small\"><div class=\" full-width\"><div class=\"w-image  align_center\"><img loading=\"lazy\" decoding=\"async\" width=\"66\" height=\"55\" src=\"https:\/\/hotellaperla.net\/wp-content\/uploads\/2016\/08\/p33.png\" class=\"attachment-full size-full\" alt=\"Hotel la Perla Canazei\" \/><\/div><div class=\"wpb_text_column \"><div class=\"wpb_wrapper\">\n<h1 style=\"text-align: center; color: #e5c878;\">Fassatal: Synonym von aufregendem Aktivurlaub im Sommer<\/h1>\n<\/div> <\/div> <\/div><\/div><\/div><\/section><section class=\"l-section wpb_row height_medium\"><div class=\"l-section-h i-cf\"><div class=\"g-cols offset_small\"><div class=\" one-half\"><div class=\"wpb_text_column \"><div class=\"wpb_wrapper\">\n<p style=\"text-align: justify;\">\n<p>Eine immer gr\u00f6\u00dfere Menge von Leuten jeden Alters und mit unterschiedlichen Leidenschaften kommt <strong>dem Sommerurlaub im Gebirge<\/strong> nahe. Einige suchen nach langen <strong>Ruheurlauben<\/strong>, <strong>weit entfernt von hei\u00dfen Temperaturen<\/strong>, andere nach <strong>kurzen Aktivurlauben<\/strong> und der Wiederentdeckung der unber\u00fchrten Natur.<\/p>\n<p><strong>Mountainbike<\/strong><strong>-Begeisterte, Familien <\/strong>auf der Suche nach echten und naturreinen Erfahrungen, die sich mit den <strong>Kinder<\/strong> erleben k\u00f6nnen, <strong>Liebhaber der Wanderung, Kletterer, Golfspieler, Pilzsucher, Ruheliebhaber<\/strong>, die von den \u00fcberf\u00fcllten Str\u00e4nden weglaufen: \u00a0<strong>Canazei<\/strong> und <strong>Fassatal<\/strong> schenken aller Touristen, die <strong>starke Gef\u00fchle<\/strong> w\u00fcnschen, einzigartige und unvergessliche Momente.<\/p>\n<p>Die <strong>M\u00f6glichkeiten,<\/strong> Ihren bevorzugten Sport auszu\u00fcben, fehlen nicht: <strong>Sportzentren, Erlebnisparks, Kletterw\u00e4nde und Klettersteige, Nordic Walking Strecke, <\/strong><strong>Reiten, Paragliding, Rafting, Tennis, Angel<\/strong>. Dar\u00fcber hinaus erwarten Sie gut ausgestattete <strong>Bergh\u00fctten<\/strong> wie <strong>Rifugio Contrin,<\/strong> auf dem <strong>Marmolada<\/strong> und <strong>reizvolle Almen,<\/strong> wo Sie sich w\u00e4hrend Ihrer Wanderungen ausruhen und leckere Speisen essen k\u00f6nnen.<\/p>\n<p>Zahlreiche <strong>Aktivit\u00e4ten in der freien Natur<\/strong> werden von den einheimischen <strong>Bergf\u00fchrern<\/strong> vorgeschlagen, die wesentlichen und sachkompetenten Aufseher unseres Gebietes.<\/div> <\/div> <\/div><div class=\" one-half\"><div class=\"w-slider\"><div class=\"royalSlider rsDefault\"><a class=\"rsImg\" data-rsw=\"1024\" data-rsh=\"683\" href=\"https:\/\/hotellaperla.net\/wp-content\/uploads\/2016\/10\/027-1024x683.jpg\"><\/a><a class=\"rsImg\" data-rsw=\"1024\" data-rsh=\"683\" href=\"https:\/\/hotellaperla.net\/wp-content\/uploads\/2016\/10\/028-1024x683.jpg\"><\/a><a class=\"rsImg\" data-rsw=\"1024\" data-rsh=\"685\" href=\"https:\/\/hotellaperla.net\/wp-content\/uploads\/2016\/10\/029-1024x685.jpg\"><\/a><a class=\"rsImg\" data-rsw=\"683\" data-rsh=\"1024\" href=\"https:\/\/hotellaperla.net\/wp-content\/uploads\/2016\/10\/030-683x1024.jpg\"><\/a><\/div><div class=\"w-slider-json\" onclick='return {&quot;transitionSpeed&quot;:300,&quot;loopRewind&quot;:true,&quot;slidesSpacing&quot;:0,&quot;imageScalePadding&quot;:0,&quot;numImagesToPreload&quot;:2,&quot;arrowsNav&quot;:true,&quot;arrowsNavAutoHide&quot;:false,&quot;transitionType&quot;:&quot;move&quot;,&quot;controlNavigation&quot;:&quot;none&quot;,&quot;imageScaleMode&quot;:&quot;fit-if-smaller&quot;,&quot;autoScaleSlider&quot;:true,&quot;autoScaleSliderWidth&quot;:1024,&quot;autoScaleSliderHeight&quot;:683,&quot;fitInViewport&quot;:false}'><\/div><\/div><\/div><\/div><\/div><\/section><section class=\"l-section wpb_row height_medium\"><div class=\"l-section-h i-cf\"><div class=\"g-cols offset_small\"><div class=\" one-half\"><div class=\"w-tabs layout_default accordion type_togglable title_left icon_plus iconpos_right \"><div class=\"w-tabs-list items_3\"><div class=\"w-tabs-list-h\"><div class=\"w-tabs-item\"><a href=\"#1476991042384-33d50206-721f\" class=\"w-tabs-item-h\"><span class=\"w-tabs-item-title\">Ereignisse und Veranstaltungen machen Ihren Urlaub im Fassatal noch reicher<\/span><\/a><\/div>\n<div class=\"w-tabs-item\"><a href=\"#1476991762803-b07afea2-25e0\" class=\"w-tabs-item-h\"><span class=\"w-tabs-item-title\">Kultur und Parks<\/span><\/a><\/div>\n<div class=\"w-tabs-item\"><a href=\"#1476991857487-8f72eb05-5496\" class=\"w-tabs-item-h\"><span class=\"w-tabs-item-title\">Fassalandia<\/span><\/a><\/div>\n<\/div><\/div><div class=\"w-tabs-sections\"><div class=\"w-tabs-sections-h\"><div class=\"w-tabs-section\" id=\"1476991042384-33d50206-721f\"><a href=\"#1476991042384-33d50206-721f\" class=\"w-tabs-section-header\"><div class=\"w-tabs-section-header-h\"><h5 class=\"w-tabs-section-title\">Ereignisse und Veranstaltungen machen Ihren Urlaub im Fassatal noch reicher<\/h5><div class=\"w-tabs-section-control\"><\/div><\/div><\/a><div class=\"w-tabs-section-content\"><div class=\"w-tabs-section-content-h i-cf\"><div class=\"wpb_text_column \"><div class=\"wpb_wrapper\">\n<p style=\"text-align: justify;\"><strong>Canazei<\/strong> und <strong>Fassatal<\/strong> hei\u00dfen Sie mit der warmen Umarmung seiner <strong>Veranstaltungen <\/strong>willkommen, wie z.B.: <strong>I Suoni delle Dolomiti (die Kl\u00e4nge der Dolomiten, mit Konzerten)<\/strong>; den gastronomischen Wochen, wie z.B.: &#8220;<strong>A cena con Re Laurino&#8221; (Abendessen mit K\u00f6nig Laurin)<\/strong> und <strong>&#8220;Sapori d\u2019Autunno<\/strong>&#8221; <strong>(Herbstgeschm\u00e4cke)<\/strong> ; Sportereignisse wie Z.B.: <strong>il Trekking delle Leggende (Trekking der Legenden)<\/strong>, <strong>Traslaval, il Sellarunde Bike Day , Marcialonga (Langlauf), la Fassa Bike (Radrennen).<\/strong><\/p>\n<\/div> <\/div> <div class=\"w-slider\"><div class=\"royalSlider rsDefault\"><a class=\"rsImg\" data-rsw=\"1024\" data-rsh=\"486\" href=\"https:\/\/hotellaperla.net\/wp-content\/uploads\/2016\/10\/032-1024x486.jpg\"><\/a><a class=\"rsImg\" data-rsw=\"1024\" data-rsh=\"683\" href=\"https:\/\/hotellaperla.net\/wp-content\/uploads\/2016\/10\/027-1-1024x683.jpg\"><\/a><a class=\"rsImg\" data-rsw=\"550\" data-rsh=\"367\" href=\"https:\/\/hotellaperla.net\/wp-content\/uploads\/2016\/10\/031.jpg\"><\/a><\/div><div class=\"w-slider-json\" onclick='return {&quot;transitionSpeed&quot;:300,&quot;loopRewind&quot;:true,&quot;slidesSpacing&quot;:0,&quot;imageScalePadding&quot;:0,&quot;numImagesToPreload&quot;:2,&quot;arrowsNav&quot;:true,&quot;arrowsNavAutoHide&quot;:false,&quot;transitionType&quot;:&quot;move&quot;,&quot;controlNavigation&quot;:&quot;none&quot;,&quot;imageScaleMode&quot;:&quot;fit-if-smaller&quot;,&quot;autoScaleSlider&quot;:true,&quot;autoScaleSliderWidth&quot;:1024,&quot;autoScaleSliderHeight&quot;:486,&quot;fitInViewport&quot;:false}'><\/div><\/div><\/div><\/div><\/div><div class=\"w-tabs-section\" id=\"1476991762803-b07afea2-25e0\"><a href=\"#1476991762803-b07afea2-25e0\" class=\"w-tabs-section-header\"><div class=\"w-tabs-section-header-h\"><h5 class=\"w-tabs-section-title\">Kultur und Parks<\/h5><div class=\"w-tabs-section-control\"><\/div><\/div><\/a><div class=\"w-tabs-section-content\"><div class=\"w-tabs-section-content-h i-cf\"><div class=\"wpb_text_column \"><div class=\"wpb_wrapper\">\n<p style=\"text-align: justify;\">\n<p>Von <strong>Canazei<\/strong> aus sind verschiedene D\u00f6rfer vom <strong>Fassatal<\/strong> wie <strong>Moena, Soraga, Vigo di Fassa, Pozza di Fassa, Mazzin di Fassa, Campitello di Fassa <\/strong>einfach erreichbar.<\/p>\n<p>Zu entdecken sind die Museen wie z.B.<strong> das<\/strong> <strong>Museo e Istituto culturale ladino (Museum und Institut der ladinischen Kultur)<\/strong> in <strong>Vigo di Fassa<\/strong> oder das <strong>Museo della Marmolada (Museum von Marmolada)<\/strong>. Interessant ist auch die Entdeckung der Pflanzen- und Tierwelt des Parks Parco di Paneveggio. Abenteuerlustige k\u00f6nnen von<strong> Erlebnisparks<\/strong>, vom Eisstadion und vom Minigolfplatz sowie von den verschiedenen Kinderspielgarten sowie von dem <strong>Fassa Park<\/strong> in <strong>Canazei <\/strong>profitieren.<\/div> <\/div> <div class=\"w-slider\"><div class=\"royalSlider rsDefault\"><a class=\"rsImg\" data-rsw=\"1024\" data-rsh=\"683\" href=\"https:\/\/hotellaperla.net\/wp-content\/uploads\/2016\/10\/043-1024x683.jpg\"><\/a><a class=\"rsImg\" data-rsw=\"1024\" data-rsh=\"683\" href=\"https:\/\/hotellaperla.net\/wp-content\/uploads\/2016\/10\/044-1024x683.jpg\"><\/a><a class=\"rsImg\" data-rsw=\"1024\" data-rsh=\"683\" href=\"https:\/\/hotellaperla.net\/wp-content\/uploads\/2016\/10\/045-1024x683.jpg\"><\/a><\/div><div class=\"w-slider-json\" onclick='return {&quot;transitionSpeed&quot;:300,&quot;loopRewind&quot;:true,&quot;slidesSpacing&quot;:0,&quot;imageScalePadding&quot;:0,&quot;numImagesToPreload&quot;:2,&quot;arrowsNav&quot;:true,&quot;arrowsNavAutoHide&quot;:false,&quot;transitionType&quot;:&quot;move&quot;,&quot;controlNavigation&quot;:&quot;none&quot;,&quot;imageScaleMode&quot;:&quot;fit-if-smaller&quot;,&quot;autoScaleSlider&quot;:true,&quot;autoScaleSliderWidth&quot;:1024,&quot;autoScaleSliderHeight&quot;:683,&quot;fitInViewport&quot;:false}'><\/div><\/div><\/div><\/div><\/div><div class=\"w-tabs-section\" id=\"1476991857487-8f72eb05-5496\"><a href=\"#1476991857487-8f72eb05-5496\" class=\"w-tabs-section-header\"><div class=\"w-tabs-section-header-h\"><h5 class=\"w-tabs-section-title\">Fassalandia<\/h5><div class=\"w-tabs-section-control\"><\/div><\/div><\/a><div class=\"w-tabs-section-content\"><div class=\"w-tabs-section-content-h i-cf\"><div class=\"wpb_text_column \"><div class=\"wpb_wrapper\"><p>Das Fassatal ist kinderfreundlich und hat den kleinsten G\u00e4sten Fassalandia gewidmet, ein reiches Programm an w\u00f6chentlichen Aktivit\u00e4ten im ganzen Tal.<\/p>\n<p>Unz\u00e4hlige sind die Aktivit\u00e4ten, wo die Kinder <strong>im Sommer<\/strong> Ehreng\u00e4ste sind: \u00a0<strong><a href=\"http:\/\/de.pons.eu\/deutsch-italienisch\/mineralogisch\">mineralogisch<\/a>e und spielerisch-didaktischen Labors,<\/strong> <strong>Kinderbetreuung in freier Natur<\/strong>, <strong><a href=\"http:\/\/dict.leo.org\/itde?lp=itde&amp;lang=de&amp;searchLoc=0&amp;searchLocRelinked=1&amp;search=Schnitzeljagd&amp;trestr=0x8001\">Schatzsuche<\/a><\/strong>, <strong>Theater- und Marionettenvorstellungen<\/strong> sowie ein umfangreiches Programm von <strong>Themenausfl\u00fcgen<\/strong>, um den Kindern die Natur und das Territorium n\u00e4her zu bringen.<\/p>\n<p>Die Teilnahme an den organisierten Aktivit\u00e4ten muss in den Fremdenverkehrs\u00e4mter des Tales vor 18.30 am vorherigen Tag gebucht werden (f\u00fcr Aktivit\u00e4ten, die am Montag stattfinden, Buchungen in den B\u00fcros von Moena, Pozza und Canazei vor 18.30 am Sonntag; in den B\u00fcros von Soraga, Vigo e Campitello di Fassa vor 12.30 am Sonntag), mit passender Karte (<a href=\"http:\/\/www.fassa.com\/IT\/Promozione--Val-di-Fassa-Card--Iniziative-estate-per-gli-Ospiti\/?s=1220\">Val di Fassa Card<\/a>), die vom Hotel ausgeh\u00e4ndigt wird.<\/p><\/div> <\/div> <div class=\"w-slider\"><div class=\"royalSlider rsDefault\"><a class=\"rsImg\" data-rsw=\"769\" data-rsh=\"1024\" href=\"https:\/\/hotellaperla.net\/wp-content\/uploads\/2016\/10\/001-3-769x1024.jpg\"><\/a><a class=\"rsImg\" data-rsw=\"683\" data-rsh=\"1024\" href=\"https:\/\/hotellaperla.net\/wp-content\/uploads\/2016\/10\/030-1-683x1024.jpg\"><\/a><a class=\"rsImg\" data-rsw=\"1024\" data-rsh=\"683\" href=\"https:\/\/hotellaperla.net\/wp-content\/uploads\/2016\/10\/037-1024x683.jpg\"><\/a><\/div><div class=\"w-slider-json\" onclick='return {&quot;transitionSpeed&quot;:300,&quot;loopRewind&quot;:true,&quot;slidesSpacing&quot;:0,&quot;imageScalePadding&quot;:0,&quot;numImagesToPreload&quot;:2,&quot;arrowsNav&quot;:true,&quot;arrowsNavAutoHide&quot;:false,&quot;transitionType&quot;:&quot;move&quot;,&quot;controlNavigation&quot;:&quot;none&quot;,&quot;imageScaleMode&quot;:&quot;fit-if-smaller&quot;,&quot;autoScaleSlider&quot;:true,&quot;autoScaleSliderWidth&quot;:769,&quot;autoScaleSliderHeight&quot;:1024,&quot;fitInViewport&quot;:false}'><\/div><\/div><\/div><\/div><\/div><\/div><\/div><\/div><\/div><div class=\" one-half\"><div class=\"w-tabs layout_default accordion type_togglable title_left icon_plus iconpos_right \"><div class=\"w-tabs-list items_3\"><div class=\"w-tabs-list-h\"><div class=\"w-tabs-item\"><a href=\"#1476991112834-66485490-b4db\" class=\"w-tabs-item-h\"><span class=\"w-tabs-item-title\">Aktivit\u00e4ten mit Bergf\u00fchrern und Animateuren<\/span><\/a><\/div>\n<div class=\"w-tabs-item\"><a href=\"#1476991792940-6f55baf9-c453\" class=\"w-tabs-item-h\"><span class=\"w-tabs-item-title\">Val di Fassa Card<\/span><\/a><\/div>\n<div class=\"w-tabs-item\"><a href=\"#1476991851709-bbb785bc-5e4d\" class=\"w-tabs-item-h\"><span class=\"w-tabs-item-title\">Panorama Pass<\/span><\/a><\/div>\n<\/div><\/div><div class=\"w-tabs-sections\"><div class=\"w-tabs-sections-h\"><div class=\"w-tabs-section\" id=\"1476991112834-66485490-b4db\"><a href=\"#1476991112834-66485490-b4db\" class=\"w-tabs-section-header\"><div class=\"w-tabs-section-header-h\"><h5 class=\"w-tabs-section-title\">Aktivit\u00e4ten mit Bergf\u00fchrern und Animateuren<\/h5><div class=\"w-tabs-section-control\"><\/div><\/div><\/a><div class=\"w-tabs-section-content\"><div class=\"w-tabs-section-content-h i-cf\"><div class=\"wpb_text_column \"><div class=\"wpb_wrapper\">\n<p style=\"text-align: justify;\"><strong>Freizeitaktivit\u00e4ten<\/strong> sind von dem Fremdenverkehrsamt <strong>Azienda di Promozione Turistica<\/strong> garantiert, die reiche Programme an <strong>Unterhaltungsaktivit\u00e4ten<\/strong>, <strong>gef\u00fchrten Wanderungen<\/strong>, <strong>Nordic Walking<\/strong>, <strong>Spazierg\u00e4ngen in die Natur<\/strong> anbietet, die sowohl f\u00fcr Erwachsenen als auch f\u00fcr Kinder geeignet sind, dank des <strong>Fassatals Card<\/strong> und <strong>Fassalandia<\/strong><\/p>\n<\/div> <\/div> <\/div><\/div><\/div><div class=\"w-tabs-section\" id=\"1476991792940-6f55baf9-c453\"><a href=\"#1476991792940-6f55baf9-c453\" class=\"w-tabs-section-header\"><div class=\"w-tabs-section-header-h\"><h5 class=\"w-tabs-section-title\">Val di Fassa Card<\/h5><div class=\"w-tabs-section-control\"><\/div><\/div><\/a><div class=\"w-tabs-section-content\"><div class=\"w-tabs-section-content-h i-cf\"><div class=\"wpb_text_column \"><div class=\"wpb_wrapper\"><strong>Val di Fassa Card<\/strong> ist eine Karte, die im Hotel anzufragen ist und die nach deren Vorlegen in den Fremdenverkehrs\u00e4mtern vom <strong>Fassatal<\/strong> erm\u00f6glicht, frei an zahlreichen Aktivit\u00e4ten teilzunehmen:<\/p>\n<ul>\n<li><strong>Spazierg\u00e4nge in der Natur<\/strong> um die Dolomitenlandschaft zu entdecken und Kultur und Sitten der ladinischen Welt direkt vor Ort zu vertiefen<\/li>\n<li><strong>T\u00e4glich gef\u00fchrte Wanderungen<\/strong> um Bergrouten sicherlich zu begehen<\/li>\n<li><strong><a href=\"http:\/\/de.pons.eu\/deutsch-italienisch\/mineralogisch\">Mineralogisch<\/a>e Labors<\/strong> um die Geologie der Dolomiten zu lernen<\/li>\n<li><strong>Einf\u00fchrungskurse in Mountain Bike<\/strong> f\u00fcr Kinder mit ausgebildeten Lehrern, um zusammen beim Radfahren Spa\u00df zu haben<\/li>\n<li><strong>Ausfl\u00fcge in die Sennh\u00fctten<\/strong> um die Almwirtschaft und Bergleben zu entdecken<\/li>\n<li><strong>Einf\u00fchrungskurse in die Kletterei<\/strong>: einen ganzen Tag um die Kletterei mit einem Bergf\u00fchrer zu lernen<\/li>\n<\/ul>\n<p>Mit Val di Fassa Card k\u00f6nnen Sie auch die folgenden Vorteile ausn\u00fctzen:<\/p>\n<ul>\n<li>Den <a href=\"http:\/\/www.fassa.com\/IT\/Promozione--Panoramapass--In-vetta-con-un-solo-pass\/\">PanoramaPass<\/a> mit Sonderpreis zu kaufen, der Pass, der Ihnen freien Zugang zu allen im Sommer offenen Aufstieganlagen und zu \u00f6ffentlichen Verkehrsmitteln erm\u00f6glicht.<\/li>\n<li>Preiserm\u00e4\u00dfigung auf einen Einzelfahrschein\u00a0(Erwachsene) des <a href=\"http:\/\/www.fassa.com\/it\/Bike-Express-Fassa-Fiemme-Servizio-bus-per-ciclisti\/\">Bike Express<\/a><strong>;<\/strong><\/li>\n<li>Preiserm\u00e4\u00dfigung auf die Eintrittskarte zum <a href=\"http:\/\/www.fassa.com\/IT\/Attivita-e-sport-in-Val-di-Fassa--Antica-Terra-Ladina\/?s=205\">Museo Ladin de Fascia<\/a>, f\u00fcr Erwachsene und Kinder unter\u00a014 Jahren;<\/li>\n<li>Preiserm\u00e4\u00dfigung von 1,00 \u20ac auf die Eintrittstarife (mit oder ohne Schlittschuhverleih) des <a href=\"http:\/\/www.fassa.com\/IT\/Attivita-e-sport-in-Val-di-Fassa--Pattinaggio-su-ghiaccio\/?s=205\">Eisstadions<\/a> in Alba di Canazei (nicht mit dem Angebot Hockey Card anzusammeln);<\/li>\n<li>Preiserm\u00e4\u00dfigung auf die Eintrittskarte der Erlebnisparks des Tals (Dolomiti Action Adventure Park in Campitello di Fassa, Adventure Park Piciocaa und Acropark Sauta Martin in Pozza di Fassa).<\/li>\n<\/ul>\n<\/div> <\/div> <div class=\"w-slider\"><div class=\"royalSlider rsDefault\"><a class=\"rsImg\" data-rsw=\"1024\" data-rsh=\"683\" href=\"https:\/\/hotellaperla.net\/wp-content\/uploads\/2016\/10\/028-1-1024x683.jpg\"><\/a><a class=\"rsImg\" data-rsw=\"1024\" data-rsh=\"683\" href=\"https:\/\/hotellaperla.net\/wp-content\/uploads\/2016\/10\/038-1024x683.jpg\"><\/a><a class=\"rsImg\" data-rsw=\"1024\" data-rsh=\"683\" href=\"https:\/\/hotellaperla.net\/wp-content\/uploads\/2016\/10\/039-1024x683.jpg\"><\/a><a class=\"rsImg\" data-rsw=\"1024\" data-rsh=\"683\" href=\"https:\/\/hotellaperla.net\/wp-content\/uploads\/2016\/10\/042-1024x683.jpg\"><\/a><\/div><div class=\"w-slider-json\" onclick='return {&quot;transitionSpeed&quot;:300,&quot;loopRewind&quot;:true,&quot;slidesSpacing&quot;:0,&quot;imageScalePadding&quot;:0,&quot;numImagesToPreload&quot;:2,&quot;arrowsNav&quot;:true,&quot;arrowsNavAutoHide&quot;:false,&quot;transitionType&quot;:&quot;move&quot;,&quot;controlNavigation&quot;:&quot;none&quot;,&quot;imageScaleMode&quot;:&quot;fit-if-smaller&quot;,&quot;autoScaleSlider&quot;:true,&quot;autoScaleSliderWidth&quot;:1024,&quot;autoScaleSliderHeight&quot;:683,&quot;fitInViewport&quot;:false}'><\/div><\/div><\/div><\/div><\/div><div class=\"w-tabs-section\" id=\"1476991851709-bbb785bc-5e4d\"><a href=\"#1476991851709-bbb785bc-5e4d\" class=\"w-tabs-section-header\"><div class=\"w-tabs-section-header-h\"><h5 class=\"w-tabs-section-title\">Panorama Pass<\/h5><div class=\"w-tabs-section-control\"><\/div><\/div><\/a><div class=\"w-tabs-section-content\"><div class=\"w-tabs-section-content-h i-cf\"><div class=\"wpb_text_column \"><div class=\"wpb_wrapper\">\n<p style=\"text-align: justify;\">Sich zu bewegen ist ins Fassatal vom <strong>Panorama Pass<\/strong> erleichtert, der freien Zugang zu Verkehrsmitteln in den Strecken Moena &#8211; Canazei &#8211; Passo Fedaia und R\u00fcckfahrt, Moena &#8211; Passo San Pellegrino und R\u00fcckfahrt, Vigo &#8211; Passo Costalunga und R\u00fcckfahrt f\u00fcr die ganze G\u00fcltigkeit des Panoramapasses gew\u00e4hrleistet.<\/p>\n<\/div> <\/div> <\/div><\/div><\/div><\/div><\/div><\/div><\/div><\/div><\/div><\/section>\n","protected":false},"excerpt":{"rendered":"Fassatal: Synonym von aufregendem Aktivurlaub im Sommer Eine immer gr\u00f6\u00dfere...","protected":false},"author":1,"featured_media":0,"parent":0,"menu_order":0,"comment_status":"closed","ping_status":"closed","template":"","meta":{"footnotes":""},"yoast_head":"<!-- This site is optimized with the Yoast SEO plugin v15.3 - https:\/\/yoast.com\/wordpress\/plugins\/seo\/ -->\n<meta name=\"robots\" content=\"index, follow, max-snippet:-1, max-image-preview:large, max-video-preview:-1\" \/>\n<link rel=\"canonical\" href=\"https:\/\/hotellaperla.net\/it\/estate\/\" \/>\n<meta property=\"og:locale\" content=\"de_DE\" \/>\n<meta property=\"og:type\" content=\"article\" \/>\n<meta property=\"og:title\" content=\"Sommer - Hotel la Perla Canazei\" \/>\n<meta property=\"og:url\" content=\"https:\/\/hotellaperla.net\/it\/estate\/\" \/>\n<meta property=\"og:site_name\" content=\"Hotel la Perla Canazei\" \/>\n<meta property=\"article:modified_time\" content=\"2017-05-04T20:07:42+00:00\" \/>\n<meta name=\"twitter:card\" content=\"summary\" \/>\n<meta name=\"twitter:label1\" content=\"Verfasst von\">\n\t<meta name=\"twitter:data1\" content=\"admin\">\n\t<meta name=\"twitter:label2\" content=\"Gesch\u00e4tzte Lesezeit\">\n\t<meta name=\"twitter:data2\" content=\"4 Minuten\">\n<script type=\"application\/ld+json\" class=\"yoast-schema-graph\">{\"@context\":\"https:\/\/schema.org\",\"@graph\":[{\"@type\":\"WebSite\",\"@id\":\"https:\/\/hotellaperla.net\/it\/#website\",\"url\":\"https:\/\/hotellaperla.net\/it\/\",\"name\":\"Hotel la Perla Canazei\",\"description\":\"Hotel la Perla Canazei\",\"potentialAction\":[{\"@type\":\"SearchAction\",\"target\":\"https:\/\/hotellaperla.net\/it\/?s={search_term_string}\",\"query-input\":\"required name=search_term_string\"}],\"inLanguage\":\"de-DE\"},{\"@type\":\"WebPage\",\"@id\":\"https:\/\/hotellaperla.net\/it\/estate\/#webpage\",\"url\":\"https:\/\/hotellaperla.net\/it\/estate\/\",\"name\":\"Sommer - Hotel la Perla Canazei\",\"isPartOf\":{\"@id\":\"https:\/\/hotellaperla.net\/it\/#website\"},\"datePublished\":\"2016-10-20T18:53:36+00:00\",\"dateModified\":\"2017-05-04T20:07:42+00:00\",\"inLanguage\":\"de-DE\",\"potentialAction\":[{\"@type\":\"ReadAction\",\"target\":[\"https:\/\/hotellaperla.net\/it\/estate\/\"]}]}]}<\/script>\n<!-- \/ Yoast SEO plugin. -->","_links":{"self":[{"href":"https:\/\/hotellaperla.net\/de\/wp-json\/wp\/v2\/pages\/3224"}],"collection":[{"href":"https:\/\/hotellaperla.net\/de\/wp-json\/wp\/v2\/pages"}],"about":[{"href":"https:\/\/hotellaperla.net\/de\/wp-json\/wp\/v2\/types\/page"}],"author":[{"embeddable":true,"href":"https:\/\/hotellaperla.net\/de\/wp-json\/wp\/v2\/users\/1"}],"replies":[{"embeddable":true,"href":"https:\/\/hotellaperla.net\/de\/wp-json\/wp\/v2\/comments?post=3224"}],"version-history":[{"count":2,"href":"https:\/\/hotellaperla.net\/de\/wp-json\/wp\/v2\/pages\/3224\/revisions"}],"predecessor-version":[{"id":3242,"href":"https:\/\/hotellaperla.net\/de\/wp-json\/wp\/v2\/pages\/3224\/revisions\/3242"}],"wp:attachment":[{"href":"https:\/\/hotellaperla.net\/de\/wp-json\/wp\/v2\/media?parent=3224"}],"curies":[{"name":"wp","href":"https:\/\/api.w.org\/{rel}","templated":true}]}}