{"id":3213,"date":"2016-10-20T18:29:38","date_gmt":"2016-10-20T18:29:38","guid":{"rendered":"http:\/\/hotellaperla.net\/dolaondes-centro-acquatico-canazei\/"},"modified":"2017-05-04T19:26:55","modified_gmt":"2017-05-04T19:26:55","slug":"dolaondes-centro-acquatico-canazei","status":"publish","type":"page","link":"https:\/\/hotellaperla.net\/de\/dolaondes-centro-acquatico-canazei\/","title":{"rendered":"Dolaondes &#8211; Aquarena Canazei"},"content":{"rendered":"<section class=\"l-section wpb_row height_medium\"><div class=\"l-section-h i-cf\"><div class=\"g-cols offset_small\"><div class=\" full-width\"><div class=\"w-image  align_center\"><img loading=\"lazy\" decoding=\"async\" width=\"66\" height=\"55\" src=\"https:\/\/hotellaperla.net\/wp-content\/uploads\/2016\/08\/p33.png\" class=\"attachment-full size-full\" alt=\"Hotel la Perla Canazei\" \/><\/div><div class=\"wpb_text_column \"><div class=\"wpb_wrapper\">\n<h1 style=\"text-align: center; color: #e5c878;\">Dolaondes &#8211; Aquarena Canazei<\/h1>\n<\/div> <\/div> <\/div><\/div><\/div><\/section><section class=\"l-section wpb_row height_medium\"><div class=\"l-section-h i-cf\"><div class=\"g-cols offset_small\"><div class=\" two-thirds\"><div class=\"wpb_text_column \"><div class=\"wpb_wrapper\">\n<p style=\"text-align: center;\">Es befindet sich gegen\u00fcber von unserem Hotel.<\/p>\n<p>Der Name der neuen Aquarena in Canazei D\u00f2laondes (aus dem ladinischen Folge den Wellen) bezieht sich auf die Bewegung des Wassers. Es bekr\u00e4ftigt die Bindung dieser kostbaren Reserve mit den Orten im Val di Fassa. Im Herzen der Dolomiten, die einst vom Meer bedeckt waren, er\u00f6ffnet nun ein neuer Schmuckkasten, dessen kostbarster Schatz das Wasser ist. Zu Danken ist hier der SITC (Gesellschaft zur Tourismus- F\u00f6rderung), die die Finanzierung \u00fcbernommen hat, und dem Architekten Ralf Dejaco aus Brixen, der das Projekt realisiert hat. Auf einer Gesamtfl\u00e4che von 2.400 m2 erstreckt sich die Aquarena &#8220;D\u00f2laondes&#8221; in Canazei. Sie ist in vier thematische Zonen aufgeteilt, welche die auszuf\u00fchrenden Aktivit\u00e4ten darstellen: Water &amp; Fun &#8211; die f\u00fcnf Schwimmb\u00e4der; Eghes Wellness &#8211; das gesamte nachweisliche Wohlbefinden; Sport &amp; Fitness &#8211; die avantgarde Turnhalle und Eat &amp; Drink, wo man sich nach einem intensiven Tag<br \/>\nim Wasser erholen kann.<\/p>\n<\/div> <\/div> <\/div><div class=\" one-third\"><div class=\"w-gallery layout_default cols_1 link_media\"><div class=\"w-gallery-list\"><a class=\"w-gallery-item order_1\" href=\"https:\/\/hotellaperla.net\/wp-content\/uploads\/2016\/10\/87-20140708-121617-30.jpg\" title=\"_87-20140708-121617-30\"><img loading=\"lazy\" decoding=\"async\" width=\"600\" height=\"600\" src=\"https:\/\/hotellaperla.net\/wp-content\/uploads\/2016\/10\/87-20140708-121617-30-600x600.jpg\" class=\"w-gallery-item-img\" alt=\"\" srcset=\"https:\/\/hotellaperla.net\/wp-content\/uploads\/2016\/10\/87-20140708-121617-30-600x600.jpg 600w, https:\/\/hotellaperla.net\/wp-content\/uploads\/2016\/10\/87-20140708-121617-30-150x150.jpg 150w, https:\/\/hotellaperla.net\/wp-content\/uploads\/2016\/10\/87-20140708-121617-30-350x350.jpg 350w\" sizes=\"(max-width: 600px) 100vw, 600px\" \/><span class=\"w-gallery-item-hover\"><\/span><span class=\"w-gallery-item-title\">_87-20140708-121617-30<\/span><\/a><\/div><\/div>\n<\/div><\/div><\/div><\/section><section class=\"l-section wpb_row height_medium\"><div class=\"l-section-h i-cf\"><div class=\"g-cols offset_small\"><div class=\" full-width\"><div class=\"w-video ratio_16x9\"><div class=\"w-video-h\"><iframe loading=\"lazy\" width=\"1500\" height=\"844\" src=\"https:\/\/www.youtube.com\/embed\/ozYdk2VuOiA?feature=oembed\" frameborder=\"0\" allowfullscreen><\/iframe><\/div><\/div><\/div><\/div><\/div><\/section>\n","protected":false},"excerpt":{"rendered":"Dolaondes - Aquarena Canazei Es befindet sich gegen\u00fcber von unserem...","protected":false},"author":1,"featured_media":0,"parent":0,"menu_order":0,"comment_status":"closed","ping_status":"closed","template":"","meta":{"footnotes":""},"yoast_head":"<!-- This site is optimized with the Yoast SEO plugin v15.3 - https:\/\/yoast.com\/wordpress\/plugins\/seo\/ -->\n<meta name=\"robots\" content=\"index, follow, max-snippet:-1, max-image-preview:large, max-video-preview:-1\" \/>\n<link rel=\"canonical\" href=\"https:\/\/hotellaperla.net\/it\/dolaondes-centro-acquatico-canazei\/\" \/>\n<meta property=\"og:locale\" content=\"de_DE\" \/>\n<meta property=\"og:type\" content=\"article\" \/>\n<meta property=\"og:title\" content=\"Dolaondes - Aquarena Canazei - Hotel la Perla Canazei\" \/>\n<meta property=\"og:url\" content=\"https:\/\/hotellaperla.net\/it\/dolaondes-centro-acquatico-canazei\/\" \/>\n<meta property=\"og:site_name\" content=\"Hotel la Perla Canazei\" \/>\n<meta property=\"article:modified_time\" content=\"2017-05-04T19:26:55+00:00\" \/>\n<meta name=\"twitter:card\" content=\"summary\" \/>\n<meta name=\"twitter:label1\" content=\"Verfasst von\">\n\t<meta name=\"twitter:data1\" content=\"admin\">\n\t<meta name=\"twitter:label2\" content=\"Gesch\u00e4tzte Lesezeit\">\n\t<meta name=\"twitter:data2\" content=\"1 Minute\">\n<script type=\"application\/ld+json\" class=\"yoast-schema-graph\">{\"@context\":\"https:\/\/schema.org\",\"@graph\":[{\"@type\":\"WebSite\",\"@id\":\"https:\/\/hotellaperla.net\/it\/#website\",\"url\":\"https:\/\/hotellaperla.net\/it\/\",\"name\":\"Hotel la Perla Canazei\",\"description\":\"Hotel la Perla Canazei\",\"potentialAction\":[{\"@type\":\"SearchAction\",\"target\":\"https:\/\/hotellaperla.net\/it\/?s={search_term_string}\",\"query-input\":\"required name=search_term_string\"}],\"inLanguage\":\"de-DE\"},{\"@type\":\"WebPage\",\"@id\":\"https:\/\/hotellaperla.net\/it\/dolaondes-centro-acquatico-canazei\/#webpage\",\"url\":\"https:\/\/hotellaperla.net\/it\/dolaondes-centro-acquatico-canazei\/\",\"name\":\"Dolaondes - Aquarena Canazei - Hotel la Perla Canazei\",\"isPartOf\":{\"@id\":\"https:\/\/hotellaperla.net\/it\/#website\"},\"datePublished\":\"2016-10-20T18:29:38+00:00\",\"dateModified\":\"2017-05-04T19:26:55+00:00\",\"inLanguage\":\"de-DE\",\"potentialAction\":[{\"@type\":\"ReadAction\",\"target\":[\"https:\/\/hotellaperla.net\/it\/dolaondes-centro-acquatico-canazei\/\"]}]}]}<\/script>\n<!-- \/ Yoast SEO plugin. -->","_links":{"self":[{"href":"https:\/\/hotellaperla.net\/de\/wp-json\/wp\/v2\/pages\/3213"}],"collection":[{"href":"https:\/\/hotellaperla.net\/de\/wp-json\/wp\/v2\/pages"}],"about":[{"href":"https:\/\/hotellaperla.net\/de\/wp-json\/wp\/v2\/types\/page"}],"author":[{"embeddable":true,"href":"https:\/\/hotellaperla.net\/de\/wp-json\/wp\/v2\/users\/1"}],"replies":[{"embeddable":true,"href":"https:\/\/hotellaperla.net\/de\/wp-json\/wp\/v2\/comments?post=3213"}],"version-history":[{"count":2,"href":"https:\/\/hotellaperla.net\/de\/wp-json\/wp\/v2\/pages\/3213\/revisions"}],"predecessor-version":[{"id":3220,"href":"https:\/\/hotellaperla.net\/de\/wp-json\/wp\/v2\/pages\/3213\/revisions\/3220"}],"wp:attachment":[{"href":"https:\/\/hotellaperla.net\/de\/wp-json\/wp\/v2\/media?parent=3213"}],"curies":[{"name":"wp","href":"https:\/\/api.w.org\/{rel}","templated":true}]}}