{"id":3198,"date":"2016-10-25T15:54:59","date_gmt":"2016-10-25T15:54:59","guid":{"rendered":"http:\/\/hotellaperla.net\/buono-regalo\/"},"modified":"2018-05-30T15:20:21","modified_gmt":"2018-05-30T15:20:21","slug":"geschenkgutschein","status":"publish","type":"page","link":"https:\/\/hotellaperla.net\/de\/geschenkgutschein\/","title":{"rendered":"Geschenkgutschein"},"content":{"rendered":"<section class=\"l-section wpb_row height_medium\"><div class=\"l-section-h i-cf\"><div class=\"g-cols offset_small\"><div class=\" full-width\"><div class=\"wpb_text_column \"><div class=\"wpb_wrapper\">\n<h1 style=\"text-align: center; color: #e5c878;\">Geschenkgutschein Hotel La Perla<\/h1>\n<p>Ein unvergesslicher Augenblick, ein Traum, ein Preis, ein Gef\u00fchl, ein besonderer Anla\u00df mal &#8220;Danke&#8221; zu sagen: Man m\u00f6chte was kostbares, au\u00dfergew\u00f6hnliches, einmaliges, einem lieben, besonderen Menschen schenken und sicher sein, da\u00df es ihm stets in Erinnerung bleiben wird.<\/p>\n<p><em><strong>Die Geschenkgutscheine Hotel la Perla\u00a0sind ein Geschenk, das niemand vergessen wird!<\/strong><\/em><\/p>\n<p>Fordern Sie Ihren individuellen Geschenkgutschein an:<\/div> <\/div> <div class=\"w-separator type_default size_medium thick_2 style_solid color_border cont_none\"><span class=\"w-separator-h\"><\/span><\/div><div role=\"form\" class=\"wpcf7\" id=\"wpcf7-f3384-o1\" lang=\"en-US\" dir=\"ltr\">\n<div class=\"screen-reader-response\"><p role=\"status\" aria-live=\"polite\" aria-atomic=\"true\"><\/p> <ul><\/ul><\/div>\n<form action=\"\/de\/wp-json\/wp\/v2\/pages\/3198#wpcf7-f3384-o1\" method=\"post\" class=\"wpcf7-form init\" novalidate=\"novalidate\" data-status=\"init\">\n<div style=\"display: none;\">\n<input type=\"hidden\" name=\"_wpcf7\" value=\"3384\" \/>\n<input type=\"hidden\" name=\"_wpcf7_version\" value=\"5.3\" \/>\n<input type=\"hidden\" name=\"_wpcf7_locale\" value=\"en_US\" \/>\n<input type=\"hidden\" name=\"_wpcf7_unit_tag\" value=\"wpcf7-f3384-o1\" \/>\n<input type=\"hidden\" name=\"_wpcf7_container_post\" value=\"0\" \/>\n<input type=\"hidden\" name=\"_wpcf7_posted_data_hash\" value=\"\" \/>\n<\/div>\n<p> Art von Geschenk *<span class=\"wpcf7-form-control-wrap Tipodibuono\"><span class=\"wpcf7-form-control wpcf7-radio\"><span class=\"wpcf7-list-item first\"><input type=\"radio\" name=\"Tipodibuono\" value=\"Hotel Aufenthaltsgutschein\" checked=\"checked\" \/><span class=\"wpcf7-list-item-label\">Hotel Aufenthaltsgutschein<\/span><\/span><span class=\"wpcf7-list-item\"><input type=\"radio\" name=\"Tipodibuono\" value=\"Beauty Gutschein\" \/><span class=\"wpcf7-list-item-label\">Beauty Gutschein<\/span><\/span><span class=\"wpcf7-list-item last\"><input type=\"radio\" name=\"Tipodibuono\" value=\"Restaurant Gourmetgutschein\" \/><span class=\"wpcf7-list-item-label\">Restaurant Gourmetgutschein<\/span><\/span><\/span><\/span> <\/p>\n<p>Im Wert von \u20ac. *<br \/>\n<span class=\"wpcf7-form-control-wrap valore-in-euro\"><input type=\"text\" name=\"valore-in-euro\" value=\"\" size=\"40\" class=\"wpcf7-form-control wpcf7-text wpcf7-validates-as-required\" aria-required=\"true\" aria-invalid=\"false\" \/><\/span> <\/p>\n<p>Name * <br \/>\n    <span class=\"wpcf7-form-control-wrap nome\"><input type=\"text\" name=\"nome\" value=\"\" size=\"40\" class=\"wpcf7-form-control wpcf7-text wpcf7-validates-as-required\" aria-required=\"true\" aria-invalid=\"false\" \/><\/span> <\/p>\n<p> Nachname *<br \/>\n    <span class=\"wpcf7-form-control-wrap cognome\"><input type=\"text\" name=\"cognome\" value=\"\" size=\"40\" class=\"wpcf7-form-control wpcf7-text wpcf7-validates-as-required\" aria-required=\"true\" aria-invalid=\"false\" \/><\/span> <\/p>\n<p> Address*<br \/>\n    <span class=\"wpcf7-form-control-wrap adresse\"><input type=\"text\" name=\"adresse\" value=\"\" size=\"40\" class=\"wpcf7-form-control wpcf7-text wpcf7-validates-as-required\" aria-required=\"true\" aria-invalid=\"false\" \/><\/span> <\/p>\n<p> Stadt <span class=\"wpcf7-form-control-wrap citta\"><input type=\"text\" name=\"citta\" value=\"\" size=\"40\" class=\"wpcf7-form-control wpcf7-text wpcf7-validates-as-required\" aria-required=\"true\" aria-invalid=\"false\" \/><\/span> <\/p>\n<p> PLZ<span class=\"wpcf7-form-control-wrap cap\"><input type=\"text\" name=\"cap\" value=\"\" size=\"40\" class=\"wpcf7-form-control wpcf7-text wpcf7-validates-as-required\" aria-required=\"true\" aria-invalid=\"false\" \/><\/span> <\/p>\n<p> Provinz*  <span class=\"wpcf7-form-control-wrap provincia\"><input type=\"text\" name=\"provincia\" value=\"\" size=\"40\" class=\"wpcf7-form-control wpcf7-text wpcf7-validates-as-required\" aria-required=\"true\" aria-invalid=\"false\" \/><\/span> <\/p>\n<p> Land*  <span class=\"wpcf7-form-control-wrap nazione\"><input type=\"text\" name=\"nazione\" value=\"\" size=\"40\" class=\"wpcf7-form-control wpcf7-text wpcf7-validates-as-required\" aria-required=\"true\" aria-invalid=\"false\" \/><\/span> <\/p>\n<p> Telefon*  <span class=\"wpcf7-form-control-wrap telefono\"><input type=\"tel\" name=\"telefono\" value=\"\" size=\"40\" class=\"wpcf7-form-control wpcf7-text wpcf7-tel wpcf7-validates-as-required wpcf7-validates-as-tel\" aria-required=\"true\" aria-invalid=\"false\" \/><\/span> <\/p>\n<p>E-mail*<br \/>\n    <span class=\"wpcf7-form-control-wrap your-email\"><input type=\"email\" name=\"your-email\" value=\"\" size=\"40\" class=\"wpcf7-form-control wpcf7-text wpcf7-email wpcf7-validates-as-required wpcf7-validates-as-email\" aria-required=\"true\" aria-invalid=\"false\" \/><\/span> <\/p>\n<p>E-mail* <br \/>\n    <span class=\"wpcf7-form-control-wrap your-email\"><input type=\"email\" name=\"your-email\" value=\"\" size=\"40\" class=\"wpcf7-form-control wpcf7-text wpcf7-email wpcf7-validates-as-required wpcf7-validates-as-email\" aria-required=\"true\" aria-invalid=\"false\" \/><\/span> <\/p>\n<p>Weiteres<br \/>\n    <span class=\"wpcf7-form-control-wrap your-message\"><textarea name=\"your-message\" cols=\"40\" rows=\"10\" class=\"wpcf7-form-control wpcf7-textarea\" aria-invalid=\"false\"><\/textarea><\/span> <\/p>\n<p><span class=\"wpcf7-form-control-wrap ACCEPT\"><span class=\"wpcf7-form-control wpcf7-checkbox wpcf7-validates-as-required\"><span class=\"wpcf7-list-item first last\"><input type=\"checkbox\" name=\"ACCEPT[]\" value=\"\" \/><span class=\"wpcf7-list-item-label\"><\/span><\/span><\/span><\/span> Ich stimme zu, dass meine im Formular genannten Daten gesammelt und verarbeitet werden, um auf meine Anfrage zu antworten.<br \/>\n<span class=\"wpcf7-form-control-wrap ACCEPT1\"><span class=\"wpcf7-form-control wpcf7-checkbox wpcf7-validates-as-required\"><span class=\"wpcf7-list-item first last\"><input type=\"checkbox\" name=\"ACCEPT1[]\" value=\"\" \/><span class=\"wpcf7-list-item-label\"><\/span><\/span><\/span><\/span> Ich stimme zu, dass meine im Formular genannten Daten gesammelt und verarbeitet werden, um mir Werbebotschaften und Updates zu Preisen und Angeboten zu senden.<\/p>\n<p><input type=\"submit\" value=\"Formular senden\" class=\"wpcf7-form-control wpcf7-submit\" \/><\/p>\n<input type='hidden' class='wpcf7-pum' value='{\"closepopup\":false,\"closedelay\":0,\"openpopup\":false,\"openpopup_id\":0}' \/><div class=\"wpcf7-response-output\" aria-hidden=\"true\"><\/div><\/form><\/div><div class=\"w-separator type_default size_medium thick_2 style_solid color_border cont_none\"><span class=\"w-separator-h\"><\/span><\/div><div class=\"wpb_text_column \"><div class=\"wpb_wrapper\">\n<div class=\"privacy\">\n<h2 style=\"text-align: center;\">Privacy<\/h2>\n<p>Informationen zur Verarbeitung personenbezogener Daten<br \/>\n(EU-Verordnung Nr. 679\/2016)<br \/>\nWir informieren Sie, dass die Daten, die Sie zur Verf\u00fcgung stellen, auf computergest\u00fctzte Weise in \u00dcbereinstimmung mit den in der geltenden Datenschutzgesetzgebung (EU-Verordnung Nr. 679 von 2016) festgelegten Grunds\u00e4tzen verarbeitet werden, um die angeforderten Informationen zu liefern und schlie\u00dflich Best\u00e4tigen Sie die Buchung von Zimmern und anderen Dienstleistungen.<\/p>\n<\/div>\n<p>Die Einwilligung kann jederzeit per E-Mail an info@hotellaperla.net widerrufen werden.<br \/>\nDetaillierte Informationen zur Verarbeitung von Nutzerdaten sind in unserer <a style=\"color: #e5c670;\" href=\"https:\/\/hotellaperla.net\/de\/privacy\/\">Datenschutzerkl\u00e4rung enthalten<\/a>.<\/div> <\/div> <\/div><\/div><\/div><\/section><section class=\"l-section wpb_row height_medium\"><div class=\"l-section-h i-cf\"><div class=\"g-cols offset_small\"><div class=\" full-width\"><\/div><\/div><\/div><\/section>\n","protected":false},"excerpt":{"rendered":"Geschenkgutschein Hotel La Perla Ein unvergesslicher Augenblick, ein Traum, ein...","protected":false},"author":1,"featured_media":0,"parent":0,"menu_order":0,"comment_status":"closed","ping_status":"closed","template":"","meta":{"footnotes":""},"yoast_head":"<!-- This site is optimized with the Yoast SEO plugin v15.3 - https:\/\/yoast.com\/wordpress\/plugins\/seo\/ -->\n<meta name=\"robots\" content=\"index, follow, max-snippet:-1, max-image-preview:large, max-video-preview:-1\" \/>\n<link rel=\"canonical\" href=\"https:\/\/hotellaperla.net\/it\/buono-regalo\/\" \/>\n<meta property=\"og:locale\" content=\"de_DE\" \/>\n<meta property=\"og:type\" content=\"article\" \/>\n<meta property=\"og:title\" content=\"Geschenkgutschein - Hotel la Perla Canazei\" \/>\n<meta property=\"og:url\" content=\"https:\/\/hotellaperla.net\/it\/buono-regalo\/\" \/>\n<meta property=\"og:site_name\" content=\"Hotel la Perla Canazei\" \/>\n<meta property=\"article:modified_time\" content=\"2018-05-30T15:20:21+00:00\" \/>\n<meta name=\"twitter:card\" content=\"summary\" \/>\n<meta name=\"twitter:label1\" content=\"Verfasst von\">\n\t<meta name=\"twitter:data1\" content=\"admin\">\n\t<meta name=\"twitter:label2\" content=\"Gesch\u00e4tzte Lesezeit\">\n\t<meta name=\"twitter:data2\" content=\"1 Minute\">\n<script type=\"application\/ld+json\" class=\"yoast-schema-graph\">{\"@context\":\"https:\/\/schema.org\",\"@graph\":[{\"@type\":\"WebSite\",\"@id\":\"https:\/\/hotellaperla.net\/it\/#website\",\"url\":\"https:\/\/hotellaperla.net\/it\/\",\"name\":\"Hotel la Perla Canazei\",\"description\":\"Hotel la Perla Canazei\",\"potentialAction\":[{\"@type\":\"SearchAction\",\"target\":\"https:\/\/hotellaperla.net\/it\/?s={search_term_string}\",\"query-input\":\"required name=search_term_string\"}],\"inLanguage\":\"de-DE\"},{\"@type\":\"WebPage\",\"@id\":\"https:\/\/hotellaperla.net\/it\/buono-regalo\/#webpage\",\"url\":\"https:\/\/hotellaperla.net\/it\/buono-regalo\/\",\"name\":\"Geschenkgutschein - Hotel la Perla Canazei\",\"isPartOf\":{\"@id\":\"https:\/\/hotellaperla.net\/it\/#website\"},\"datePublished\":\"2016-10-25T15:54:59+00:00\",\"dateModified\":\"2018-05-30T15:20:21+00:00\",\"inLanguage\":\"de-DE\",\"potentialAction\":[{\"@type\":\"ReadAction\",\"target\":[\"https:\/\/hotellaperla.net\/it\/buono-regalo\/\"]}]}]}<\/script>\n<!-- \/ Yoast SEO plugin. -->","_links":{"self":[{"href":"https:\/\/hotellaperla.net\/de\/wp-json\/wp\/v2\/pages\/3198"}],"collection":[{"href":"https:\/\/hotellaperla.net\/de\/wp-json\/wp\/v2\/pages"}],"about":[{"href":"https:\/\/hotellaperla.net\/de\/wp-json\/wp\/v2\/types\/page"}],"author":[{"embeddable":true,"href":"https:\/\/hotellaperla.net\/de\/wp-json\/wp\/v2\/users\/1"}],"replies":[{"embeddable":true,"href":"https:\/\/hotellaperla.net\/de\/wp-json\/wp\/v2\/comments?post=3198"}],"version-history":[{"count":6,"href":"https:\/\/hotellaperla.net\/de\/wp-json\/wp\/v2\/pages\/3198\/revisions"}],"predecessor-version":[{"id":5337,"href":"https:\/\/hotellaperla.net\/de\/wp-json\/wp\/v2\/pages\/3198\/revisions\/5337"}],"wp:attachment":[{"href":"https:\/\/hotellaperla.net\/de\/wp-json\/wp\/v2\/media?parent=3198"}],"curies":[{"name":"wp","href":"https:\/\/api.w.org\/{rel}","templated":true}]}}