{"id":3169,"date":"2016-10-20T15:51:39","date_gmt":"2016-10-20T15:51:39","guid":{"rendered":"http:\/\/hotellaperla.net\/canazei\/"},"modified":"2017-05-04T18:38:07","modified_gmt":"2017-05-04T18:38:07","slug":"canazei","status":"publish","type":"page","link":"https:\/\/hotellaperla.net\/de\/canazei\/","title":{"rendered":"Canazei"},"content":{"rendered":"<section class=\"l-section wpb_row height_medium\"><div class=\"l-section-h i-cf\"><div class=\"g-cols offset_small\"><div class=\" full-width\"><div class=\"w-image  align_center\"><img loading=\"lazy\" decoding=\"async\" width=\"66\" height=\"55\" src=\"https:\/\/hotellaperla.net\/wp-content\/uploads\/2016\/08\/p33.png\" class=\"attachment-full size-full\" alt=\"Hotel la Perla Canazei\" \/><\/div><div class=\"wpb_text_column \"><div class=\"wpb_wrapper\">\n<h1 style=\"text-align: center; color: #e5c878;\">Canazei, Perle der Dolomiten<\/h1>\n<h2 style=\"text-align: center;\"><em>\u00a0<\/em><\/h2>\n<\/div> <\/div> <\/div><\/div><\/div><\/section><section class=\"l-section wpb_row height_medium\"><div class=\"l-section-h i-cf\"><div class=\"g-cols offset_small\"><div class=\" one-half\"><div class=\"wpb_text_column \"><div class=\"wpb_wrapper\"><p>Das <strong>Hotel La Perla<\/strong> befindet sich in <strong>Canazei,<\/strong> eine der ber\u00fchmtesten Touristenziele der Alpen und spielt eine wesentliche Rolle f\u00fcr das <strong>Obere Fassatal in Trentino S\u00fcdtirol.<\/strong><\/p>\n<p>Seine Lage ist beneidenswert, indem sie in einem atemberaubenden Becken auf 1460 m \u00fc.d.M. liegt und zwischen den weltweit ber\u00fchmten <strong>Dolomitengipfeln<\/strong> wie z.B. <strong>Roda di Vael, Rosengarten, Langkofel, die Berggruppe von Sella, Pordoi, Monzoni mit dem herrvorragenden Marmolada <\/strong>eingefasst.<\/p>\n<p><strong>Canazei<\/strong> ist mitten im gr\u00f6\u00dften und spektakul\u00e4rsten <strong>Skikarussell<\/strong>, <strong>Dolomiti Superski<\/strong>. Von hier kann man die vier verschiedenen Skigebiete bequem erreichen, die es bilden.<\/p>\n<p>Das erhebt dieses <strong>h\u00fcbsche Alpendorf<\/strong> zu Wintersporthauptstadt.<\/p><\/div> <\/div> <\/div><div class=\" one-half\"><div class=\"w-slider\"><div class=\"royalSlider rsDefault\"><a class=\"rsImg\" data-rsw=\"867\" data-rsh=\"554\" href=\"https:\/\/hotellaperla.net\/wp-content\/uploads\/2016\/10\/canazei_perla_delle_dolomiti.jpg\"><\/a><a class=\"rsImg\" data-rsw=\"1024\" data-rsh=\"683\" href=\"https:\/\/hotellaperla.net\/wp-content\/uploads\/2016\/10\/canazei_gruppo_pordoi-1024x683.jpg\"><\/a><a class=\"rsImg\" data-rsw=\"1024\" data-rsh=\"683\" href=\"https:\/\/hotellaperla.net\/wp-content\/uploads\/2016\/10\/canazei_marmolada_lago_fedaia-1024x683.jpg\"><\/a><a class=\"rsImg\" data-rsw=\"1024\" data-rsh=\"683\" href=\"https:\/\/hotellaperla.net\/wp-content\/uploads\/2016\/10\/canazei_val_di_fassa-1024x683.jpg\"><\/a><a class=\"rsImg\" data-rsw=\"1024\" data-rsh=\"683\" href=\"https:\/\/hotellaperla.net\/wp-content\/uploads\/2016\/10\/canazei_canazei_canazei-1024x683.jpg\"><\/a><a class=\"rsImg\" data-rsw=\"1024\" data-rsh=\"683\" href=\"https:\/\/hotellaperla.net\/wp-content\/uploads\/2016\/10\/canazei_marmolada-1024x683.jpg\"><\/a><a class=\"rsImg\" data-rsw=\"1024\" data-rsh=\"682\" href=\"https:\/\/hotellaperla.net\/wp-content\/uploads\/2016\/10\/canazei_sassolungo-1024x682.jpg\"><\/a><\/div><div class=\"w-slider-json\" onclick='return {&quot;transitionSpeed&quot;:300,&quot;loopRewind&quot;:true,&quot;slidesSpacing&quot;:0,&quot;imageScalePadding&quot;:0,&quot;numImagesToPreload&quot;:2,&quot;arrowsNav&quot;:true,&quot;arrowsNavAutoHide&quot;:false,&quot;transitionType&quot;:&quot;move&quot;,&quot;controlNavigation&quot;:&quot;none&quot;,&quot;imageScaleMode&quot;:&quot;fit-if-smaller&quot;,&quot;autoScaleSlider&quot;:true,&quot;autoScaleSliderWidth&quot;:867,&quot;autoScaleSliderHeight&quot;:554,&quot;fitInViewport&quot;:false}'><\/div><\/div><\/div><\/div><\/div><\/section><section class=\"l-section wpb_row height_medium\"><div class=\"l-section-h i-cf\"><div class=\"g-cols offset_small\"><div class=\" one-half\"><div class=\"w-gallery layout_default cols_1 link_media\"><div class=\"w-gallery-list\"><a class=\"w-gallery-item order_1\" href=\"https:\/\/hotellaperla.net\/wp-content\/uploads\/2016\/10\/canazei_festa_estate.jpg\" title=\"canazei_festa_estate\"><img loading=\"lazy\" decoding=\"async\" width=\"600\" height=\"600\" src=\"https:\/\/hotellaperla.net\/wp-content\/uploads\/2016\/10\/canazei_festa_estate-600x600.jpg\" class=\"w-gallery-item-img\" alt=\"\" srcset=\"https:\/\/hotellaperla.net\/wp-content\/uploads\/2016\/10\/canazei_festa_estate-600x600.jpg 600w, https:\/\/hotellaperla.net\/wp-content\/uploads\/2016\/10\/canazei_festa_estate-150x150.jpg 150w, https:\/\/hotellaperla.net\/wp-content\/uploads\/2016\/10\/canazei_festa_estate-350x350.jpg 350w\" sizes=\"(max-width: 600px) 100vw, 600px\" \/><span class=\"w-gallery-item-hover\"><\/span><span class=\"w-gallery-item-title\">canazei_festa_estate<\/span><\/a><\/div><\/div>\n<\/div><div class=\" one-half\">[vc_custom_heading text=&#8221;Die ladinische Sprache&#8221; font_container=&#8221;tag:h2|text_align:center|color:%23e5c878&#8243; use_theme_fonts=&#8221;yes&#8221;]<div class=\"wpb_text_column \"><div class=\"wpb_wrapper\"><p>Die Bev\u00f6lkerung von <strong>Canazei im Fassatal<\/strong> geh\u00f6rt der <strong>ladinischen <\/strong>Sprachgruppe an. Zeugnis der ladinischen Herkunft und Traditionen sind noch in der Architektur und in den einheimischen Sitten zu beobachten sowie in der <strong>ladinischen Sprache.<\/strong> Als offizielle Sprache wird sie allt\u00e4glich gesprochen und in den Schulen gelehrt: sie wird auch durch ein entsprechendes Sprachzeugnis bescheinigt.<\/p>\n<p>Die ladinische Herkunft von <strong>Canazei<\/strong> zeigt sich in verschiedenen Veranstaltungen. Beispielhaft sind die im Juli stattgefundene &#8220;Te anter i tobi\u00e8&#8221;, wenn die typischen Scheunen der \u00d6ffentlichkeit ge\u00f6ffnet sind, um die urspr\u00fcnglichen Handwerke zu entdecken, oder die im August stattgefundene \u201cGran Festa da d\u2019Ist\u00e0&#8221;, ein aufregendes Fest, an dem die mit traditionellen Trachten gekleidete Bev\u00f6lkerung teilnimmt.<\/p>\n<p>Unz\u00e4hlig sind die <strong>Legenden und Sagen<\/strong>, deren Hintergrund die <strong>Gipfeln der Dolomiten sind,<\/strong> Reich des sagenhaftem K\u00f6nig Laurin: sie machen denn Urlaub in <strong>Canazei<\/strong> noch bezaubernde. Diese atemberaubenden Berge verzaubern sie auf dem ersten Blick, insbesondere am Sonnenuntergang, wenn das bekannte Lichtph\u00e4nomen <strong>Enrosadira<\/strong> die Berggipfel in Brand steckt.<\/p>\n<p><strong>Canazei<\/strong> und seine <strong>Dolomiten<\/strong>: Ein unendlicher <strong>M\u00e4rchenurlaub<\/strong>\u2026<\/p><\/div> <\/div> <\/div><\/div><\/div><\/section>\n","protected":false},"excerpt":{"rendered":"Canazei, Perle der Dolomiten \u00a0 Das Hotel La Perla befindet...","protected":false},"author":1,"featured_media":0,"parent":0,"menu_order":0,"comment_status":"closed","ping_status":"closed","template":"","meta":{"footnotes":""},"yoast_head":"<!-- This site is optimized with the Yoast SEO plugin v15.3 - https:\/\/yoast.com\/wordpress\/plugins\/seo\/ -->\n<meta name=\"robots\" content=\"index, follow, max-snippet:-1, max-image-preview:large, max-video-preview:-1\" \/>\n<link rel=\"canonical\" href=\"https:\/\/hotellaperla.net\/it\/canazei\/\" \/>\n<meta property=\"og:locale\" content=\"de_DE\" \/>\n<meta property=\"og:type\" content=\"article\" \/>\n<meta property=\"og:title\" content=\"Canazei - Hotel la Perla Canazei\" \/>\n<meta property=\"og:url\" content=\"https:\/\/hotellaperla.net\/it\/canazei\/\" \/>\n<meta property=\"og:site_name\" content=\"Hotel la Perla Canazei\" \/>\n<meta property=\"article:modified_time\" content=\"2017-05-04T18:38:07+00:00\" \/>\n<meta name=\"twitter:card\" content=\"summary\" \/>\n<meta name=\"twitter:label1\" content=\"Verfasst von\">\n\t<meta name=\"twitter:data1\" content=\"admin\">\n\t<meta name=\"twitter:label2\" content=\"Gesch\u00e4tzte Lesezeit\">\n\t<meta name=\"twitter:data2\" content=\"1 Minute\">\n<script type=\"application\/ld+json\" class=\"yoast-schema-graph\">{\"@context\":\"https:\/\/schema.org\",\"@graph\":[{\"@type\":\"WebSite\",\"@id\":\"https:\/\/hotellaperla.net\/it\/#website\",\"url\":\"https:\/\/hotellaperla.net\/it\/\",\"name\":\"Hotel la Perla Canazei\",\"description\":\"Hotel la Perla Canazei\",\"potentialAction\":[{\"@type\":\"SearchAction\",\"target\":\"https:\/\/hotellaperla.net\/it\/?s={search_term_string}\",\"query-input\":\"required name=search_term_string\"}],\"inLanguage\":\"de-DE\"},{\"@type\":\"WebPage\",\"@id\":\"https:\/\/hotellaperla.net\/it\/canazei\/#webpage\",\"url\":\"https:\/\/hotellaperla.net\/it\/canazei\/\",\"name\":\"Canazei - Hotel la Perla Canazei\",\"isPartOf\":{\"@id\":\"https:\/\/hotellaperla.net\/it\/#website\"},\"datePublished\":\"2016-10-20T15:51:39+00:00\",\"dateModified\":\"2017-05-04T18:38:07+00:00\",\"inLanguage\":\"de-DE\",\"potentialAction\":[{\"@type\":\"ReadAction\",\"target\":[\"https:\/\/hotellaperla.net\/it\/canazei\/\"]}]}]}<\/script>\n<!-- \/ Yoast SEO plugin. -->","_links":{"self":[{"href":"https:\/\/hotellaperla.net\/de\/wp-json\/wp\/v2\/pages\/3169"}],"collection":[{"href":"https:\/\/hotellaperla.net\/de\/wp-json\/wp\/v2\/pages"}],"about":[{"href":"https:\/\/hotellaperla.net\/de\/wp-json\/wp\/v2\/types\/page"}],"author":[{"embeddable":true,"href":"https:\/\/hotellaperla.net\/de\/wp-json\/wp\/v2\/users\/1"}],"replies":[{"embeddable":true,"href":"https:\/\/hotellaperla.net\/de\/wp-json\/wp\/v2\/comments?post=3169"}],"version-history":[{"count":2,"href":"https:\/\/hotellaperla.net\/de\/wp-json\/wp\/v2\/pages\/3169\/revisions"}],"predecessor-version":[{"id":3189,"href":"https:\/\/hotellaperla.net\/de\/wp-json\/wp\/v2\/pages\/3169\/revisions\/3189"}],"wp:attachment":[{"href":"https:\/\/hotellaperla.net\/de\/wp-json\/wp\/v2\/media?parent=3169"}],"curies":[{"name":"wp","href":"https:\/\/api.w.org\/{rel}","templated":true}]}}