{"id":3162,"date":"2016-10-21T15:45:50","date_gmt":"2016-10-21T15:45:50","guid":{"rendered":"http:\/\/hotellaperla.net\/condizioni-generali\/"},"modified":"2025-05-14T09:12:42","modified_gmt":"2025-05-14T09:12:42","slug":"bedingungen","status":"publish","type":"page","link":"https:\/\/hotellaperla.net\/de\/bedingungen\/","title":{"rendered":"ALLGEMEINE BEDINGUNGEN"},"content":{"rendered":"<section class=\"l-section wpb_row height_medium\"><div class=\"l-section-h i-cf\"><div class=\"g-cols offset_small\"><div class=\" full-width\"><div class=\"wpb_text_column \"><div class=\"wpb_wrapper\"><strong>ALLGEMEINE BEDINGUNGEN<\/strong><\/div> <\/div> <\/div><\/div><\/div><\/section><section class=\"l-section wpb_row height_medium\"><div class=\"l-section-h i-cf\"><div class=\"g-cols offset_small\"><div class=\" full-width\"><div class=\"w-tabs layout_default accordion title_left icon_chevron iconpos_right \"><div class=\"w-tabs-list items_4\"><div class=\"w-tabs-list-h\"><div class=\"w-tabs-item active\"><a href=\"#1494249963344-7b6d85e3-f719\" class=\"w-tabs-item-h\"><span class=\"w-tabs-item-title\">Winter:<\/span><\/a><\/div>\n<div class=\"w-tabs-item\"><a href=\"#1494249963418-5a9235e0-cb9e\" class=\"w-tabs-item-h\"><span class=\"w-tabs-item-title\">Sommer:<\/span><\/a><\/div>\n<div class=\"w-tabs-item\"><a href=\"#1494250116100-cf2f15d5-ee64\" class=\"w-tabs-item-h\"><span class=\"w-tabs-item-title\">ALLGEMEINEN INFORMATIONEN<\/span><\/a><\/div>\n<div class=\"w-tabs-item\"><a href=\"#1494250161688-e2574f82-cd4d\" class=\"w-tabs-item-h\"><span class=\"w-tabs-item-title\">BUCHUNGEN:<\/span><\/a><\/div>\n<\/div><\/div><div class=\"w-tabs-sections\"><div class=\"w-tabs-sections-h\"><div class=\"w-tabs-section active\" id=\"1494249963344-7b6d85e3-f719\"><a href=\"#1494249963344-7b6d85e3-f719\" class=\"w-tabs-section-header\"><div class=\"w-tabs-section-header-h\"><h5 class=\"w-tabs-section-title\">Winter:<\/h5><div class=\"w-tabs-section-control\"><\/div><\/div><\/a><div class=\"w-tabs-section-content\"><div class=\"w-tabs-section-content-h i-cf\"><div class=\"wpb_text_column \"><div class=\"wpb_wrapper\"><p>Die <strong>Pension Plus <\/strong>das Angebot besteht aus:<\/p>\n<ul>\n<li style=\"font-weight: 400;\"><strong><b>Begr\u00fc\u00dfung-Aperitif<\/b><\/strong><\/li>\n<li style=\"font-weight: 400;\"><strong><b>Reichhaltiges Fr\u00fchst\u00fccksbuffet<\/b><\/strong>, von 7,30 bis 10,00, mit\u00a0 Brot Ecke , frisches Obst, Trockenfr\u00fcchte und\u00a0\u00a0 M\u00fcsli, Joghurt, Marmeladen, S\u00e4fte, Kuchen, Geb\u00e4ck und Kekse.<\/li>\n<li style=\"font-weight: 400;\"><strong><b>Rich-Snack am Nachmittag<\/b><\/strong>mit frischen Snacks, direkt aus unserer K\u00fcche, begleitet von einer gro\u00dfen Auswahl an Tee, f\u00fcr alle G\u00e4ste von 15,30 bis 17,30.<br \/>\n\u2022\u00a0<strong><b>Elegantes 4-Gang-Abendessen<\/b><\/strong>\u00a0mit Wahlm\u00f6glichkeit von 4 Men\u00fc inklusive einer &#8220;Light&#8221;, gro\u00dfe Buffet mit Salaten und gekochtem Gem\u00fcse, Saucen, Gew\u00fcrzen abschmecken. Getr\u00e4nke nicht inbegriffen.<\/li>\n<li style=\"font-weight: 400;\"><strong><b>Freier Zugang zum Wellnesscenter<\/b><\/strong>mit gro\u00dfem Innenpool;\u00a0abwechslungsreichen\u00a0Saunen,\u00a0 Dampfbad, Jacuzzi, Erlebniss Duschen und einer tolle Ruhebereich. (Kinder bis 14 Jahre k\u00f6nnen den Pool im Wellnesscenter bis 17.30 Uhr betreten).<\/li>\n<li style=\"font-weight: 400;\">Lieferung des freies Saunatuch.<\/li>\n<li style=\"font-weight: 400;\">Wellness &#8211; Pantoffeln und Bademantel.<\/li>\n<li style=\"font-weight: 400;\">\u00dcberdachte<strong><b>Garage<\/b><\/strong>f\u00fcr das Auto.<\/li>\n<li style=\"font-weight: 400;\"><strong><b>Skiroom<\/b><\/strong><\/li>\n<li style=\"font-weight: 400;\">kostenloser<strong><b>WLAN<\/b><\/strong><\/li>\n<li style=\"font-weight: 400;\"><strong><b>Ausfl\u00fcge durch den Sport Check Point mit lokalen Reiseleitern<\/b><\/strong>, halber oder ganzer Tag (kostenlos oder zu einem erm\u00e4\u00dfigten Preis, Lieferung des Rabattcodes zur Buchungsbest\u00e4tigung), die Sie pers\u00f6nlich begleiten, um die sch\u00f6nsten Panoramen der Dolomiten zu entdecken. W\u00f6chentliche Aktivit\u00e4ten finden Sie direkt an unserer Rezeption<\/li>\n<\/ul>\n<\/p><\/div> <\/div> <\/div><\/div><\/div><div class=\"w-tabs-section\" id=\"1494249963418-5a9235e0-cb9e\"><a href=\"#1494249963418-5a9235e0-cb9e\" class=\"w-tabs-section-header\"><div class=\"w-tabs-section-header-h\"><h5 class=\"w-tabs-section-title\">Sommer:<\/h5><div class=\"w-tabs-section-control\"><\/div><\/div><\/a><div class=\"w-tabs-section-content\"><div class=\"w-tabs-section-content-h i-cf\"><div class=\"wpb_text_column \"><div class=\"wpb_wrapper\"><p>Die <strong>Pension Plus<\/strong> das Angebot besteht aus:<\/p>\n<ul>\n<li style=\"font-weight: 400;\"><strong><b>Begr\u00fc\u00dfung-Aperitif<\/b><\/strong><\/li>\n<li style=\"font-weight: 400;\"><strong><b>Reichhaltiges Fr\u00fchst\u00fccksbuffet<\/b><\/strong>, von 7,30 bis 10,00, mit\u00a0 Brot Ecke , frisches Obst, Trockenfr\u00fcchte und\u00a0\u00a0 M\u00fcsli, Joghurt, Marmeladen, S\u00e4fte, Kuchen, Geb\u00e4ck und Kekse.<\/li>\n<li style=\"font-weight: 400;\"><strong><b>Rich-Snack am Nachmittag<\/b><\/strong>mit frischen Snacks, direkt aus unserer K\u00fcche, begleitet von einer gro\u00dfen Auswahl an Tee, f\u00fcr alle G\u00e4ste von 15,30 bis 17,30.<br \/>\n\u2022\u00a0<strong><b>Elegantes 4-Gang-Abendessen<\/b><\/strong>\u00a0mit Wahlm\u00f6glichkeit von 4 Men\u00fc inklusive einer &#8220;Light&#8221;, gro\u00dfe Buffet mit Salaten und gekochtem Gem\u00fcse, Saucen, Gew\u00fcrzen abschmecken. Getr\u00e4nke nicht inbegriffen.<\/li>\n<li style=\"font-weight: 400;\"><strong><b>Freier Zugang zum Wellnesscenter<\/b><\/strong>mit gro\u00dfem Innenpool;\u00a0abwechslungsreichen\u00a0Saunen,\u00a0 Dampfbad, Jacuzzi, Erlebniss Duschen und einer tolle Ruhebereich. (Kinder bis 14 Jahre k\u00f6nnen den Pool im Wellnesscenter bis 17.30 Uhr betreten).<\/li>\n<li style=\"font-weight: 400;\">Lieferung des freies Saunatuch.<\/li>\n<li style=\"font-weight: 400;\">Wellness &#8211; Pantoffeln und Bademantel.<\/li>\n<li style=\"font-weight: 400;\">\u00dcberdachte<strong><b>Garage<\/b><\/strong>f\u00fcr das Auto.<\/li>\n<li style=\"font-weight: 400;\">\u2022 kostenloser<strong><b>WLAN<\/b><\/strong><\/li>\n<li style=\"font-weight: 400;\"><strong><b>Ausfl\u00fcge durch den Sport Check Point mit lokalen Reiseleitern<\/b><\/strong>, halber oder ganzer Tag (kostenlos oder zu einem erm\u00e4\u00dfigten Preis, Lieferung des Rabattcodes zur Buchungsbest\u00e4tigung), die Sie pers\u00f6nlich begleiten, um die sch\u00f6nsten Panoramen der Dolomiten zu entdecken.\u00a0\u00a0W\u00f6chentliche Aktivit\u00e4ten finden Sie direkt an unserer Rezeption.<\/li>\n<li style=\"font-weight: 400;\"><strong><b>Bike Hotel<\/b><\/strong>, erm\u00e4\u00dfigter Verleih f\u00fcr Mountainbikes und E-Bikes sowie organisierte Aktivit\u00e4ten, die Ihnen am Sport Check Point zur Verf\u00fcgung stehen.<\/li>\n<li style=\"font-weight: 400;\">Beitritt zur<strong><b>Fassa Card<\/b><\/strong>und alle vorgeschlagenen Initiativen und Kostenreduzierung bei\u00a0 Einkauf des\u00a0 Panorama Pass; reduzierte Kosten\u00a0 auf die Liftanlagen.<\/li>\n<\/ul>\n<\/p><\/div> <\/div> <\/div><\/div><\/div><div class=\"w-tabs-section\" id=\"1494250116100-cf2f15d5-ee64\"><a href=\"#1494250116100-cf2f15d5-ee64\" class=\"w-tabs-section-header\"><div class=\"w-tabs-section-header-h\"><h5 class=\"w-tabs-section-title\">ALLGEMEINEN INFORMATIONEN<\/h5><div class=\"w-tabs-section-control\"><\/div><\/div><\/a><div class=\"w-tabs-section-content\"><div class=\"w-tabs-section-content-h i-cf\"><div class=\"wpb_text_column \"><div class=\"wpb_wrapper\">\n<ul>\n<li><strong>PREIS<\/strong>\u00a0<strong>F\u00dcR \u00dcBERNACHTUNG UND FR\u00dcHSTUCK:<\/strong>\u00a0F\u00fcr die \u00dcbernachtung mit Fr\u00fchstuck werden 18,00 Euro vom Listenpreis abgerechnet.<\/li>\n<\/ul>\n<p>\u00b7\u00a0\u00a0\u00a0\u00a0\u00a0\u00a0\u00a0\u00a0 <strong>PREIS f\u00fcr Vollpension:<\/strong> zur Behandlung von Vollpension (f\u00fcr den Sommer) betr\u00e4gt Euro 19,00-28,00 pro Tag pro Person.<\/p>\n<ul>\n<li><strong>DOPPELZIMMER ZUR ALLEINBENUTZUNG:<\/strong>\u00a0Um ein Doppelzimmer allein zu benutzen, rechnen wir einen Aufpreis von 50% auf den Listenpreis.<\/li>\n<li><strong>ERM\u00c4\u00dfIGUNGEN :<\/strong>\u00a0f\u00fcr die 3. und 4. Person \u00fcber 12 Jahren gew\u00e4hren wir eine Erm\u00e4\u00dfigung von 10% in\u00a0 auf allen Arten von Zimmern..<\/li>\n<li><strong>KINDERERM\u00c4\u00dfIGUNGEN:<br \/>\n<\/strong>Kinder von 0 bis zu 1 Jahr IM ZIMMER MIT DEN ELTERN, Wiege auf Anfrage<br \/>\nvon 0 bis 2 Jahre alt, in einer Krippe oder Kinderbett bei Bedarf \/ oder Euro 30,00 pro Tag zahlen;<br \/>\nab 3 Jahre bis 5 Jahre alt, 50% Erm\u00e4\u00dfigung;<br \/>\nab 6 Jahren zu erf\u00fcllen 12 Jahre, 30% Erm\u00e4\u00dfigung.<\/li>\n<\/ul>\n<p>Ein Vierbeiner<br \/>\nDas Hotel La Perla ist nicht verantwortlich f\u00fcr die Menschen und die Tiere in der Einrichtung verursachte Sch\u00e4den, f\u00fcr die sie f\u00fcr alle ihre Herren verantwortlich sind. Nicht Zugang zum Restaurant und Spa gew\u00e4hrt.<\/p>\n<ul>\n<li><strong>ANREISE:<\/strong>\u00a0die Zimmer stehen nach 14.00 Uhr am Anreisetag zur Verf\u00fcgung.\u00a0Sollten Sie nach 18.00 Uhr anreisen, geben Sie bitte an der Rezeption Bescheid.<\/li>\n<li><strong>CHECK IN EARLY<\/strong>: Wenn Sie vor dem Check-in (zur Verf\u00fcgung gestellt von 14.00 Uhr) ankommen, k\u00f6nnen Sie die Nutzung des Raumes Anfrage, je nach Verf\u00fcgbarkeit, mit einem Zuschlag von \u20ac 50,00 pro Zimmer.<\/li>\n<li><strong>ABREISE:<\/strong>\u00a0Die Zimmer sind bis 11.00 Uhr am Abreisetag freizugeben.<\/li>\n<li><strong>LATE CHECK OUT:<\/strong> auf Anfrage und Verf\u00fcgbarkeit Sie den Raum jenseits 11.00 am Tag der Abreise von der Rezeption in Verbindung treten, zu einem Preis von Euro 50,00 pro Person nutzen kann. Inklusive Zugang zum Wellness-Center und Snack am Nachmittag. Der ausgeschlossene Abendessen.\u00a0\u00b7<\/li>\n<li><strong>ABREISEN:<\/strong> Bei vorzeitiger Abreise oder versp\u00e4teter Ankunft wird f\u00fcr die Lebenshaltungskosten in Rechnung gestellt.\u00a0\u00b7<\/li>\n<li><strong>ROOM SERVICE:<\/strong> Sie k\u00f6nnen zu einem Preis von Euro pro Dienst 5,00 im Zimmer, Fr\u00fchst\u00fcck, Mittagessen oder Abendessen anfordern.\u00a0\u00b7<\/li>\n<li><strong>INTERNET:<\/strong> Wireless-Verbindung von jedem Bereich des Hotels k\u00f6nnen Sie kostenlos nutzen.<\/li>\n<li><strong>Wertsachen:<\/strong> Das Hotel La Perla nimmt keine Haftung f\u00fcr Wertsachen im Hotel gelassen<\/li>\n<\/ul>\n<\/div> <\/div> <\/div><\/div><\/div><div class=\"w-tabs-section\" id=\"1494250161688-e2574f82-cd4d\"><a href=\"#1494250161688-e2574f82-cd4d\" class=\"w-tabs-section-header\"><div class=\"w-tabs-section-header-h\"><h5 class=\"w-tabs-section-title\">BUCHUNGEN:<\/h5><div class=\"w-tabs-section-control\"><\/div><\/div><\/a><div class=\"w-tabs-section-content\"><div class=\"w-tabs-section-content-h i-cf\"><div class=\"wpb_text_column \"><div class=\"wpb_wrapper\"><strong>Hotel La Perla di Debertol Giorgio s.r.l.<\/strong><br \/>\nStreda de Pareda, 22 38032 Canazei, TN<br \/>\nTelefon 0462 602453<br \/>\nFax 0462 602501<br \/>\nE-mail: <a href=\"mailto:info@hotellaperla.net\">info@hotellaperla.net<\/a><br \/>\n<a href=\"https:\/\/www.hotellaperla.net\">www.hotellaperla.net<\/a><\/p>\n<p>Die Reservierung gilt als endg\u00fcltig, wenn innerhalb von 3 Tagen nach der schriftlichen Best\u00e4tigung der Reservierung 30% des Aufenthaltspreises als Anzahlung gutgeschrieben wurden. Bei einer Stornierung bis 30 Tage vor der Ankunft wird keine Strafe f\u00e4llig und die gesamte Anzahlung wird zur\u00fcckerstattet. Im Falle einer Stornierung ab dem 29. Tag bis zum 8. Tag der Ankunft, wenn die Versicherung \u201eGARANTIE F\u00dcR ANK\u00dcNDIGUNG\u201c angewendet wird, betragen die Kosten Euro 50,00 pro Person pro Woche, f\u00fcr Dus Zimmer Euro 100,00, ein Gutschein \u00fcber den vollen Betrag der Kaution wird ausgestellt (die Versicherung wird nicht zur\u00fcckgegeben), um innerhalb von 6 Monaten wiederverwendet werden; Wenn die Versicherung nicht angewendet wurde, wird der volle Betrag verloren. Bei einer Stornierung innerhalb von 7 Tagen vor der Ankunft verf\u00e4llt die Anzahlung in jedem Fall. Die Versicherung f\u00fcr Kinder bis zum Alter von 14 Jahren ist kostenlos.<\/p>\n<p><strong>BANCO POPULAR COMPANY &#8216;COOPERATIVE Tochtergesellschaft von Cavalese<\/strong><\/p>\n<p><strong>IBAN: IT 49 T 05034 34600 000000035044<\/strong><\/p>\n<p><strong>BIC\/SWIFT:<\/strong> BAPPIT 21 866<\/p>\n<p style=\"font-weight: 400;\"><strong><b>STORNIERUNGSBEDINGUNGEN:<\/b><\/strong><\/p>\n<p style=\"font-weight: 400;\">Bei einer Stornierung bis 30 Tage vor Anreise wird keine Vertragsstrafe erhoben und der gesamte Betrag der Anzahlung wird zur\u00fcckerstattet.<br \/>\nIm Falle einer Stornierung vom 29. Tag bis zum Tag der Ankunft, wenn die\u00a0<strong><b>&#8220;STORNIERUNGSGARANTIE&#8221;<\/b><\/strong> -Versicherung zum Preis von 150,00 Euro pro Person und Woche angewendet wird (f\u00fcr Kinder bis 14 Jahre ist sie kostenlos).<br \/>\n<strong><b>Einen Gutschein f\u00fcr den gesamten Betrag der Kaution ausgestellt, der innerhalb von 6 Monaten wiederverwendet werden soll.<br \/>\n<\/b><\/strong>Wenn die Versicherung nicht angewendet wurde, geht der gesamte Betrag verloren.\u00a0<strong><b>Die Versicherungskosten (150,00 Euro pro Person) sind nicht erstattungsf\u00e4hig.<br \/>\n<\/b><\/strong>Um die Garantie zu aktivieren,\u00a0<strong><b>addieren Sie 150,00 Euro pro Person und Woche zur Anzahlung<\/b><\/strong>.<\/p>\n<\/div> <\/div> <\/div><\/div><\/div><\/div><\/div><\/div><\/div><\/div><\/div><\/section>\n","protected":false},"excerpt":{"rendered":"ALLGEMEINE BEDINGUNGEN Winter: Sommer: ALLGEMEINEN INFORMATIONEN BUCHUNGEN: Winter:Die Pension Plus...","protected":false},"author":1,"featured_media":0,"parent":0,"menu_order":0,"comment_status":"closed","ping_status":"closed","template":"","meta":{"footnotes":""},"yoast_head":"<!-- This site is optimized with the Yoast SEO plugin v15.3 - https:\/\/yoast.com\/wordpress\/plugins\/seo\/ -->\n<meta name=\"robots\" content=\"index, follow, max-snippet:-1, max-image-preview:large, max-video-preview:-1\" \/>\n<link rel=\"canonical\" href=\"https:\/\/hotellaperla.net\/de\/bedingungen\/\" \/>\n<meta property=\"og:locale\" content=\"de_DE\" \/>\n<meta property=\"og:type\" content=\"article\" \/>\n<meta property=\"og:title\" content=\"ALLGEMEINE BEDINGUNGEN - Hotel la Perla Canazei\" \/>\n<meta property=\"og:url\" content=\"https:\/\/hotellaperla.net\/de\/bedingungen\/\" \/>\n<meta property=\"og:site_name\" content=\"Hotel la Perla Canazei\" \/>\n<meta property=\"article:modified_time\" content=\"2025-05-14T09:12:42+00:00\" \/>\n<meta name=\"twitter:card\" content=\"summary\" \/>\n<meta name=\"twitter:label1\" content=\"Verfasst von\">\n\t<meta name=\"twitter:data1\" content=\"admin\">\n\t<meta name=\"twitter:label2\" content=\"Gesch\u00e4tzte Lesezeit\">\n\t<meta name=\"twitter:data2\" content=\"5 Minuten\">\n<script type=\"application\/ld+json\" class=\"yoast-schema-graph\">{\"@context\":\"https:\/\/schema.org\",\"@graph\":[{\"@type\":\"WebSite\",\"@id\":\"https:\/\/hotellaperla.net\/it\/#website\",\"url\":\"https:\/\/hotellaperla.net\/it\/\",\"name\":\"Hotel la Perla Canazei\",\"description\":\"Hotel la Perla Canazei\",\"potentialAction\":[{\"@type\":\"SearchAction\",\"target\":\"https:\/\/hotellaperla.net\/it\/?s={search_term_string}\",\"query-input\":\"required name=search_term_string\"}],\"inLanguage\":\"de-DE\"},{\"@type\":\"WebPage\",\"@id\":\"https:\/\/hotellaperla.net\/de\/bedingungen\/#webpage\",\"url\":\"https:\/\/hotellaperla.net\/de\/bedingungen\/\",\"name\":\"ALLGEMEINE BEDINGUNGEN - Hotel la Perla Canazei\",\"isPartOf\":{\"@id\":\"https:\/\/hotellaperla.net\/it\/#website\"},\"datePublished\":\"2016-10-21T15:45:50+00:00\",\"dateModified\":\"2025-05-14T09:12:42+00:00\",\"inLanguage\":\"de-DE\",\"potentialAction\":[{\"@type\":\"ReadAction\",\"target\":[\"https:\/\/hotellaperla.net\/de\/bedingungen\/\"]}]}]}<\/script>\n<!-- \/ Yoast SEO plugin. -->","_links":{"self":[{"href":"https:\/\/hotellaperla.net\/de\/wp-json\/wp\/v2\/pages\/3162"}],"collection":[{"href":"https:\/\/hotellaperla.net\/de\/wp-json\/wp\/v2\/pages"}],"about":[{"href":"https:\/\/hotellaperla.net\/de\/wp-json\/wp\/v2\/types\/page"}],"author":[{"embeddable":true,"href":"https:\/\/hotellaperla.net\/de\/wp-json\/wp\/v2\/users\/1"}],"replies":[{"embeddable":true,"href":"https:\/\/hotellaperla.net\/de\/wp-json\/wp\/v2\/comments?post=3162"}],"version-history":[{"count":13,"href":"https:\/\/hotellaperla.net\/de\/wp-json\/wp\/v2\/pages\/3162\/revisions"}],"predecessor-version":[{"id":7030,"href":"https:\/\/hotellaperla.net\/de\/wp-json\/wp\/v2\/pages\/3162\/revisions\/7030"}],"wp:attachment":[{"href":"https:\/\/hotellaperla.net\/de\/wp-json\/wp\/v2\/media?parent=3162"}],"curies":[{"name":"wp","href":"https:\/\/api.w.org\/{rel}","templated":true}]}}