{"id":3146,"date":"2016-08-29T15:16:04","date_gmt":"2016-08-29T15:16:04","guid":{"rendered":"http:\/\/hotellaperla.net\/wellness\/"},"modified":"2018-09-04T16:00:57","modified_gmt":"2018-09-04T16:00:57","slug":"wellnesszentrum","status":"publish","type":"page","link":"https:\/\/hotellaperla.net\/de\/wellnesszentrum\/","title":{"rendered":"Wellnesszentrum"},"content":{"rendered":"<section class=\"l-section wpb_row height_medium\"><div class=\"l-section-h i-cf\"><div class=\"g-cols offset_small\"><div class=\" full-width\"><div class=\"w-image  align_center\"><img loading=\"lazy\" decoding=\"async\" width=\"66\" height=\"55\" src=\"https:\/\/hotellaperla.net\/wp-content\/uploads\/2016\/08\/p33.png\" class=\"attachment-large size-large\" alt=\"Hotel la Perla Canazei\" \/><\/div><div class=\"wpb_text_column \"><div class=\"wpb_wrapper\">\n<h1 style=\"text-align: center; color: #e5c878;\">Hotel mit Schwimmbad in Canazei<\/h1>\n<\/div> <\/div> <div class=\"wpb_text_column \"><div class=\"wpb_wrapper\">\n<h3 style=\"text-align: center; color: #e5c878;\">Einzigartiges Wohlbefinden: die SPA des Hotel La Perla<\/h3>\n<\/div> <\/div> <\/div><\/div><\/div><\/section><section class=\"l-section wpb_row height_medium\"><div class=\"l-section-h i-cf\"><div class=\"g-cols offset_small\"><div class=\" two-thirds\"><div class=\"wpb_text_column \"><div class=\"wpb_wrapper\"><p>Suchen Sie ein Hotel mit einer echten <strong>Wellnesslandschaft?<\/strong> Dann k\u00f6nnen Sie sich nicht irren: <strong>Hotel La Perla in Canazei <\/strong>ist die richtige Antwort.<\/p>\n<p>Dank seiner <strong>800 qm<\/strong> Fl\u00e4che und der <strong>m\u00e4rchenhaften Architektur<\/strong>, ist es das <strong>gr\u00f6\u00dfte Wellnesszentrum im Hotel in Canazei.<\/strong><\/p>\n<p>Die traumhafte Atmosph\u00e4re bezaubert die G\u00e4ste schon beim Eintritt. Man befindet sich in einer m\u00e4rchenhaften Welt mit Steinen, Br\u00fccken, B\u00e4chen und Schlossern, die uns die Sorgen des Alltags vergessen lassen. Auf diese Art und Weise k\u00f6nnen Sie sich <strong>entspannen<\/strong> und wieder <strong>K\u00f6rper und Seele<\/strong> in Einklang bringen.<\/p>\n<p>Das <strong>Hallenbad<\/strong> und die verschiedenen <strong>Saunen<\/strong> und <strong>Dampfb\u00e4der<\/strong> erm\u00f6glichen nach den <strong>Wanderungen<\/strong> oder nach den <strong>Skil\u00e4ufen in den Dolomiten<\/strong> nicht nur die Muskeln, sondern auch das Herz zu erw\u00e4rmen und mit entspannenden oder kr\u00e4ftigenden <strong>Kr\u00e4utertees<\/strong> im Caf\u00e9 zu erholen.<\/p>\n<p>Das <strong>Wellnesszentrum<\/strong> bietet eine ausgezeichnete <strong>Beauty<\/strong>, die pers\u00f6nlich von der <strong>Familie Debertol<\/strong> geleitet ist und die vielf\u00e4ltige <strong>Sch\u00f6nheitsbehandlungen <\/strong>und die<strong> aktuellsten Massagen <\/strong>vorschl\u00e4gt. Damit wird Ihr Urlaub noch reicher an Sch\u00f6nheit und an positiven Energien.<\/p><\/div> <\/div> <\/div><div class=\" one-third\"><div class=\"w-slider\"><div class=\"royalSlider rsDefault\"><a class=\"rsImg\" data-rsw=\"769\" data-rsh=\"1024\" href=\"https:\/\/hotellaperla.net\/wp-content\/uploads\/2016\/10\/006-769x1024.jpg\"><\/a><\/div><div class=\"w-slider-json\" onclick='return {&quot;transitionSpeed&quot;:300,&quot;loopRewind&quot;:true,&quot;slidesSpacing&quot;:0,&quot;imageScalePadding&quot;:0,&quot;numImagesToPreload&quot;:2,&quot;arrowsNav&quot;:true,&quot;arrowsNavAutoHide&quot;:false,&quot;transitionType&quot;:&quot;move&quot;,&quot;controlNavigation&quot;:&quot;none&quot;,&quot;imageScaleMode&quot;:&quot;fit-if-smaller&quot;,&quot;autoScaleSlider&quot;:true,&quot;autoScaleSliderWidth&quot;:769,&quot;autoScaleSliderHeight&quot;:1024,&quot;fitInViewport&quot;:false}'><\/div><\/div><\/div><\/div><\/div><\/section><section class=\"l-section wpb_row height_auto width_full\"><div class=\"l-section-h i-cf\"><div class=\"g-cols offset_small\"><div class=\" one-third\">[vc_empty_space][vc_custom_heading text=&#8221;SAUNEN&#8221; font_container=&#8221;tag:h2|text_align:center|color:%23e5c670&#8243; use_theme_fonts=&#8221;yes&#8221; css=&#8221;.vc_custom_1493912337327{margin-left: 5% !important;}&#8221;]<div class=\"wpb_text_column  vc_custom_1493912362760\"><div class=\"wpb_wrapper\">\n<div class=\" one-half\">\n<div class=\"wpb_text_column \">\n<div class=\"wpb_wrapper\">\n<p>\u00a0 \u00a0Um den <strong>K\u00f6rper fit<\/strong> zu halten, empfehlen Sachverst\u00e4ndigen die Verwendung der <strong>finnischen<\/strong><strong>Sauna<\/strong> und des <strong>Dampfbades<\/strong>, denn sie tragen zum verst\u00e4rkten <strong>Schwitzen<\/strong>,<strong> zur Ausscheidung jeder Menge von Giftstoffen<\/strong> und zur <strong>Reinigung unseres K\u00f6rpers<\/strong> bei.<\/p>\n<p>Im <strong>Wellnesszentrum des Hotel La Perla<\/strong> in <strong>Canazei<\/strong> stehen Ihnen eine Vielzahl an Sauna- und Dampfbadm\u00f6glichkeiten zur Verf\u00fcgung. Versuchen und genie\u00dfen jede Variante: <strong>Tyroler Sauna<\/strong>, <strong>Forn del Pan (Brotbad)<\/strong>, <strong>Laconicum<\/strong>, <strong>Tepidarium<\/strong>, <strong>Calidarium<\/strong>, <strong>Frigidarium<\/strong>, <strong>Tropendusche,<\/strong> <strong>Aromadusche<\/strong>, <strong>Refrigerium<\/strong> und die<strong> Kneippbad<\/strong>.<\/p>\n<p>Entdecken Sie die unterschiedlichen Saunen w\u00e4hrend Ihres Urlaubs in Canazei und tauchen Sie ins <strong>echte Vergn\u00fcgen<\/strong>!<\/p>\n<\/div>\n<\/div>\n<\/div>\n<\/div> <\/div> [vc_empty_space height=&#8221;7px&#8221;]<\/div><div class=\" two-thirds  vc_custom_1486646534018\">[vc_empty_space height=&#8221;496px&#8221;]<\/div><\/div><\/div><\/section><!-- Row Backgrounds --><div class=\"upb_color\" data-bg-override=\"0\" data-bg-color=\"#f7eddc\" data-fadeout=\"\" data-fadeout-percentage=\"30\" data-parallax-content=\"\" data-parallax-content-sense=\"30\" data-row-effect-mobile-disable=\"true\" data-img-parallax-mobile-disable=\"true\" data-rtl=\"false\"  data-custom-vc-row=\"\"  data-vc=\"4.11.2.1\"  data-is_old_vc=\"\"  data-theme-support=\"\"   data-overlay=\"false\" data-overlay-color=\"\" data-overlay-pattern=\"\" data-overlay-pattern-opacity=\"\" data-overlay-pattern-size=\"\"    ><\/div><section class=\"l-section wpb_row height_small width_full\"><div class=\"l-section-h i-cf\"><div class=\"g-cols offset_small\"><div class=\" two-thirds  vc_custom_1492004437650\">[vc_empty_space height=&#8221;496px&#8221;]<\/div><div class=\" one-third  vc_custom_1486647349525\">[vc_empty_space height=&#8221;22px&#8221;][vc_custom_heading text=&#8221;SCHWIMMBAD&#8221; font_container=&#8221;tag:h2|text_align:center|color:%23e5c670&#8243; use_theme_fonts=&#8221;yes&#8221; css=&#8221;.vc_custom_1493913027152{margin-right: 5% !important;}&#8221;]<div class=\"wpb_text_column  vc_custom_1493913069070\"><div class=\"wpb_wrapper\">\n<div class=\" one-half\">\n<div class=\"wpb_text_column \">\n<div class=\"wpb_wrapper\">\n<div class=\" one-half\">\n<div class=\"wpb_text_column \">\n<div class=\"wpb_wrapper\">\n<p>\u00a0 \u00a0 Ein Sprung ins <strong>warme und entspannende Wasser<\/strong> befreit vom Stress und von M\u00fcdigkeit.<\/p>\n<p>Im <strong>Hotel La Perla in Canazei<\/strong> ist das in <strong>allen Jahreszeiten<\/strong> m\u00f6glich, sowohl im Sommer als auch im Winter, dank dem <strong>Hallenbad des privaten Wellnesszentrum<\/strong>, wo Vitalit\u00e4t und Kraft herrschen.<\/p>\n<p><strong>Um Spa\u00df und Entspannung <\/strong>zu garantieren, sind aber verschiedene Regelungen einzuhalten.<\/p>\n<p>Um die Bed\u00fcrfnisse aller G\u00e4ste, Familien und Ehepaaren zu erf\u00fcllen, ist der <strong>Zugang zum Schwimmbad den Kindern unter 14 Jahren, auch mit Eltern,<\/strong> nach 17.30 verboten. Danach ist das <strong>Wellnesszentrum<\/strong> nur den Erwachsenen erlaubt.<\/p>\n<\/div>\n<\/div>\n<\/div>\n<\/div>\n<\/div>\n<\/div>\n<\/div> <\/div> <\/div><\/div><\/div><\/section><!-- Row Backgrounds --><div class=\"upb_color\" data-bg-override=\"0\" data-bg-color=\"#f7eddc\" data-fadeout=\"\" data-fadeout-percentage=\"30\" data-parallax-content=\"\" data-parallax-content-sense=\"30\" data-row-effect-mobile-disable=\"true\" data-img-parallax-mobile-disable=\"true\" data-rtl=\"false\"  data-custom-vc-row=\"\"  data-vc=\"4.11.2.1\"  data-is_old_vc=\"\"  data-theme-support=\"\"   data-overlay=\"false\" data-overlay-color=\"\" data-overlay-pattern=\"\" data-overlay-pattern-opacity=\"\" data-overlay-pattern-size=\"\"    ><\/div><section class=\"l-section wpb_row height_auto width_full\"><div class=\"l-section-h i-cf\"><div class=\"g-cols offset_small\"><div class=\" one-third\">[vc_empty_space][vc_custom_heading text=&#8221;ENTSPANNUNG &#8221; font_container=&#8221;tag:h2|text_align:center|color:%23e5c670&#8243; use_theme_fonts=&#8221;yes&#8221; css=&#8221;.vc_custom_1493913460422{margin-left: 5% !important;}&#8221;]<div class=\"wpb_text_column  vc_custom_1493913411599\"><div class=\"wpb_wrapper\">\n<div class=\" one-half\">\n<div class=\"wpb_text_column \">\n<div class=\"wpb_wrapper\">\n<div class=\" one-half\">\n<div class=\"wpb_text_column \">\n<div class=\"wpb_wrapper\">\n<p>\u00a0 \u00a0<strong>Wellness<\/strong> ist Entspannung. Ohne Ruhe gibt es kein <strong>Wohlbefinden<\/strong>.<\/p>\n<p>Aus diesem Grund stellt die <strong>SPA des Hotel La Perla<\/strong> in <strong>Canazei<\/strong> die geeigneten Ruhezonen und Leses\u00e4le zur Verf\u00fcgung, wo Sie sich ungest\u00f6rt auf den Liegen und <strong>Liegest\u00fchlen<\/strong>, im Schwimmbad oder im <strong>Panoramadachgeschoss<\/strong> ausruhen k\u00f6nnen.<\/p>\n<p>Ein k\u00f6stlicher <strong>Kr\u00e4utertee<\/strong> steht allen G\u00e4sten im <strong>Caf\u00e9 der SPA<\/strong> zur Verf\u00fcgung. Damit Sie das h\u00f6chste Wohlgef\u00fchl empfinden!<\/p>\n<\/div>\n<\/div>\n<\/div>\n<\/div>\n<\/div>\n<\/div>\n<\/div> <\/div> [vc_empty_space height=&#8221;7px&#8221;]<\/div><div class=\" two-thirds  vc_custom_1492004243689\">[vc_empty_space height=&#8221;496px&#8221;]<\/div><\/div><\/div><\/section><!-- Row Backgrounds --><div class=\"upb_color\" data-bg-override=\"0\" data-bg-color=\"#f7eddc\" data-fadeout=\"\" data-fadeout-percentage=\"30\" data-parallax-content=\"\" data-parallax-content-sense=\"30\" data-row-effect-mobile-disable=\"true\" data-img-parallax-mobile-disable=\"true\" data-rtl=\"false\"  data-custom-vc-row=\"\"  data-vc=\"4.11.2.1\"  data-is_old_vc=\"\"  data-theme-support=\"\"   data-overlay=\"false\" data-overlay-color=\"\" data-overlay-pattern=\"\" data-overlay-pattern-opacity=\"\" data-overlay-pattern-size=\"\"    ><\/div><section class=\"l-section wpb_row height_small width_full\"><div class=\"l-section-h i-cf\"><div class=\"g-cols offset_small\"><div class=\" two-thirds  vc_custom_1492004114828\">[vc_empty_space height=&#8221;496px&#8221;]<\/div><div class=\" one-third  vc_custom_1486647349525\">[vc_empty_space height=&#8221;22px&#8221;][vc_custom_heading text=&#8221;MONDO DELLE TERME&#8221; font_container=&#8221;tag:h2|text_align:center|color:%23e5c670&#8243; use_theme_fonts=&#8221;yes&#8221; css=&#8221;.vc_custom_1489412955874{margin-right: 5% !important;}&#8221;]<div class=\"wpb_text_column  vc_custom_1490801174169\"><div class=\"wpb_wrapper\"><strong>NOVITA\u2019<\/strong>: Il Centro Benessere dell\u2019Hotel La Perla ha riservato un\u2019intera zona all\u2019 <strong>esclusivo reparto termale <\/strong>alimentato con <strong>acqua benefica proveniente dalle rocce dolomitiche<\/strong>, ricca di preziose sostanze minerali. Si effettuano trattamenti per la <strong>riabilitazione sportiva<\/strong> e per la <strong>dermatite atopica<\/strong>, <strong>inalazioni<\/strong> e <strong>fanghi termali<\/strong>, <strong>check-up medici<\/strong> e <strong>visite specializzate<\/strong>.<\/div> <\/div> <\/div><\/div><\/div><\/section><!-- Row Backgrounds --><div class=\"upb_color\" data-bg-override=\"0\" data-bg-color=\"#f7eddc\" data-fadeout=\"\" data-fadeout-percentage=\"30\" data-parallax-content=\"\" data-parallax-content-sense=\"30\" data-row-effect-mobile-disable=\"true\" data-img-parallax-mobile-disable=\"true\" data-rtl=\"false\"  data-custom-vc-row=\"\"  data-vc=\"4.11.2.1\"  data-is_old_vc=\"\"  data-theme-support=\"\"   data-overlay=\"false\" data-overlay-color=\"\" data-overlay-pattern=\"\" data-overlay-pattern-opacity=\"\" data-overlay-pattern-size=\"\"    ><\/div><section class=\"l-section wpb_row height_auto width_full\"><div class=\"l-section-h i-cf\"><div class=\"g-cols offset_small\"><div class=\" one-third\">[vc_empty_space][vc_custom_heading text=&#8221;MONDO DEL SOLE&#8221; font_container=&#8221;tag:h2|text_align:center|color:%23e5c670&#8243; use_theme_fonts=&#8221;yes&#8221; css=&#8221;.vc_custom_1489412964053{margin-left: 5% !important;}&#8221;]<div class=\"wpb_text_column  vc_custom_1490801207233\"><div class=\"wpb_wrapper\">\n<div class=\" one-half\">\n<div class=\"wpb_text_column \">\n<div class=\"wpb_wrapper\">\n<div class=\" one-half\">\n<div class=\"wpb_text_column \">\n<div class=\"wpb_wrapper\" style=\"text-align: justify;\">\n<p>Chi non desidera <strong>un\u2019abbronzatura perfetta<\/strong>? Ma non tutte le pelli sono uguali e ognuna ha bisogno di essere trattata con le giuste precauzioni. Al <strong>Centro benessere dell\u2019Hotel La Perla<\/strong> trovate ben <strong>due tipologie di solarium<\/strong>: <strong>2 trifacciali ad alta pressione<\/strong> e una <strong>doccia solare a bassa pressione<\/strong> che simula l\u2019abbronzatura naturale. Un kit di crema struccante, occhialini, crema protettiva e dopo sole aiuter\u00e0 a proteggere adeguatamente tutti i tipi di pelle.<\/p>\n<\/div>\n<\/div>\n<\/div>\n<\/div>\n<\/div>\n<\/div>\n<\/div> <\/div> [vc_empty_space height=&#8221;7px&#8221;]<\/div><div class=\" two-thirds  vc_custom_1492003274524\">[vc_empty_space height=&#8221;496px&#8221;]<\/div><\/div><\/div><\/section><!-- Row Backgrounds --><div class=\"upb_color\" data-bg-override=\"0\" data-bg-color=\"#f7eddc\" data-fadeout=\"\" data-fadeout-percentage=\"30\" data-parallax-content=\"\" data-parallax-content-sense=\"30\" data-row-effect-mobile-disable=\"true\" data-img-parallax-mobile-disable=\"true\" data-rtl=\"false\"  data-custom-vc-row=\"\"  data-vc=\"4.11.2.1\"  data-is_old_vc=\"\"  data-theme-support=\"\"   data-overlay=\"false\" data-overlay-color=\"\" data-overlay-pattern=\"\" data-overlay-pattern-opacity=\"\" data-overlay-pattern-size=\"\"    ><\/div><section class=\"l-section wpb_row height_small width_full\"><div class=\"l-section-h i-cf\"><div class=\"g-cols offset_small\"><div class=\" two-thirds  vc_custom_1492003546392\">[vc_empty_space height=&#8221;496px&#8221;]<\/div><div class=\" one-third  vc_custom_1486647349525\">[vc_empty_space height=&#8221;22px&#8221;][vc_custom_heading text=&#8221;EINE WELT F\u00dcR PAARE&#8221; font_container=&#8221;tag:h2|text_align:center|color:%23e5c670&#8243; use_theme_fonts=&#8221;yes&#8221; css=&#8221;.vc_custom_1495726947974{margin-right: 5% !important;}&#8221;]<div class=\"wpb_text_column  vc_custom_1495727029846\"><div class=\"wpb_wrapper\"><strong><b>Privacy<\/b><\/strong><\/p>\n<p style=\"text-align: justify;\">ist der neue Begriff im Wellness-Bereich und alle modernsten Wellness-Zentren richten sich zurzeit danach. Im <strong><b>Wellness Zentrum des Hotels La Perla<\/b><\/strong> ist die <strong><b>VIP-Zone<\/b><\/strong> bereit, Sie zu empfangen: Sauna, Dampfbad, SPA-Dusche, Whirlpool f\u00fcr 2 Personen und 40 m2 Entspannungsraum. Das ist eine richtige <strong><b>Private-Spa<\/b><\/strong>, wo Sie <strong><b>Massagen f\u00fcr Paare<\/b><\/strong> und\u00a0<strong><b>Erlebnisb\u00e4der<\/b><\/strong> genie\u00dfen k\u00f6nnen.<\/p>\n<\/div> <\/div> <\/div><\/div><\/div><\/section><!-- Row Backgrounds --><div class=\"upb_color\" data-bg-override=\"0\" data-bg-color=\"#f7eddc\" data-fadeout=\"\" data-fadeout-percentage=\"30\" data-parallax-content=\"\" data-parallax-content-sense=\"30\" data-row-effect-mobile-disable=\"true\" data-img-parallax-mobile-disable=\"true\" data-rtl=\"false\"  data-custom-vc-row=\"\"  data-vc=\"4.11.2.1\"  data-is_old_vc=\"\"  data-theme-support=\"\"   data-overlay=\"false\" data-overlay-color=\"\" data-overlay-pattern=\"\" data-overlay-pattern-opacity=\"\" data-overlay-pattern-size=\"\"    ><\/div>\n","protected":false},"excerpt":{"rendered":"Hotel mit Schwimmbad in Canazei Einzigartiges Wohlbefinden: die SPA des...","protected":false},"author":1,"featured_media":0,"parent":0,"menu_order":0,"comment_status":"closed","ping_status":"closed","template":"","meta":{"footnotes":""},"yoast_head":"<!-- This site is optimized with the Yoast SEO plugin v15.3 - https:\/\/yoast.com\/wordpress\/plugins\/seo\/ -->\n<meta name=\"robots\" content=\"index, follow, max-snippet:-1, max-image-preview:large, max-video-preview:-1\" \/>\n<link rel=\"canonical\" href=\"https:\/\/hotellaperla.net\/it\/hotel-canazei-piscina\/\" \/>\n<meta property=\"og:locale\" content=\"de_DE\" \/>\n<meta property=\"og:type\" content=\"article\" \/>\n<meta property=\"og:title\" content=\"Wellnesszentrum - Hotel la Perla Canazei\" \/>\n<meta property=\"og:url\" content=\"https:\/\/hotellaperla.net\/it\/hotel-canazei-piscina\/\" \/>\n<meta property=\"og:site_name\" content=\"Hotel la Perla Canazei\" \/>\n<meta property=\"article:modified_time\" content=\"2018-09-04T16:00:57+00:00\" \/>\n<meta name=\"twitter:card\" content=\"summary\" \/>\n<meta name=\"twitter:label1\" content=\"Verfasst von\">\n\t<meta name=\"twitter:data1\" content=\"admin\">\n\t<meta name=\"twitter:label2\" content=\"Gesch\u00e4tzte Lesezeit\">\n\t<meta name=\"twitter:data2\" content=\"5 Minuten\">\n<script type=\"application\/ld+json\" class=\"yoast-schema-graph\">{\"@context\":\"https:\/\/schema.org\",\"@graph\":[{\"@type\":\"WebSite\",\"@id\":\"https:\/\/hotellaperla.net\/it\/#website\",\"url\":\"https:\/\/hotellaperla.net\/it\/\",\"name\":\"Hotel la Perla Canazei\",\"description\":\"Hotel la Perla Canazei\",\"potentialAction\":[{\"@type\":\"SearchAction\",\"target\":\"https:\/\/hotellaperla.net\/it\/?s={search_term_string}\",\"query-input\":\"required name=search_term_string\"}],\"inLanguage\":\"de-DE\"},{\"@type\":\"WebPage\",\"@id\":\"https:\/\/hotellaperla.net\/it\/hotel-canazei-piscina\/#webpage\",\"url\":\"https:\/\/hotellaperla.net\/it\/hotel-canazei-piscina\/\",\"name\":\"Wellnesszentrum - Hotel la Perla Canazei\",\"isPartOf\":{\"@id\":\"https:\/\/hotellaperla.net\/it\/#website\"},\"datePublished\":\"2016-08-29T15:16:04+00:00\",\"dateModified\":\"2018-09-04T16:00:57+00:00\",\"inLanguage\":\"de-DE\",\"potentialAction\":[{\"@type\":\"ReadAction\",\"target\":[\"https:\/\/hotellaperla.net\/it\/hotel-canazei-piscina\/\"]}]}]}<\/script>\n<!-- \/ Yoast SEO plugin. -->","_links":{"self":[{"href":"https:\/\/hotellaperla.net\/de\/wp-json\/wp\/v2\/pages\/3146"}],"collection":[{"href":"https:\/\/hotellaperla.net\/de\/wp-json\/wp\/v2\/pages"}],"about":[{"href":"https:\/\/hotellaperla.net\/de\/wp-json\/wp\/v2\/types\/page"}],"author":[{"embeddable":true,"href":"https:\/\/hotellaperla.net\/de\/wp-json\/wp\/v2\/users\/1"}],"replies":[{"embeddable":true,"href":"https:\/\/hotellaperla.net\/de\/wp-json\/wp\/v2\/comments?post=3146"}],"version-history":[{"count":6,"href":"https:\/\/hotellaperla.net\/de\/wp-json\/wp\/v2\/pages\/3146\/revisions"}],"predecessor-version":[{"id":5519,"href":"https:\/\/hotellaperla.net\/de\/wp-json\/wp\/v2\/pages\/3146\/revisions\/5519"}],"wp:attachment":[{"href":"https:\/\/hotellaperla.net\/de\/wp-json\/wp\/v2\/media?parent=3146"}],"curies":[{"name":"wp","href":"https:\/\/api.w.org\/{rel}","templated":true}]}}