{"id":3123,"date":"2016-08-29T15:15:18","date_gmt":"2016-08-29T15:15:18","guid":{"rendered":"http:\/\/hotellaperla.net\/gourmet\/"},"modified":"2017-05-04T14:57:38","modified_gmt":"2017-05-04T14:57:38","slug":"gourmet","status":"publish","type":"page","link":"https:\/\/hotellaperla.net\/de\/gourmet\/","title":{"rendered":"GOURMET"},"content":{"rendered":"<section class=\"l-section wpb_row height_medium\"><div class=\"l-section-h i-cf\"><div class=\"g-cols offset_small\"><div class=\" full-width\"><div class=\"wpb_text_column \"><div class=\"wpb_wrapper\">\n<h1 style=\"text-align: center;\">Typische Gerichte vom Fassatal, aber nicht nur<\/h1>\n<\/div> <\/div> <\/div><\/div><\/div><\/section><section class=\"l-section wpb_row height_medium\"><div class=\"l-section-h i-cf\"><div class=\"g-cols offset_small\"><div class=\" one-half\"><div class=\"wpb_text_column  vc_custom_1493909829033\"><div class=\"wpb_wrapper\">\n<p style=\"text-align: justify;\">\u00a0 \u00a0Die <strong>Familie Debertol<\/strong> ist stolz auf ihre langj\u00e4hrige <strong>Erfahrung im <a href=\"http:\/\/dict.leo.org\/itde?lp=itde&amp;lang=it&amp;searchLoc=0&amp;searchLocRelinked=1&amp;search=Gastst%C3%A4ttengewerbe&amp;trestr=0x8001\">Gastst\u00e4ttengewerbe<\/a>,<\/strong> weil sie sich seit Jahren pers\u00f6nlich und sorgf\u00e4ltig um die K\u00fcche des Restaurants des<strong> Hotel La Perla <\/strong>k\u00fcmmert.<\/p>\n<p>\u00a0 \u00a0Genie\u00dfen Sie die <strong>typischen Speisen der K\u00fcche von Trentino<\/strong> und vom <strong>Fassatal<\/strong>, die mit so einer <a href=\"http:\/\/de.pons.eu\/deutsch-italienisch\/Geschicklichkeit\">Geschicklichkeit<\/a> vorbereitet werden, die nur die in <strong>Trentino<\/strong> geborene und gewachsene Leute innehaben k\u00f6nnen, denn sie kennen jede Einzelheit der Zutaten und der Rohstoffe unseres Gebietes.<\/p>\n<p>Zusammen mit den <strong>Delikatessen vom Trentino<\/strong> bieten wir immer k\u00f6stliche Men\u00fcs aus der <strong>internationalen und mediterranen <\/strong>K\u00fcche an, um den Geschmack aller ausl\u00e4ndischen G\u00e4ste nicht zu entt\u00e4uschen.<\/div> <\/div> <\/div><div class=\" one-half\"><div class=\"w-image \"><img loading=\"lazy\" decoding=\"async\" width=\"1024\" height=\"684\" src=\"https:\/\/hotellaperla.net\/wp-content\/uploads\/2016\/08\/hotel-la-perla-cuoco-1024x684.jpg\" class=\"attachment-large size-large\" alt=\"\" srcset=\"https:\/\/hotellaperla.net\/wp-content\/uploads\/2016\/08\/hotel-la-perla-cuoco-1024x684.jpg 1024w, https:\/\/hotellaperla.net\/wp-content\/uploads\/2016\/08\/hotel-la-perla-cuoco-300x200.jpg 300w, https:\/\/hotellaperla.net\/wp-content\/uploads\/2016\/08\/hotel-la-perla-cuoco-768x513.jpg 768w, https:\/\/hotellaperla.net\/wp-content\/uploads\/2016\/08\/hotel-la-perla-cuoco-600x401.jpg 600w, https:\/\/hotellaperla.net\/wp-content\/uploads\/2016\/08\/hotel-la-perla-cuoco.jpg 1600w\" sizes=\"(max-width: 1024px) 100vw, 1024px\" \/><\/div><\/div><\/div><\/div><\/section><section class=\"l-section wpb_row height_medium\"><div class=\"l-section-h i-cf\"><div class=\"g-cols offset_small\"><div class=\" one-half\"><div class=\"w-image \"><img loading=\"lazy\" decoding=\"async\" width=\"1024\" height=\"768\" src=\"https:\/\/hotellaperla.net\/wp-content\/uploads\/2016\/08\/002-2-1024x768.jpg\" class=\"attachment-large size-large\" alt=\"\" srcset=\"https:\/\/hotellaperla.net\/wp-content\/uploads\/2016\/08\/002-2-1024x768.jpg 1024w, https:\/\/hotellaperla.net\/wp-content\/uploads\/2016\/08\/002-2-300x225.jpg 300w, https:\/\/hotellaperla.net\/wp-content\/uploads\/2016\/08\/002-2-768x576.jpg 768w, https:\/\/hotellaperla.net\/wp-content\/uploads\/2016\/08\/002-2-600x450.jpg 600w, https:\/\/hotellaperla.net\/wp-content\/uploads\/2016\/08\/002-2.jpg 1600w\" sizes=\"(max-width: 1024px) 100vw, 1024px\" \/><\/div><\/div><div class=\" one-half\"><div class=\"wpb_text_column  vc_custom_1493909844676\"><div class=\"wpb_wrapper\">\n<p style=\"text-align: justify;\">\u00a0 \u00a0\u00a0Dar\u00fcber hinaus, schlagen wir unter unseren <strong>feinen 4 Abendmen\u00fcs<\/strong> ein <strong>\u201cLight\u201d<\/strong> <strong>Men\u00fc <\/strong>f\u00fcr Liebhaber des <strong>Wohlbefindens<\/strong> vor, die ihre Linie pflegen wollen<strong>.<\/strong><\/p>\n<p>\u00a0 \u00a0Im gut belieferten <strong>Keller des Hotel La Perla<\/strong> haben Weinliebhaber nur die Qual der Wahl zwischen den <strong>ber\u00fchmtesten Weinmarken von Trentino und S\u00fcdtirol<\/strong>, aber auch internationale namhafte Weine stehen Ihnen zur Verf\u00fcgung, um hervorragende Verbindungen mit den gew\u00e4hlten Speisen zu schaffen.<\/div> <\/div> <\/div><\/div><\/div><\/section><section class=\"l-section wpb_row height_medium\"><div class=\"l-section-h i-cf\"><div class=\"g-cols offset_small\"><div class=\" full-width\"><div class=\"w-gallery layout_default cols_4 link_media\"><div class=\"w-gallery-list\"><a class=\"w-gallery-item order_1\" href=\"https:\/\/hotellaperla.net\/wp-content\/uploads\/2016\/08\/ristorante-hotel-la-perla-canazei.jpg\" title=\"ristorante-hotel-la-perla-canazei\"><img loading=\"lazy\" decoding=\"async\" width=\"350\" height=\"350\" src=\"https:\/\/hotellaperla.net\/wp-content\/uploads\/2016\/08\/ristorante-hotel-la-perla-canazei-350x350.jpg\" class=\"w-gallery-item-img\" alt=\"\" srcset=\"https:\/\/hotellaperla.net\/wp-content\/uploads\/2016\/08\/ristorante-hotel-la-perla-canazei-350x350.jpg 350w, https:\/\/hotellaperla.net\/wp-content\/uploads\/2016\/08\/ristorante-hotel-la-perla-canazei-150x150.jpg 150w, https:\/\/hotellaperla.net\/wp-content\/uploads\/2016\/08\/ristorante-hotel-la-perla-canazei-600x600.jpg 600w\" sizes=\"(max-width: 350px) 100vw, 350px\" \/><span class=\"w-gallery-item-hover\"><\/span><span class=\"w-gallery-item-title\">ristorante-hotel-la-perla-canazei<\/span><\/a><a class=\"w-gallery-item order_2\" href=\"https:\/\/hotellaperla.net\/wp-content\/uploads\/2016\/08\/hotel-la-perla-staff-ristorante.jpg\" title=\"hotel-la-perla-staff-ristorante\"><img loading=\"lazy\" decoding=\"async\" width=\"350\" height=\"350\" src=\"https:\/\/hotellaperla.net\/wp-content\/uploads\/2016\/08\/hotel-la-perla-staff-ristorante-350x350.jpg\" class=\"w-gallery-item-img\" alt=\"\" srcset=\"https:\/\/hotellaperla.net\/wp-content\/uploads\/2016\/08\/hotel-la-perla-staff-ristorante-350x350.jpg 350w, https:\/\/hotellaperla.net\/wp-content\/uploads\/2016\/08\/hotel-la-perla-staff-ristorante-150x150.jpg 150w, https:\/\/hotellaperla.net\/wp-content\/uploads\/2016\/08\/hotel-la-perla-staff-ristorante-600x600.jpg 600w\" sizes=\"(max-width: 350px) 100vw, 350px\" \/><span class=\"w-gallery-item-hover\"><\/span><span class=\"w-gallery-item-title\">hotel-la-perla-staff-ristorante<\/span><\/a><a class=\"w-gallery-item order_3\" href=\"https:\/\/hotellaperla.net\/wp-content\/uploads\/2016\/08\/ristorante-a-canazei.jpg\" title=\"ristorante-a-canazei\"><img loading=\"lazy\" decoding=\"async\" width=\"350\" height=\"350\" src=\"https:\/\/hotellaperla.net\/wp-content\/uploads\/2016\/08\/ristorante-a-canazei-350x350.jpg\" class=\"w-gallery-item-img\" alt=\"\" srcset=\"https:\/\/hotellaperla.net\/wp-content\/uploads\/2016\/08\/ristorante-a-canazei-350x350.jpg 350w, https:\/\/hotellaperla.net\/wp-content\/uploads\/2016\/08\/ristorante-a-canazei-150x150.jpg 150w, https:\/\/hotellaperla.net\/wp-content\/uploads\/2016\/08\/ristorante-a-canazei-600x600.jpg 600w\" sizes=\"(max-width: 350px) 100vw, 350px\" \/><span class=\"w-gallery-item-hover\"><\/span><span class=\"w-gallery-item-title\">ristorante-a-canazei<\/span><\/a><a class=\"w-gallery-item order_4\" href=\"https:\/\/hotellaperla.net\/wp-content\/uploads\/2016\/08\/MRPH_5l.jpg\" title=\"mrph_5l\"><img loading=\"lazy\" decoding=\"async\" width=\"350\" height=\"350\" src=\"https:\/\/hotellaperla.net\/wp-content\/uploads\/2016\/08\/MRPH_5l-350x350.jpg\" class=\"w-gallery-item-img\" alt=\"\" srcset=\"https:\/\/hotellaperla.net\/wp-content\/uploads\/2016\/08\/MRPH_5l-350x350.jpg 350w, https:\/\/hotellaperla.net\/wp-content\/uploads\/2016\/08\/MRPH_5l-150x150.jpg 150w, https:\/\/hotellaperla.net\/wp-content\/uploads\/2016\/08\/MRPH_5l-600x600.jpg 600w\" sizes=\"(max-width: 350px) 100vw, 350px\" \/><span class=\"w-gallery-item-hover\"><\/span><span class=\"w-gallery-item-title\">mrph_5l<\/span><\/a><\/div><\/div>\n<\/div><\/div><\/div><\/section>\n","protected":false},"excerpt":{"rendered":"Typische Gerichte vom Fassatal, aber nicht nur \u00a0 \u00a0Die Familie...","protected":false},"author":1,"featured_media":0,"parent":0,"menu_order":0,"comment_status":"closed","ping_status":"closed","template":"","meta":{"footnotes":""},"yoast_head":"<!-- This site is optimized with the Yoast SEO plugin v15.3 - https:\/\/yoast.com\/wordpress\/plugins\/seo\/ -->\n<meta name=\"robots\" content=\"index, follow, max-snippet:-1, max-image-preview:large, max-video-preview:-1\" \/>\n<link rel=\"canonical\" href=\"https:\/\/hotellaperla.net\/it\/gourmet\/\" \/>\n<meta property=\"og:locale\" content=\"de_DE\" \/>\n<meta property=\"og:type\" content=\"article\" \/>\n<meta property=\"og:title\" content=\"GOURMET - Hotel la Perla Canazei\" \/>\n<meta property=\"og:url\" content=\"https:\/\/hotellaperla.net\/it\/gourmet\/\" \/>\n<meta property=\"og:site_name\" content=\"Hotel la Perla Canazei\" \/>\n<meta property=\"article:modified_time\" content=\"2017-05-04T14:57:38+00:00\" \/>\n<meta name=\"twitter:card\" content=\"summary\" \/>\n<meta name=\"twitter:label1\" content=\"Verfasst von\">\n\t<meta name=\"twitter:data1\" content=\"admin\">\n\t<meta name=\"twitter:label2\" content=\"Gesch\u00e4tzte Lesezeit\">\n\t<meta name=\"twitter:data2\" content=\"1 Minute\">\n<script type=\"application\/ld+json\" class=\"yoast-schema-graph\">{\"@context\":\"https:\/\/schema.org\",\"@graph\":[{\"@type\":\"WebSite\",\"@id\":\"https:\/\/hotellaperla.net\/it\/#website\",\"url\":\"https:\/\/hotellaperla.net\/it\/\",\"name\":\"Hotel la Perla Canazei\",\"description\":\"Hotel la Perla Canazei\",\"potentialAction\":[{\"@type\":\"SearchAction\",\"target\":\"https:\/\/hotellaperla.net\/it\/?s={search_term_string}\",\"query-input\":\"required name=search_term_string\"}],\"inLanguage\":\"de-DE\"},{\"@type\":\"WebPage\",\"@id\":\"https:\/\/hotellaperla.net\/it\/gourmet\/#webpage\",\"url\":\"https:\/\/hotellaperla.net\/it\/gourmet\/\",\"name\":\"GOURMET - Hotel la Perla Canazei\",\"isPartOf\":{\"@id\":\"https:\/\/hotellaperla.net\/it\/#website\"},\"datePublished\":\"2016-08-29T15:15:18+00:00\",\"dateModified\":\"2017-05-04T14:57:38+00:00\",\"inLanguage\":\"de-DE\",\"potentialAction\":[{\"@type\":\"ReadAction\",\"target\":[\"https:\/\/hotellaperla.net\/it\/gourmet\/\"]}]}]}<\/script>\n<!-- \/ Yoast SEO plugin. -->","_links":{"self":[{"href":"https:\/\/hotellaperla.net\/de\/wp-json\/wp\/v2\/pages\/3123"}],"collection":[{"href":"https:\/\/hotellaperla.net\/de\/wp-json\/wp\/v2\/pages"}],"about":[{"href":"https:\/\/hotellaperla.net\/de\/wp-json\/wp\/v2\/types\/page"}],"author":[{"embeddable":true,"href":"https:\/\/hotellaperla.net\/de\/wp-json\/wp\/v2\/users\/1"}],"replies":[{"embeddable":true,"href":"https:\/\/hotellaperla.net\/de\/wp-json\/wp\/v2\/comments?post=3123"}],"version-history":[{"count":2,"href":"https:\/\/hotellaperla.net\/de\/wp-json\/wp\/v2\/pages\/3123\/revisions"}],"predecessor-version":[{"id":3136,"href":"https:\/\/hotellaperla.net\/de\/wp-json\/wp\/v2\/pages\/3123\/revisions\/3136"}],"wp:attachment":[{"href":"https:\/\/hotellaperla.net\/de\/wp-json\/wp\/v2\/media?parent=3123"}],"curies":[{"name":"wp","href":"https:\/\/api.w.org\/{rel}","templated":true}]}}