{"id":3095,"date":"2016-10-18T17:41:28","date_gmt":"2016-10-18T17:41:28","guid":{"rendered":"http:\/\/hotellaperla.net\/suite-family\/"},"modified":"2017-05-04T14:05:02","modified_gmt":"2017-05-04T14:05:02","slug":"suite-family","status":"publish","type":"page","link":"https:\/\/hotellaperla.net\/de\/suite-family\/","title":{"rendered":"Suite Family"},"content":{"rendered":"<section class=\"l-section wpb_row height_small color_custom\" style=\"background-color: #f9f9f9;\"><div class=\"l-section-h i-cf\"><div class=\"g-cols offset_small\"><div class=\" two-thirds\"><div class=\"wpb_text_column \"><div class=\"wpb_wrapper\">\n<h1 style=\"text-align: center;\">Suite Family<\/h1>\n<\/div> <\/div> <\/div><div class=\" one-third\"><div class=\"w-btn-wrapper align_left\"><a class=\"w-btn style_solid color_primary icon_atleft\" href=\"http:\/\/hotellaperla.net\/richiesta\/\" target=\"_blank\"><i class=\"fa fa-check-square\"><\/i><span class=\"w-btn-label\">Richiedi questa camera<\/span><\/a><\/div><\/div><\/div><\/div><\/section><section class=\"l-section wpb_row height_medium\"><div class=\"l-section-h i-cf\"><div class=\"g-cols offset_small\"><div class=\" three-quarters\"><div class=\"w-slider\"><div class=\"royalSlider rsDefault\"><a class=\"rsImg\" data-rsw=\"1024\" data-rsh=\"680\" data-rsBigImg=\"https:\/\/hotellaperla.net\/wp-content\/uploads\/2016\/10\/CAMERA-209-sala-esterno.jpg\" href=\"https:\/\/hotellaperla.net\/wp-content\/uploads\/2016\/10\/CAMERA-209-sala-esterno-1024x680.jpg\"><\/a><a class=\"rsImg\" data-rsw=\"1024\" data-rsh=\"565\" data-rsBigImg=\"https:\/\/hotellaperla.net\/wp-content\/uploads\/2016\/10\/CAMERA-209-sala-2.jpg\" href=\"https:\/\/hotellaperla.net\/wp-content\/uploads\/2016\/10\/CAMERA-209-sala-2-1024x565.jpg\"><\/a><a class=\"rsImg\" data-rsw=\"1024\" data-rsh=\"647\" data-rsBigImg=\"https:\/\/hotellaperla.net\/wp-content\/uploads\/2016\/10\/CAMERA-209-letto-2.jpg\" href=\"https:\/\/hotellaperla.net\/wp-content\/uploads\/2016\/10\/CAMERA-209-letto-2-1024x647.jpg\"><\/a><\/div><div class=\"w-slider-json\" onclick='return {&quot;transitionSpeed&quot;:300,&quot;loopRewind&quot;:true,&quot;slidesSpacing&quot;:0,&quot;imageScalePadding&quot;:0,&quot;numImagesToPreload&quot;:2,&quot;arrowsNav&quot;:true,&quot;arrowsNavAutoHide&quot;:false,&quot;transitionType&quot;:&quot;move&quot;,&quot;controlNavigation&quot;:&quot;none&quot;,&quot;autoplay&quot;:{&quot;enabled&quot;:true,&quot;pauseOnHover&quot;:true,&quot;delay&quot;:3000},&quot;fullscreen&quot;:{&quot;enabled&quot;:true},&quot;imageScaleMode&quot;:&quot;fill&quot;,&quot;autoScaleSlider&quot;:true,&quot;autoScaleSliderWidth&quot;:1024,&quot;autoScaleSliderHeight&quot;:680,&quot;fitInViewport&quot;:false}'><\/div><\/div><\/div><div class=\" one-quarter  vc_custom_1479924247440\"><div class=\"wpb_text_column \"><div class=\"wpb_wrapper\">\n<p style=\"text-align: justify;\">\u00a0 \u00a0 Herrliche im provenzalischen Stil ausgestattete 2-Zimmer Wohnung. Dank der 50 qm Gro\u00dfe und der zwei miteinander verbundenen Zimmer ist die Suite besonders f\u00fcr Familien geeignet und ist mit kleinem Wohnraum mit Eckbank, Minibar, Safe, Sat-TV, SKY Programme, WI FI Internetzugang im Zimmer und im ganzen Hotel, Telefon, gro\u00dfz\u00fcgigem Badezimmer mit Whirlpool und Dusche, F\u00f6hn, feinem Badeset, Badeschuhe f\u00fcr das Wellnesszentrum und Bademantel, Doppelbalkon mit traumhaftem Dolomitenpanorama, mit Tisch und behaglichen Liegest\u00fchlen ausgestattet.<\/p>\n<\/div> <\/div> <\/div><\/div><\/div><\/section>\n","protected":false},"excerpt":{"rendered":"Suite Family Richiedi questa camera \u00a0 \u00a0 Herrliche im provenzalischen...","protected":false},"author":1,"featured_media":0,"parent":0,"menu_order":0,"comment_status":"closed","ping_status":"closed","template":"","meta":{"footnotes":""},"yoast_head":"<!-- This site is optimized with the Yoast SEO plugin v15.3 - https:\/\/yoast.com\/wordpress\/plugins\/seo\/ -->\n<meta name=\"robots\" content=\"index, follow, max-snippet:-1, max-image-preview:large, max-video-preview:-1\" \/>\n<link rel=\"canonical\" href=\"https:\/\/hotellaperla.net\/it\/suite-family\/\" \/>\n<meta property=\"og:locale\" content=\"de_DE\" \/>\n<meta property=\"og:type\" content=\"article\" \/>\n<meta property=\"og:title\" content=\"Suite Family - Hotel la Perla Canazei\" \/>\n<meta property=\"og:url\" content=\"https:\/\/hotellaperla.net\/it\/suite-family\/\" \/>\n<meta property=\"og:site_name\" content=\"Hotel la Perla Canazei\" \/>\n<meta property=\"article:modified_time\" content=\"2017-05-04T14:05:02+00:00\" \/>\n<meta name=\"twitter:card\" content=\"summary\" \/>\n<meta name=\"twitter:label1\" content=\"Verfasst von\">\n\t<meta name=\"twitter:data1\" content=\"admin\">\n\t<meta name=\"twitter:label2\" content=\"Gesch\u00e4tzte Lesezeit\">\n\t<meta name=\"twitter:data2\" content=\"1 Minute\">\n<script type=\"application\/ld+json\" class=\"yoast-schema-graph\">{\"@context\":\"https:\/\/schema.org\",\"@graph\":[{\"@type\":\"WebSite\",\"@id\":\"https:\/\/hotellaperla.net\/it\/#website\",\"url\":\"https:\/\/hotellaperla.net\/it\/\",\"name\":\"Hotel la Perla Canazei\",\"description\":\"Hotel la Perla Canazei\",\"potentialAction\":[{\"@type\":\"SearchAction\",\"target\":\"https:\/\/hotellaperla.net\/it\/?s={search_term_string}\",\"query-input\":\"required name=search_term_string\"}],\"inLanguage\":\"de-DE\"},{\"@type\":\"WebPage\",\"@id\":\"https:\/\/hotellaperla.net\/it\/suite-family\/#webpage\",\"url\":\"https:\/\/hotellaperla.net\/it\/suite-family\/\",\"name\":\"Suite Family - Hotel la Perla Canazei\",\"isPartOf\":{\"@id\":\"https:\/\/hotellaperla.net\/it\/#website\"},\"datePublished\":\"2016-10-18T17:41:28+00:00\",\"dateModified\":\"2017-05-04T14:05:02+00:00\",\"inLanguage\":\"de-DE\",\"potentialAction\":[{\"@type\":\"ReadAction\",\"target\":[\"https:\/\/hotellaperla.net\/it\/suite-family\/\"]}]}]}<\/script>\n<!-- \/ Yoast SEO plugin. -->","_links":{"self":[{"href":"https:\/\/hotellaperla.net\/de\/wp-json\/wp\/v2\/pages\/3095"}],"collection":[{"href":"https:\/\/hotellaperla.net\/de\/wp-json\/wp\/v2\/pages"}],"about":[{"href":"https:\/\/hotellaperla.net\/de\/wp-json\/wp\/v2\/types\/page"}],"author":[{"embeddable":true,"href":"https:\/\/hotellaperla.net\/de\/wp-json\/wp\/v2\/users\/1"}],"replies":[{"embeddable":true,"href":"https:\/\/hotellaperla.net\/de\/wp-json\/wp\/v2\/comments?post=3095"}],"version-history":[{"count":1,"href":"https:\/\/hotellaperla.net\/de\/wp-json\/wp\/v2\/pages\/3095\/revisions"}],"predecessor-version":[{"id":3100,"href":"https:\/\/hotellaperla.net\/de\/wp-json\/wp\/v2\/pages\/3095\/revisions\/3100"}],"wp:attachment":[{"href":"https:\/\/hotellaperla.net\/de\/wp-json\/wp\/v2\/media?parent=3095"}],"curies":[{"name":"wp","href":"https:\/\/api.w.org\/{rel}","templated":true}]}}