{"id":3047,"date":"2017-03-09T19:46:41","date_gmt":"2017-03-09T19:46:41","guid":{"rendered":"http:\/\/hotellaperla.net\/junior\/"},"modified":"2024-07-24T12:07:09","modified_gmt":"2024-07-24T12:07:09","slug":"junior","status":"publish","type":"page","link":"https:\/\/hotellaperla.net\/de\/junior\/","title":{"rendered":"Junior Suite"},"content":{"rendered":"<section class=\"l-section wpb_row height_medium\"><div class=\"l-section-h i-cf\"><div class=\"g-cols offset_small\"><div class=\" full-width\"><div class=\"w-image  align_center\"><img loading=\"lazy\" decoding=\"async\" width=\"66\" height=\"55\" src=\"https:\/\/hotellaperla.net\/wp-content\/uploads\/2016\/08\/p33.png\" class=\"attachment-full size-full\" alt=\"Hotel la Perla Canazei\" \/><\/div><div class=\"wpb_text_column \"><div class=\"wpb_wrapper\">\n<h1 style=\"text-align: center; color: #e5c878;\">JUNIOR SUITES<\/h1>\n<\/div> <\/div> <\/div><\/div><\/div><\/section><section class=\"l-section wpb_row height_auto width_full\"><div class=\"l-section-h i-cf\"><div class=\"g-cols offset_small\"><div class=\" two-thirds  vc_custom_1494362756292 slider-int\"><div class=\"w-slider\"><div class=\"royalSlider rsDefault\"><a class=\"rsImg\" data-rsw=\"1024\" data-rsh=\"409\" href=\"https:\/\/hotellaperla.net\/wp-content\/uploads\/2017\/03\/junior-suite-hotel-la-perla-canazei-01-1-1024x409.jpg\"><\/a><a class=\"rsImg\" data-rsw=\"1024\" data-rsh=\"409\" href=\"https:\/\/hotellaperla.net\/wp-content\/uploads\/2017\/03\/junior-suite-hotel-la-perla-canazei-1-1024x409.jpg\"><\/a><a class=\"rsImg\" data-rsw=\"1024\" data-rsh=\"409\" href=\"https:\/\/hotellaperla.net\/wp-content\/uploads\/2017\/03\/hotel-la-perla-canazei-junior-suite-2-1024x409.jpg\"><\/a><a class=\"rsImg\" data-rsw=\"1024\" data-rsh=\"409\" href=\"https:\/\/hotellaperla.net\/wp-content\/uploads\/2017\/03\/junior-suite-la-perla-hotel-canazei-2-1024x409.jpg\"><\/a><\/div><div class=\"w-slider-json\" onclick='return {&quot;transitionSpeed&quot;:300,&quot;loopRewind&quot;:true,&quot;slidesSpacing&quot;:0,&quot;imageScalePadding&quot;:0,&quot;numImagesToPreload&quot;:2,&quot;arrowsNav&quot;:true,&quot;arrowsNavAutoHide&quot;:false,&quot;transitionType&quot;:&quot;move&quot;,&quot;controlNavigation&quot;:&quot;none&quot;,&quot;autoplay&quot;:{&quot;enabled&quot;:true,&quot;pauseOnHover&quot;:true,&quot;delay&quot;:3000},&quot;imageScaleMode&quot;:&quot;fit&quot;,&quot;autoScaleSlider&quot;:true,&quot;autoScaleSliderWidth&quot;:1024,&quot;autoScaleSliderHeight&quot;:409,&quot;fitInViewport&quot;:false}'><\/div><\/div>[vc_empty_space]<\/div><div class=\" one-third  vc_custom_1495721017533\"><div class=\"ult-content-box-container \" >\t\t<div class=\"ult-content-box\" style=\"box-shadow: px px px px #f7f7f7 none;border-style:none;border-width:2px;border-radius:2px;-webkit-transition: all 700ms ease;-moz-transition: all 700ms ease;-ms-transition: all 700ms ease;-o-transition: all 700ms ease;transition: all 700ms ease;\"  data-hover_box_shadow=\"none\"     data-border_color=\"\" >[vc_custom_heading text=&#8221;&lt; Junior Suite Harmony&#8221; font_container=&#8221;tag:h1|font_size:34px|text_align:center|color:%23e5c878&#8243; use_theme_fonts=&#8221;yes&#8221; link=&#8221;url:%23||&#8221;]<div class=\"wpb_text_column \"><div class=\"wpb_wrapper\">\n<p style=\"text-align: justify;\">Ein gem\u00fctlicher und sonniger Raum f\u00fcr die herrlichen und umfassenden Zimmer (ca. 40-45 m\u00b2 ) mit Blick auf den Garten und mit kleinem Wohnraum und Kachelofen, Minibar, Safe, Sat-TV, SKY Programme, WI-FI Internetzugang im Zimmer und im ganzen Hotel, Telefon, Badezimmer mit Dusche, F\u00f6hn, feinem Badeset, Badeschuhe f\u00fcr das Wellnesszentrum und Bademantel. Balkon mit traumhaftem Dolomitenpanorama mit Tisch und behaglichen Liegest\u00fchlen ausgestattet.<\/p>\n<\/div> <\/div> <div class=\"w-btn-wrapper align_center\"><a class=\"w-btn style_solid color_primary icon_atleft\" href=\"https:\/\/www.simplebooking.it\/ibe2\/hotel\/9940?lang=DE&#038;cur=EUR\"><i class=\"fa fa-check-square\"><\/i><span class=\"w-btn-label\">RICHIEDI QUESTA CAMERA<\/span><\/a><\/div>\t\t<\/div><\/div><\/div><\/div><\/div><\/section><!-- Row Backgrounds --><div class=\"upb_color\" data-bg-override=\"0\" data-bg-color=\"#f7eddc\" data-fadeout=\"\" data-fadeout-percentage=\"30\" data-parallax-content=\"\" data-parallax-content-sense=\"30\" data-row-effect-mobile-disable=\"true\" data-img-parallax-mobile-disable=\"true\" data-rtl=\"false\"  data-custom-vc-row=\"\"  data-vc=\"4.11.2.1\"  data-is_old_vc=\"\"  data-theme-support=\"\"   data-overlay=\"false\" data-overlay-color=\"\" data-overlay-pattern=\"\" data-overlay-pattern-opacity=\"\" data-overlay-pattern-size=\"\"    ><\/div><section class=\"l-section wpb_row height_auto width_full\"><div class=\"l-section-h i-cf\"><div class=\"g-cols offset_small\"><div class=\" one-third  vc_custom_1495721400449\"><div class=\"ult-content-box-container \" >\t\t<div class=\"ult-content-box\" style=\"box-shadow: px px px px #f7f7f7 none;border-style:solid;border-width:2px;border-radius:2px;border-color:transparent;-webkit-transition: all 700ms ease;-moz-transition: all 700ms ease;-ms-transition: all 700ms ease;-o-transition: all 700ms ease;transition: all 700ms ease;\"  data-hover_box_shadow=\"none\"     data-border_color=\"transparent\" >[vc_custom_heading text=&#8221;Junior Suite Alpin &gt;&#8221; font_container=&#8221;tag:h1|font_size:34px|text_align:center|color:%23e5c878&#8243; use_theme_fonts=&#8221;yes&#8221; link=&#8221;url:%23||&#8221;]<div class=\"wpb_text_column \"><div class=\"wpb_wrapper\">\n<p style=\"text-align: justify;\">Ein gem\u00fctlicher und behaglicher Raum f\u00fcr die herrlichen und umfassenden Zimmer (ca. 40-45 m\u00b2) mit Blick auf das Dorf und auf Sass Pordoi, einige mit kleinem Wohnraum und Kachelofen, Minibar, Safe, Sat-TV, SKY Programme, WI-FI Internetzugang im Zimmer und im ganzen Hotel, Telefon, Badezimmer mit Dusche, F\u00f6hn, feinem Badeset, Badeschuhe f\u00fcr das Wellnesszentrum und Bademantel. Balkon mit traumhaftem Dolomitenpanorama, mit Tisch und behaglichen Liegest\u00fchlen ausgestattet.<\/p>\n<\/div> <\/div> <div class=\"w-btn-wrapper align_center\"><a class=\"w-btn style_solid color_primary icon_atleft\" href=\"https:\/\/www.simplebooking.it\/ibe2\/hotel\/9940?lang=DE&#038;cur=EUR\"><i class=\"fa fa-check-square\"><\/i><span class=\"w-btn-label\">RICHIEDI QUESTA CAMERA<\/span><\/a><\/div>\t\t<\/div><\/div><\/div><div class=\" two-thirds  vc_custom_1494362445870 slider-int\"><div class=\"w-slider\"><div class=\"royalSlider rsDefault\"><a class=\"rsImg\" data-rsw=\"1024\" data-rsh=\"409\" href=\"https:\/\/hotellaperla.net\/wp-content\/uploads\/2017\/03\/junior-suite-alpin-hotel-la-perla-canazei-1-1024x409.jpg\"><\/a><a class=\"rsImg\" data-rsw=\"1024\" data-rsh=\"409\" href=\"https:\/\/hotellaperla.net\/wp-content\/uploads\/2017\/03\/junior-suite-alpin-hotel-la-perla-canazei-01-1-1024x409.jpg\"><\/a><a class=\"rsImg\" data-rsw=\"1024\" data-rsh=\"409\" href=\"https:\/\/hotellaperla.net\/wp-content\/uploads\/2017\/03\/junior-suite-alpin-hotel-la-perla-canazei-02-1-1024x409.jpg\"><\/a><a class=\"rsImg\" data-rsw=\"1024\" data-rsh=\"409\" href=\"https:\/\/hotellaperla.net\/wp-content\/uploads\/2017\/03\/hotel-la-perla-canazei-junior-suite-2-1024x409.jpg\"><\/a><\/div><div class=\"w-slider-json\" onclick='return {&quot;transitionSpeed&quot;:300,&quot;loopRewind&quot;:true,&quot;slidesSpacing&quot;:0,&quot;imageScalePadding&quot;:0,&quot;numImagesToPreload&quot;:2,&quot;arrowsNav&quot;:true,&quot;arrowsNavAutoHide&quot;:false,&quot;transitionType&quot;:&quot;move&quot;,&quot;controlNavigation&quot;:&quot;none&quot;,&quot;autoplay&quot;:{&quot;enabled&quot;:true,&quot;pauseOnHover&quot;:true,&quot;delay&quot;:3000},&quot;imageScaleMode&quot;:&quot;fit&quot;,&quot;autoScaleSlider&quot;:true,&quot;autoScaleSliderWidth&quot;:1024,&quot;autoScaleSliderHeight&quot;:409,&quot;fitInViewport&quot;:false}'><\/div><\/div>[vc_empty_space]<\/div><\/div><\/div><\/section><!-- Row Backgrounds --><div class=\"upb_color\" data-bg-override=\"0\" data-bg-color=\"#f7eddc\" data-fadeout=\"\" data-fadeout-percentage=\"30\" data-parallax-content=\"\" data-parallax-content-sense=\"30\" data-row-effect-mobile-disable=\"true\" data-img-parallax-mobile-disable=\"true\" data-rtl=\"false\"  data-custom-vc-row=\"\"  data-vc=\"4.11.2.1\"  data-is_old_vc=\"\"  data-theme-support=\"\"   data-overlay=\"false\" data-overlay-color=\"\" data-overlay-pattern=\"\" data-overlay-pattern-opacity=\"\" data-overlay-pattern-size=\"\"    ><\/div><section class=\"l-section wpb_row height_auto width_full\"><div class=\"l-section-h i-cf\"><div class=\"g-cols offset_small\"><div class=\" two-thirds  vc_custom_1494362451915 slider-int\"><div class=\"w-slider\"><div class=\"royalSlider rsDefault\"><a class=\"rsImg\" data-rsw=\"1024\" data-rsh=\"409\" href=\"https:\/\/hotellaperla.net\/wp-content\/uploads\/2017\/03\/junior-suite-romantik-hotel-la-perla-canazei-1-1024x409.jpg\"><\/a><a class=\"rsImg\" data-rsw=\"1024\" data-rsh=\"409\" href=\"https:\/\/hotellaperla.net\/wp-content\/uploads\/2017\/03\/junior-suite-romantik-laperla-hotel-canazei-1-1024x409.jpg\"><\/a><\/div><div class=\"w-slider-json\" onclick='return {&quot;transitionSpeed&quot;:300,&quot;loopRewind&quot;:true,&quot;slidesSpacing&quot;:0,&quot;imageScalePadding&quot;:0,&quot;numImagesToPreload&quot;:2,&quot;arrowsNav&quot;:true,&quot;arrowsNavAutoHide&quot;:false,&quot;transitionType&quot;:&quot;move&quot;,&quot;controlNavigation&quot;:&quot;none&quot;,&quot;autoplay&quot;:{&quot;enabled&quot;:true,&quot;pauseOnHover&quot;:true,&quot;delay&quot;:3000},&quot;imageScaleMode&quot;:&quot;fit&quot;,&quot;autoScaleSlider&quot;:true,&quot;autoScaleSliderWidth&quot;:1024,&quot;autoScaleSliderHeight&quot;:409,&quot;fitInViewport&quot;:false}'><\/div><\/div>[vc_empty_space]<\/div><div class=\" one-third  vc_custom_1495721391033\"><div class=\"ult-content-box-container \" >\t\t<div class=\"ult-content-box\" style=\"box-shadow: px px px px #f7f7f7 none;border-style:solid;border-width:2px;border-radius:2px;border-color:transparent;-webkit-transition: all 700ms ease;-moz-transition: all 700ms ease;-ms-transition: all 700ms ease;-o-transition: all 700ms ease;transition: all 700ms ease;\"  data-hover_box_shadow=\"none\"     data-border_color=\"transparent\" >[vc_custom_heading text=&#8221;&lt; Junior Suite Romantik&#8221; font_container=&#8221;tag:h1|font_size:34px|text_align:center|color:%23e5c878&#8243; use_theme_fonts=&#8221;yes&#8221; link=&#8221;url:%23||&#8221;]<div class=\"wpb_text_column \"><div class=\"wpb_wrapper\">\n<p style=\"text-align: justify;\">Romantische Atmosph\u00e4re in diesen 38-40 m\u00b2 ger\u00e4umigen fabelhaften Zimmern, mit kleinem Wohnraum und Kachelofen, Minibar, Safe, Sat-TV, SKY Programme, WI-FI Internetzugang im Zimmer und im ganzen Hotel, Telefon, Badezimmer mit Dusche, F\u00f6hn, feinem Badeset, Badeschuhe f\u00fcr das Wellnesszentrum und Bademantel. Balkon mit traumhaftem Dolomitenpanorama, mit Tisch und behaglichen Liegest\u00fchlen ausgestattet.<\/p>\n<\/div> <\/div> <div class=\"w-btn-wrapper align_center\"><a class=\"w-btn style_solid color_primary icon_atleft\" href=\"https:\/\/www.simplebooking.it\/ibe2\/hotel\/9940?lang=DE&#038;cur=EUR\"><i class=\"fa fa-check-square\"><\/i><span class=\"w-btn-label\">RICHIEDI QUESTA CAMERA<\/span><\/a><\/div>\t\t<\/div><\/div><\/div><\/div><\/div><\/section><!-- Row Backgrounds --><div class=\"upb_color\" data-bg-override=\"0\" data-bg-color=\"#f7eddc\" data-fadeout=\"\" data-fadeout-percentage=\"30\" data-parallax-content=\"\" data-parallax-content-sense=\"30\" data-row-effect-mobile-disable=\"true\" data-img-parallax-mobile-disable=\"true\" data-rtl=\"false\"  data-custom-vc-row=\"\"  data-vc=\"4.11.2.1\"  data-is_old_vc=\"\"  data-theme-support=\"\"   data-overlay=\"false\" data-overlay-color=\"\" data-overlay-pattern=\"\" data-overlay-pattern-opacity=\"\" data-overlay-pattern-size=\"\"    ><\/div><section class=\"l-section wpb_row height_auto width_full\"><div class=\"l-section-h i-cf\"><div class=\"g-cols offset_small\"><div class=\" one-third  vc_custom_1495721524888\"><div class=\"ult-content-box-container \" >\t\t<div class=\"ult-content-box\" style=\"box-shadow: px px px px #f7f7f7 none;border-style:solid;border-width:2px;border-radius:2px;border-color:transparent;-webkit-transition: all 700ms ease;-moz-transition: all 700ms ease;-ms-transition: all 700ms ease;-o-transition: all 700ms ease;transition: all 700ms ease;\"  data-hover_box_shadow=\"none\"     data-border_color=\"transparent\" >[vc_custom_heading text=&#8221;Classic Vital &gt;&#8221; font_container=&#8221;tag:h1|font_size:34px|text_align:center|color:%23e5c878&#8243; use_theme_fonts=&#8221;yes&#8221; link=&#8221;url:%23||&#8221;]<div class=\"wpb_text_column \"><div class=\"wpb_wrapper\">\n<p style=\"text-align: justify;\">30-35m\u00b2 gro\u00dfe Zimmer aus feinem Tannenholz mit Himmelbett, behaglichem Sofa, Minibar, Safe, Sat-TV, SKY Programme, WI-FI Internetzugang im Zimmer und in dem ganzen Hotel, Telefon, Badezimmer mit Dusche, WC, F\u00f6hn, feinem Badeset, Badeschuhe f\u00fcr das Wellnesszentrum und Bademantel, Balkon mit Blick auf den Sass Pordoi mit Tisch und Liegestuhl.<\/p>\n<\/div> <\/div> <div class=\"w-btn-wrapper align_center\"><a class=\"w-btn style_solid color_primary icon_atleft\" href=\"https:\/\/www.simplebooking.it\/ibe2\/hotel\/9940?lang=DE&#038;cur=EUR\"><i class=\"fa fa-check-square\"><\/i><span class=\"w-btn-label\">RICHIEDI QUESTA CAMERA<\/span><\/a><\/div>\t\t<\/div><\/div><\/div><div class=\" two-thirds  vc_custom_1494362457997 slider-int\"><div class=\"w-slider\"><div class=\"royalSlider rsDefault\"><a class=\"rsImg\" data-rsw=\"1024\" data-rsh=\"409\" href=\"https:\/\/hotellaperla.net\/wp-content\/uploads\/2017\/03\/junior-suite-vital-hotel-la-perla-canazei-1-1024x409.jpg\"><\/a><\/div><div class=\"w-slider-json\" onclick='return {&quot;transitionSpeed&quot;:300,&quot;loopRewind&quot;:true,&quot;slidesSpacing&quot;:0,&quot;imageScalePadding&quot;:0,&quot;numImagesToPreload&quot;:2,&quot;arrowsNav&quot;:true,&quot;arrowsNavAutoHide&quot;:false,&quot;transitionType&quot;:&quot;move&quot;,&quot;controlNavigation&quot;:&quot;none&quot;,&quot;autoplay&quot;:{&quot;enabled&quot;:true,&quot;pauseOnHover&quot;:true,&quot;delay&quot;:3000},&quot;imageScaleMode&quot;:&quot;fit&quot;,&quot;autoScaleSlider&quot;:true,&quot;autoScaleSliderWidth&quot;:1024,&quot;autoScaleSliderHeight&quot;:409,&quot;fitInViewport&quot;:false}'><\/div><\/div><\/div><\/div><\/div><\/section><!-- Row Backgrounds --><div class=\"upb_color\" data-bg-override=\"0\" data-bg-color=\"#f7eddc\" data-fadeout=\"\" data-fadeout-percentage=\"30\" data-parallax-content=\"\" data-parallax-content-sense=\"30\" data-row-effect-mobile-disable=\"true\" data-img-parallax-mobile-disable=\"true\" data-rtl=\"false\"  data-custom-vc-row=\"\"  data-vc=\"4.11.2.1\"  data-is_old_vc=\"\"  data-theme-support=\"\"   data-overlay=\"false\" data-overlay-color=\"\" data-overlay-pattern=\"\" data-overlay-pattern-opacity=\"\" data-overlay-pattern-size=\"\"    ><\/div><section class=\"l-section wpb_row height_medium\"><div class=\"l-section-h i-cf\"><div class=\"g-cols offset_small\"><div class=\" full-width\">[vc_empty_space]<\/div><\/div><\/div><\/section>\n","protected":false},"excerpt":{"rendered":"JUNIOR SUITES [vc_empty_space] [vc_custom_heading text=\"&lt; Junior Suite Harmony\" font_container=\"tag:h1|font_size:34px|text_align:center|color:%23e5c878\" use_theme_fonts=\"yes\"...","protected":false},"author":1,"featured_media":0,"parent":0,"menu_order":0,"comment_status":"closed","ping_status":"closed","template":"","meta":{"footnotes":""},"yoast_head":"<!-- This site is optimized with the Yoast SEO plugin v15.3 - https:\/\/yoast.com\/wordpress\/plugins\/seo\/ -->\n<meta name=\"robots\" content=\"index, follow, max-snippet:-1, max-image-preview:large, max-video-preview:-1\" \/>\n<link rel=\"canonical\" href=\"https:\/\/hotellaperla.net\/de\/junior\/\" \/>\n<meta property=\"og:locale\" content=\"de_DE\" \/>\n<meta property=\"og:type\" content=\"article\" \/>\n<meta property=\"og:title\" content=\"Junior Suite - Hotel la Perla Canazei\" \/>\n<meta property=\"og:url\" content=\"https:\/\/hotellaperla.net\/de\/junior\/\" \/>\n<meta property=\"og:site_name\" content=\"Hotel la Perla Canazei\" \/>\n<meta property=\"article:modified_time\" content=\"2024-07-24T12:07:09+00:00\" \/>\n<meta name=\"twitter:card\" content=\"summary\" \/>\n<meta name=\"twitter:label1\" content=\"Verfasst von\">\n\t<meta name=\"twitter:data1\" content=\"admin\">\n\t<meta name=\"twitter:label2\" content=\"Gesch\u00e4tzte Lesezeit\">\n\t<meta name=\"twitter:data2\" content=\"4 Minuten\">\n<script type=\"application\/ld+json\" class=\"yoast-schema-graph\">{\"@context\":\"https:\/\/schema.org\",\"@graph\":[{\"@type\":\"WebSite\",\"@id\":\"https:\/\/hotellaperla.net\/it\/#website\",\"url\":\"https:\/\/hotellaperla.net\/it\/\",\"name\":\"Hotel la Perla Canazei\",\"description\":\"Hotel la Perla Canazei\",\"potentialAction\":[{\"@type\":\"SearchAction\",\"target\":\"https:\/\/hotellaperla.net\/it\/?s={search_term_string}\",\"query-input\":\"required name=search_term_string\"}],\"inLanguage\":\"de-DE\"},{\"@type\":\"WebPage\",\"@id\":\"https:\/\/hotellaperla.net\/de\/junior\/#webpage\",\"url\":\"https:\/\/hotellaperla.net\/de\/junior\/\",\"name\":\"Junior Suite - Hotel la Perla Canazei\",\"isPartOf\":{\"@id\":\"https:\/\/hotellaperla.net\/it\/#website\"},\"datePublished\":\"2017-03-09T19:46:41+00:00\",\"dateModified\":\"2024-07-24T12:07:09+00:00\",\"inLanguage\":\"de-DE\",\"potentialAction\":[{\"@type\":\"ReadAction\",\"target\":[\"https:\/\/hotellaperla.net\/de\/junior\/\"]}]}]}<\/script>\n<!-- \/ Yoast SEO plugin. -->","_links":{"self":[{"href":"https:\/\/hotellaperla.net\/de\/wp-json\/wp\/v2\/pages\/3047"}],"collection":[{"href":"https:\/\/hotellaperla.net\/de\/wp-json\/wp\/v2\/pages"}],"about":[{"href":"https:\/\/hotellaperla.net\/de\/wp-json\/wp\/v2\/types\/page"}],"author":[{"embeddable":true,"href":"https:\/\/hotellaperla.net\/de\/wp-json\/wp\/v2\/users\/1"}],"replies":[{"embeddable":true,"href":"https:\/\/hotellaperla.net\/de\/wp-json\/wp\/v2\/comments?post=3047"}],"version-history":[{"count":17,"href":"https:\/\/hotellaperla.net\/de\/wp-json\/wp\/v2\/pages\/3047\/revisions"}],"predecessor-version":[{"id":6978,"href":"https:\/\/hotellaperla.net\/de\/wp-json\/wp\/v2\/pages\/3047\/revisions\/6978"}],"wp:attachment":[{"href":"https:\/\/hotellaperla.net\/de\/wp-json\/wp\/v2\/media?parent=3047"}],"curies":[{"name":"wp","href":"https:\/\/api.w.org\/{rel}","templated":true}]}}