{"id":3044,"date":"2016-10-21T20:57:31","date_gmt":"2016-10-21T20:57:31","guid":{"rendered":"http:\/\/hotellaperla.net\/dove-siamo\/"},"modified":"2018-05-29T12:48:32","modified_gmt":"2018-05-29T12:48:32","slug":"anreise","status":"publish","type":"page","link":"https:\/\/hotellaperla.net\/de\/anreise\/","title":{"rendered":"Anreise"},"content":{"rendered":"<section class=\"l-section wpb_row height_medium\"><div class=\"l-section-h i-cf\"><div class=\"g-cols offset_small\"><div class=\" full-width\"><div class=\"wpb_text_column \"><div class=\"wpb_wrapper\">\n<h1 style=\"text-align: center; color: #e5c878;\">Wie erreicht man uns<\/h1>\n<h1><\/h1>\n<\/div> <\/div> <\/div><\/div><\/div><\/section><section class=\"l-section wpb_row height_medium\"><div class=\"l-section-h i-cf\"><div class=\"g-cols offset_small\"><div class=\" full-width\">[vc_raw_html]JTNDaWZyYW1lJTIwc3JjJTNEJTIyaHR0cHMlM0ElMkYlMkZ3d3cuZ29vZ2xlLmNvbSUyRm1hcHMlMkZlbWJlZCUzRnBiJTNEJTIxMW0xOCUyMTFtMTIlMjExbTMlMjExZDI3NDcuNjY0NzA3OTg1NDMxNSUyMTJkMTEuNzY5OTY3MTE2MzAxMTkyJTIxM2Q0Ni40NzUxNDg5NzkxMjU5NTQlMjEybTMlMjExZjAlMjEyZjAlMjEzZjAlMjEzbTIlMjExaTEwMjQlMjEyaTc2OCUyMTRmMTMuMSUyMTNtMyUyMTFtMiUyMTFzMHg0Nzc4NmE2ZTg4NDliOTRiJTI1M0EweGY4OWUxM2NiMmRiYzVlNSUyMTJzSG90ZWwlMkJsYSUyQlBlcmxhJTJCV2VsbG5lc3MlMkIlMjUyNiUyQkJlYXV0eSUyMTVlMCUyMTNtMiUyMTFzaXQlMjEyc2l0JTIxNHYxNTI3NTk1OTE1Njc0JTIyJTIwd2lkdGglM0QlMjIxMDAlMjUlMjIlMjBoZWlnaHQlM0QlMjI0NTAlMjIlMjBmcmFtZWJvcmRlciUzRCUyMjAlMjIlMjBzdHlsZSUzRCUyMmJvcmRlciUzQTAlMjIlMjBhbGxvd2Z1bGxzY3JlZW4lM0UlM0MlMkZpZnJhbWUlM0U=[\/vc_raw_html]<\/div><\/div><\/div><\/section><section class=\"l-section wpb_row height_medium\"><div class=\"l-section-h i-cf\"><div class=\"g-cols offset_small\"><div class=\" full-width\"><div class=\"wpb_text_column \"><div class=\"wpb_wrapper\">\n<h2>Mit dem Auto<\/h2>\n<p>Die frequentiertesten Zufahrtsstra\u00dfen ins Tal, von der A22, der Brennerautobahn kommend:<\/p>\n<ul>\n<li>Ausfahrt Neumarkt\/Auer:\u00a0<strong>SS 48 der Dolomiten\u00a0<\/strong>&#8211; Passo San Lugano &#8211; Val di Fiemme &#8211; Val di Fassa\/Fassatal &#8211; Canazei (Entfernung 74,7 km &#8211; ca. <span class=\"hps\">1 Stunde und<\/span>\u00a0<span class=\"hps\">13 min<\/span>\u00a0).<\/li>\n<li>Ausfahrt Bozen Nord:\u00a0<strong>SS 241 die gro\u00dfe Dolomitenstra\u00dfe<\/strong>\u00a0&#8211; Karerpass &#8211; Val di Fassa\/Fassatal &#8211; Canazei (<span class=\"hps\">Distanz von<\/span>\u00a0<span class=\"hps\">47,7<\/span>\u00a0<span class=\"hps\">km<\/span>,\u00a0<span class=\"hps\">53 Minuten<\/span>)<\/li>\n<\/ul>\n<p><strong>Andere Anfahrtswege:<\/strong><\/p>\n<ul>\n<li>SP 346 del Passo San Pellegrino &#8211;\u00a0Moena &#8211; Canazei<\/li>\n<li>SP 641 del Passo Fedaia &#8211; Canazei<\/li>\n<li>SS 48 del Passo Pordoi &#8211; Canazei<\/li>\n<li>SS 242 del Passo Sella &#8211; Canazei<\/li>\n<\/ul>\n<h2>Mit dem Zug<\/h2>\n<p>Die n\u00e4chstgelegenen Bahnh\u00f6fe: Trient, Bozen und Auer Informationen und Fahrpl\u00e4ne:<\/p>\n<ul>\n<li><a href=\"http:\/\/www.trenitalia.it\/\" target=\"_blank\">Staatsbahnen\u00a0<\/a>(Italien)<\/li>\n<li><a href=\"http:\/\/www.bahn.de\/home\/index.shtml\" target=\"_blank\">Deutsche Bahn AG\u00a0<\/a>(Deutschland)<\/li>\n<\/ul>\n<h2>Mit dem Flugzeug<\/h2>\n<p>Die n\u00e4chstgelegenen Flugpl\u00e4tze:<\/p>\n<ul>\n<li><a href=\"http:\/\/www.abd-airport.it\/\" target=\"_blank\">Bozen<\/a>\u00a0km 50<\/li>\n<li><a href=\"http:\/\/www.aeroportoverona.it\/\" target=\"_blank\">Verona<\/a>\u00a0km 180<\/li>\n<li><a href=\"http:\/\/www.veniceairport.it\/core\/index.jsp;jsessionid=YKCM2JYTQYWQHQFIAIBCFFA?_requestid=938898\" target=\"_blank\">Venedig<\/a>\u00a0km 175<\/li>\n<li><a href=\"http:\/\/www.trevisoairport.it\/index_safe.html\" target=\"_blank\">Treviso<\/a>\u00a0Km 160<\/li>\n<li><a href=\"http:\/\/www.sea-aeroportimilano.it\/\" target=\"_blank\">Mailand<\/a>\u00a0km 350<\/li>\n<li><a href=\"http:\/\/www.sacbo.it\/\">Bergamo<\/a>\u00a0Km 280<\/li>\n<li><a href=\"http:\/\/www.flughafen-innsbruck.at\/\" target=\"_blank\">Innsbruck<\/a>\u00a0km 190<\/li>\n<li><a href=\"http:\/\/www.munich-airport.de\/en\/consumer\/index.jsp\" target=\"_blank\">M\u00fcnchen<\/a>\u00a0km 320<\/li>\n<\/ul>\n<h2>Transferservice Fly Ski Shuttle<\/h2>\n<div>Von den Flugh\u00e4fen Verona, Bergamo, Treviso\u00a0und Venedig ins Fassatal ist ein\u00a0<a href=\"http:\/\/www.fassa.com\/DE\/Fly-Ski-Shuttle\/\">Transferservice Fly Ski Shuttle<\/a>\u00a0aktiv, und zwar jeweils Samstags und Sonntags vom 10. Dezember 2011 bis zum 8. April 2012.<\/div>\n<\/div> <\/div> <\/div><\/div><\/div><\/section>\n","protected":false},"excerpt":{"rendered":"Wie erreicht man uns [vc_raw_html]JTNDaWZyYW1lJTIwc3JjJTNEJTIyaHR0cHMlM0ElMkYlMkZ3d3cuZ29vZ2xlLmNvbSUyRm1hcHMlMkZlbWJlZCUzRnBiJTNEJTIxMW0xOCUyMTFtMTIlMjExbTMlMjExZDI3NDcuNjY0NzA3OTg1NDMxNSUyMTJkMTEuNzY5OTY3MTE2MzAxMTkyJTIxM2Q0Ni40NzUxNDg5NzkxMjU5NTQlMjEybTMlMjExZjAlMjEyZjAlMjEzZjAlMjEzbTIlMjExaTEwMjQlMjEyaTc2OCUyMTRmMTMuMSUyMTNtMyUyMTFtMiUyMTFzMHg0Nzc4NmE2ZTg4NDliOTRiJTI1M0EweGY4OWUxM2NiMmRiYzVlNSUyMTJzSG90ZWwlMkJsYSUyQlBlcmxhJTJCV2VsbG5lc3MlMkIlMjUyNiUyQkJlYXV0eSUyMTVlMCUyMTNtMiUyMTFzaXQlMjEyc2l0JTIxNHYxNTI3NTk1OTE1Njc0JTIyJTIwd2lkdGglM0QlMjIxMDAlMjUlMjIlMjBoZWlnaHQlM0QlMjI0NTAlMjIlMjBmcmFtZWJvcmRlciUzRCUyMjAlMjIlMjBzdHlsZSUzRCUyMmJvcmRlciUzQTAlMjIlMjBhbGxvd2Z1bGxzY3JlZW4lM0UlM0MlMkZpZnJhbWUlM0U=[\/vc_raw_html] Mit dem Auto Die frequentiertesten...","protected":false},"author":1,"featured_media":0,"parent":0,"menu_order":0,"comment_status":"closed","ping_status":"closed","template":"","meta":{"footnotes":""},"yoast_head":"<!-- This site is optimized with the Yoast SEO plugin v15.3 - https:\/\/yoast.com\/wordpress\/plugins\/seo\/ -->\n<meta name=\"robots\" content=\"index, follow, max-snippet:-1, max-image-preview:large, max-video-preview:-1\" \/>\n<link rel=\"canonical\" href=\"https:\/\/hotellaperla.net\/it\/dove-siamo\/\" \/>\n<meta property=\"og:locale\" content=\"de_DE\" \/>\n<meta property=\"og:type\" content=\"article\" \/>\n<meta property=\"og:title\" content=\"Anreise - Hotel la Perla Canazei\" \/>\n<meta property=\"og:url\" content=\"https:\/\/hotellaperla.net\/it\/dove-siamo\/\" \/>\n<meta property=\"og:site_name\" content=\"Hotel la Perla Canazei\" \/>\n<meta property=\"article:modified_time\" content=\"2018-05-29T12:48:32+00:00\" \/>\n<meta name=\"twitter:card\" content=\"summary\" \/>\n<meta name=\"twitter:label1\" content=\"Verfasst von\">\n\t<meta name=\"twitter:data1\" content=\"admin\">\n\t<meta name=\"twitter:label2\" content=\"Gesch\u00e4tzte Lesezeit\">\n\t<meta name=\"twitter:data2\" content=\"1 Minute\">\n<script type=\"application\/ld+json\" class=\"yoast-schema-graph\">{\"@context\":\"https:\/\/schema.org\",\"@graph\":[{\"@type\":\"WebSite\",\"@id\":\"https:\/\/hotellaperla.net\/it\/#website\",\"url\":\"https:\/\/hotellaperla.net\/it\/\",\"name\":\"Hotel la Perla Canazei\",\"description\":\"Hotel la Perla Canazei\",\"potentialAction\":[{\"@type\":\"SearchAction\",\"target\":\"https:\/\/hotellaperla.net\/it\/?s={search_term_string}\",\"query-input\":\"required name=search_term_string\"}],\"inLanguage\":\"de-DE\"},{\"@type\":\"WebPage\",\"@id\":\"https:\/\/hotellaperla.net\/it\/dove-siamo\/#webpage\",\"url\":\"https:\/\/hotellaperla.net\/it\/dove-siamo\/\",\"name\":\"Anreise - Hotel la Perla Canazei\",\"isPartOf\":{\"@id\":\"https:\/\/hotellaperla.net\/it\/#website\"},\"datePublished\":\"2016-10-21T20:57:31+00:00\",\"dateModified\":\"2018-05-29T12:48:32+00:00\",\"inLanguage\":\"de-DE\",\"potentialAction\":[{\"@type\":\"ReadAction\",\"target\":[\"https:\/\/hotellaperla.net\/it\/dove-siamo\/\"]}]}]}<\/script>\n<!-- \/ Yoast SEO plugin. -->","_links":{"self":[{"href":"https:\/\/hotellaperla.net\/de\/wp-json\/wp\/v2\/pages\/3044"}],"collection":[{"href":"https:\/\/hotellaperla.net\/de\/wp-json\/wp\/v2\/pages"}],"about":[{"href":"https:\/\/hotellaperla.net\/de\/wp-json\/wp\/v2\/types\/page"}],"author":[{"embeddable":true,"href":"https:\/\/hotellaperla.net\/de\/wp-json\/wp\/v2\/users\/1"}],"replies":[{"embeddable":true,"href":"https:\/\/hotellaperla.net\/de\/wp-json\/wp\/v2\/comments?post=3044"}],"version-history":[{"count":6,"href":"https:\/\/hotellaperla.net\/de\/wp-json\/wp\/v2\/pages\/3044\/revisions"}],"predecessor-version":[{"id":5327,"href":"https:\/\/hotellaperla.net\/de\/wp-json\/wp\/v2\/pages\/3044\/revisions\/5327"}],"wp:attachment":[{"href":"https:\/\/hotellaperla.net\/de\/wp-json\/wp\/v2\/media?parent=3044"}],"curies":[{"name":"wp","href":"https:\/\/api.w.org\/{rel}","templated":true}]}}