{"id":2994,"date":"2016-10-19T13:08:09","date_gmt":"2016-10-19T13:08:09","guid":{"rendered":"http:\/\/hotellaperla.net\/i-servizi\/"},"modified":"2024-09-12T15:44:57","modified_gmt":"2024-09-12T15:44:57","slug":"dienstleistungen","status":"publish","type":"page","link":"https:\/\/hotellaperla.net\/de\/dienstleistungen\/","title":{"rendered":"Dienstleistungen"},"content":{"rendered":"<section class=\"l-section wpb_row height_medium\"><div class=\"l-section-h i-cf\"><div class=\"g-cols offset_small\"><div class=\" full-width\"><div class=\"wpb_text_column \"><div class=\"wpb_wrapper\">\n<h1 style=\"text-align: center; color: #e5c878;\">Hotel La Perla, 4 Sterne Dienstleistungen in den Dolomiten<\/h1>\n<\/div> <\/div> <\/div><\/div><\/div><\/section><!-- Row Backgrounds --><div class=\"upb_color\" data-bg-override=\"0\" data-bg-color=\"#f7f3ea\" data-fadeout=\"\" data-fadeout-percentage=\"30\" data-parallax-content=\"\" data-parallax-content-sense=\"30\" data-row-effect-mobile-disable=\"true\" data-img-parallax-mobile-disable=\"true\" data-rtl=\"false\"  data-custom-vc-row=\"\"  data-vc=\"4.11.2.1\"  data-is_old_vc=\"\"  data-theme-support=\"\"   data-overlay=\"false\" data-overlay-color=\"\" data-overlay-pattern=\"\" data-overlay-pattern-opacity=\"\" data-overlay-pattern-size=\"\"    ><\/div><section class=\"l-section wpb_row height_medium\"><div class=\"l-section-h i-cf\"><div class=\"g-cols offset_small\"><div class=\" one-quarter\"><div class=\"w-image \"><img loading=\"lazy\" decoding=\"async\" width=\"680\" height=\"1024\" src=\"https:\/\/hotellaperla.net\/wp-content\/uploads\/2016\/10\/DSC0009-2-680x1024.jpg\" class=\"attachment-large size-large\" alt=\"\" srcset=\"https:\/\/hotellaperla.net\/wp-content\/uploads\/2016\/10\/DSC0009-2-680x1024.jpg 680w, https:\/\/hotellaperla.net\/wp-content\/uploads\/2016\/10\/DSC0009-2-199x300.jpg 199w, https:\/\/hotellaperla.net\/wp-content\/uploads\/2016\/10\/DSC0009-2-768x1156.jpg 768w, https:\/\/hotellaperla.net\/wp-content\/uploads\/2016\/10\/DSC0009-2-600x903.jpg 600w\" sizes=\"(max-width: 680px) 100vw, 680px\" \/><\/div><\/div><div class=\" three-quarters\"><div class=\"wpb_text_column \"><div class=\"wpb_wrapper\">\n<p>Von einem fantastischen Urlaub sind erstklassige Dienstleistungen zu erwarten, die alle unterschiedlichen Bed\u00fcrfnisse unserer G\u00e4ste befriedigen. Aus diesem Grund bietet das <strong>Hotel La Perla<\/strong> das Packet <strong>\u201cPensione Plus\u201d<\/strong>, das den G\u00e4sten vielf\u00e4ltige <strong>im Preis inbegriffen Dienstleistungen<\/strong> gew\u00e4hrleistet, die ohne Aufpreis in jedem Moment genossen werden k\u00f6nnen.<\/p>\n<p>Dar\u00fcber hinaus stellt das Hotel mehrere Bereiche f\u00fcr Ihre Aktivit\u00e4ten je nach Bed\u00fcrfnis zur Verf\u00fcgung: die gastfreundliche <strong>Rezeption<\/strong>, das Caf\u00e9 mit seinen kleinen Wohnecken, die <strong>Sonnenterrasse<\/strong>, das <strong>Restaurant <\/strong>und die \u201c<strong>Stube<\/strong>\u201d, so gem\u00fctlich in ihrem typischen Alpenstils. Die <strong>Schlafzimmer<\/strong>, alle neu und elegant eingerichtet, die <strong>Privatgarage<\/strong> f\u00fcr Auto und <strong>Mountainbikes<\/strong>\u2026 Sie haben nur die Qual der Wahl!<\/p>\n<p>Einen sehr hohen Stellenwert hat unser <strong>Wellnesszentrum<\/strong>: das <strong>Wellnesszentrum des Hotel La Perla<\/strong> ist das bekannteste von <strong>Canazei<\/strong> dank seiner Dimension und seiner umfangreichen Kosmetikbehandlungen. Zum Schluss die R\u00e4umlichkeiten f\u00fcr die Unterhaltung: Spielhalle, Mini Club und das <strong>Cliff<\/strong>, das <strong>Lokal f\u00fcr Ihre Unterhaltung am Abend<\/strong>.<\/p>\n<p><strong>Panoramaterrasse, Sonnenterasse, Privatparkplatz <\/strong>und der <strong>Garten<\/strong> vervollst\u00e4ndigen die umfangreiche <strong>4 Sterne Dienstleistungspalette des Hotel La Perla<\/strong>.<\/div> <\/div> <\/div><\/div><\/div><\/section><!-- Row Backgrounds --><div class=\"upb_color\" data-bg-override=\"0\" data-bg-color=\"#f7f3ea\" data-fadeout=\"\" data-fadeout-percentage=\"30\" data-parallax-content=\"\" data-parallax-content-sense=\"30\" data-row-effect-mobile-disable=\"true\" data-img-parallax-mobile-disable=\"true\" data-rtl=\"false\"  data-custom-vc-row=\"\"  data-vc=\"4.11.2.1\"  data-is_old_vc=\"\"  data-theme-support=\"\"   data-overlay=\"false\" data-overlay-color=\"\" data-overlay-pattern=\"\" data-overlay-pattern-opacity=\"\" data-overlay-pattern-size=\"\"    ><\/div><section class=\"l-section wpb_row height_medium\"><div class=\"l-section-h i-cf\"><div class=\"g-cols offset_small\"><div class=\" full-width\"><div class=\"wpb_text_column \"><div class=\"wpb_wrapper\">\n<h2 style=\"text-align: center; color: #e5c878;\">PENSIONE PLUS IM SOMMER<\/h2>\n<\/div> <\/div> <\/div><\/div><\/div><\/section><!-- Row Backgrounds --><div class=\"upb_color\" data-bg-override=\"0\" data-bg-color=\"#f7f3ea\" data-fadeout=\"\" data-fadeout-percentage=\"30\" data-parallax-content=\"\" data-parallax-content-sense=\"30\" data-row-effect-mobile-disable=\"true\" data-img-parallax-mobile-disable=\"true\" data-rtl=\"false\"  data-custom-vc-row=\"\"  data-vc=\"4.11.2.1\"  data-is_old_vc=\"\"  data-theme-support=\"\"   data-overlay=\"false\" data-overlay-color=\"\" data-overlay-pattern=\"\" data-overlay-pattern-opacity=\"\" data-overlay-pattern-size=\"\"    ><\/div><section class=\"l-section wpb_row height_medium\"><div class=\"l-section-h i-cf\"><div class=\"g-cols offset_small\"><div class=\" two-thirds\"><div class=\"wpb_text_column \"><div class=\"wpb_wrapper\">\n<p class=\"NormalWeb\">Das Angebot besteht aus:<\/p>\n<ul>\n<li class=\"NormalWeb\">Willkommen-Aperitif<\/li>\n<li class=\"NormalWeb\"><strong>K\u00f6stlichem Fr\u00fchstucksbuffet<\/strong> mit Brot, Frischobst, eingemachtem Obst, Trockenobst und M\u00fcsli, Joghurt, Marmeladen, Fruchts\u00e4ften, Kuchen, Brioches und Keksen; von 7.30 bis zu 10.00. Wer ein bisschen l\u00e4nger schlafen will, dem steht ein kleines Fr\u00fchstuck im Caf\u00e9 bis zu Mittag zur Verf\u00fcgung<\/li>\n<li class=\"NormalWeb\"><strong>Vielf\u00e4ltigem Nachmittagsbuffet<\/strong> f\u00fcr alle G\u00e4ste mit frisch gekochten kleinen Gerichten und mit einer gro\u00dfen Auswahl von Tees; von 15.30 bis 17.30, am Dienstag, Freitag und Sonntag verf\u00fcgbar.<\/li>\n<li class=\"NormalWeb\"><strong>Feinem 4 Gang<\/strong> <strong>Abendessen<\/strong> mit der Wahl unter 4 Men\u00fcs, darunter ein leichtes Men\u00fc, K\u00e4seblatte, Salat- und Gem\u00fcsebuffet, Dressing und So\u00dfen nach Belieben.<\/li>\n<li class=\"NormalWeb\">W\u00f6chentlich <strong>gastronomischem Themenabend<\/strong>.<\/li>\n<li class=\"NormalWeb\"><strong>Freiem Eintritt zum Wellnesszentrum<\/strong>, das Sie mit einem gro\u00dfen Hallenbad, zahlreichen Saunen und einem gut ausgestatteten Fitness Center verw\u00f6hnen. Freie T\u00fccher f\u00fcr die Saunen. (Zugang und Aufenthalt im Schwimmbad f\u00fcr Kinder bis zu 14 Jahren ist nach 17.30 verboten).<\/li>\n<li class=\"NormalWeb\"><strong>Kr\u00e4utertee-Ecke<\/strong> im Wellnesszentrum<strong>.<\/strong><\/li>\n<li class=\"NormalWeb\"><strong>Liegest\u00fchlen und Sonnenliegen<\/strong>, die Ihnen erm\u00f6glichen, sich gem\u00fctlich im breiten Aussichtsgarten mit Blick auf die Dolomiten zu sonnen.<\/li>\n<li><strong><b>Ausfl\u00fcge durch den Sport Check Point mit lokalen Reiseleitern<\/b><\/strong>, halber oder ganzer Tag (kostenlos oder zu einem erm\u00e4\u00dfigten Preis, Lieferung des Rabattcodes zur Buchungsbest\u00e4tigung), die Sie pers\u00f6nlich begleiten, um die sch\u00f6nsten Panoramen der Dolomiten zu entdecken.\u00a0\u00a0W\u00f6chentliche Aktivit\u00e4ten finden Sie direkt an unserer Rezeption.<\/li>\n<li><strong><b>Bike Hotel<\/b><\/strong>, erm\u00e4\u00dfigter Verleih f\u00fcr Mountainbikes und E-Bikes sowie organisierte Aktivit\u00e4ten, die Ihnen am Sport Check Point zur Verf\u00fcgung stehen.<\/li>\n<li>Beitritt zur<strong><b>Fassa Card<\/b><\/strong>und alle vorgeschlagenen Initiativen und Kostenreduzierung bei\u00a0 Einkauf des\u00a0 Panorama Pass; reduzierte Kosten\u00a0 auf die Liftanlagen.<\/li>\n<li class=\"NormalWeb\"><strong>Parkplatz<\/strong> im Freien oder \u00fcberdachte Garage gegen eine Geb\u00fchr (Euro 10,00 pro Tag und Auto).<\/li>\n<\/ul>\n<\/div> <\/div> <\/div><div class=\" one-third\"><div class=\"w-gallery layout_masonry cols_1 link_media\"><div class=\"w-gallery-list\"><a class=\"w-gallery-item order_1\" href=\"https:\/\/hotellaperla.net\/wp-content\/uploads\/2016\/10\/DSC0011.jpg\" title=\"_dsc0011\"><img loading=\"lazy\" decoding=\"async\" width=\"600\" height=\"903\" src=\"https:\/\/hotellaperla.net\/wp-content\/uploads\/2016\/10\/DSC0011-600x903.jpg\" class=\"w-gallery-item-img\" alt=\"\" srcset=\"https:\/\/hotellaperla.net\/wp-content\/uploads\/2016\/10\/DSC0011-600x903.jpg 600w, https:\/\/hotellaperla.net\/wp-content\/uploads\/2016\/10\/DSC0011-199x300.jpg 199w, https:\/\/hotellaperla.net\/wp-content\/uploads\/2016\/10\/DSC0011-768x1156.jpg 768w, https:\/\/hotellaperla.net\/wp-content\/uploads\/2016\/10\/DSC0011-680x1024.jpg 680w\" sizes=\"(max-width: 600px) 100vw, 600px\" \/><span class=\"w-gallery-item-hover\"><\/span><span class=\"w-gallery-item-title\">_dsc0011<\/span><\/a><\/div><\/div>\n<\/div><\/div><\/div><\/section><!-- Row Backgrounds --><div class=\"upb_color\" data-bg-override=\"0\" data-bg-color=\"#f7f3ea\" data-fadeout=\"\" data-fadeout-percentage=\"30\" data-parallax-content=\"\" data-parallax-content-sense=\"30\" data-row-effect-mobile-disable=\"true\" data-img-parallax-mobile-disable=\"true\" data-rtl=\"false\"  data-custom-vc-row=\"\"  data-vc=\"4.11.2.1\"  data-is_old_vc=\"\"  data-theme-support=\"\"   data-overlay=\"false\" data-overlay-color=\"\" data-overlay-pattern=\"\" data-overlay-pattern-opacity=\"\" data-overlay-pattern-size=\"\"    ><\/div><section class=\"l-section wpb_row height_medium\"><div class=\"l-section-h i-cf\"><div class=\"g-cols offset_small\"><div class=\" full-width\"><div class=\"wpb_text_column \"><div class=\"wpb_wrapper\">\n<h2 style=\"text-align: center; color: #e5c878;\">PENSIONE PLUS IM WINTER<\/h2>\n<\/div> <\/div> <\/div><\/div><\/div><\/section><!-- Row Backgrounds --><div class=\"upb_color\" data-bg-override=\"0\" data-bg-color=\"#f7f3ea\" data-fadeout=\"\" data-fadeout-percentage=\"30\" data-parallax-content=\"\" data-parallax-content-sense=\"30\" data-row-effect-mobile-disable=\"true\" data-img-parallax-mobile-disable=\"true\" data-rtl=\"false\"  data-custom-vc-row=\"\"  data-vc=\"4.11.2.1\"  data-is_old_vc=\"\"  data-theme-support=\"\"   data-overlay=\"false\" data-overlay-color=\"\" data-overlay-pattern=\"\" data-overlay-pattern-opacity=\"\" data-overlay-pattern-size=\"\"    ><\/div><section class=\"l-section wpb_row height_medium\"><div class=\"l-section-h i-cf\"><div class=\"g-cols offset_small\"><div class=\" one-quarter\"><div class=\"w-gallery layout_masonry cols_1 link_media\"><div class=\"w-gallery-list\"><a class=\"w-gallery-item order_1\" href=\"https:\/\/hotellaperla.net\/wp-content\/uploads\/2016\/10\/366666666.jpg\" title=\"366666666\"><img loading=\"lazy\" decoding=\"async\" width=\"600\" height=\"972\" src=\"https:\/\/hotellaperla.net\/wp-content\/uploads\/2016\/10\/366666666-600x972.jpg\" class=\"w-gallery-item-img\" alt=\"\" srcset=\"https:\/\/hotellaperla.net\/wp-content\/uploads\/2016\/10\/366666666-600x972.jpg 600w, https:\/\/hotellaperla.net\/wp-content\/uploads\/2016\/10\/366666666-185x300.jpg 185w, https:\/\/hotellaperla.net\/wp-content\/uploads\/2016\/10\/366666666-632x1024.jpg 632w, https:\/\/hotellaperla.net\/wp-content\/uploads\/2016\/10\/366666666.jpg 726w\" sizes=\"(max-width: 600px) 100vw, 600px\" \/><span class=\"w-gallery-item-hover\"><\/span><span class=\"w-gallery-item-title\">366666666<\/span><\/a><\/div><\/div>\n<\/div><div class=\" three-quarters\"><div class=\"wpb_text_column \"><div class=\"wpb_wrapper\">\n<p class=\"NormalWeb\">Das Angebot besteht aus:<\/p>\n<ul>\n<li class=\"NormalWeb\"><strong>Willkommen-Aperitif<\/strong> zu Tisch am Abend bei Ankunft.<\/li>\n<li class=\"NormalWeb\"><strong>K\u00f6stlichem Fr\u00fchstucksbuffet<\/strong> mit Brot, Frischobst, eingemachtem Obst, Trockenobst und M\u00fcsli, Joghurt, Marmeladen, Fruchts\u00e4ften, Kuchen, Brioches und Keksen; von 7.30 bis 10.00. Wer ein bisschen l\u00e4nger schlafen will, dem steht ein kleines Fr\u00fchstuck im Caf\u00e9 bis zu Mittag zur Verf\u00fcgung.<\/li>\n<li class=\"NormalWeb\"><strong>Vielf\u00e4ltigem Nachmittagsbuffet<\/strong> f\u00fcr alle G\u00e4ste mit frisch gekochten kleinen Gerichten und mit einer gro\u00dfen Auswahl von Tees; von 16.00 bis 18.00, am Dienstag, Freitag und Sonntag verf\u00fcgbar.<\/li>\n<li class=\"NormalWeb\"><strong>Feinem 4 Gang<\/strong> <strong>Abendessen<\/strong> mit der Wahl unter 4 Men\u00fcs, darunter ein leichtes Men\u00fc, K\u00e4seblatte, Salat- und Gem\u00fcsebuffet, Dressing und So\u00dfen nach Belieben.<\/li>\n<li class=\"NormalWeb\">W\u00f6chentlich <strong>gastronomischem Themenabend.<\/strong><\/li>\n<li class=\"NormalWeb\"><strong>Freiem Eintritt zum Wellnesszentrum<\/strong>, das Sie mit einem gro\u00dfen Hallenbad, zahlreichen Saunen und einem gut ausgestatteten Fitness Center verw\u00f6hnen. Freie T\u00fccher f\u00fcr die Saunen. (Zugang und Aufenthalt im Schwimmbad f\u00fcr Kinder unter 14 Jahren ist nach 17.30 verboten).<\/li>\n<li class=\"NormalWeb\"><strong>Kr\u00e4utertee-Ecke<\/strong> im Wellnesszentrum<strong>.<\/strong><\/li>\n<li class=\"NormalWeb\">Gro\u00dfe Auswahl von <strong>Zeitungen und Zeitschriften.<\/strong><\/li>\n<li class=\"NormalWeb\"><strong>Aufr\u00e4umen am Abend<\/strong> der Zimmer.<\/li>\n<li><strong>Parkplatz im Freien oder \u00fcberdachte Garage gegen eine Geb\u00fchr (Euro 10,00 pro Tag und Auto).<\/strong><\/li>\n<li><strong>Weihnachten: Weihnachtsessen<\/strong>\u00a0am 24. Dezember, Heiligabend<strong>, im Preis inbegriffen<\/strong><\/li>\n<\/ul>\n<\/div> <\/div> <\/div><\/div><\/div><\/section><!-- Row Backgrounds --><div class=\"upb_color\" data-bg-override=\"0\" data-bg-color=\"#f7f3ea\" data-fadeout=\"\" data-fadeout-percentage=\"30\" data-parallax-content=\"\" data-parallax-content-sense=\"30\" data-row-effect-mobile-disable=\"true\" data-img-parallax-mobile-disable=\"true\" data-rtl=\"false\"  data-custom-vc-row=\"\"  data-vc=\"4.11.2.1\"  data-is_old_vc=\"\"  data-theme-support=\"\"   data-overlay=\"false\" data-overlay-color=\"\" data-overlay-pattern=\"\" data-overlay-pattern-opacity=\"\" data-overlay-pattern-size=\"\"    ><\/div>\n","protected":false},"excerpt":{"rendered":"Hotel La Perla, 4 Sterne Dienstleistungen in den Dolomiten Von...","protected":false},"author":1,"featured_media":0,"parent":0,"menu_order":0,"comment_status":"closed","ping_status":"closed","template":"","meta":{"footnotes":""},"yoast_head":"<!-- This site is optimized with the Yoast SEO plugin v15.3 - https:\/\/yoast.com\/wordpress\/plugins\/seo\/ -->\n<meta name=\"robots\" content=\"index, follow, max-snippet:-1, max-image-preview:large, max-video-preview:-1\" \/>\n<link rel=\"canonical\" href=\"https:\/\/hotellaperla.net\/de\/dienstleistungen\/\" \/>\n<meta property=\"og:locale\" content=\"de_DE\" \/>\n<meta property=\"og:type\" content=\"article\" \/>\n<meta property=\"og:title\" content=\"Dienstleistungen - Hotel la Perla Canazei\" \/>\n<meta property=\"og:url\" content=\"https:\/\/hotellaperla.net\/de\/dienstleistungen\/\" \/>\n<meta property=\"og:site_name\" content=\"Hotel la Perla Canazei\" \/>\n<meta property=\"article:modified_time\" content=\"2024-09-12T15:44:57+00:00\" \/>\n<meta name=\"twitter:card\" content=\"summary\" \/>\n<meta name=\"twitter:label1\" content=\"Verfasst von\">\n\t<meta name=\"twitter:data1\" content=\"admin\">\n\t<meta name=\"twitter:label2\" content=\"Gesch\u00e4tzte Lesezeit\">\n\t<meta name=\"twitter:data2\" content=\"3 Minuten\">\n<script type=\"application\/ld+json\" class=\"yoast-schema-graph\">{\"@context\":\"https:\/\/schema.org\",\"@graph\":[{\"@type\":\"WebSite\",\"@id\":\"https:\/\/hotellaperla.net\/it\/#website\",\"url\":\"https:\/\/hotellaperla.net\/it\/\",\"name\":\"Hotel la Perla Canazei\",\"description\":\"Hotel la Perla Canazei\",\"potentialAction\":[{\"@type\":\"SearchAction\",\"target\":\"https:\/\/hotellaperla.net\/it\/?s={search_term_string}\",\"query-input\":\"required name=search_term_string\"}],\"inLanguage\":\"de-DE\"},{\"@type\":\"WebPage\",\"@id\":\"https:\/\/hotellaperla.net\/de\/dienstleistungen\/#webpage\",\"url\":\"https:\/\/hotellaperla.net\/de\/dienstleistungen\/\",\"name\":\"Dienstleistungen - Hotel la Perla Canazei\",\"isPartOf\":{\"@id\":\"https:\/\/hotellaperla.net\/it\/#website\"},\"datePublished\":\"2016-10-19T13:08:09+00:00\",\"dateModified\":\"2024-09-12T15:44:57+00:00\",\"inLanguage\":\"de-DE\",\"potentialAction\":[{\"@type\":\"ReadAction\",\"target\":[\"https:\/\/hotellaperla.net\/de\/dienstleistungen\/\"]}]}]}<\/script>\n<!-- \/ Yoast SEO plugin. -->","_links":{"self":[{"href":"https:\/\/hotellaperla.net\/de\/wp-json\/wp\/v2\/pages\/2994"}],"collection":[{"href":"https:\/\/hotellaperla.net\/de\/wp-json\/wp\/v2\/pages"}],"about":[{"href":"https:\/\/hotellaperla.net\/de\/wp-json\/wp\/v2\/types\/page"}],"author":[{"embeddable":true,"href":"https:\/\/hotellaperla.net\/de\/wp-json\/wp\/v2\/users\/1"}],"replies":[{"embeddable":true,"href":"https:\/\/hotellaperla.net\/de\/wp-json\/wp\/v2\/comments?post=2994"}],"version-history":[{"count":5,"href":"https:\/\/hotellaperla.net\/de\/wp-json\/wp\/v2\/pages\/2994\/revisions"}],"predecessor-version":[{"id":6984,"href":"https:\/\/hotellaperla.net\/de\/wp-json\/wp\/v2\/pages\/2994\/revisions\/6984"}],"wp:attachment":[{"href":"https:\/\/hotellaperla.net\/de\/wp-json\/wp\/v2\/media?parent=2994"}],"curies":[{"name":"wp","href":"https:\/\/api.w.org\/{rel}","templated":true}]}}