{"id":2965,"date":"2016-10-18T20:16:34","date_gmt":"2016-10-18T20:16:34","guid":{"rendered":"http:\/\/hotellaperla.net\/la-casa\/"},"modified":"2017-05-03T18:59:27","modified_gmt":"2017-05-03T18:59:27","slug":"das-haus","status":"publish","type":"page","link":"https:\/\/hotellaperla.net\/de\/das-haus\/","title":{"rendered":"Das Haus"},"content":{"rendered":"<section class=\"l-section wpb_row height_medium\"><div class=\"l-section-h i-cf\"><div class=\"g-cols offset_small\"><div class=\" full-width\"><div class=\"wpb_text_column \"><div class=\"wpb_wrapper\">\n<h1 style=\"text-align: center; color: #e5c878;\">Anreise Abreise Online Booking Hotel La Perla in Canazei, das gr\u00f6\u00dfte familiengef\u00fchrte Hotel, wo Sie sich zu Hause f\u00fchlen k\u00f6nnen<\/h1>\n<\/div> <\/div> <\/div><\/div><\/div><\/section><!-- Row Backgrounds --><div class=\"upb_color\" data-bg-override=\"0\" data-bg-color=\"#f7f3ea\" data-fadeout=\"\" data-fadeout-percentage=\"30\" data-parallax-content=\"\" data-parallax-content-sense=\"30\" data-row-effect-mobile-disable=\"true\" data-img-parallax-mobile-disable=\"true\" data-rtl=\"false\"  data-custom-vc-row=\"\"  data-vc=\"4.11.2.1\"  data-is_old_vc=\"\"  data-theme-support=\"\"   data-overlay=\"false\" data-overlay-color=\"\" data-overlay-pattern=\"\" data-overlay-pattern-opacity=\"\" data-overlay-pattern-size=\"\"    ><\/div><section class=\"l-section wpb_row height_medium\"><div class=\"l-section-h i-cf\"><div class=\"g-cols offset_small\"><div class=\" one-quarter\"><div class=\"w-image \"><img loading=\"lazy\" decoding=\"async\" width=\"680\" height=\"1024\" src=\"https:\/\/hotellaperla.net\/wp-content\/uploads\/2016\/10\/DSC0009-2-680x1024.jpg\" class=\"attachment-large size-large\" alt=\"\" srcset=\"https:\/\/hotellaperla.net\/wp-content\/uploads\/2016\/10\/DSC0009-2-680x1024.jpg 680w, https:\/\/hotellaperla.net\/wp-content\/uploads\/2016\/10\/DSC0009-2-199x300.jpg 199w, https:\/\/hotellaperla.net\/wp-content\/uploads\/2016\/10\/DSC0009-2-768x1156.jpg 768w, https:\/\/hotellaperla.net\/wp-content\/uploads\/2016\/10\/DSC0009-2-600x903.jpg 600w\" sizes=\"(max-width: 680px) 100vw, 680px\" \/><\/div><\/div><div class=\" three-quarters\"><div class=\"wpb_text_column \"><div class=\"wpb_wrapper\"><p>K\u00f6nnen Sie sich ein <strong>4 Sterne Hotel<\/strong> in den <strong>Dolomiten<\/strong> von <strong>Trentino<\/strong> vorstellen, wo Sie Ihre Ruhezone finden und sich wohl wie zu Hause f\u00fchlen k\u00f6nnen ohne auf alle Komfort verzichten zu m\u00fcssen?<\/p>\n<p>Das bietet das <strong>Hotel La Perla in Canazei.<\/strong> Die ger\u00e4umigen, gem\u00fctlichen und eleganten R\u00e4ume schenken die richtige Atmosph\u00e4re, die alle m\u00f6glichsten Bed\u00fcrfnisse befriedigt: Ruhezonen und Leseecke, kleine Wohnr\u00e4umen im Caf\u00e9, Familienzonen, die Terrasse und die \u201cStube\u201d, Unterhaltungszonen, wo Sie alle zusammen Spa\u00df haben k\u00f6nnen, die Spielhalle und das Caf\u00e9; das <strong>Wellnesszentrum und Spa<\/strong>, wo sie sich Ihrer Sch\u00f6nheit und Ihrem <strong>\u201cremise en forme\u201d <\/strong>widmen k\u00f6nnen.<\/p>\n<p>Profitieren Sie auch von dem <strong>nach S\u00fcd-Ost gerichteten<\/strong> <strong>Aussichtsgarten, <\/strong>der vor dem Hotel liegt und der einen einzigartigen <strong>Blick auf die Dolomiten<\/strong> anbietet. In dieser unber\u00fchrten Landschaft k\u00f6nnen unsere G\u00e4ste, die die Br\u00e4une im Gebirge lieben, Sonnentage auf den Liegest\u00fchlen genie\u00dfen. Eltern k\u00f6nnen sich mit einem Getr\u00e4nk unter der warmen Dolomitensonne ausruhen und Ihren Kindern zuschauen,\u00a0 wie sie im Garten ungest\u00f6rt spielen. Gleichzeitig k\u00f6nnen Sie das fantastische Panorama\u00a0 der <strong>Vernel, Sella und Pordoi<\/strong> Berge bewundern.<\/p>\n<p>Das <strong>Hotel La Perla<\/strong> ist der richtige Platz in <strong>Canazei<\/strong>, wo sie immer eine gem\u00fctliche Ecke finden werden, um Sie so wohl wie zu Hause f\u00fchlen zu k\u00f6nnen.<\/p><\/div> <\/div> <\/div><\/div><\/div><\/section><!-- Row Backgrounds --><div class=\"upb_color\" data-bg-override=\"0\" data-bg-color=\"#f7f3ea\" data-fadeout=\"\" data-fadeout-percentage=\"30\" data-parallax-content=\"\" data-parallax-content-sense=\"30\" data-row-effect-mobile-disable=\"true\" data-img-parallax-mobile-disable=\"true\" data-rtl=\"false\"  data-custom-vc-row=\"\"  data-vc=\"4.11.2.1\"  data-is_old_vc=\"\"  data-theme-support=\"\"   data-overlay=\"false\" data-overlay-color=\"\" data-overlay-pattern=\"\" data-overlay-pattern-opacity=\"\" data-overlay-pattern-size=\"\"    ><\/div>\n","protected":false},"excerpt":{"rendered":"Anreise Abreise Online Booking Hotel La Perla in Canazei, das...","protected":false},"author":1,"featured_media":0,"parent":0,"menu_order":0,"comment_status":"closed","ping_status":"closed","template":"","meta":{"footnotes":""},"yoast_head":"<!-- This site is optimized with the Yoast SEO plugin v15.3 - https:\/\/yoast.com\/wordpress\/plugins\/seo\/ -->\n<meta name=\"robots\" content=\"index, follow, max-snippet:-1, max-image-preview:large, max-video-preview:-1\" \/>\n<link rel=\"canonical\" href=\"https:\/\/hotellaperla.net\/it\/hotel-canazei-centro\/\" \/>\n<meta property=\"og:locale\" content=\"de_DE\" \/>\n<meta property=\"og:type\" content=\"article\" \/>\n<meta property=\"og:title\" content=\"Das Haus - Hotel la Perla Canazei\" \/>\n<meta property=\"og:url\" content=\"https:\/\/hotellaperla.net\/it\/hotel-canazei-centro\/\" \/>\n<meta property=\"og:site_name\" content=\"Hotel la Perla Canazei\" \/>\n<meta property=\"article:modified_time\" content=\"2017-05-03T18:59:27+00:00\" \/>\n<meta name=\"twitter:card\" content=\"summary\" \/>\n<meta name=\"twitter:label1\" content=\"Verfasst von\">\n\t<meta name=\"twitter:data1\" content=\"admin\">\n\t<meta name=\"twitter:label2\" content=\"Gesch\u00e4tzte Lesezeit\">\n\t<meta name=\"twitter:data2\" content=\"1 Minute\">\n<script type=\"application\/ld+json\" class=\"yoast-schema-graph\">{\"@context\":\"https:\/\/schema.org\",\"@graph\":[{\"@type\":\"WebSite\",\"@id\":\"https:\/\/hotellaperla.net\/it\/#website\",\"url\":\"https:\/\/hotellaperla.net\/it\/\",\"name\":\"Hotel la Perla Canazei\",\"description\":\"Hotel la Perla Canazei\",\"potentialAction\":[{\"@type\":\"SearchAction\",\"target\":\"https:\/\/hotellaperla.net\/it\/?s={search_term_string}\",\"query-input\":\"required name=search_term_string\"}],\"inLanguage\":\"de-DE\"},{\"@type\":\"WebPage\",\"@id\":\"https:\/\/hotellaperla.net\/it\/hotel-canazei-centro\/#webpage\",\"url\":\"https:\/\/hotellaperla.net\/it\/hotel-canazei-centro\/\",\"name\":\"Das Haus - Hotel la Perla Canazei\",\"isPartOf\":{\"@id\":\"https:\/\/hotellaperla.net\/it\/#website\"},\"datePublished\":\"2016-10-18T20:16:34+00:00\",\"dateModified\":\"2017-05-03T18:59:27+00:00\",\"inLanguage\":\"de-DE\",\"potentialAction\":[{\"@type\":\"ReadAction\",\"target\":[\"https:\/\/hotellaperla.net\/it\/hotel-canazei-centro\/\"]}]}]}<\/script>\n<!-- \/ Yoast SEO plugin. -->","_links":{"self":[{"href":"https:\/\/hotellaperla.net\/de\/wp-json\/wp\/v2\/pages\/2965"}],"collection":[{"href":"https:\/\/hotellaperla.net\/de\/wp-json\/wp\/v2\/pages"}],"about":[{"href":"https:\/\/hotellaperla.net\/de\/wp-json\/wp\/v2\/types\/page"}],"author":[{"embeddable":true,"href":"https:\/\/hotellaperla.net\/de\/wp-json\/wp\/v2\/users\/1"}],"replies":[{"embeddable":true,"href":"https:\/\/hotellaperla.net\/de\/wp-json\/wp\/v2\/comments?post=2965"}],"version-history":[{"count":2,"href":"https:\/\/hotellaperla.net\/de\/wp-json\/wp\/v2\/pages\/2965\/revisions"}],"predecessor-version":[{"id":2982,"href":"https:\/\/hotellaperla.net\/de\/wp-json\/wp\/v2\/pages\/2965\/revisions\/2982"}],"wp:attachment":[{"href":"https:\/\/hotellaperla.net\/de\/wp-json\/wp\/v2\/media?parent=2965"}],"curies":[{"name":"wp","href":"https:\/\/api.w.org\/{rel}","templated":true}]}}